{"id":65,"date":"2020-05-11T17:46:31","date_gmt":"2020-05-11T15:46:31","guid":{"rendered":"https:\/\/www.rofa-group.com\/rofa-usa\/?page_id=65"},"modified":"2020-06-08T11:08:28","modified_gmt":"2020-06-08T09:08:28","slug":"qualitaetsmanagement","status":"publish","type":"page","link":"https:\/\/www.rofa-group.com\/rofa-usa\/qualitaetsmanagement\/","title":{"rendered":"Qualit\u00e4tsmanagement"},"content":{"rendered":"\t\t<div data-elementor-type=\"wp-page\" data-elementor-id=\"65\" class=\"elementor elementor-65\" data-elementor-post-type=\"page\">\n\t\t\t\t\t\t<section class=\"elementor-section elementor-top-section elementor-element elementor-element-2824132b elementor-section-content-top elementor-section-height-min-height elementor-section-items-stretch elementor-section-boxed elementor-section-height-default\" data-id=\"2824132b\" data-element_type=\"section\" data-e-type=\"section\" id=\"mygfx\" data-settings=\"{&quot;background_background&quot;:&quot;classic&quot;}\">\n\t\t\t\t\t\t<div class=\"elementor-container elementor-column-gap-no\">\n\t\t\t\t\t<div class=\"elementor-column elementor-col-100 elementor-top-column elementor-element elementor-element-14aef0f9\" data-id=\"14aef0f9\" data-element_type=\"column\" data-e-type=\"column\" data-settings=\"{&quot;background_background&quot;:&quot;classic&quot;}\">\n\t\t\t<div class=\"elementor-widget-wrap\">\n\t\t\t\t\t\t\t<\/div>\n\t\t<\/div>\n\t\t\t\t\t<\/div>\n\t\t<\/section>\n\t\t\t\t<section class=\"elementor-section elementor-top-section elementor-element elementor-element-4a6ecf57 elementor-section-boxed elementor-section-height-default elementor-section-height-default\" data-id=\"4a6ecf57\" data-element_type=\"section\" data-e-type=\"section\" data-settings=\"{&quot;background_background&quot;:&quot;classic&quot;}\">\n\t\t\t\t\t\t<div class=\"elementor-container elementor-column-gap-no\">\n\t\t\t\t\t<div class=\"elementor-column elementor-col-50 elementor-top-column elementor-element elementor-element-75a2e1c2\" data-id=\"75a2e1c2\" data-element_type=\"column\" data-e-type=\"column\" data-settings=\"{&quot;background_background&quot;:&quot;classic&quot;}\">\n\t\t\t<div class=\"elementor-widget-wrap elementor-element-populated\">\n\t\t\t\t\t\t<div class=\"elementor-element elementor-element-7c7c5c54 elementor-widget elementor-widget-text-editor\" data-id=\"7c7c5c54\" data-element_type=\"widget\" data-e-type=\"widget\" data-widget_type=\"text-editor.default\">\n\t\t\t\t\t\t\t\t\t<h1 class=\"fett\">QUALIT\u00c4TS&#173;MANAGE&#173;MENT<\/h1>\n<h2 class=\"mittel\">Ihre Zufriedenheit z\u00e4hlt<\/h2>\t\t\t\t\t\t\t\t<\/div>\n\t\t\t\t\t<\/div>\n\t\t<\/div>\n\t\t\t\t<div class=\"elementor-column elementor-col-50 elementor-top-column elementor-element elementor-element-795184f1\" data-id=\"795184f1\" data-element_type=\"column\" data-e-type=\"column\">\n\t\t\t<div class=\"elementor-widget-wrap\">\n\t\t\t\t\t\t\t<\/div>\n\t\t<\/div>\n\t\t\t\t\t<\/div>\n\t\t<\/section>\n\t\t\t\t<section class=\"elementor-section elementor-top-section elementor-element elementor-element-7dd424b8 elementor-section-boxed elementor-section-height-default elementor-section-height-default\" data-id=\"7dd424b8\" data-element_type=\"section\" data-e-type=\"section\">\n\t\t\t\t\t\t<div class=\"elementor-container elementor-column-gap-default\">\n\t\t\t\t\t<div class=\"elementor-column elementor-col-100 elementor-top-column elementor-element elementor-element-78ab7df0\" data-id=\"78ab7df0\" data-element_type=\"column\" data-e-type=\"column\">\n\t\t\t<div class=\"elementor-widget-wrap elementor-element-populated\">\n\t\t\t\t\t\t<div class=\"elementor-element elementor-element-41e5d95d elementor-widget elementor-widget-text-editor\" data-id=\"41e5d95d\" data-element_type=\"widget\" data-e-type=\"widget\" data-widget_type=\"text-editor.default\">\n\t\t\t\t\t\t\t\t\t<p>Wir liefern Wertarbeit. Ein l\u00fcckenloses Qualit\u00e4tsmanagement \u00fcber den kompletten Prozess ist f\u00fcr uns selbstverst\u00e4ndlich und bezieht alle Beteiligten mit ein, auch Drittleister, die wir im Rahmen unserer Arbeit beauftragen. Wir achten nicht nur auf gesetzlich geforderte Standards, sondern ebenso auf die individuellen Anforderungen und technischen Spezifikationen, die f\u00fcr unsere Kunden bedeutsam sind. So entsteht ein 100 % einwandfreies Ergebnis, mit dem Sie dauerhaft zufrieden sind.<\/p>\n<p>Unsere umfassenden After-Sales-Leistungen wie z.B. Personalschulungen in den Bereichen Mechanik und Elektrik, Dokumentationen, Anlagenaudits oder der schnelle Ersatzteilservice zeigen, dass wir langfristig f\u00fcr Sie da sind. Denn ein st\u00f6rungsfreier Betrieb ist Ihr Garant f\u00fcr hohe Effizienz \u2013 und Ihren Erfolg im Wettbewerbsumfeld! <br><\/p><p>Mehr \u00fcber unser Vorgehen lesen Sie im Bereich <a href=\"https:\/\/www.rofa-group.com\/rofa-usa\/leistungen-services\/\">&gt;Leistungen &amp; Services.<\/a><\/p>\t\t\t\t\t\t\t\t<\/div>\n\t\t\t\t\t<\/div>\n\t\t<\/div>\n\t\t\t\t\t<\/div>\n\t\t<\/section>\n\t\t\t\t<\/div>\n\t\t","protected":false},"excerpt":{"rendered":"<p>QUALIT\u00c4TS&#173;MANAGE&#173;MENT Ihre Zufriedenheit z\u00e4hlt Wir liefern Wertarbeit. Ein l\u00fcckenloses Qualit\u00e4tsmanagement \u00fcber den kompletten Prozess ist f\u00fcr uns selbstverst\u00e4ndlich und bezieht alle Beteiligten mit ein, auch Drittleister, die wir im Rahmen unserer Arbeit beauftragen. Wir achten nicht nur auf gesetzlich geforderte Standards, sondern ebenso auf die individuellen Anforderungen und technischen Spezifikationen, die f\u00fcr unsere Kunden bedeutsam [&hellip;]<\/p>\n","protected":false},"author":1,"featured_media":0,"parent":0,"menu_order":0,"comment_status":"closed","ping_status":"closed","template":"","meta":{"_acf_changed":false,"footnotes":""},"class_list":["post-65","page","type-page","status-publish","hentry"],"acf":[],"_links":{"self":[{"href":"https:\/\/www.rofa-group.com\/rofa-usa\/wp-json\/wp\/v2\/pages\/65","targetHints":{"allow":["GET"]}}],"collection":[{"href":"https:\/\/www.rofa-group.com\/rofa-usa\/wp-json\/wp\/v2\/pages"}],"about":[{"href":"https:\/\/www.rofa-group.com\/rofa-usa\/wp-json\/wp\/v2\/types\/page"}],"author":[{"embeddable":true,"href":"https:\/\/www.rofa-group.com\/rofa-usa\/wp-json\/wp\/v2\/users\/1"}],"replies":[{"embeddable":true,"href":"https:\/\/www.rofa-group.com\/rofa-usa\/wp-json\/wp\/v2\/comments?post=65"}],"version-history":[{"count":9,"href":"https:\/\/www.rofa-group.com\/rofa-usa\/wp-json\/wp\/v2\/pages\/65\/revisions"}],"predecessor-version":[{"id":238,"href":"https:\/\/www.rofa-group.com\/rofa-usa\/wp-json\/wp\/v2\/pages\/65\/revisions\/238"}],"wp:attachment":[{"href":"https:\/\/www.rofa-group.com\/rofa-usa\/wp-json\/wp\/v2\/media?parent=65"}],"curies":[{"name":"wp","href":"https:\/\/api.w.org\/{rel}","templated":true}]}}