{"id":50,"date":"2020-05-11T17:29:16","date_gmt":"2020-05-11T15:29:16","guid":{"rendered":"https:\/\/www.rofa-group.com\/rofa-usa\/?page_id=50"},"modified":"2020-05-18T15:21:27","modified_gmt":"2020-05-18T13:21:27","slug":"leistungen-services","status":"publish","type":"page","link":"https:\/\/www.rofa-group.com\/rofa-usa\/leistungen-services\/","title":{"rendered":"Leistungen &amp; Services"},"content":{"rendered":"\t\t<div data-elementor-type=\"wp-page\" data-elementor-id=\"50\" class=\"elementor elementor-50\" data-elementor-post-type=\"page\">\n\t\t\t\t\t\t<section class=\"elementor-section elementor-top-section elementor-element elementor-element-2824132b elementor-section-content-top elementor-section-height-min-height elementor-section-items-stretch elementor-section-boxed elementor-section-height-default\" data-id=\"2824132b\" data-element_type=\"section\" data-e-type=\"section\" id=\"mygfx\" data-settings=\"{&quot;background_background&quot;:&quot;classic&quot;}\">\n\t\t\t\t\t\t<div class=\"elementor-container elementor-column-gap-no\">\n\t\t\t\t\t<div class=\"elementor-column elementor-col-100 elementor-top-column elementor-element elementor-element-14aef0f9\" data-id=\"14aef0f9\" data-element_type=\"column\" data-e-type=\"column\" data-settings=\"{&quot;background_background&quot;:&quot;classic&quot;}\">\n\t\t\t<div class=\"elementor-widget-wrap\">\n\t\t\t\t\t\t\t<\/div>\n\t\t<\/div>\n\t\t\t\t\t<\/div>\n\t\t<\/section>\n\t\t\t\t<section class=\"elementor-section elementor-top-section elementor-element elementor-element-4a6ecf57 elementor-section-boxed elementor-section-height-default elementor-section-height-default\" data-id=\"4a6ecf57\" data-element_type=\"section\" data-e-type=\"section\" data-settings=\"{&quot;background_background&quot;:&quot;classic&quot;}\">\n\t\t\t\t\t\t<div class=\"elementor-container elementor-column-gap-no\">\n\t\t\t\t\t<div class=\"elementor-column elementor-col-50 elementor-top-column elementor-element elementor-element-75a2e1c2\" data-id=\"75a2e1c2\" data-element_type=\"column\" data-e-type=\"column\" data-settings=\"{&quot;background_background&quot;:&quot;classic&quot;}\">\n\t\t\t<div class=\"elementor-widget-wrap elementor-element-populated\">\n\t\t\t\t\t\t<div class=\"elementor-element elementor-element-7c7c5c54 elementor-widget elementor-widget-text-editor\" data-id=\"7c7c5c54\" data-element_type=\"widget\" data-e-type=\"widget\" data-widget_type=\"text-editor.default\">\n\t\t\t\t\t\t\t\t\t<h1 class=\"fett\">UNSERE LEISTUNGEN<\/h1><h2 class=\"mittel\">Professionelle Betreuung von A bis Z<\/h2>\t\t\t\t\t\t\t\t<\/div>\n\t\t\t\t\t<\/div>\n\t\t<\/div>\n\t\t\t\t<div class=\"elementor-column elementor-col-50 elementor-top-column elementor-element elementor-element-795184f1\" data-id=\"795184f1\" data-element_type=\"column\" data-e-type=\"column\">\n\t\t\t<div class=\"elementor-widget-wrap\">\n\t\t\t\t\t\t\t<\/div>\n\t\t<\/div>\n\t\t\t\t\t<\/div>\n\t\t<\/section>\n\t\t\t\t<section class=\"elementor-section elementor-top-section elementor-element elementor-element-7dd424b8 elementor-section-boxed elementor-section-height-default elementor-section-height-default\" data-id=\"7dd424b8\" data-element_type=\"section\" data-e-type=\"section\">\n\t\t\t\t\t\t<div class=\"elementor-container elementor-column-gap-default\">\n\t\t\t\t\t<div class=\"elementor-column elementor-col-100 elementor-top-column elementor-element elementor-element-78ab7df0\" data-id=\"78ab7df0\" data-element_type=\"column\" data-e-type=\"column\">\n\t\t\t<div class=\"elementor-widget-wrap elementor-element-populated\">\n\t\t\t\t\t\t<div class=\"elementor-element elementor-element-41e5d95d elementor-widget elementor-widget-text-editor\" data-id=\"41e5d95d\" data-element_type=\"widget\" data-e-type=\"widget\" data-widget_type=\"text-editor.default\">\n\t\t\t\t\t\t\t\t\tMit unserem langj\u00e4hrigen Know-how begleiten wir Sie als Kunde von der ersten Idee bis zur schl\u00fcsselfertigen \u00dcbergabe &#8211; und mit smarten Services weit dar\u00fcber hinaus! Als General\u00adunternehmer k\u00fcmmern wir uns um die komplette Abwicklung, ob Modernisierung Ihrer Bestandsanlage oder Anlagen-Neubau. Dabei nutzen wir das weltweite Netzwerk der ROFA Group zu Ihrem Vorteil. Wir kombinieren German Engineering mit einer hervorragenden Kenntnis des US-Marktes, arbeiten mit einem erprobten Netzwerk an inter&#173;nationalen Partnern zusammen und stehen f\u00fcr Qualit\u00e4t bis ins\nDetail.\t\t\t\t\t\t\t\t<\/div>\n\t\t\t\t\t<\/div>\n\t\t<\/div>\n\t\t\t\t\t<\/div>\n\t\t<\/section>\n\t\t\t\t<section class=\"elementor-section elementor-top-section elementor-element elementor-element-4c584ac9 elementor-section-boxed elementor-section-height-default elementor-section-height-default\" data-id=\"4c584ac9\" data-element_type=\"section\" data-e-type=\"section\">\n\t\t\t\t\t\t<div class=\"elementor-container elementor-column-gap-default\">\n\t\t\t\t\t<div class=\"elementor-column elementor-col-100 elementor-top-column elementor-element elementor-element-7256b31f\" data-id=\"7256b31f\" data-element_type=\"column\" data-e-type=\"column\">\n\t\t\t<div class=\"elementor-widget-wrap elementor-element-populated\">\n\t\t\t\t\t\t<div class=\"elementor-element elementor-element-5dbcd30b elementor-hidden-phone elementor-widget elementor-widget-image\" data-id=\"5dbcd30b\" data-element_type=\"widget\" data-e-type=\"widget\" data-widget_type=\"image.default\">\n\t\t\t\t\t\t\t\t\t\t\t\t\t\t\t<img fetchpriority=\"high\" decoding=\"async\" width=\"800\" height=\"383\" src=\"https:\/\/www.rofa-group.com\/rofa-usa\/wp-content\/uploads\/sites\/12\/Leistungsbild_Desktop-1024x490.jpg\" class=\"attachment-large size-large wp-image-57\" alt=\"\" srcset=\"https:\/\/www.rofa-group.com\/rofa-usa\/wp-content\/uploads\/sites\/12\/Leistungsbild_Desktop-1024x490.jpg 1024w, https:\/\/www.rofa-group.com\/rofa-usa\/wp-content\/uploads\/sites\/12\/Leistungsbild_Desktop-300x144.jpg 300w, https:\/\/www.rofa-group.com\/rofa-usa\/wp-content\/uploads\/sites\/12\/Leistungsbild_Desktop-768x367.jpg 768w, https:\/\/www.rofa-group.com\/rofa-usa\/wp-content\/uploads\/sites\/12\/Leistungsbild_Desktop.jpg 1200w\" sizes=\"(max-width: 800px) 100vw, 800px\" \/>\t\t\t\t\t\t\t\t\t\t\t\t\t\t\t<\/div>\n\t\t\t\t<div class=\"elementor-element elementor-element-1e6c22f5 elementor-hidden-desktop elementor-hidden-tablet elementor-widget elementor-widget-image\" data-id=\"1e6c22f5\" data-element_type=\"widget\" data-e-type=\"widget\" data-widget_type=\"image.default\">\n\t\t\t\t\t\t\t\t\t\t\t\t\t\t\t<img decoding=\"async\" width=\"800\" height=\"1023\" src=\"https:\/\/www.rofa-group.com\/rofa-usa\/wp-content\/uploads\/sites\/12\/Leistungsbild_mobil-801x1024.jpg\" class=\"attachment-large size-large wp-image-58\" alt=\"ROFA GROUP service graphic mobile\" srcset=\"https:\/\/www.rofa-group.com\/rofa-usa\/wp-content\/uploads\/sites\/12\/Leistungsbild_mobil-801x1024.jpg 801w, https:\/\/www.rofa-group.com\/rofa-usa\/wp-content\/uploads\/sites\/12\/Leistungsbild_mobil-235x300.jpg 235w, https:\/\/www.rofa-group.com\/rofa-usa\/wp-content\/uploads\/sites\/12\/Leistungsbild_mobil-768x982.jpg 768w, https:\/\/www.rofa-group.com\/rofa-usa\/wp-content\/uploads\/sites\/12\/Leistungsbild_mobil.jpg 1200w\" sizes=\"(max-width: 800px) 100vw, 800px\" \/>\t\t\t\t\t\t\t\t\t\t\t\t\t\t\t<\/div>\n\t\t\t\t\t<\/div>\n\t\t<\/div>\n\t\t\t\t\t<\/div>\n\t\t<\/section>\n\t\t\t\t<section class=\"elementor-section elementor-top-section elementor-element elementor-element-7dd83056 elementor-section-boxed elementor-section-height-default elementor-section-height-default\" data-id=\"7dd83056\" data-element_type=\"section\" data-e-type=\"section\" data-settings=\"{&quot;background_background&quot;:&quot;classic&quot;}\">\n\t\t\t\t\t\t<div class=\"elementor-container elementor-column-gap-default\">\n\t\t\t\t\t<div class=\"elementor-column elementor-col-100 elementor-top-column elementor-element elementor-element-3ce88c50\" data-id=\"3ce88c50\" data-element_type=\"column\" data-e-type=\"column\">\n\t\t\t<div class=\"elementor-widget-wrap elementor-element-populated\">\n\t\t\t\t\t\t<div class=\"elementor-element elementor-element-436be6c4 elementor-widget elementor-widget-image\" data-id=\"436be6c4\" data-element_type=\"widget\" data-e-type=\"widget\" data-widget_type=\"image.default\">\n\t\t\t\t\t\t\t\t\t\t\t\t\t\t\t<img decoding=\"async\" width=\"1\" height=\"1\" src=\"https:\/\/www.rofa-group.com\/rofa-usa\/wp-content\/uploads\/sites\/12\/Icon_Leistungen_Beratung.svg\" class=\"attachment-large size-large wp-image-59\" alt=\"\" \/>\t\t\t\t\t\t\t\t\t\t\t\t\t\t\t<\/div>\n\t\t\t\t<div class=\"elementor-element elementor-element-2cb40f80 elementor-widget elementor-widget-heading\" data-id=\"2cb40f80\" data-element_type=\"widget\" data-e-type=\"widget\" data-widget_type=\"heading.default\">\n\t\t\t\t\t<h2 class=\"elementor-heading-title elementor-size-default\">BERATUNG &amp; PLANUNG<\/h2>\t\t\t\t<\/div>\n\t\t\t\t<div class=\"elementor-element elementor-element-63114a92 elementor-widget elementor-widget-text-editor\" data-id=\"63114a92\" data-element_type=\"widget\" data-e-type=\"widget\" data-widget_type=\"text-editor.default\">\n\t\t\t\t\t\t\t\t\tZu Beginn Ihres Projekts machen wir uns mit den Vorgaben aus der Spezifikation vertraut, sichten die Anforderungen an die Konstruktion und definieren geeignete Tech&#173;nologien. Ihre Vorteile: maximale Transparenz und Kostensicherheit, von Beginn an. Ein zentraler Projekt&#173;manager wird nun definiert, der w\u00e4hrend der gesamten Laufzeit Ihr Ansprechpartner bleibt.\t\t\t\t\t\t\t\t<\/div>\n\t\t\t\t\t<\/div>\n\t\t<\/div>\n\t\t\t\t\t<\/div>\n\t\t<\/section>\n\t\t\t\t<section class=\"elementor-section elementor-top-section elementor-element elementor-element-29674869 elementor-section-boxed elementor-section-height-default elementor-section-height-default\" data-id=\"29674869\" data-element_type=\"section\" data-e-type=\"section\" data-settings=\"{&quot;background_background&quot;:&quot;classic&quot;}\">\n\t\t\t\t\t\t<div class=\"elementor-container elementor-column-gap-default\">\n\t\t\t\t\t<div class=\"elementor-column elementor-col-100 elementor-top-column elementor-element elementor-element-75f0fe63\" data-id=\"75f0fe63\" data-element_type=\"column\" data-e-type=\"column\">\n\t\t\t<div class=\"elementor-widget-wrap elementor-element-populated\">\n\t\t\t\t\t\t<div class=\"elementor-element elementor-element-52775cc0 elementor-widget elementor-widget-image\" data-id=\"52775cc0\" data-element_type=\"widget\" data-e-type=\"widget\" data-widget_type=\"image.default\">\n\t\t\t\t\t\t\t\t\t\t\t\t\t\t\t<img loading=\"lazy\" decoding=\"async\" width=\"1\" height=\"1\" src=\"https:\/\/www.rofa-group.com\/rofa-usa\/wp-content\/uploads\/sites\/12\/Icon_Leistungen_Umsetzung.svg\" class=\"attachment-large size-large wp-image-61\" alt=\"\" \/>\t\t\t\t\t\t\t\t\t\t\t\t\t\t\t<\/div>\n\t\t\t\t<div class=\"elementor-element elementor-element-1a172c44 elementor-widget elementor-widget-heading\" data-id=\"1a172c44\" data-element_type=\"widget\" data-e-type=\"widget\" data-widget_type=\"heading.default\">\n\t\t\t\t\t<h2 class=\"elementor-heading-title elementor-size-default\">UMSETZUNG &amp; SYSTEM&#173;INTEGRATION<\/h2>\t\t\t\t<\/div>\n\t\t\t\t<div class=\"elementor-element elementor-element-77421e43 elementor-widget elementor-widget-text-editor\" data-id=\"77421e43\" data-element_type=\"widget\" data-e-type=\"widget\" data-widget_type=\"text-editor.default\">\n\t\t\t\t\t\t\t\t\tIn der Umsetzung greifen wir auf die Experten des ROFA Group-Netzwerks zur\u00fcck und arbeiten mit erfahrenen Konstrukteuren und Fertigungs&#173;experten zusammen, die sich mit den Leistungsanforderungen unserer Kunden auskennen. Um die Einhaltung von Timelines und die Koordination im Projekt k\u00fcmmert sich jetzt Ihr Projekt&#173;manager. In Zusammenarbeit mit langj\u00e4hrigen Partnern machen wir die schnelle, sachgerechte Inbetrieb&#173;nahme Ihrer Anlage m\u00f6glich, auf Wunsch auch im laufenden Betrieb.\t\t\t\t\t\t\t\t<\/div>\n\t\t\t\t\t<\/div>\n\t\t<\/div>\n\t\t\t\t\t<\/div>\n\t\t<\/section>\n\t\t\t\t<section class=\"elementor-section elementor-top-section elementor-element elementor-element-11b7b6a5 elementor-section-boxed elementor-section-height-default elementor-section-height-default\" data-id=\"11b7b6a5\" data-element_type=\"section\" data-e-type=\"section\" data-settings=\"{&quot;background_background&quot;:&quot;classic&quot;}\">\n\t\t\t\t\t\t<div class=\"elementor-container elementor-column-gap-default\">\n\t\t\t\t\t<div class=\"elementor-column elementor-col-100 elementor-top-column elementor-element elementor-element-4aadd843\" data-id=\"4aadd843\" data-element_type=\"column\" data-e-type=\"column\">\n\t\t\t<div class=\"elementor-widget-wrap elementor-element-populated\">\n\t\t\t\t\t\t<div class=\"elementor-element elementor-element-2985ece3 elementor-widget elementor-widget-image\" data-id=\"2985ece3\" data-element_type=\"widget\" data-e-type=\"widget\" data-widget_type=\"image.default\">\n\t\t\t\t\t\t\t\t\t\t\t\t\t\t\t<img loading=\"lazy\" decoding=\"async\" width=\"1\" height=\"1\" src=\"https:\/\/www.rofa-group.com\/rofa-usa\/wp-content\/uploads\/sites\/12\/Icon_Leistungen_Service.svg\" class=\"attachment-large size-large wp-image-60\" alt=\"\" \/>\t\t\t\t\t\t\t\t\t\t\t\t\t\t\t<\/div>\n\t\t\t\t<div class=\"elementor-element elementor-element-7dd45151 elementor-widget elementor-widget-heading\" data-id=\"7dd45151\" data-element_type=\"widget\" data-e-type=\"widget\" data-widget_type=\"heading.default\">\n\t\t\t\t\t<h2 class=\"elementor-heading-title elementor-size-default\">SERVICE &amp; SUPPORT<\/h2>\t\t\t\t<\/div>\n\t\t\t\t<div class=\"elementor-element elementor-element-58c7f982 elementor-widget elementor-widget-text-editor\" data-id=\"58c7f982\" data-element_type=\"widget\" data-e-type=\"widget\" data-widget_type=\"text-editor.default\">\n\t\t\t\t\t\t\t\t\t<p>Wir \u00fcbernehmen die Schulung Ihrer Mitarbeiter, k\u00fcmmern uns um fachgerechte Dokumentationen sowie das Ersatzteilmanagement und sind bei technischen Themen und Fragen f\u00fcr Sie da. Immer mit dem Ziel, die maximale Produktivit\u00e4t Ihrer Anlage \u00fcber den gesamten Lebenszyklus zu gew\u00e4hrleisten. Wir geben alles, damit Ihr Return on investment optimal ist!<\/p>\t\t\t\t\t\t\t\t<\/div>\n\t\t\t\t\t<\/div>\n\t\t<\/div>\n\t\t\t\t\t<\/div>\n\t\t<\/section>\n\t\t\t\t<\/div>\n\t\t","protected":false},"excerpt":{"rendered":"<p>UNSERE LEISTUNGEN Professionelle Betreuung von A bis Z Mit unserem langj\u00e4hrigen Know-how begleiten wir Sie als Kunde von der ersten Idee bis zur schl\u00fcsselfertigen \u00dcbergabe &#8211; und mit smarten Services weit dar\u00fcber hinaus! Als General\u00adunternehmer k\u00fcmmern wir uns um die komplette Abwicklung, ob Modernisierung Ihrer Bestandsanlage oder Anlagen-Neubau. Dabei nutzen wir das weltweite Netzwerk der [&hellip;]<\/p>\n","protected":false},"author":1,"featured_media":0,"parent":0,"menu_order":0,"comment_status":"closed","ping_status":"closed","template":"","meta":{"_acf_changed":false,"footnotes":""},"class_list":["post-50","page","type-page","status-publish","hentry"],"acf":[],"_links":{"self":[{"href":"https:\/\/www.rofa-group.com\/rofa-usa\/wp-json\/wp\/v2\/pages\/50","targetHints":{"allow":["GET"]}}],"collection":[{"href":"https:\/\/www.rofa-group.com\/rofa-usa\/wp-json\/wp\/v2\/pages"}],"about":[{"href":"https:\/\/www.rofa-group.com\/rofa-usa\/wp-json\/wp\/v2\/types\/page"}],"author":[{"embeddable":true,"href":"https:\/\/www.rofa-group.com\/rofa-usa\/wp-json\/wp\/v2\/users\/1"}],"replies":[{"embeddable":true,"href":"https:\/\/www.rofa-group.com\/rofa-usa\/wp-json\/wp\/v2\/comments?post=50"}],"version-history":[{"count":6,"href":"https:\/\/www.rofa-group.com\/rofa-usa\/wp-json\/wp\/v2\/pages\/50\/revisions"}],"predecessor-version":[{"id":178,"href":"https:\/\/www.rofa-group.com\/rofa-usa\/wp-json\/wp\/v2\/pages\/50\/revisions\/178"}],"wp:attachment":[{"href":"https:\/\/www.rofa-group.com\/rofa-usa\/wp-json\/wp\/v2\/media?parent=50"}],"curies":[{"name":"wp","href":"https:\/\/api.w.org\/{rel}","templated":true}]}}