{"id":404,"date":"2021-02-04T19:50:48","date_gmt":"2021-02-04T18:50:48","guid":{"rendered":"https:\/\/www.rofa-group.com\/rofa-polska\/?page_id=404"},"modified":"2025-01-15T13:59:19","modified_gmt":"2025-01-15T12:59:19","slug":"impressum-pl","status":"publish","type":"page","link":"https:\/\/www.rofa-group.com\/rofa-polska\/pl\/impressum-pl\/","title":{"rendered":"Impressum"},"content":{"rendered":"\t\t<div data-elementor-type=\"wp-page\" data-elementor-id=\"404\" class=\"elementor elementor-404\" data-elementor-post-type=\"page\">\n\t\t\t\t\t\t<section class=\"elementor-section elementor-top-section elementor-element elementor-element-4b328200 elementor-section-content-top elementor-section-height-min-height elementor-section-items-stretch elementor-section-boxed elementor-section-height-default\" data-id=\"4b328200\" data-element_type=\"section\" data-e-type=\"section\" data-settings=\"{&quot;background_background&quot;:&quot;classic&quot;}\">\n\t\t\t\t\t\t<div class=\"elementor-container elementor-column-gap-no\">\n\t\t\t\t\t<div class=\"elementor-column elementor-col-100 elementor-top-column elementor-element elementor-element-711a753c\" data-id=\"711a753c\" data-element_type=\"column\" data-e-type=\"column\" data-settings=\"{&quot;background_background&quot;:&quot;classic&quot;}\">\n\t\t\t<div class=\"elementor-widget-wrap\">\n\t\t\t\t\t\t\t<\/div>\n\t\t<\/div>\n\t\t\t\t\t<\/div>\n\t\t<\/section>\n\t\t\t\t<section class=\"elementor-section elementor-top-section elementor-element elementor-element-3a14a1c5 elementor-section-boxed elementor-section-height-default elementor-section-height-default\" data-id=\"3a14a1c5\" data-element_type=\"section\" data-e-type=\"section\" data-settings=\"{&quot;background_background&quot;:&quot;classic&quot;}\">\n\t\t\t\t\t\t<div class=\"elementor-container elementor-column-gap-no\">\n\t\t\t\t\t<div class=\"elementor-column elementor-col-50 elementor-top-column elementor-element elementor-element-376313f5\" data-id=\"376313f5\" data-element_type=\"column\" data-e-type=\"column\" data-settings=\"{&quot;background_background&quot;:&quot;classic&quot;}\">\n\t\t\t<div class=\"elementor-widget-wrap elementor-element-populated\">\n\t\t\t\t\t\t<div class=\"elementor-element elementor-element-7eafacf3 elementor-widget elementor-widget-text-editor\" data-id=\"7eafacf3\" data-element_type=\"widget\" data-e-type=\"widget\" data-widget_type=\"text-editor.default\">\n\t\t\t\t\t\t\t\t\t<h1 class=\"fett\">IMPRESSUM<\/h1>\n<h2 class=\"mittel\">Przejrzyste przetwarzanie danych<\/h2>\t\t\t\t\t\t\t\t<\/div>\n\t\t\t\t\t<\/div>\n\t\t<\/div>\n\t\t\t\t<div class=\"elementor-column elementor-col-50 elementor-top-column elementor-element elementor-element-cafddcb\" data-id=\"cafddcb\" data-element_type=\"column\" data-e-type=\"column\">\n\t\t\t<div class=\"elementor-widget-wrap\">\n\t\t\t\t\t\t\t<\/div>\n\t\t<\/div>\n\t\t\t\t\t<\/div>\n\t\t<\/section>\n\t\t\t\t<section class=\"elementor-section elementor-top-section elementor-element elementor-element-5048d7bf elementor-section-boxed elementor-section-height-default elementor-section-height-default\" data-id=\"5048d7bf\" data-element_type=\"section\" data-e-type=\"section\">\n\t\t\t\t\t\t<div class=\"elementor-container elementor-column-gap-default\">\n\t\t\t\t\t<div class=\"elementor-column elementor-col-100 elementor-top-column elementor-element elementor-element-e6c1157\" data-id=\"e6c1157\" data-element_type=\"column\" data-e-type=\"column\">\n\t\t\t<div class=\"elementor-widget-wrap elementor-element-populated\">\n\t\t\t\t\t\t<div class=\"elementor-element elementor-element-31fb0731 elementor-widget elementor-widget-text-editor\" data-id=\"31fb0731\" data-element_type=\"widget\" data-e-type=\"widget\" data-widget_type=\"text-editor.default\">\n\t\t\t\t\t\t\t\t\t<p><strong>ROFA POLSKA Sp. z o. o<\/strong><br \/>ul. Wrzes\u0142awa Roma\u0144czuka 4<br \/>35-302 Rzesz\u00f3w<br \/>Polska<\/p><p><b>S\u0105d rejestrowy:\u00a0<\/b>S\u0105d Rejonowy w Rzeszowie, XII Wydzia\u0142 Gospodarczy Krajowego Rejestru S\u0105dowego<br \/><b>KRS:<\/b>\u00a00000434280<br \/><strong style=\"font-size: 1rem\">Identyfikacji Podatkowej (NIP):<\/strong><span style=\"font-size: 1rem\"> PL6342812520<br \/><\/span><b style=\"font-size: 1rem\">Kapita\u0142 zak\u0142adowy<\/b><strong style=\"font-size: 1rem\">:<\/strong><span style=\"font-size: 1rem\"> 1.000.000 z\u0142<br \/><\/span><b style=\"font-size: 1rem\">Zarz\u0105d:\u00a0<\/b><span style=\"font-size: 1rem\">Grzegorz Mach<\/span><\/p><h2>Dane kontaktowe<\/h2><p><b>Phone:<\/b> +48 17\u00a0785 60 00<br \/><b>Fax:<\/b> +48 17\u00a0785 60 99<br \/><b>E-Mail:<\/b>\u00a0mach(at)rofa-polska.pl<\/p><h2>Informacja na temat organu odpowiedzialnego<\/h2><p>Grzegorz Mach<br \/>ul. Wrzes\u0142awa Roma\u0144czuka 4<br \/>35-302 Rzesz\u00f3w<br \/>Polska<\/p><h2>Informacja na temat organu odpowiedzialnego<\/h2><p>Organem odpowiedzialnym za <b>przetwarzanie danych<\/b> na tej stronie internetowej jest:<\/p><p><strong>ROFA POLSKA Sp. z o. o.<\/strong><br \/>ul. Wrzes\u0142awa Roma\u0144czuka 4<br \/>35-302 Rzesz\u00f3w<br \/>Polska<\/p><p><strong>Phone:<\/strong> +48 17\u00a0785 60 00<br \/><strong>Fax:<\/strong> \u00a0+48 17\u00a0785 60 99<\/p><p><span style=\"font-size: 1rem\">Organem odpowiedzialnym <b>za ustawowo ustanowionego inspektora ochrony danych osobowych<\/b> na tej stronie internetowej jest:<\/span><\/p><p><strong>ROFA POLSKA Sp. z o. o.<\/strong><br \/>Inspektor ochrony danych<br \/>ul. Wrzes\u0142awa Roma\u0144czuka 4<br \/>35-302 Rzesz\u00f3w<br \/>Polska<\/p><p><strong>E-Mail:<\/strong> datenschutz.rofa(at)rofa-group.com<\/p><h2>Programowanie i integracja CMS<\/h2><p>instant media &#8211; Werbeagentur M\u00fcnchen \/ Niemcy<\/p><h2>Rozstrzyganie spor\u00f3w<\/h2><p>Komisja Europejska udost\u0119pnia internetow\u0105 platform\u0119 rozwi\u0105zywania spor\u00f3w (OS) dost\u0119pn\u0105 pod adresem: https:\/\/ec.europa.eu\/consumers\/odr.<br \/>W g\u00f3rnej zak\u0142adce znajduje si\u0119 nasz adres e-mail.<br \/>Nie zamierzamy ani nie jeste\u015bmy zobowi\u0105zani do uczestniczenia w post\u0119powaniach dotycz\u0105cych rozstrzygania spor\u00f3w przed komisj\u0105 ds. arbitra\u017cu konsumenckiego.<\/p><h2>Odpowiedzialno\u015b\u0107 za tre\u015b\u0107<\/h2><p>Jako dostawca us\u0142ug jeste\u015bmy odpowiedzialni za w\u0142asne tre\u015bci na tych stronach internetowych zgodnie z \u00a7 7 ust. 1 TMG (niemiecka ustawa medialna) i og\u00f3lnymi przepisami prawa. Zgodnie z \u00a7\u00a7 8\u201310 ustawy TMG nie jeste\u015bmy zobowi\u0105zani do monitorowania przekazywanych lub przechowywanych informacji ani do badania okoliczno\u015bci wskazuj\u0105cych na nielegaln\u0105 dzia\u0142alno\u015b\u0107.<br \/>Zobowi\u0105zania do usuwania lub blokowania korzystania z informacji zgodnie z og\u00f3lnymi przepisami prawa pozostaj\u0105 nienaruszone. Odpowiedzialno\u015b\u0107 w tym zakresie jest jednak mo\u017cliwa dopiero od momentu otrzymania wiadomo\u015bci o konkretnym naruszeniu. Natychmiast po uzyskaniu informacji o takich naruszeniach usuniemy takie tre\u015bci.<\/p><h2>Odpowiedzialno\u015b\u0107 za \u0142\u0105cza<\/h2><p>Nasza oferta zawiera \u0142\u0105cza do zewn\u0119trznych stron internetowych podmiot\u00f3w trzecich, na kt\u00f3rych tre\u015b\u0107 nie mamy \u017cadnego wp\u0142ywu. Dlatego nie mo\u017cemy przej\u0105\u0107 \u017cadnej odpowiedzialno\u015bci za tego typu zewn\u0119trzne tre\u015bci. Za tre\u015b\u0107 stron, do kt\u00f3rych prowadz\u0105 \u0142\u0105cza, odpowiada zawsze ich dostawca lub administrator. W momencie dodawania \u0142\u0105czy strony zosta\u0142y sprawdzone pod k\u0105tem ewentualnych narusze\u0144 prawa. W momencie dodawania \u0142\u0105czy nie zidentyfikowano nielegalnych tre\u015bci.<br \/>Sta\u0142a kontrola tre\u015bci, do kt\u00f3rych u\u017cytkownicy s\u0105 przekierowywani za pomoc\u0105 \u0142\u0105czy, nie jest uzasadniona bez konkretnych dowod\u00f3w na naruszenie prawa. \u0141\u0105cza zostan\u0105 natychmiast usuni\u0119te po otrzymaniu informacji o jakichkolwiek naruszeniach.<\/p><h2>Prawa autorskie<\/h2><p>Tre\u015bci i dzie\u0142a na tych stronach stworzone przez administrator\u00f3w stron podlegaj\u0105 niemieckiemu prawu autorskiemu. Powielanie, przetwarzanie, rozpowszechnianie i wszelkiego rodzaju wykorzystywanie wykraczaj\u0105ce poza prawa autorskie wymaga pisemnej zgody danego autora lub tw\u00f3rcy. Pobieranie i kopiowanie tych stron jest dozwolone wy\u0142\u0105cznie w ramach prywatnego, niekomercyjnego u\u017cytku.<br \/>Je\u015bli tre\u015bci na tej stronie nie zosta\u0142y stworzone przez administratora, przestrzegane s\u0105 prawa autorskie podmiot\u00f3w trzecich. Jako takie identyfikowane s\u0105 w szczeg\u00f3lno\u015bci tre\u015bci podmiot\u00f3w trzecich. Je\u015bli mimo tego dowiedz\u0105 si\u0119 Pa\u0144stwo o naruszeniu praw autorskich, prosimy o poinformowanie nas o tym fakcie. Je\u015bli dowiemy si\u0119 o jakichkolwiek naruszeniach, natychmiast usuniemy takie tre\u015bci.<\/p><p>Dalsze informacje na temat ochrony danych osobowych mo\u017cna znale\u017a\u0107\u00a0<a href=\"https:\/\/www.rofa-group.com\/rofa-polska\/pl\/polityka-prywatnosci\/\" target=\"_blank\" rel=\"noopener\">tutaj<\/a>.<\/p>\t\t\t\t\t\t\t\t<\/div>\n\t\t\t\t\t<\/div>\n\t\t<\/div>\n\t\t\t\t\t<\/div>\n\t\t<\/section>\n\t\t\t\t<\/div>\n\t\t","protected":false},"excerpt":{"rendered":"<p>IMPRESSUM Przejrzyste przetwarzanie danych ROFA POLSKA Sp. z o. oul. Wrzes\u0142awa Roma\u0144czuka 435-302 Rzesz\u00f3wPolska S\u0105d rejestrowy:\u00a0S\u0105d Rejonowy w Rzeszowie, XII Wydzia\u0142 Gospodarczy Krajowego Rejestru S\u0105dowegoKRS:\u00a00000434280Identyfikacji Podatkowej (NIP): PL6342812520Kapita\u0142 zak\u0142adowy: 1.000.000 z\u0142Zarz\u0105d:\u00a0Grzegorz Mach Dane kontaktowe Phone: +48 17\u00a0785 60 00Fax: +48 17\u00a0785 60 99E-Mail:\u00a0mach(at)rofa-polska.pl Informacja na temat organu odpowiedzialnego Grzegorz Machul. Wrzes\u0142awa Roma\u0144czuka 435-302 Rzesz\u00f3wPolska Informacja [&hellip;]<\/p>\n","protected":false},"author":1,"featured_media":0,"parent":0,"menu_order":0,"comment_status":"closed","ping_status":"closed","template":"","meta":{"_acf_changed":false,"footnotes":""},"class_list":["post-404","page","type-page","status-publish","hentry"],"acf":[],"_links":{"self":[{"href":"https:\/\/www.rofa-group.com\/rofa-polska\/wp-json\/wp\/v2\/pages\/404","targetHints":{"allow":["GET"]}}],"collection":[{"href":"https:\/\/www.rofa-group.com\/rofa-polska\/wp-json\/wp\/v2\/pages"}],"about":[{"href":"https:\/\/www.rofa-group.com\/rofa-polska\/wp-json\/wp\/v2\/types\/page"}],"author":[{"embeddable":true,"href":"https:\/\/www.rofa-group.com\/rofa-polska\/wp-json\/wp\/v2\/users\/1"}],"replies":[{"embeddable":true,"href":"https:\/\/www.rofa-group.com\/rofa-polska\/wp-json\/wp\/v2\/comments?post=404"}],"version-history":[{"count":22,"href":"https:\/\/www.rofa-group.com\/rofa-polska\/wp-json\/wp\/v2\/pages\/404\/revisions"}],"predecessor-version":[{"id":564,"href":"https:\/\/www.rofa-group.com\/rofa-polska\/wp-json\/wp\/v2\/pages\/404\/revisions\/564"}],"wp:attachment":[{"href":"https:\/\/www.rofa-group.com\/rofa-polska\/wp-json\/wp\/v2\/media?parent=404"}],"curies":[{"name":"wp","href":"https:\/\/api.w.org\/{rel}","templated":true}]}}