{"id":359,"date":"2021-02-04T19:02:59","date_gmt":"2021-02-04T18:02:59","guid":{"rendered":"https:\/\/www.rofa-group.com\/rofa-polska\/?page_id=359"},"modified":"2021-02-04T19:22:29","modified_gmt":"2021-02-04T18:22:29","slug":"jakosc-i-zrownowazony-rozwoj","status":"publish","type":"page","link":"https:\/\/www.rofa-group.com\/rofa-polska\/pl\/jakosc-i-zrownowazony-rozwoj\/","title":{"rendered":"Jako\u015b\u0107 i zr\u00f3wnowa\u017cony rozw\u00f3j"},"content":{"rendered":"\t\t<div data-elementor-type=\"wp-page\" data-elementor-id=\"359\" class=\"elementor elementor-359\" data-elementor-post-type=\"page\">\n\t\t\t\t\t\t<section class=\"elementor-section elementor-top-section elementor-element elementor-element-71a734d elementor-section-content-top elementor-section-height-min-height elementor-section-items-stretch elementor-section-boxed elementor-section-height-default\" data-id=\"71a734d\" data-element_type=\"section\" data-e-type=\"section\" id=\"mygfx\" data-settings=\"{&quot;background_background&quot;:&quot;classic&quot;}\">\n\t\t\t\t\t\t<div class=\"elementor-container elementor-column-gap-no\">\n\t\t\t\t\t<div class=\"elementor-column elementor-col-100 elementor-top-column elementor-element elementor-element-779981d0\" data-id=\"779981d0\" data-element_type=\"column\" data-e-type=\"column\" data-settings=\"{&quot;background_background&quot;:&quot;classic&quot;}\">\n\t\t\t<div class=\"elementor-widget-wrap\">\n\t\t\t\t\t\t\t<\/div>\n\t\t<\/div>\n\t\t\t\t\t<\/div>\n\t\t<\/section>\n\t\t\t\t<section class=\"elementor-section elementor-top-section elementor-element elementor-element-5cb6aacf elementor-section-boxed elementor-section-height-default elementor-section-height-default\" data-id=\"5cb6aacf\" data-element_type=\"section\" data-e-type=\"section\" data-settings=\"{&quot;background_background&quot;:&quot;classic&quot;}\">\n\t\t\t\t\t\t<div class=\"elementor-container elementor-column-gap-no\">\n\t\t\t\t\t<div class=\"elementor-column elementor-col-50 elementor-top-column elementor-element elementor-element-4abd5f3\" data-id=\"4abd5f3\" data-element_type=\"column\" data-e-type=\"column\" data-settings=\"{&quot;background_background&quot;:&quot;classic&quot;}\">\n\t\t\t<div class=\"elementor-widget-wrap elementor-element-populated\">\n\t\t\t\t\t\t<div class=\"elementor-element elementor-element-297c004b elementor-widget elementor-widget-text-editor\" data-id=\"297c004b\" data-element_type=\"widget\" data-e-type=\"widget\" data-widget_type=\"text-editor.default\">\n\t\t\t\t\t\t\t\t\t<h1 class=\"fett\">JAKO\u015a\u0106 I ZR\u00d3WNOWA\u017bONY ROZW\u00d3J<\/h1>\n<h2 class=\"mittel\">Rozwi\u0105zania z przysz\u0142o\u015bci\u0105<\/h2>\t\t\t\t\t\t\t\t<\/div>\n\t\t\t\t\t<\/div>\n\t\t<\/div>\n\t\t\t\t<div class=\"elementor-column elementor-col-50 elementor-top-column elementor-element elementor-element-6745993b\" data-id=\"6745993b\" data-element_type=\"column\" data-e-type=\"column\">\n\t\t\t<div class=\"elementor-widget-wrap\">\n\t\t\t\t\t\t\t<\/div>\n\t\t<\/div>\n\t\t\t\t\t<\/div>\n\t\t<\/section>\n\t\t\t\t<section class=\"elementor-section elementor-top-section elementor-element elementor-element-f69f837 elementor-hidden-phone elementor-section-boxed elementor-section-height-default elementor-section-height-default\" data-id=\"f69f837\" data-element_type=\"section\" data-e-type=\"section\">\n\t\t\t\t\t\t<div class=\"elementor-container elementor-column-gap-default\">\n\t\t\t\t\t<div class=\"elementor-column elementor-col-25 elementor-top-column elementor-element elementor-element-13a90a4\" data-id=\"13a90a4\" data-element_type=\"column\" data-e-type=\"column\">\n\t\t\t<div class=\"elementor-widget-wrap\">\n\t\t\t\t\t\t\t<\/div>\n\t\t<\/div>\n\t\t\t\t<div class=\"elementor-column elementor-col-25 elementor-top-column elementor-element elementor-element-e35f8af\" data-id=\"e35f8af\" data-element_type=\"column\" data-e-type=\"column\">\n\t\t\t<div class=\"elementor-widget-wrap elementor-element-populated\">\n\t\t\t\t\t\t<div class=\"elementor-element elementor-element-72970b6 elementor-widget elementor-widget-image\" data-id=\"72970b6\" data-element_type=\"widget\" data-e-type=\"widget\" data-widget_type=\"image.default\">\n\t\t\t\t\t\t\t\t\t\t\t\t\t\t\t<img decoding=\"async\" src=\"https:\/\/www.rofa-group.com\/bss\/wp-content\/uploads\/sites\/3\/Icon_Zertifizierte_Qualitaet.svg\" title=\"\" alt=\"\" loading=\"lazy\" \/>\t\t\t\t\t\t\t\t\t\t\t\t\t\t\t<\/div>\n\t\t\t\t<div class=\"elementor-element elementor-element-fc5c224 elementor-widget elementor-widget-heading\" data-id=\"fc5c224\" data-element_type=\"widget\" data-e-type=\"widget\" data-widget_type=\"heading.default\">\n\t\t\t\t\t<h3 class=\"elementor-heading-title elementor-size-default\">Certyfikowana jako\u015b\u0107 <\/h3>\t\t\t\t<\/div>\n\t\t\t\t\t<\/div>\n\t\t<\/div>\n\t\t\t\t<div class=\"elementor-column elementor-col-25 elementor-top-column elementor-element elementor-element-df36e89\" data-id=\"df36e89\" data-element_type=\"column\" data-e-type=\"column\" data-settings=\"{&quot;background_background&quot;:&quot;classic&quot;}\">\n\t\t\t<div class=\"elementor-widget-wrap elementor-element-populated\">\n\t\t\t\t\t\t<div class=\"elementor-element elementor-element-0324b39 elementor-widget elementor-widget-image\" data-id=\"0324b39\" data-element_type=\"widget\" data-e-type=\"widget\" data-widget_type=\"image.default\">\n\t\t\t\t\t\t\t\t\t\t\t\t\t\t\t\t<a href=\"https:\/\/www.rofa-group.com\/rofa-polska\/pl\/jakosc-i-zrownowazony-rozwoj\/zrownowazony-rozwoj\/\">\n\t\t\t\t\t\t\t<img decoding=\"async\" src=\"https:\/\/www.rofa-group.com\/bss\/wp-content\/uploads\/sites\/3\/Icon_Nachhaltigkeit.svg\" title=\"\" alt=\"\" loading=\"lazy\" \/>\t\t\t\t\t\t\t\t<\/a>\n\t\t\t\t\t\t\t\t\t\t\t\t\t\t\t<\/div>\n\t\t\t\t<div class=\"elementor-element elementor-element-dc71093 elementor-widget elementor-widget-heading\" data-id=\"dc71093\" data-element_type=\"widget\" data-e-type=\"widget\" data-widget_type=\"heading.default\">\n\t\t\t\t\t<h3 class=\"elementor-heading-title elementor-size-default\"><a href=\"https:\/\/www.rofa-group.com\/rofa-polska\/pl\/jakosc-i-zrownowazony-rozwoj\/zrownowazony-rozwoj\/\">Zr\u00f3wnowa\u017cony rozw\u00f3j <\/a><\/h3>\t\t\t\t<\/div>\n\t\t\t\t\t<\/div>\n\t\t<\/div>\n\t\t\t\t<div class=\"elementor-column elementor-col-25 elementor-top-column elementor-element elementor-element-18d59d9\" data-id=\"18d59d9\" data-element_type=\"column\" data-e-type=\"column\">\n\t\t\t<div class=\"elementor-widget-wrap\">\n\t\t\t\t\t\t\t<\/div>\n\t\t<\/div>\n\t\t\t\t\t<\/div>\n\t\t<\/section>\n\t\t\t\t<section class=\"elementor-section elementor-top-section elementor-element elementor-element-e9fb7da elementor-section-boxed elementor-section-height-default elementor-section-height-default\" data-id=\"e9fb7da\" data-element_type=\"section\" data-e-type=\"section\">\n\t\t\t\t\t\t<div class=\"elementor-container elementor-column-gap-default\">\n\t\t\t\t\t<div class=\"elementor-column elementor-col-50 elementor-top-column elementor-element elementor-element-933c77b\" data-id=\"933c77b\" data-element_type=\"column\" data-e-type=\"column\" data-settings=\"{&quot;background_background&quot;:&quot;classic&quot;}\">\n\t\t\t<div class=\"elementor-widget-wrap elementor-element-populated\">\n\t\t\t\t\t\t<div class=\"elementor-element elementor-element-2c76efb elementor-widget elementor-widget-heading\" data-id=\"2c76efb\" data-element_type=\"widget\" data-e-type=\"widget\" data-widget_type=\"heading.default\">\n\t\t\t\t\t<h2 class=\"elementor-heading-title elementor-size-default\">Jako\u015b\u0107 i zr\u00f3wnowa\u017cony rozw\u00f3j<\/h2>\t\t\t\t<\/div>\n\t\t\t\t<div class=\"elementor-element elementor-element-d8f1601 elementor-widget elementor-widget-text-editor\" data-id=\"d8f1601\" data-element_type=\"widget\" data-e-type=\"widget\" data-widget_type=\"text-editor.default\">\n\t\t\t\t\t\t\t\t\tSpe\u0142nianie Pa\u0144stwa wymaga\u0144 w zakresie jako\u015bci i zr\u00f3wnowa\u017conego rozwoju stanowi priorytet w naszej pracy.<br>\nZapewniamy to poprzez:\t\t\t\t\t\t\t\t<\/div>\n\t\t\t\t\t<\/div>\n\t\t<\/div>\n\t\t\t\t<div class=\"elementor-column elementor-col-50 elementor-top-column elementor-element elementor-element-dedfaed\" data-id=\"dedfaed\" data-element_type=\"column\" data-e-type=\"column\" data-settings=\"{&quot;background_background&quot;:&quot;classic&quot;}\">\n\t\t\t<div class=\"elementor-widget-wrap elementor-element-populated\">\n\t\t\t\t\t\t<div class=\"elementor-element elementor-element-d1ef7b3 elementor-widget elementor-widget-text-editor\" data-id=\"d1ef7b3\" data-element_type=\"widget\" data-e-type=\"widget\" data-widget_type=\"text-editor.default\">\n\t\t\t\t\t\t\t\t\t<ul>\n \t<li>badanie rynku i znajomo\u015b\u0107 specyficznych wymaga\u0144 i proces\u00f3w klienta. W tej kwestii wymieniamy si\u0119 \u015bci\u015ble z innymi cz\u0142onkami Grupy ROFA<\/li>\n \t<li>projekt produktu, kt\u00f3ry spe\u0142nia wymagania jako\u015bciowe klient\u00f3w i jest zgodny z obowi\u0105zuj\u0105cymi przepisami, normami, w tym dotycz\u0105cymi ochrony \u015brodowiska i bezpiecze\u0144stwa produktu<\/li>\n<\/ul>\t\t\t\t\t\t\t\t<\/div>\n\t\t\t\t\t<\/div>\n\t\t<\/div>\n\t\t\t\t\t<\/div>\n\t\t<\/section>\n\t\t\t\t<section class=\"elementor-section elementor-top-section elementor-element elementor-element-e711233 elementor-section-boxed elementor-section-height-default elementor-section-height-default\" data-id=\"e711233\" data-element_type=\"section\" data-e-type=\"section\">\n\t\t\t\t\t\t<div class=\"elementor-container elementor-column-gap-default\">\n\t\t\t\t\t<div class=\"elementor-column elementor-col-50 elementor-top-column elementor-element elementor-element-e8b6f1a\" data-id=\"e8b6f1a\" data-element_type=\"column\" data-e-type=\"column\" data-settings=\"{&quot;background_background&quot;:&quot;classic&quot;}\">\n\t\t\t<div class=\"elementor-widget-wrap elementor-element-populated\">\n\t\t\t\t\t\t<div class=\"elementor-element elementor-element-1e509d7 elementor-widget elementor-widget-heading\" data-id=\"1e509d7\" data-element_type=\"widget\" data-e-type=\"widget\" data-widget_type=\"heading.default\">\n\t\t\t\t\t<h2 class=\"elementor-heading-title elementor-size-default\">Procesach i us\u0142ugach certyfikowanych<\/h2>\t\t\t\t<\/div>\n\t\t\t\t<div class=\"elementor-element elementor-element-203532a elementor-widget elementor-widget-text-editor\" data-id=\"203532a\" data-element_type=\"widget\" data-e-type=\"widget\" data-widget_type=\"text-editor.default\">\n\t\t\t\t\t\t\t\t\tNasz\u0105 domen\u0105 jest zerowa tolerancja b\u0142\u0119du, w tym celu opieramy si\u0119 na procesach i us\u0142ugach certyfikowanych zgodnie z normami ISO. W szczeg\u00f3\u0142ach oznacza to dla nas:\t\t\t\t\t\t\t\t<\/div>\n\t\t\t\t\t<\/div>\n\t\t<\/div>\n\t\t\t\t<div class=\"elementor-column elementor-col-50 elementor-top-column elementor-element elementor-element-c63affc\" data-id=\"c63affc\" data-element_type=\"column\" data-e-type=\"column\" data-settings=\"{&quot;background_background&quot;:&quot;classic&quot;}\">\n\t\t\t<div class=\"elementor-widget-wrap elementor-element-populated\">\n\t\t\t\t\t\t<div class=\"elementor-element elementor-element-d4150c9 elementor-widget elementor-widget-text-editor\" data-id=\"d4150c9\" data-element_type=\"widget\" data-e-type=\"widget\" data-widget_type=\"text-editor.default\">\n\t\t\t\t\t\t\t\t\t<ul>\n<li>sterowanie  procesami w spos\u00f3b zapobiegaj\u0105cy niezgodno\u015bciom. W przypadku ich wyst\u0105pienia podejmujemy skuteczne \u015brodki naprawcze i zapobiegawcze.<\/li>\n<li>szczeg\u00f3\u0142ow\u0105 analiz\u0119 ryzyka wszystkich proces\u00f3w i produkt\u00f3w w fazie przygotowa\u0144 i w trakcie realizacji.<\/li>\n<li>ci\u0105g\u0142e podnoszenie kwalifikacji naszych pracownik\u00f3w poprzez szkolenia wewn\u0119trzne i zewn\u0119trzne.<\/li>\n<li>zapewnienie zasob\u00f3w ludzkich i materialnych w celu zagwarantowania, osi\u0105gniecia cel\u00f3w w okre\u015blonym czasie.<\/li>\n<li>wsp\u00f3\u0142prac\u0119 w ramach zespo\u0142\u00f3w projektowych, kt\u00f3re szybko i wsp\u00f3lnie opracowuj\u0105, wdra\u017caj\u0105 i optymalizuj\u0105 rozwi\u0105zania.<\/li>\n<li>wysoki stopie\u0144 zaufania w do\u015bwiadczenie naszego personelu technicznego w zakresie projektowania, produkcji i monta\u017cu.<\/li>\n<li>\u015bcis\u0142\u0105 i d\u0142ugoterminow\u0105 wsp\u00f3\u0142prac\u0119 z naszymi podwykonawcami.<\/li>\n<\/ul>\t\t\t\t\t\t\t\t<\/div>\n\t\t\t\t\t<\/div>\n\t\t<\/div>\n\t\t\t\t\t<\/div>\n\t\t<\/section>\n\t\t\t\t<section class=\"elementor-section elementor-top-section elementor-element elementor-element-d9f0057 elementor-section-boxed elementor-section-height-default elementor-section-height-default\" data-id=\"d9f0057\" data-element_type=\"section\" data-e-type=\"section\">\n\t\t\t\t\t\t<div class=\"elementor-container elementor-column-gap-default\">\n\t\t\t\t\t<div class=\"elementor-column elementor-col-50 elementor-top-column elementor-element elementor-element-1ac542f\" data-id=\"1ac542f\" data-element_type=\"column\" data-e-type=\"column\" data-settings=\"{&quot;background_background&quot;:&quot;classic&quot;}\">\n\t\t\t<div class=\"elementor-widget-wrap elementor-element-populated\">\n\t\t\t\t\t\t<div class=\"elementor-element elementor-element-fcc5976 elementor-widget elementor-widget-heading\" data-id=\"fcc5976\" data-element_type=\"widget\" data-e-type=\"widget\" data-widget_type=\"heading.default\">\n\t\t\t\t\t<h2 class=\"elementor-heading-title elementor-size-default\">Odpowiedzialno\u015bci spo\u0142ecznej<\/h2>\t\t\t\t<\/div>\n\t\t\t\t<div class=\"elementor-element elementor-element-606f343 elementor-widget elementor-widget-text-editor\" data-id=\"606f343\" data-element_type=\"widget\" data-e-type=\"widget\" data-widget_type=\"text-editor.default\">\n\t\t\t\t\t\t\t\t\tW obszarze odpowiedzialno\u015bci spo\u0142ecznej nasze zaanga\u017cowanie przejawiamy poprzez:\t\t\t\t\t\t\t\t<\/div>\n\t\t\t\t\t<\/div>\n\t\t<\/div>\n\t\t\t\t<div class=\"elementor-column elementor-col-50 elementor-top-column elementor-element elementor-element-eba0068\" data-id=\"eba0068\" data-element_type=\"column\" data-e-type=\"column\" data-settings=\"{&quot;background_background&quot;:&quot;classic&quot;}\">\n\t\t\t<div class=\"elementor-widget-wrap elementor-element-populated\">\n\t\t\t\t\t\t<div class=\"elementor-element elementor-element-9a92f80 elementor-widget elementor-widget-text-editor\" data-id=\"9a92f80\" data-element_type=\"widget\" data-e-type=\"widget\" data-widget_type=\"text-editor.default\">\n\t\t\t\t\t\t\t\t\t<ul>\n<li>oferty rzetelnego szkolenia przysz\u0142ej kadry in\u017cynierskiej oraz <\/li>organizacj\u0119 praktyk studenckich. \n<li>wsparcie wybranych projekt\u00f3w uniwersyteckich.<\/li> \n<li>wsparcie innych organizacji, inicjatyw, projekt\u00f3w, kt\u00f3re koncentruj\u0105 si\u0119 na wsp\u00f3lnym dobru, np. anga\u017cujemy si\u0119 w dzia\u0142alno\u015b\u0107 Fundacji Podkarpackie Hospicjum dla Dzieci.<\/li>\n<\/ul>\t\t\t\t\t\t\t\t<\/div>\n\t\t\t\t\t<\/div>\n\t\t<\/div>\n\t\t\t\t\t<\/div>\n\t\t<\/section>\n\t\t\t\t<section class=\"elementor-section elementor-top-section elementor-element elementor-element-94bcb66 elementor-section-boxed elementor-section-height-default elementor-section-height-default\" data-id=\"94bcb66\" data-element_type=\"section\" data-e-type=\"section\">\n\t\t\t\t\t\t<div class=\"elementor-container elementor-column-gap-default\">\n\t\t\t\t\t<div class=\"elementor-column elementor-col-100 elementor-top-column elementor-element elementor-element-ec4872c\" data-id=\"ec4872c\" data-element_type=\"column\" data-e-type=\"column\">\n\t\t\t<div class=\"elementor-widget-wrap elementor-element-populated\">\n\t\t\t\t\t\t<div class=\"elementor-element elementor-element-0052506 elementor-widget elementor-widget-image\" data-id=\"0052506\" data-element_type=\"widget\" data-e-type=\"widget\" data-widget_type=\"image.default\">\n\t\t\t\t\t\t\t\t\t\t\t\t\t\t\t<img fetchpriority=\"high\" decoding=\"async\" width=\"800\" height=\"229\" src=\"https:\/\/www.rofa-group.com\/rofa-polska\/wp-content\/uploads\/sites\/10\/Rofa-Polska-Siegel-1024x293.jpg\" class=\"attachment-large size-large wp-image-237\" alt=\"Rofa Polska Siegel\" srcset=\"https:\/\/www.rofa-group.com\/rofa-polska\/wp-content\/uploads\/sites\/10\/Rofa-Polska-Siegel-1024x293.jpg 1024w, https:\/\/www.rofa-group.com\/rofa-polska\/wp-content\/uploads\/sites\/10\/Rofa-Polska-Siegel-300x86.jpg 300w, https:\/\/www.rofa-group.com\/rofa-polska\/wp-content\/uploads\/sites\/10\/Rofa-Polska-Siegel-768x220.jpg 768w, https:\/\/www.rofa-group.com\/rofa-polska\/wp-content\/uploads\/sites\/10\/Rofa-Polska-Siegel-1536x439.jpg 1536w, https:\/\/www.rofa-group.com\/rofa-polska\/wp-content\/uploads\/sites\/10\/Rofa-Polska-Siegel.jpg 1920w\" sizes=\"(max-width: 800px) 100vw, 800px\" \/>\t\t\t\t\t\t\t\t\t\t\t\t\t\t\t<\/div>\n\t\t\t\t\t<\/div>\n\t\t<\/div>\n\t\t\t\t\t<\/div>\n\t\t<\/section>\n\t\t\t\t<section class=\"elementor-section elementor-top-section elementor-element elementor-element-f9d0430 elementor-section-boxed elementor-section-height-default elementor-section-height-default\" data-id=\"f9d0430\" data-element_type=\"section\" data-e-type=\"section\">\n\t\t\t\t\t\t<div class=\"elementor-container elementor-column-gap-default\">\n\t\t\t\t\t<div class=\"elementor-column elementor-col-100 elementor-top-column elementor-element elementor-element-37cd474\" data-id=\"37cd474\" data-element_type=\"column\" data-e-type=\"column\">\n\t\t\t<div class=\"elementor-widget-wrap elementor-element-populated\">\n\t\t\t\t\t\t<div class=\"elementor-element elementor-element-c7d55ec elementor-widget elementor-widget-text-editor\" data-id=\"c7d55ec\" data-element_type=\"widget\" data-e-type=\"widget\" data-widget_type=\"text-editor.default\">\n\t\t\t\t\t\t\t\t\tW sekcji <a title=\"Download-Bereich\" href=\"https:\/\/www.rofa-group.com\/rofa-polska\/pl\/downloads\/\">Downloads<\/a> mo\u017cna pobra\u0107 <strong>aktualne certyfikaty<\/strong> w pe\u0142nej wersji!\t\t\t\t\t\t\t\t<\/div>\n\t\t\t\t\t<\/div>\n\t\t<\/div>\n\t\t\t\t\t<\/div>\n\t\t<\/section>\n\t\t\t\t<\/div>\n\t\t","protected":false},"excerpt":{"rendered":"<p>JAKO\u015a\u0106 I ZR\u00d3WNOWA\u017bONY ROZW\u00d3J Rozwi\u0105zania z przysz\u0142o\u015bci\u0105 Certyfikowana jako\u015b\u0107 Zr\u00f3wnowa\u017cony rozw\u00f3j Jako\u015b\u0107 i zr\u00f3wnowa\u017cony rozw\u00f3j Spe\u0142nianie Pa\u0144stwa wymaga\u0144 w zakresie jako\u015bci i zr\u00f3wnowa\u017conego rozwoju stanowi priorytet w naszej pracy. Zapewniamy to poprzez: badanie rynku i znajomo\u015b\u0107 specyficznych wymaga\u0144 i proces\u00f3w klienta. W tej kwestii wymieniamy si\u0119 \u015bci\u015ble z innymi cz\u0142onkami Grupy ROFA projekt produktu, kt\u00f3ry [&hellip;]<\/p>\n","protected":false},"author":1,"featured_media":0,"parent":0,"menu_order":0,"comment_status":"closed","ping_status":"closed","template":"","meta":{"_acf_changed":false,"footnotes":""},"class_list":["post-359","page","type-page","status-publish","hentry"],"acf":[],"_links":{"self":[{"href":"https:\/\/www.rofa-group.com\/rofa-polska\/wp-json\/wp\/v2\/pages\/359","targetHints":{"allow":["GET"]}}],"collection":[{"href":"https:\/\/www.rofa-group.com\/rofa-polska\/wp-json\/wp\/v2\/pages"}],"about":[{"href":"https:\/\/www.rofa-group.com\/rofa-polska\/wp-json\/wp\/v2\/types\/page"}],"author":[{"embeddable":true,"href":"https:\/\/www.rofa-group.com\/rofa-polska\/wp-json\/wp\/v2\/users\/1"}],"replies":[{"embeddable":true,"href":"https:\/\/www.rofa-group.com\/rofa-polska\/wp-json\/wp\/v2\/comments?post=359"}],"version-history":[{"count":13,"href":"https:\/\/www.rofa-group.com\/rofa-polska\/wp-json\/wp\/v2\/pages\/359\/revisions"}],"predecessor-version":[{"id":382,"href":"https:\/\/www.rofa-group.com\/rofa-polska\/wp-json\/wp\/v2\/pages\/359\/revisions\/382"}],"wp:attachment":[{"href":"https:\/\/www.rofa-group.com\/rofa-polska\/wp-json\/wp\/v2\/media?parent=359"}],"curies":[{"name":"wp","href":"https:\/\/api.w.org\/{rel}","templated":true}]}}