{"id":20,"date":"2020-05-12T00:57:08","date_gmt":"2020-05-11T22:57:08","guid":{"rendered":"https:\/\/www.rofa-group.com\/rofa-polska\/?page_id=20"},"modified":"2025-01-15T13:58:26","modified_gmt":"2025-01-15T12:58:26","slug":"imprint","status":"publish","type":"page","link":"https:\/\/www.rofa-group.com\/rofa-polska\/en\/imprint\/","title":{"rendered":"Imprint"},"content":{"rendered":"\t\t<div data-elementor-type=\"wp-page\" data-elementor-id=\"20\" class=\"elementor elementor-20\" data-elementor-post-type=\"page\">\n\t\t\t\t\t\t<section class=\"elementor-section elementor-top-section elementor-element elementor-element-100d4a6c elementor-section-content-top elementor-section-height-min-height elementor-section-items-stretch elementor-section-boxed elementor-section-height-default\" data-id=\"100d4a6c\" data-element_type=\"section\" data-e-type=\"section\" data-settings=\"{&quot;background_background&quot;:&quot;classic&quot;}\">\n\t\t\t\t\t\t<div class=\"elementor-container elementor-column-gap-no\">\n\t\t\t\t\t<div class=\"elementor-column elementor-col-100 elementor-top-column elementor-element elementor-element-3c98e108\" data-id=\"3c98e108\" data-element_type=\"column\" data-e-type=\"column\" data-settings=\"{&quot;background_background&quot;:&quot;classic&quot;}\">\n\t\t\t<div class=\"elementor-widget-wrap\">\n\t\t\t\t\t\t\t<\/div>\n\t\t<\/div>\n\t\t\t\t\t<\/div>\n\t\t<\/section>\n\t\t\t\t<section class=\"elementor-section elementor-top-section elementor-element elementor-element-76a40ad2 elementor-section-boxed elementor-section-height-default elementor-section-height-default\" data-id=\"76a40ad2\" data-element_type=\"section\" data-e-type=\"section\" data-settings=\"{&quot;background_background&quot;:&quot;classic&quot;}\">\n\t\t\t\t\t\t<div class=\"elementor-container elementor-column-gap-no\">\n\t\t\t\t\t<div class=\"elementor-column elementor-col-50 elementor-top-column elementor-element elementor-element-3798a974\" data-id=\"3798a974\" data-element_type=\"column\" data-e-type=\"column\" data-settings=\"{&quot;background_background&quot;:&quot;classic&quot;}\">\n\t\t\t<div class=\"elementor-widget-wrap elementor-element-populated\">\n\t\t\t\t\t\t<div class=\"elementor-element elementor-element-5469e8d8 elementor-widget elementor-widget-text-editor\" data-id=\"5469e8d8\" data-element_type=\"widget\" data-e-type=\"widget\" data-widget_type=\"text-editor.default\">\n\t\t\t\t\t\t\t\t\t<h1 class=\"fett\">IMPRINT<\/h1>\n<h2 class=\"mittel\">Transparent data processing<\/h2>\t\t\t\t\t\t\t\t<\/div>\n\t\t\t\t\t<\/div>\n\t\t<\/div>\n\t\t\t\t<div class=\"elementor-column elementor-col-50 elementor-top-column elementor-element elementor-element-3b09ec46\" data-id=\"3b09ec46\" data-element_type=\"column\" data-e-type=\"column\">\n\t\t\t<div class=\"elementor-widget-wrap\">\n\t\t\t\t\t\t\t<\/div>\n\t\t<\/div>\n\t\t\t\t\t<\/div>\n\t\t<\/section>\n\t\t\t\t<section class=\"elementor-section elementor-top-section elementor-element elementor-element-63730f83 elementor-section-boxed elementor-section-height-default elementor-section-height-default\" data-id=\"63730f83\" data-element_type=\"section\" data-e-type=\"section\">\n\t\t\t\t\t\t<div class=\"elementor-container elementor-column-gap-default\">\n\t\t\t\t\t<div class=\"elementor-column elementor-col-100 elementor-top-column elementor-element elementor-element-270d44a2\" data-id=\"270d44a2\" data-element_type=\"column\" data-e-type=\"column\">\n\t\t\t<div class=\"elementor-widget-wrap elementor-element-populated\">\n\t\t\t\t\t\t<div class=\"elementor-element elementor-element-f66d640 elementor-widget elementor-widget-text-editor\" data-id=\"f66d640\" data-element_type=\"widget\" data-e-type=\"widget\" data-widget_type=\"text-editor.default\">\n\t\t\t\t\t\t\t\t\t<p><strong>ROFA POLSKA Sp. z o. o.<\/strong><br \/>ul. Wrzes\u0142awa Roma\u0144czuka 4<br \/>35-302 Rzesz\u00f3w<br \/>Poland<\/p><p><strong>Court of registration:<\/strong> S\u0105d Rejonowy w Rzeszowie, XII Wydzia\u0142 Gospodarczy Krajowego Rejestru S\u0105dowego<br \/><strong>KRS number:<\/strong> 0000434280<br \/><strong>Identyfikacji Podatkowej (NIP):<\/strong> PL6342812520<br \/><strong>Subscirbed capital:<\/strong> 1.000.000 z\u0142<\/p><p><b>Represented by:<\/b><br \/>Grzegorz Mach<\/p><h2>Contact<\/h2><p><b>Phone:<\/b> +48 17\u00a0785 60 00<br \/><b>Telefax:<\/b> +48 17\u00a0785 60 99<br \/><b style=\"font-size: 1rem\">E-Mail:<\/b><span style=\"font-size: 1rem\"> mach(at)rofa-polska.pl<\/span><\/p><h2>Responsible for the content according to \u00a7 55(2) RStV<\/h2><p>Grzegorz Mach<br \/>ul. Wrzes\u0142awa Roma\u0144czuka 4<br \/>35-302 Rzesz\u00f3w<br \/>Poland<\/p><h2>Note on the responsible bodies<\/h2><p>The <b>responsible body for data processing<\/b> on this website is:<\/p><p><strong>ROFA POLSKA Sp. z o. o.<\/strong><br \/>ul. Wrzes\u0142awa Roma\u0144czuka 4<br \/>35-302 Rzesz\u00f3w<br \/>Poland<\/p><p><b>Phone:<\/b> +48 17\u00a0785 60 00<br \/><b>Telefax:<\/b> +48 17\u00a0785 60 99<br \/><b style=\"font-size: 1rem\">E-Mail:<\/b><span style=\"font-size: 1rem\"> mach(at)rofa-polska.pl<\/span><\/p><p>The <b>responsible body for the legally required data protection officer<\/b> on this website is:<\/p><p><strong>ROFA POLSKA Sp. z o. o.<\/strong><br \/>Data Protection Officer<br \/>ul. Wrzes\u0142awa Roma\u0144czuka 4<br \/>35-302 Rzesz\u00f3w<br \/>Poland<\/p><p><b>E-Mail:<\/b> datenschutz.rofa(at)rofa-group.com<\/p><h2>Coding &amp; CMS Integration<\/h2><p>instant media &#8211; Werbeagentur Munich<\/p><h2>Concept &amp; Communication<\/h2><p>FREEMANIZER Brand Communication &amp; Design \/ Die Wortgestalterin<\/p><h2>EU dispute resolution<\/h2><p>The European Commission provides a platform for online dispute resolution<br \/>(ODR):https:\/\/ec.europa.eu\/consumers\/odr.<br \/>Our e-mail address can be found above in the site notice.<\/p><p>We are not willing or obliged to participate in dispute resolution proceedings before a consumer arbitration board.<\/p><h2>Liability for Contents<\/h2><p>As service providers, we are liable for own contents of these websites according to Paragraph 7, Sect. 1 German Telemedia Act (TMG). However, according to Paragraphs 8 to 10 German Telemedia Act (TMG), service providers are not obligated to permanently monitor submitted or stored information or to search for evidences that indicate illegal activities.<\/p><p>Legal obligations to removing information or to blocking the use of information remain unchallenged. In this case, liability is only possible at the time of knowledge about a specific violation of law. Illegal contents will be removed immediately at the time we get knowledge of them.<\/p><h2>Liability for Links<\/h2><p>Our offer includes links to external third party websites. We have no influence on the contents of those websites, therefore we cannot guarantee for those contents. Providers or administrators of linked websites are always responsible for their own contents.<\/p><p>The linked websites had been checked for possible violations of law at the time of the establishment of the link. Illegal contents were not detected at the time of the linking. A permanent monitoring of the contents of linked websites cannot be imposed without reasonable indications that there has been a violation of law. Illegal links will be removed immediately at the time we get knowledge of them.<\/p><h2>Copyright<\/h2><p>Contents and compilations published on these websites by the providers are subject to German copyright laws. Reproduction, editing, distribution as well as the use of any kind outside the scope of the copyright law require a written permission of the author or originator. Downloads and copies of these websites are permitted for private use only. The commercial use of our contents without permission of the originator is prohibited.<\/p><p>Copyright laws of third parties are respected as long as the contents on these websites do not originate from the provider. Contributions of third parties on this site are indicated as such. However, if you notice any violations of copyright law, please inform us. Such contents will be removed immediately.<\/p><p>Detailes about our privacy policy can be found\u00a0<a title=\"privacy policy\" href=\"https:\/\/www.rofa-group.com\/rofa-polska\/en\/privacy-policy\/\" rel=\"noopener\">here<\/a>.<\/p>\t\t\t\t\t\t\t\t<\/div>\n\t\t\t\t\t<\/div>\n\t\t<\/div>\n\t\t\t\t\t<\/div>\n\t\t<\/section>\n\t\t\t\t<\/div>\n\t\t","protected":false},"excerpt":{"rendered":"<p>IMPRINT Transparent data processing ROFA POLSKA Sp. z o. o.ul. Wrzes\u0142awa Roma\u0144czuka 435-302 Rzesz\u00f3wPoland Court of registration: S\u0105d Rejonowy w Rzeszowie, XII Wydzia\u0142 Gospodarczy Krajowego Rejestru S\u0105dowegoKRS number: 0000434280Identyfikacji Podatkowej (NIP): PL6342812520Subscirbed capital: 1.000.000 z\u0142 Represented by:Grzegorz Mach Contact Phone: +48 17\u00a0785 60 00Telefax: +48 17\u00a0785 60 99E-Mail: mach(at)rofa-polska.pl Responsible for the content according to [&hellip;]<\/p>\n","protected":false},"author":1,"featured_media":0,"parent":0,"menu_order":0,"comment_status":"closed","ping_status":"closed","template":"","meta":{"_acf_changed":false,"footnotes":""},"class_list":["post-20","page","type-page","status-publish","hentry"],"acf":[],"_links":{"self":[{"href":"https:\/\/www.rofa-group.com\/rofa-polska\/wp-json\/wp\/v2\/pages\/20","targetHints":{"allow":["GET"]}}],"collection":[{"href":"https:\/\/www.rofa-group.com\/rofa-polska\/wp-json\/wp\/v2\/pages"}],"about":[{"href":"https:\/\/www.rofa-group.com\/rofa-polska\/wp-json\/wp\/v2\/types\/page"}],"author":[{"embeddable":true,"href":"https:\/\/www.rofa-group.com\/rofa-polska\/wp-json\/wp\/v2\/users\/1"}],"replies":[{"embeddable":true,"href":"https:\/\/www.rofa-group.com\/rofa-polska\/wp-json\/wp\/v2\/comments?post=20"}],"version-history":[{"count":20,"href":"https:\/\/www.rofa-group.com\/rofa-polska\/wp-json\/wp\/v2\/pages\/20\/revisions"}],"predecessor-version":[{"id":561,"href":"https:\/\/www.rofa-group.com\/rofa-polska\/wp-json\/wp\/v2\/pages\/20\/revisions\/561"}],"wp:attachment":[{"href":"https:\/\/www.rofa-group.com\/rofa-polska\/wp-json\/wp\/v2\/media?parent=20"}],"curies":[{"name":"wp","href":"https:\/\/api.w.org\/{rel}","templated":true}]}}