{"id":179,"date":"2020-10-14T17:01:07","date_gmt":"2020-10-14T15:01:07","guid":{"rendered":"https:\/\/www.rofa-group.com\/rofa-polska\/?page_id=179"},"modified":"2020-10-15T16:23:57","modified_gmt":"2020-10-15T14:23:57","slug":"nachhaltigkeit","status":"publish","type":"page","link":"https:\/\/www.rofa-group.com\/rofa-polska\/qualitaet-nachhaltigkeit\/nachhaltigkeit\/","title":{"rendered":"Nachhaltigkeit"},"content":{"rendered":"\t\t<div data-elementor-type=\"wp-page\" data-elementor-id=\"179\" class=\"elementor elementor-179\" data-elementor-post-type=\"page\">\n\t\t\t\t\t\t<section class=\"elementor-section elementor-top-section elementor-element elementor-element-71a734d elementor-section-content-top elementor-section-height-min-height elementor-section-items-stretch elementor-section-boxed elementor-section-height-default\" data-id=\"71a734d\" data-element_type=\"section\" data-e-type=\"section\" id=\"mygfx\" data-settings=\"{&quot;background_background&quot;:&quot;classic&quot;}\">\n\t\t\t\t\t\t<div class=\"elementor-container elementor-column-gap-no\">\n\t\t\t\t\t<div class=\"elementor-column elementor-col-100 elementor-top-column elementor-element elementor-element-779981d0\" data-id=\"779981d0\" data-element_type=\"column\" data-e-type=\"column\" data-settings=\"{&quot;background_background&quot;:&quot;classic&quot;}\">\n\t\t\t<div class=\"elementor-widget-wrap\">\n\t\t\t\t\t\t\t<\/div>\n\t\t<\/div>\n\t\t\t\t\t<\/div>\n\t\t<\/section>\n\t\t\t\t<section class=\"elementor-section elementor-top-section elementor-element elementor-element-5cb6aacf elementor-section-boxed elementor-section-height-default elementor-section-height-default\" data-id=\"5cb6aacf\" data-element_type=\"section\" data-e-type=\"section\" data-settings=\"{&quot;background_background&quot;:&quot;classic&quot;}\">\n\t\t\t\t\t\t<div class=\"elementor-container elementor-column-gap-no\">\n\t\t\t\t\t<div class=\"elementor-column elementor-col-50 elementor-top-column elementor-element elementor-element-4abd5f3\" data-id=\"4abd5f3\" data-element_type=\"column\" data-e-type=\"column\" data-settings=\"{&quot;background_background&quot;:&quot;classic&quot;}\">\n\t\t\t<div class=\"elementor-widget-wrap elementor-element-populated\">\n\t\t\t\t\t\t<div class=\"elementor-element elementor-element-297c004b elementor-widget elementor-widget-text-editor\" data-id=\"297c004b\" data-element_type=\"widget\" data-e-type=\"widget\" data-widget_type=\"text-editor.default\">\n\t\t\t\t\t\t\t\t\t<h1 class=\"fett\">Qualit\u00e4t und Nachhaltigkeit<\/h1><h2 class=\"mittel\">L\u00f6sungen mit Zukunft<\/h2>\t\t\t\t\t\t\t\t<\/div>\n\t\t\t\t\t<\/div>\n\t\t<\/div>\n\t\t\t\t<div class=\"elementor-column elementor-col-50 elementor-top-column elementor-element elementor-element-6745993b\" data-id=\"6745993b\" data-element_type=\"column\" data-e-type=\"column\">\n\t\t\t<div class=\"elementor-widget-wrap\">\n\t\t\t\t\t\t\t<\/div>\n\t\t<\/div>\n\t\t\t\t\t<\/div>\n\t\t<\/section>\n\t\t\t\t<section class=\"elementor-section elementor-top-section elementor-element elementor-element-f69f837 elementor-hidden-phone elementor-section-boxed elementor-section-height-default elementor-section-height-default\" data-id=\"f69f837\" data-element_type=\"section\" data-e-type=\"section\">\n\t\t\t\t\t\t<div class=\"elementor-container elementor-column-gap-default\">\n\t\t\t\t\t<div class=\"elementor-column elementor-col-25 elementor-top-column elementor-element elementor-element-13a90a4\" data-id=\"13a90a4\" data-element_type=\"column\" data-e-type=\"column\">\n\t\t\t<div class=\"elementor-widget-wrap\">\n\t\t\t\t\t\t\t<\/div>\n\t\t<\/div>\n\t\t\t\t<div class=\"elementor-column elementor-col-25 elementor-top-column elementor-element elementor-element-df36e89\" data-id=\"df36e89\" data-element_type=\"column\" data-e-type=\"column\" data-settings=\"{&quot;background_background&quot;:&quot;classic&quot;}\">\n\t\t\t<div class=\"elementor-widget-wrap elementor-element-populated\">\n\t\t\t\t\t\t<div class=\"elementor-element elementor-element-0324b39 elementor-widget elementor-widget-image\" data-id=\"0324b39\" data-element_type=\"widget\" data-e-type=\"widget\" data-widget_type=\"image.default\">\n\t\t\t\t\t\t\t\t\t\t\t\t\t\t\t\t<a href=\"https:\/\/www.rofa-group.com\/rofa-polska\/qualitaet-nachhaltigkeit\/\">\n\t\t\t\t\t\t\t<img decoding=\"async\" width=\"1\" height=\"1\" src=\"https:\/\/www.rofa-group.com\/rofa-polska\/wp-content\/uploads\/sites\/10\/Icon_Zertifizierte_Qualitaet.svg\" class=\"attachment-large size-large wp-image-182\" alt=\"\" \/>\t\t\t\t\t\t\t\t<\/a>\n\t\t\t\t\t\t\t\t\t\t\t\t\t\t\t<\/div>\n\t\t\t\t<div class=\"elementor-element elementor-element-dc71093 elementor-widget elementor-widget-heading\" data-id=\"dc71093\" data-element_type=\"widget\" data-e-type=\"widget\" data-widget_type=\"heading.default\">\n\t\t\t\t\t<h3 class=\"elementor-heading-title elementor-size-default\"><a href=\"https:\/\/www.rofa-group.com\/rofa-polska\/qualitaet-nachhaltigkeit\/\">Qualit\u00e4t<\/a><\/h3>\t\t\t\t<\/div>\n\t\t\t\t\t<\/div>\n\t\t<\/div>\n\t\t\t\t<div class=\"elementor-column elementor-col-25 elementor-top-column elementor-element elementor-element-e35f8af\" data-id=\"e35f8af\" data-element_type=\"column\" data-e-type=\"column\">\n\t\t\t<div class=\"elementor-widget-wrap elementor-element-populated\">\n\t\t\t\t\t\t<div class=\"elementor-element elementor-element-72970b6 elementor-widget elementor-widget-image\" data-id=\"72970b6\" data-element_type=\"widget\" data-e-type=\"widget\" data-widget_type=\"image.default\">\n\t\t\t\t\t\t\t\t\t\t\t\t\t\t\t<img decoding=\"async\" width=\"1\" height=\"1\" src=\"https:\/\/www.rofa-group.com\/rofa-polska\/wp-content\/uploads\/sites\/10\/Icon_Nachhaltigkeit.svg\" class=\"attachment-large size-large wp-image-181\" alt=\"Icon Nachhaltigkeit\" \/>\t\t\t\t\t\t\t\t\t\t\t\t\t\t\t<\/div>\n\t\t\t\t<div class=\"elementor-element elementor-element-fc5c224 elementor-widget elementor-widget-heading\" data-id=\"fc5c224\" data-element_type=\"widget\" data-e-type=\"widget\" data-widget_type=\"heading.default\">\n\t\t\t\t\t<h3 class=\"elementor-heading-title elementor-size-default\">Nachhaltigkeit<\/h3>\t\t\t\t<\/div>\n\t\t\t\t\t<\/div>\n\t\t<\/div>\n\t\t\t\t<div class=\"elementor-column elementor-col-25 elementor-top-column elementor-element elementor-element-18d59d9\" data-id=\"18d59d9\" data-element_type=\"column\" data-e-type=\"column\">\n\t\t\t<div class=\"elementor-widget-wrap\">\n\t\t\t\t\t\t\t<\/div>\n\t\t<\/div>\n\t\t\t\t\t<\/div>\n\t\t<\/section>\n\t\t\t\t<section class=\"elementor-section elementor-top-section elementor-element elementor-element-c5fc72b elementor-section-boxed elementor-section-height-default elementor-section-height-default\" data-id=\"c5fc72b\" data-element_type=\"section\" data-e-type=\"section\">\n\t\t\t\t\t\t<div class=\"elementor-container elementor-column-gap-default\">\n\t\t\t\t\t<div class=\"elementor-column elementor-col-50 elementor-top-column elementor-element elementor-element-9233d42\" data-id=\"9233d42\" data-element_type=\"column\" data-e-type=\"column\" data-settings=\"{&quot;background_background&quot;:&quot;classic&quot;}\">\n\t\t\t<div class=\"elementor-widget-wrap elementor-element-populated\">\n\t\t\t\t\t\t<div class=\"elementor-element elementor-element-24b6a7e elementor-widget elementor-widget-heading\" data-id=\"24b6a7e\" data-element_type=\"widget\" data-e-type=\"widget\" data-widget_type=\"heading.default\">\n\t\t\t\t\t<h2 class=\"elementor-heading-title elementor-size-default\">R\u00fccksicht auf Mensch &amp; Umwelt<\/h2>\t\t\t\t<\/div>\n\t\t\t\t<div class=\"elementor-element elementor-element-a5d0d8e elementor-widget elementor-widget-text-editor\" data-id=\"a5d0d8e\" data-element_type=\"widget\" data-e-type=\"widget\" data-widget_type=\"text-editor.default\">\n\t\t\t\t\t\t\t\t\tIn jedem Projekt ber\u00fccksichtigen wir die Ausgewogenheit von wirtschaftlichen, sozialen und \u00f6kologischen Faktoren. Wir setzen in unserem Gesch\u00e4ft fortschrittliche Technologien ein, aber wir ber\u00fccksichtigen auch ihre Auswirkungen auf die Umwelt und die Menschen. Immer mehr Unternehmen konzentrieren sich auf die Einsparung von Ressourcen, Energie und die Minimierung der Umweltverschmutzung &#8211; wir erf\u00fcllen diese Anforderungen in der t\u00e4glichen Praxis. Unsere Aktivit\u00e4ten konzentrieren sich auf:\t\t\t\t\t\t\t\t<\/div>\n\t\t\t\t\t<\/div>\n\t\t<\/div>\n\t\t\t\t<div class=\"elementor-column elementor-col-50 elementor-top-column elementor-element elementor-element-767d275\" data-id=\"767d275\" data-element_type=\"column\" data-e-type=\"column\" data-settings=\"{&quot;background_background&quot;:&quot;classic&quot;}\">\n\t\t\t<div class=\"elementor-widget-wrap elementor-element-populated\">\n\t\t\t\t\t\t<div class=\"elementor-element elementor-element-6281273 elementor-widget elementor-widget-text-editor\" data-id=\"6281273\" data-element_type=\"widget\" data-e-type=\"widget\" data-widget_type=\"text-editor.default\">\n\t\t\t\t\t\t\t\t\t<ul>\n<li>die Herstellung von Produkten und die Bereitstellung von Dienstleistungen, die den Erwartungen unserer Kunden langfristig entsprechen.<\/li>\n<li>die Minimierung des \u201eenvironmental impact\u201c bei der Projektdurchf\u00fchrung und beim langfristigen Anlagenbetrieb.<\/li>\n<li>die st\u00e4ndige Verbesserung der Prozesse im Hinblick auf Produktqualit\u00e4t und Umweltschutz.<\/li>\n<li>die Wahrung der Arbeitnehmer- und Menschenrechte.<\/li>\n<li>die F\u00f6rderung angemessener Arbeitsbedingungen bei unseren Subunternehmern.<\/li>\n<\/ul>\t\t\t\t\t\t\t\t<\/div>\n\t\t\t\t\t<\/div>\n\t\t<\/div>\n\t\t\t\t\t<\/div>\n\t\t<\/section>\n\t\t\t\t<\/div>\n\t\t","protected":false},"excerpt":{"rendered":"<p>Qualit\u00e4t und Nachhaltigkeit L\u00f6sungen mit Zukunft Qualit\u00e4t Nachhaltigkeit R\u00fccksicht auf Mensch &amp; Umwelt In jedem Projekt ber\u00fccksichtigen wir die Ausgewogenheit von wirtschaftlichen, sozialen und \u00f6kologischen Faktoren. Wir setzen in unserem Gesch\u00e4ft fortschrittliche Technologien ein, aber wir ber\u00fccksichtigen auch ihre Auswirkungen auf die Umwelt und die Menschen. Immer mehr Unternehmen konzentrieren sich auf die Einsparung von [&hellip;]<\/p>\n","protected":false},"author":1,"featured_media":0,"parent":171,"menu_order":0,"comment_status":"closed","ping_status":"closed","template":"","meta":{"_acf_changed":false,"footnotes":""},"class_list":["post-179","page","type-page","status-publish","hentry"],"acf":[],"_links":{"self":[{"href":"https:\/\/www.rofa-group.com\/rofa-polska\/wp-json\/wp\/v2\/pages\/179","targetHints":{"allow":["GET"]}}],"collection":[{"href":"https:\/\/www.rofa-group.com\/rofa-polska\/wp-json\/wp\/v2\/pages"}],"about":[{"href":"https:\/\/www.rofa-group.com\/rofa-polska\/wp-json\/wp\/v2\/types\/page"}],"author":[{"embeddable":true,"href":"https:\/\/www.rofa-group.com\/rofa-polska\/wp-json\/wp\/v2\/users\/1"}],"replies":[{"embeddable":true,"href":"https:\/\/www.rofa-group.com\/rofa-polska\/wp-json\/wp\/v2\/comments?post=179"}],"version-history":[{"count":10,"href":"https:\/\/www.rofa-group.com\/rofa-polska\/wp-json\/wp\/v2\/pages\/179\/revisions"}],"predecessor-version":[{"id":246,"href":"https:\/\/www.rofa-group.com\/rofa-polska\/wp-json\/wp\/v2\/pages\/179\/revisions\/246"}],"up":[{"embeddable":true,"href":"https:\/\/www.rofa-group.com\/rofa-polska\/wp-json\/wp\/v2\/pages\/171"}],"wp:attachment":[{"href":"https:\/\/www.rofa-group.com\/rofa-polska\/wp-json\/wp\/v2\/media?parent=179"}],"curies":[{"name":"wp","href":"https:\/\/api.w.org\/{rel}","templated":true}]}}