{"id":171,"date":"2020-10-14T16:34:24","date_gmt":"2020-10-14T14:34:24","guid":{"rendered":"https:\/\/www.rofa-group.com\/rofa-polska\/?page_id=171"},"modified":"2020-10-15T16:23:31","modified_gmt":"2020-10-15T14:23:31","slug":"qualitaet-nachhaltigkeit","status":"publish","type":"page","link":"https:\/\/www.rofa-group.com\/rofa-polska\/qualitaet-nachhaltigkeit\/","title":{"rendered":"Qualit\u00e4t &amp; Nachhaltigkeit"},"content":{"rendered":"\t\t<div data-elementor-type=\"wp-page\" data-elementor-id=\"171\" class=\"elementor elementor-171\" data-elementor-post-type=\"page\">\n\t\t\t\t\t\t<section class=\"elementor-section elementor-top-section elementor-element elementor-element-71a734d elementor-section-content-top elementor-section-height-min-height elementor-section-items-stretch elementor-section-boxed elementor-section-height-default\" data-id=\"71a734d\" data-element_type=\"section\" data-e-type=\"section\" id=\"mygfx\" data-settings=\"{&quot;background_background&quot;:&quot;classic&quot;}\">\n\t\t\t\t\t\t<div class=\"elementor-container elementor-column-gap-no\">\n\t\t\t\t\t<div class=\"elementor-column elementor-col-100 elementor-top-column elementor-element elementor-element-779981d0\" data-id=\"779981d0\" data-element_type=\"column\" data-e-type=\"column\" data-settings=\"{&quot;background_background&quot;:&quot;classic&quot;}\">\n\t\t\t<div class=\"elementor-widget-wrap\">\n\t\t\t\t\t\t\t<\/div>\n\t\t<\/div>\n\t\t\t\t\t<\/div>\n\t\t<\/section>\n\t\t\t\t<section class=\"elementor-section elementor-top-section elementor-element elementor-element-5cb6aacf elementor-section-boxed elementor-section-height-default elementor-section-height-default\" data-id=\"5cb6aacf\" data-element_type=\"section\" data-e-type=\"section\" data-settings=\"{&quot;background_background&quot;:&quot;classic&quot;}\">\n\t\t\t\t\t\t<div class=\"elementor-container elementor-column-gap-no\">\n\t\t\t\t\t<div class=\"elementor-column elementor-col-50 elementor-top-column elementor-element elementor-element-4abd5f3\" data-id=\"4abd5f3\" data-element_type=\"column\" data-e-type=\"column\" data-settings=\"{&quot;background_background&quot;:&quot;classic&quot;}\">\n\t\t\t<div class=\"elementor-widget-wrap elementor-element-populated\">\n\t\t\t\t\t\t<div class=\"elementor-element elementor-element-297c004b elementor-widget elementor-widget-text-editor\" data-id=\"297c004b\" data-element_type=\"widget\" data-e-type=\"widget\" data-widget_type=\"text-editor.default\">\n\t\t\t\t\t\t\t\t\t<h1 class=\"fett\">Qualit\u00e4t und Nachhaltigkeit<\/h1><h2 class=\"mittel\">L\u00f6sungen mit Zukunft<\/h2>\t\t\t\t\t\t\t\t<\/div>\n\t\t\t\t\t<\/div>\n\t\t<\/div>\n\t\t\t\t<div class=\"elementor-column elementor-col-50 elementor-top-column elementor-element elementor-element-6745993b\" data-id=\"6745993b\" data-element_type=\"column\" data-e-type=\"column\">\n\t\t\t<div class=\"elementor-widget-wrap\">\n\t\t\t\t\t\t\t<\/div>\n\t\t<\/div>\n\t\t\t\t\t<\/div>\n\t\t<\/section>\n\t\t\t\t<section class=\"elementor-section elementor-top-section elementor-element elementor-element-f69f837 elementor-hidden-phone elementor-section-boxed elementor-section-height-default elementor-section-height-default\" data-id=\"f69f837\" data-element_type=\"section\" data-e-type=\"section\">\n\t\t\t\t\t\t<div class=\"elementor-container elementor-column-gap-default\">\n\t\t\t\t\t<div class=\"elementor-column elementor-col-25 elementor-top-column elementor-element elementor-element-13a90a4\" data-id=\"13a90a4\" data-element_type=\"column\" data-e-type=\"column\">\n\t\t\t<div class=\"elementor-widget-wrap\">\n\t\t\t\t\t\t\t<\/div>\n\t\t<\/div>\n\t\t\t\t<div class=\"elementor-column elementor-col-25 elementor-top-column elementor-element elementor-element-e35f8af\" data-id=\"e35f8af\" data-element_type=\"column\" data-e-type=\"column\">\n\t\t\t<div class=\"elementor-widget-wrap elementor-element-populated\">\n\t\t\t\t\t\t<div class=\"elementor-element elementor-element-72970b6 elementor-widget elementor-widget-image\" data-id=\"72970b6\" data-element_type=\"widget\" data-e-type=\"widget\" data-widget_type=\"image.default\">\n\t\t\t\t\t\t\t\t\t\t\t\t\t\t\t<img decoding=\"async\" src=\"https:\/\/www.rofa-group.com\/bss\/wp-content\/uploads\/sites\/3\/Icon_Zertifizierte_Qualitaet.svg\" title=\"\" alt=\"\" loading=\"lazy\" \/>\t\t\t\t\t\t\t\t\t\t\t\t\t\t\t<\/div>\n\t\t\t\t<div class=\"elementor-element elementor-element-fc5c224 elementor-widget elementor-widget-heading\" data-id=\"fc5c224\" data-element_type=\"widget\" data-e-type=\"widget\" data-widget_type=\"heading.default\">\n\t\t\t\t\t<h3 class=\"elementor-heading-title elementor-size-default\">Zertifizierte Qualit\u00e4t<\/h3>\t\t\t\t<\/div>\n\t\t\t\t\t<\/div>\n\t\t<\/div>\n\t\t\t\t<div class=\"elementor-column elementor-col-25 elementor-top-column elementor-element elementor-element-df36e89\" data-id=\"df36e89\" data-element_type=\"column\" data-e-type=\"column\" data-settings=\"{&quot;background_background&quot;:&quot;classic&quot;}\">\n\t\t\t<div class=\"elementor-widget-wrap elementor-element-populated\">\n\t\t\t\t\t\t<div class=\"elementor-element elementor-element-0324b39 elementor-widget elementor-widget-image\" data-id=\"0324b39\" data-element_type=\"widget\" data-e-type=\"widget\" data-widget_type=\"image.default\">\n\t\t\t\t\t\t\t\t\t\t\t\t\t\t\t\t<a href=\"https:\/\/www.rofa-group.com\/rofa-polska\/qualitaet-nachhaltigkeit\/nachhaltigkeit\/\">\n\t\t\t\t\t\t\t<img decoding=\"async\" src=\"https:\/\/www.rofa-group.com\/bss\/wp-content\/uploads\/sites\/3\/Icon_Nachhaltigkeit.svg\" title=\"\" alt=\"\" loading=\"lazy\" \/>\t\t\t\t\t\t\t\t<\/a>\n\t\t\t\t\t\t\t\t\t\t\t\t\t\t\t<\/div>\n\t\t\t\t<div class=\"elementor-element elementor-element-dc71093 elementor-widget elementor-widget-heading\" data-id=\"dc71093\" data-element_type=\"widget\" data-e-type=\"widget\" data-widget_type=\"heading.default\">\n\t\t\t\t\t<h3 class=\"elementor-heading-title elementor-size-default\"><a href=\"https:\/\/www.rofa-group.com\/rofa-polska\/qualitaet-nachhaltigkeit\/nachhaltigkeit\/\">Nachhaltigkeit<\/a><\/h3>\t\t\t\t<\/div>\n\t\t\t\t\t<\/div>\n\t\t<\/div>\n\t\t\t\t<div class=\"elementor-column elementor-col-25 elementor-top-column elementor-element elementor-element-18d59d9\" data-id=\"18d59d9\" data-element_type=\"column\" data-e-type=\"column\">\n\t\t\t<div class=\"elementor-widget-wrap\">\n\t\t\t\t\t\t\t<\/div>\n\t\t<\/div>\n\t\t\t\t\t<\/div>\n\t\t<\/section>\n\t\t\t\t<section class=\"elementor-section elementor-top-section elementor-element elementor-element-e9fb7da elementor-section-boxed elementor-section-height-default elementor-section-height-default\" data-id=\"e9fb7da\" data-element_type=\"section\" data-e-type=\"section\">\n\t\t\t\t\t\t<div class=\"elementor-container elementor-column-gap-default\">\n\t\t\t\t\t<div class=\"elementor-column elementor-col-50 elementor-top-column elementor-element elementor-element-933c77b\" data-id=\"933c77b\" data-element_type=\"column\" data-e-type=\"column\" data-settings=\"{&quot;background_background&quot;:&quot;classic&quot;}\">\n\t\t\t<div class=\"elementor-widget-wrap elementor-element-populated\">\n\t\t\t\t\t\t<div class=\"elementor-element elementor-element-2c76efb elementor-widget elementor-widget-heading\" data-id=\"2c76efb\" data-element_type=\"widget\" data-e-type=\"widget\" data-widget_type=\"heading.default\">\n\t\t\t\t\t<h2 class=\"elementor-heading-title elementor-size-default\">Qualit\u00e4t &amp; Nachhaltigkeit<\/h2>\t\t\t\t<\/div>\n\t\t\t\t<div class=\"elementor-element elementor-element-d8f1601 elementor-widget elementor-widget-text-editor\" data-id=\"d8f1601\" data-element_type=\"widget\" data-e-type=\"widget\" data-widget_type=\"text-editor.default\">\n\t\t\t\t\t\t\t\t\t<p>Die Erf\u00fcllung Ihrer Anforderungen an Qualit\u00e4t und Nachhaltigkeit steht bei unserer Arbeit im Mittelpunkt. Das stellen wir sicher durch:<\/p>\t\t\t\t\t\t\t\t<\/div>\n\t\t\t\t\t<\/div>\n\t\t<\/div>\n\t\t\t\t<div class=\"elementor-column elementor-col-50 elementor-top-column elementor-element elementor-element-dedfaed\" data-id=\"dedfaed\" data-element_type=\"column\" data-e-type=\"column\" data-settings=\"{&quot;background_background&quot;:&quot;classic&quot;}\">\n\t\t\t<div class=\"elementor-widget-wrap elementor-element-populated\">\n\t\t\t\t\t\t<div class=\"elementor-element elementor-element-d1ef7b3 elementor-widget elementor-widget-text-editor\" data-id=\"d1ef7b3\" data-element_type=\"widget\" data-e-type=\"widget\" data-widget_type=\"text-editor.default\">\n\t\t\t\t\t\t\t\t\t<ul><li>Marktforschung und Kenntnis der spezifischen Kundenanforderungen und -prozesse. Hierzu tauschen wir uns eng mit anderen Mitgliedern der ROFA Group aus.<\/li><li>ein Produktdesign, das die Qualit\u00e4tsanforderungen der Kunden erf\u00fcllt und den geltenden Vorschriften, Normen, einschlie\u00dflich Umweltschutz- und Produktsicherheitsbestimmungen, entspricht.<\/li><\/ul>\t\t\t\t\t\t\t\t<\/div>\n\t\t\t\t\t<\/div>\n\t\t<\/div>\n\t\t\t\t\t<\/div>\n\t\t<\/section>\n\t\t\t\t<section class=\"elementor-section elementor-top-section elementor-element elementor-element-e711233 elementor-section-boxed elementor-section-height-default elementor-section-height-default\" data-id=\"e711233\" data-element_type=\"section\" data-e-type=\"section\">\n\t\t\t\t\t\t<div class=\"elementor-container elementor-column-gap-default\">\n\t\t\t\t\t<div class=\"elementor-column elementor-col-50 elementor-top-column elementor-element elementor-element-e8b6f1a\" data-id=\"e8b6f1a\" data-element_type=\"column\" data-e-type=\"column\" data-settings=\"{&quot;background_background&quot;:&quot;classic&quot;}\">\n\t\t\t<div class=\"elementor-widget-wrap elementor-element-populated\">\n\t\t\t\t\t\t<div class=\"elementor-element elementor-element-1e509d7 elementor-widget elementor-widget-heading\" data-id=\"1e509d7\" data-element_type=\"widget\" data-e-type=\"widget\" data-widget_type=\"heading.default\">\n\t\t\t\t\t<h2 class=\"elementor-heading-title elementor-size-default\">Zertifizierte Prozesse &amp; Dienstleistungen<\/h2>\t\t\t\t<\/div>\n\t\t\t\t<div class=\"elementor-element elementor-element-203532a elementor-widget elementor-widget-text-editor\" data-id=\"203532a\" data-element_type=\"widget\" data-e-type=\"widget\" data-widget_type=\"text-editor.default\">\n\t\t\t\t\t\t\t\t\t<p>Unsere Dom\u00e4ne ist die Null-Fehler-Toleranz, hierzu st\u00fctzen wir uns auf nach ISO-Normen <strong>zertifizierte Prozesse und Dienstleistungen<\/strong>. Im Detail bedeutet das f\u00fcr uns:<\/p>\t\t\t\t\t\t\t\t<\/div>\n\t\t\t\t\t<\/div>\n\t\t<\/div>\n\t\t\t\t<div class=\"elementor-column elementor-col-50 elementor-top-column elementor-element elementor-element-c63affc\" data-id=\"c63affc\" data-element_type=\"column\" data-e-type=\"column\" data-settings=\"{&quot;background_background&quot;:&quot;classic&quot;}\">\n\t\t\t<div class=\"elementor-widget-wrap elementor-element-populated\">\n\t\t\t\t\t\t<div class=\"elementor-element elementor-element-d4150c9 elementor-widget elementor-widget-text-editor\" data-id=\"d4150c9\" data-element_type=\"widget\" data-e-type=\"widget\" data-widget_type=\"text-editor.default\">\n\t\t\t\t\t\t\t\t\t<ul><li>Prozesse so zu steuern, dass Nichtkonformit\u00e4ten verhindert werden. Falls sie auftreten, ergreifen wir wirksame Korrektur- und Vorbeugungsma\u00dfnahmen.<\/li><li>eine detailgetreue Risikoanalyse aller Prozesse und Produkte im Vorfeld und in der Umsetzung.<\/li><li>eine kontinuierliche Verbesserung der Qualifikationen unserer Mitarbeiter durch interne und externe Schulungen.<\/li><li>personelle und materielle Ressourcen zur Verf\u00fcgung zu stellen, die die Erreichung der Ziele in der vorgegebenen Zeit sicherstellen.<\/li><li>eine Zusammenarbeit innerhalb von Projektteams, die L\u00f6sungen schnell und kooperativ entwickeln, umsetzen und optimieren.<\/li><li>ein hohes Ma\u00df an Vertrauen in die Erfahrung unseres technischen Personals auf dem Gebiet der Konstruktion, Produktion und Montage.<\/li><li>eine enge, langj\u00e4hrige Zusammenarbeit mit unseren Subunternehmern.<\/li><\/ul>\t\t\t\t\t\t\t\t<\/div>\n\t\t\t\t\t<\/div>\n\t\t<\/div>\n\t\t\t\t\t<\/div>\n\t\t<\/section>\n\t\t\t\t<section class=\"elementor-section elementor-top-section elementor-element elementor-element-d9f0057 elementor-section-boxed elementor-section-height-default elementor-section-height-default\" data-id=\"d9f0057\" data-element_type=\"section\" data-e-type=\"section\">\n\t\t\t\t\t\t<div class=\"elementor-container elementor-column-gap-default\">\n\t\t\t\t\t<div class=\"elementor-column elementor-col-50 elementor-top-column elementor-element elementor-element-1ac542f\" data-id=\"1ac542f\" data-element_type=\"column\" data-e-type=\"column\" data-settings=\"{&quot;background_background&quot;:&quot;classic&quot;}\">\n\t\t\t<div class=\"elementor-widget-wrap elementor-element-populated\">\n\t\t\t\t\t\t<div class=\"elementor-element elementor-element-fcc5976 elementor-widget elementor-widget-heading\" data-id=\"fcc5976\" data-element_type=\"widget\" data-e-type=\"widget\" data-widget_type=\"heading.default\">\n\t\t\t\t\t<h2 class=\"elementor-heading-title elementor-size-default\">Soziale Verantwortung<\/h2>\t\t\t\t<\/div>\n\t\t\t\t<div class=\"elementor-element elementor-element-606f343 elementor-widget elementor-widget-text-editor\" data-id=\"606f343\" data-element_type=\"widget\" data-e-type=\"widget\" data-widget_type=\"text-editor.default\">\n\t\t\t\t\t\t\t\t\t<p>Im Bereich <strong>soziale Verantwortung<\/strong> leben wir unser Engagement durch:<\/p>\t\t\t\t\t\t\t\t<\/div>\n\t\t\t\t\t<\/div>\n\t\t<\/div>\n\t\t\t\t<div class=\"elementor-column elementor-col-50 elementor-top-column elementor-element elementor-element-eba0068\" data-id=\"eba0068\" data-element_type=\"column\" data-e-type=\"column\" data-settings=\"{&quot;background_background&quot;:&quot;classic&quot;}\">\n\t\t\t<div class=\"elementor-widget-wrap elementor-element-populated\">\n\t\t\t\t\t\t<div class=\"elementor-element elementor-element-9a92f80 elementor-widget elementor-widget-text-editor\" data-id=\"9a92f80\" data-element_type=\"widget\" data-e-type=\"widget\" data-widget_type=\"text-editor.default\">\n\t\t\t\t\t\t\t\t\t<ul><li>fundierte Ausbildungsangebote f\u00fcr zuk\u00fcnftiges Ingenieurpersonal und die Organisation von Studentenpraktika.<\/li><li>Unterst\u00fctzung ausgew\u00e4hlter Hochschulprojekte.<\/li><li>Unterst\u00fctzung weiterer Organisationen, Initiativen, Projekte, die sich auf das Gemeinwohl konzentrieren, z.B. engagieren wir uns f\u00fcr die Stiftung Podkarpackie, ein Hospiz f\u00fcr Kinder.<\/li><\/ul>\t\t\t\t\t\t\t\t<\/div>\n\t\t\t\t\t<\/div>\n\t\t<\/div>\n\t\t\t\t\t<\/div>\n\t\t<\/section>\n\t\t\t\t<section class=\"elementor-section elementor-top-section elementor-element elementor-element-94bcb66 elementor-section-boxed elementor-section-height-default elementor-section-height-default\" data-id=\"94bcb66\" data-element_type=\"section\" data-e-type=\"section\">\n\t\t\t\t\t\t<div class=\"elementor-container elementor-column-gap-default\">\n\t\t\t\t\t<div class=\"elementor-column elementor-col-100 elementor-top-column elementor-element elementor-element-ec4872c\" data-id=\"ec4872c\" data-element_type=\"column\" data-e-type=\"column\">\n\t\t\t<div class=\"elementor-widget-wrap elementor-element-populated\">\n\t\t\t\t\t\t<div class=\"elementor-element elementor-element-0052506 elementor-widget elementor-widget-image\" data-id=\"0052506\" data-element_type=\"widget\" data-e-type=\"widget\" data-widget_type=\"image.default\">\n\t\t\t\t\t\t\t\t\t\t\t\t\t\t\t<img fetchpriority=\"high\" decoding=\"async\" width=\"800\" height=\"229\" src=\"https:\/\/www.rofa-group.com\/rofa-polska\/wp-content\/uploads\/sites\/10\/Rofa-Polska-Siegel-1024x293.jpg\" class=\"attachment-large size-large wp-image-237\" alt=\"Rofa Polska Siegel\" srcset=\"https:\/\/www.rofa-group.com\/rofa-polska\/wp-content\/uploads\/sites\/10\/Rofa-Polska-Siegel-1024x293.jpg 1024w, https:\/\/www.rofa-group.com\/rofa-polska\/wp-content\/uploads\/sites\/10\/Rofa-Polska-Siegel-300x86.jpg 300w, https:\/\/www.rofa-group.com\/rofa-polska\/wp-content\/uploads\/sites\/10\/Rofa-Polska-Siegel-768x220.jpg 768w, https:\/\/www.rofa-group.com\/rofa-polska\/wp-content\/uploads\/sites\/10\/Rofa-Polska-Siegel-1536x439.jpg 1536w, https:\/\/www.rofa-group.com\/rofa-polska\/wp-content\/uploads\/sites\/10\/Rofa-Polska-Siegel.jpg 1920w\" sizes=\"(max-width: 800px) 100vw, 800px\" \/>\t\t\t\t\t\t\t\t\t\t\t\t\t\t\t<\/div>\n\t\t\t\t\t<\/div>\n\t\t<\/div>\n\t\t\t\t\t<\/div>\n\t\t<\/section>\n\t\t\t\t<section class=\"elementor-section elementor-top-section elementor-element elementor-element-f9d0430 elementor-section-boxed elementor-section-height-default elementor-section-height-default\" data-id=\"f9d0430\" data-element_type=\"section\" data-e-type=\"section\">\n\t\t\t\t\t\t<div class=\"elementor-container elementor-column-gap-default\">\n\t\t\t\t\t<div class=\"elementor-column elementor-col-100 elementor-top-column elementor-element elementor-element-37cd474\" data-id=\"37cd474\" data-element_type=\"column\" data-e-type=\"column\">\n\t\t\t<div class=\"elementor-widget-wrap elementor-element-populated\">\n\t\t\t\t\t\t<div class=\"elementor-element elementor-element-c7d55ec elementor-widget elementor-widget-text-editor\" data-id=\"c7d55ec\" data-element_type=\"widget\" data-e-type=\"widget\" data-widget_type=\"text-editor.default\">\n\t\t\t\t\t\t\t\t\t<p>Im Bereich <a title=\"Download-Bereich\" href=\"https:\/\/www.rofa-group.com\/rofa-polska\/downloads\/\">Downloads<\/a> stehen Ihnen die <strong>aktuellen Zertifikate<\/strong> in der Vollversion zur Verf\u00fcgung!<\/p>\t\t\t\t\t\t\t\t<\/div>\n\t\t\t\t\t<\/div>\n\t\t<\/div>\n\t\t\t\t\t<\/div>\n\t\t<\/section>\n\t\t\t\t<\/div>\n\t\t","protected":false},"excerpt":{"rendered":"<p>Qualit\u00e4t und Nachhaltigkeit L\u00f6sungen mit Zukunft Zertifizierte Qualit\u00e4t Nachhaltigkeit Qualit\u00e4t &amp; Nachhaltigkeit Die Erf\u00fcllung Ihrer Anforderungen an Qualit\u00e4t und Nachhaltigkeit steht bei unserer Arbeit im Mittelpunkt. Das stellen wir sicher durch: Marktforschung und Kenntnis der spezifischen Kundenanforderungen und -prozesse. Hierzu tauschen wir uns eng mit anderen Mitgliedern der ROFA Group aus. ein Produktdesign, das die [&hellip;]<\/p>\n","protected":false},"author":1,"featured_media":0,"parent":0,"menu_order":0,"comment_status":"closed","ping_status":"closed","template":"","meta":{"_acf_changed":false,"footnotes":""},"class_list":["post-171","page","type-page","status-publish","hentry"],"acf":[],"_links":{"self":[{"href":"https:\/\/www.rofa-group.com\/rofa-polska\/wp-json\/wp\/v2\/pages\/171","targetHints":{"allow":["GET"]}}],"collection":[{"href":"https:\/\/www.rofa-group.com\/rofa-polska\/wp-json\/wp\/v2\/pages"}],"about":[{"href":"https:\/\/www.rofa-group.com\/rofa-polska\/wp-json\/wp\/v2\/types\/page"}],"author":[{"embeddable":true,"href":"https:\/\/www.rofa-group.com\/rofa-polska\/wp-json\/wp\/v2\/users\/1"}],"replies":[{"embeddable":true,"href":"https:\/\/www.rofa-group.com\/rofa-polska\/wp-json\/wp\/v2\/comments?post=171"}],"version-history":[{"count":13,"href":"https:\/\/www.rofa-group.com\/rofa-polska\/wp-json\/wp\/v2\/pages\/171\/revisions"}],"predecessor-version":[{"id":245,"href":"https:\/\/www.rofa-group.com\/rofa-polska\/wp-json\/wp\/v2\/pages\/171\/revisions\/245"}],"wp:attachment":[{"href":"https:\/\/www.rofa-group.com\/rofa-polska\/wp-json\/wp\/v2\/media?parent=171"}],"curies":[{"name":"wp","href":"https:\/\/api.w.org\/{rel}","templated":true}]}}