{"id":161,"date":"2020-10-14T16:16:45","date_gmt":"2020-10-14T14:16:45","guid":{"rendered":"https:\/\/www.rofa-group.com\/rofa-polska\/?page_id=161"},"modified":"2020-10-15T10:52:45","modified_gmt":"2020-10-15T08:52:45","slug":"leistungen-services","status":"publish","type":"page","link":"https:\/\/www.rofa-group.com\/rofa-polska\/leistungen-services\/","title":{"rendered":"Leistungen &amp; Services"},"content":{"rendered":"\t\t<div data-elementor-type=\"wp-page\" data-elementor-id=\"161\" class=\"elementor elementor-161\" data-elementor-post-type=\"page\">\n\t\t\t\t\t\t<section class=\"elementor-section elementor-top-section elementor-element elementor-element-71a734d elementor-section-content-top elementor-section-height-min-height elementor-section-items-stretch elementor-section-boxed elementor-section-height-default\" data-id=\"71a734d\" data-element_type=\"section\" data-e-type=\"section\" id=\"mygfx\" data-settings=\"{&quot;background_background&quot;:&quot;classic&quot;}\">\n\t\t\t\t\t\t<div class=\"elementor-container elementor-column-gap-no\">\n\t\t\t\t\t<div class=\"elementor-column elementor-col-100 elementor-top-column elementor-element elementor-element-779981d0\" data-id=\"779981d0\" data-element_type=\"column\" data-e-type=\"column\" data-settings=\"{&quot;background_background&quot;:&quot;classic&quot;}\">\n\t\t\t<div class=\"elementor-widget-wrap\">\n\t\t\t\t\t\t\t<\/div>\n\t\t<\/div>\n\t\t\t\t\t<\/div>\n\t\t<\/section>\n\t\t\t\t<section class=\"elementor-section elementor-top-section elementor-element elementor-element-5cb6aacf elementor-section-boxed elementor-section-height-default elementor-section-height-default\" data-id=\"5cb6aacf\" data-element_type=\"section\" data-e-type=\"section\" data-settings=\"{&quot;background_background&quot;:&quot;classic&quot;}\">\n\t\t\t\t\t\t<div class=\"elementor-container elementor-column-gap-no\">\n\t\t\t\t\t<div class=\"elementor-column elementor-col-50 elementor-top-column elementor-element elementor-element-4abd5f3\" data-id=\"4abd5f3\" data-element_type=\"column\" data-e-type=\"column\" data-settings=\"{&quot;background_background&quot;:&quot;classic&quot;}\">\n\t\t\t<div class=\"elementor-widget-wrap elementor-element-populated\">\n\t\t\t\t\t\t<div class=\"elementor-element elementor-element-297c004b elementor-widget elementor-widget-text-editor\" data-id=\"297c004b\" data-element_type=\"widget\" data-e-type=\"widget\" data-widget_type=\"text-editor.default\">\n\t\t\t\t\t\t\t\t\t<h1 class=\"fett\">UNSERE LEISTUNGEN<\/h1><h2 class=\"mittel\">Unser ganzheitlicher Ansatz<\/h2>\t\t\t\t\t\t\t\t<\/div>\n\t\t\t\t\t<\/div>\n\t\t<\/div>\n\t\t\t\t<div class=\"elementor-column elementor-col-50 elementor-top-column elementor-element elementor-element-6745993b\" data-id=\"6745993b\" data-element_type=\"column\" data-e-type=\"column\">\n\t\t\t<div class=\"elementor-widget-wrap\">\n\t\t\t\t\t\t\t<\/div>\n\t\t<\/div>\n\t\t\t\t\t<\/div>\n\t\t<\/section>\n\t\t\t\t<section class=\"elementor-section elementor-top-section elementor-element elementor-element-94bcb66 elementor-section-boxed elementor-section-height-default elementor-section-height-default\" data-id=\"94bcb66\" data-element_type=\"section\" data-e-type=\"section\">\n\t\t\t\t\t\t<div class=\"elementor-container elementor-column-gap-default\">\n\t\t\t\t\t<div class=\"elementor-column elementor-col-100 elementor-top-column elementor-element elementor-element-ec4872c\" data-id=\"ec4872c\" data-element_type=\"column\" data-e-type=\"column\">\n\t\t\t<div class=\"elementor-widget-wrap elementor-element-populated\">\n\t\t\t\t\t\t<div class=\"elementor-element elementor-element-6f8bef2 elementor-widget elementor-widget-text-editor\" data-id=\"6f8bef2\" data-element_type=\"widget\" data-e-type=\"widget\" data-widget_type=\"text-editor.default\">\n\t\t\t\t\t\t\t\t\tUnser Team aus hochqualifizierten und erfahrenen Ingenieuren f\u00fchrt innerhalb der ROFA-Gruppe Ingenieurarbeiten f\u00fcr globale Projekte durch. Besonders im Bereich Stahlkonstruktionen, mechanische Einrichtungen, Steuerungstechnik und Projektmanagement entfalten wir unsere St\u00e4rken. Dabei verwenden wir eine breite Palette von Produkten, die im innerbetrieblichen Transport in vielen Branchen eingesetzt sind. Wir f\u00fchren Projekte umfassend durch, von der Angebotserstellung \u00fcber die Produktion und die mechanische wie elektrische Montage bis hin zur Inbetriebnahme. Unser Fachwissen und unser Innovationsgeist machen hierbei den Unterschied: Wir entwerfen L\u00f6sungen, die den Bed\u00fcrfnissen unserer Kunden entsprechen, und arbeiten st\u00e4ndig an der Optimierung unserer Projekte. Ein wichtiges Werkzeug sind die von uns eingesetzten Simulationen. Mit modernster Software simulieren wir die Arbeit der Anlage mit allen Komponenten, bevor sie tats\u00e4chlich in Betrieb geht. So k\u00f6nnen wir den Optimierungsbedarf fr\u00fchzeitig erkennen und entsprechend reagieren.\t\t\t\t\t\t\t\t<\/div>\n\t\t\t\t\t<\/div>\n\t\t<\/div>\n\t\t\t\t\t<\/div>\n\t\t<\/section>\n\t\t\t\t<section class=\"elementor-section elementor-top-section elementor-element elementor-element-77661f9c elementor-section-boxed elementor-section-height-default elementor-section-height-default\" data-id=\"77661f9c\" data-element_type=\"section\" data-e-type=\"section\">\n\t\t\t\t\t\t<div class=\"elementor-container elementor-column-gap-default\">\n\t\t\t\t\t<div class=\"elementor-column elementor-col-100 elementor-top-column elementor-element elementor-element-7f2663c9\" data-id=\"7f2663c9\" data-element_type=\"column\" data-e-type=\"column\">\n\t\t\t<div class=\"elementor-widget-wrap elementor-element-populated\">\n\t\t\t\t\t\t<div class=\"elementor-element elementor-element-427c91cc elementor-hidden-phone elementor-widget elementor-widget-image\" data-id=\"427c91cc\" data-element_type=\"widget\" data-e-type=\"widget\" data-widget_type=\"image.default\">\n\t\t\t\t\t\t\t\t\t\t\t\t\t\t\t<img fetchpriority=\"high\" decoding=\"async\" width=\"800\" height=\"383\" src=\"https:\/\/www.rofa-group.com\/rofa-polska\/wp-content\/uploads\/sites\/10\/Leistungsbild_Desktop-1024x490.jpg\" class=\"attachment-large size-large wp-image-167\" alt=\"Rofa Leistungsbild\" srcset=\"https:\/\/www.rofa-group.com\/rofa-polska\/wp-content\/uploads\/sites\/10\/Leistungsbild_Desktop-1024x490.jpg 1024w, https:\/\/www.rofa-group.com\/rofa-polska\/wp-content\/uploads\/sites\/10\/Leistungsbild_Desktop-300x144.jpg 300w, https:\/\/www.rofa-group.com\/rofa-polska\/wp-content\/uploads\/sites\/10\/Leistungsbild_Desktop-768x367.jpg 768w, https:\/\/www.rofa-group.com\/rofa-polska\/wp-content\/uploads\/sites\/10\/Leistungsbild_Desktop.jpg 1200w\" sizes=\"(max-width: 800px) 100vw, 800px\" \/>\t\t\t\t\t\t\t\t\t\t\t\t\t\t\t<\/div>\n\t\t\t\t<div class=\"elementor-element elementor-element-689d8bee elementor-hidden-desktop elementor-hidden-tablet elementor-widget elementor-widget-image\" data-id=\"689d8bee\" data-element_type=\"widget\" data-e-type=\"widget\" data-widget_type=\"image.default\">\n\t\t\t\t\t\t\t\t\t\t\t\t\t\t\t<img decoding=\"async\" width=\"800\" height=\"1023\" src=\"https:\/\/www.rofa-group.com\/rofa-polska\/wp-content\/uploads\/sites\/10\/Leistungsbild_mobil-801x1024.jpg\" class=\"attachment-large size-large wp-image-168\" alt=\"\" srcset=\"https:\/\/www.rofa-group.com\/rofa-polska\/wp-content\/uploads\/sites\/10\/Leistungsbild_mobil-801x1024.jpg 801w, https:\/\/www.rofa-group.com\/rofa-polska\/wp-content\/uploads\/sites\/10\/Leistungsbild_mobil-235x300.jpg 235w, https:\/\/www.rofa-group.com\/rofa-polska\/wp-content\/uploads\/sites\/10\/Leistungsbild_mobil-768x982.jpg 768w, https:\/\/www.rofa-group.com\/rofa-polska\/wp-content\/uploads\/sites\/10\/Leistungsbild_mobil.jpg 1200w\" sizes=\"(max-width: 800px) 100vw, 800px\" \/>\t\t\t\t\t\t\t\t\t\t\t\t\t\t\t<\/div>\n\t\t\t\t\t<\/div>\n\t\t<\/div>\n\t\t\t\t\t<\/div>\n\t\t<\/section>\n\t\t\t\t<section class=\"elementor-section elementor-top-section elementor-element elementor-element-6819549c elementor-section-boxed elementor-section-height-default elementor-section-height-default\" data-id=\"6819549c\" data-element_type=\"section\" data-e-type=\"section\" data-settings=\"{&quot;background_background&quot;:&quot;classic&quot;}\">\n\t\t\t\t\t\t<div class=\"elementor-container elementor-column-gap-default\">\n\t\t\t\t\t<div class=\"elementor-column elementor-col-100 elementor-top-column elementor-element elementor-element-e419eba\" data-id=\"e419eba\" data-element_type=\"column\" data-e-type=\"column\">\n\t\t\t<div class=\"elementor-widget-wrap elementor-element-populated\">\n\t\t\t\t\t\t<div class=\"elementor-element elementor-element-424e8aa7 elementor-widget elementor-widget-image\" data-id=\"424e8aa7\" data-element_type=\"widget\" data-e-type=\"widget\" data-widget_type=\"image.default\">\n\t\t\t\t\t\t\t\t\t\t\t\t\t\t\t<img decoding=\"async\" width=\"1\" height=\"1\" src=\"https:\/\/www.rofa-group.com\/rofa-polska\/wp-content\/uploads\/sites\/10\/Icon_Leistungen_Beratung.svg\" class=\"attachment-large size-large wp-image-169\" alt=\"Rofa Leistungen Beratung\" \/>\t\t\t\t\t\t\t\t\t\t\t\t\t\t\t<\/div>\n\t\t\t\t<div class=\"elementor-element elementor-element-2083e557 elementor-widget elementor-widget-heading\" data-id=\"2083e557\" data-element_type=\"widget\" data-e-type=\"widget\" data-widget_type=\"heading.default\">\n\t\t\t\t\t<h2 class=\"elementor-heading-title elementor-size-default\">BERATUNG &amp; PLANUNG<\/h2>\t\t\t\t<\/div>\n\t\t\t\t<div class=\"elementor-element elementor-element-647c98d4 elementor-widget elementor-widget-text-editor\" data-id=\"647c98d4\" data-element_type=\"widget\" data-e-type=\"widget\" data-widget_type=\"text-editor.default\">\n\t\t\t\t\t\t\t\t\tEin hohes Ma\u00df an Vertrauen und eine zuverl\u00e4ssige Planung sind die Grundlage f\u00fcr den Erfolg des gesamten Projekts. Bereits in der Phase der Angebotserstellung werden kundenspezifische Normen und Anforderungen genau betrachtet. Wir h\u00f6ren zu, fragen nach und beraten. Gemeinsam mit Ihnen legen wir die Bedingungen der Projektdurchf\u00fchrung fest. Wir analysieren den Arbeitsablauf in den einzelnen Phasen, um Ihre Ziele optimal zu erreichen. Jedes Projekt wird von einem kompetenten Projektkoordinator betreut. Er ist auch derjenige, der sich bis ins kleinste Detail um die pr\u00e4zise Planung und Ausf\u00fchrung des Projekts k\u00fcmmert. \n\t\t\t\t\t\t\t\t<\/div>\n\t\t\t\t\t<\/div>\n\t\t<\/div>\n\t\t\t\t\t<\/div>\n\t\t<\/section>\n\t\t\t\t<section class=\"elementor-section elementor-top-section elementor-element elementor-element-78ddf102 elementor-section-boxed elementor-section-height-default elementor-section-height-default\" data-id=\"78ddf102\" data-element_type=\"section\" data-e-type=\"section\" data-settings=\"{&quot;background_background&quot;:&quot;classic&quot;}\">\n\t\t\t\t\t\t<div class=\"elementor-container elementor-column-gap-default\">\n\t\t\t\t\t<div class=\"elementor-column elementor-col-100 elementor-top-column elementor-element elementor-element-31dc2d8\" data-id=\"31dc2d8\" data-element_type=\"column\" data-e-type=\"column\">\n\t\t\t<div class=\"elementor-widget-wrap elementor-element-populated\">\n\t\t\t\t\t\t<div class=\"elementor-element elementor-element-1297afa0 elementor-widget elementor-widget-image\" data-id=\"1297afa0\" data-element_type=\"widget\" data-e-type=\"widget\" data-widget_type=\"image.default\">\n\t\t\t\t\t\t\t\t\t\t\t\t\t\t\t<img loading=\"lazy\" decoding=\"async\" width=\"1\" height=\"1\" src=\"https:\/\/www.rofa-group.com\/rofa-polska\/wp-content\/uploads\/sites\/10\/Icon_Leistungen_Umsetzung.svg\" class=\"attachment-large size-large wp-image-124\" alt=\"Rofa Leistungen Umsetzung\" \/>\t\t\t\t\t\t\t\t\t\t\t\t\t\t\t<\/div>\n\t\t\t\t<div class=\"elementor-element elementor-element-283afbf7 elementor-widget elementor-widget-heading\" data-id=\"283afbf7\" data-element_type=\"widget\" data-e-type=\"widget\" data-widget_type=\"heading.default\">\n\t\t\t\t\t<h2 class=\"elementor-heading-title elementor-size-default\">UMSETZUNG &amp; SYSTEM&#173;INTEGRATION<\/h2>\t\t\t\t<\/div>\n\t\t\t\t<div class=\"elementor-element elementor-element-28022a80 elementor-widget elementor-widget-text-editor\" data-id=\"28022a80\" data-element_type=\"widget\" data-e-type=\"widget\" data-widget_type=\"text-editor.default\">\n\t\t\t\t\t\t\t\t\t<p>Bei der Umsetzung konzentrieren wir uns auf das gemeinsame Handeln unserer Teams. Es sind ihre hohe Qualifikation, ihr Engagement und ihre umfangreiche Berufserfahrung, die einen reibungslosen Start des Prozesses erm\u00f6glichen. Hinzu kommen die umfassenden technischen M\u00f6glichkeiten bei uns vor Ort, um die Funktionsf\u00e4higkeit der Anlage noch vor Implementierung ausgiebig zu testen. So k\u00f6nnen wir technische Probleme bereits vor Inbetriebnahme erkennen und eliminieren.<\/p><p>W\u00e4hrend der Inbetriebnahme selbst ist Ihr Projektkoordinator immer vor Ort und im direkten Austausch mit Ihnen, Lieferanten und Monteuren. Als Generalunternehmer \u00fcberwachen wir au\u00dferdem die Integration der Leit- und Sicherheitstechnik in das Gesamtsystem. Wir k\u00fcmmern uns darum, dass diese in \u00dcbereinstimmung mit den geltenden Gesetzen und Richtlinien des Ausf\u00fchrungslandes geschieht. Die Montagearbeiten werden so weit als m\u00f6glich parallel zum laufenden Betrieb durchgef\u00fchrt, auch Betriebsferien und Nachtschichten flie\u00dfen in unsere Zeitpl\u00e4ne ein und werden produktiv genutzt.<\/p><p>Die Qualit\u00e4t unserer Dienstleistungen hat dabei immer h\u00f6chste Priorit\u00e4t. Wir arbeiten mit vertrauensw\u00fcrdigen Lieferanten und Subunternehmern zusammen, die genau wie wir die Zuverl\u00e4ssigkeit der Services und die p\u00fcnktliche Lieferung in den Mittelpunkt stellen. Je nach Bestimmungsort wird das Projekt mit Hilfe unseres eigenen Lieferantennetzwerks oder mit Hilfe von Unternehmen der ROFA-Gruppe durchgef\u00fchrt, pr\u00e4zise Qualit\u00e4tskontrollen runden das Spektrum ab. Die exakten Bedingungen und Abfolgen der Lieferungen werden mit der Einkaufsabteilung abgestimmt, um einen reibungslosen Prozess zu erm\u00f6glichen.<\/p>\t\t\t\t\t\t\t\t<\/div>\n\t\t\t\t\t<\/div>\n\t\t<\/div>\n\t\t\t\t\t<\/div>\n\t\t<\/section>\n\t\t\t\t<section class=\"elementor-section elementor-top-section elementor-element elementor-element-4491ecf1 elementor-section-boxed elementor-section-height-default elementor-section-height-default\" data-id=\"4491ecf1\" data-element_type=\"section\" data-e-type=\"section\" data-settings=\"{&quot;background_background&quot;:&quot;classic&quot;}\">\n\t\t\t\t\t\t<div class=\"elementor-container elementor-column-gap-default\">\n\t\t\t\t\t<div class=\"elementor-column elementor-col-100 elementor-top-column elementor-element elementor-element-76a63f26\" data-id=\"76a63f26\" data-element_type=\"column\" data-e-type=\"column\">\n\t\t\t<div class=\"elementor-widget-wrap elementor-element-populated\">\n\t\t\t\t\t\t<div class=\"elementor-element elementor-element-2b3ab31d elementor-widget elementor-widget-image\" data-id=\"2b3ab31d\" data-element_type=\"widget\" data-e-type=\"widget\" data-widget_type=\"image.default\">\n\t\t\t\t\t\t\t\t\t\t\t\t\t\t\t<img loading=\"lazy\" decoding=\"async\" width=\"1\" height=\"1\" src=\"https:\/\/www.rofa-group.com\/rofa-polska\/wp-content\/uploads\/sites\/10\/Icon_Leistungen_Service.svg\" class=\"attachment-large size-large wp-image-123\" alt=\"Rofa Leistungen Service\" \/>\t\t\t\t\t\t\t\t\t\t\t\t\t\t\t<\/div>\n\t\t\t\t<div class=\"elementor-element elementor-element-14dc86aa elementor-widget elementor-widget-heading\" data-id=\"14dc86aa\" data-element_type=\"widget\" data-e-type=\"widget\" data-widget_type=\"heading.default\">\n\t\t\t\t\t<h2 class=\"elementor-heading-title elementor-size-default\">SERVICE &amp; SUPPORT<\/h2>\t\t\t\t<\/div>\n\t\t\t\t<div class=\"elementor-element elementor-element-70716544 elementor-widget elementor-widget-text-editor\" data-id=\"70716544\" data-element_type=\"widget\" data-e-type=\"widget\" data-widget_type=\"text-editor.default\">\n\t\t\t\t\t\t\t\t\tW\u00e4hrend des gesamten Projekts stehen wir Ihnen mit Rat und Tat zur Seite, um die maximale Effizienz und Funktionalit\u00e4t unserer Anlagen zu gew\u00e4hrleisten. Auch nach der Inbetriebnahme des Systems bieten wir umfassende Dienstleistungen an, einschlie\u00dflich empfohlener Wartung, Inspektionen und Audits, die von geschultem Personal durchgef\u00fchrt werden.\n\t\t\t\t\t\t\t\t<\/div>\n\t\t\t\t\t<\/div>\n\t\t<\/div>\n\t\t\t\t\t<\/div>\n\t\t<\/section>\n\t\t\t\t<\/div>\n\t\t","protected":false},"excerpt":{"rendered":"<p>UNSERE LEISTUNGEN Unser ganzheitlicher Ansatz Unser Team aus hochqualifizierten und erfahrenen Ingenieuren f\u00fchrt innerhalb der ROFA-Gruppe Ingenieurarbeiten f\u00fcr globale Projekte durch. Besonders im Bereich Stahlkonstruktionen, mechanische Einrichtungen, Steuerungstechnik und Projektmanagement entfalten wir unsere St\u00e4rken. Dabei verwenden wir eine breite Palette von Produkten, die im innerbetrieblichen Transport in vielen Branchen eingesetzt sind. Wir f\u00fchren Projekte umfassend [&hellip;]<\/p>\n","protected":false},"author":1,"featured_media":0,"parent":0,"menu_order":0,"comment_status":"closed","ping_status":"closed","template":"","meta":{"_acf_changed":false,"footnotes":""},"class_list":["post-161","page","type-page","status-publish","hentry"],"acf":[],"_links":{"self":[{"href":"https:\/\/www.rofa-group.com\/rofa-polska\/wp-json\/wp\/v2\/pages\/161","targetHints":{"allow":["GET"]}}],"collection":[{"href":"https:\/\/www.rofa-group.com\/rofa-polska\/wp-json\/wp\/v2\/pages"}],"about":[{"href":"https:\/\/www.rofa-group.com\/rofa-polska\/wp-json\/wp\/v2\/types\/page"}],"author":[{"embeddable":true,"href":"https:\/\/www.rofa-group.com\/rofa-polska\/wp-json\/wp\/v2\/users\/1"}],"replies":[{"embeddable":true,"href":"https:\/\/www.rofa-group.com\/rofa-polska\/wp-json\/wp\/v2\/comments?post=161"}],"version-history":[{"count":4,"href":"https:\/\/www.rofa-group.com\/rofa-polska\/wp-json\/wp\/v2\/pages\/161\/revisions"}],"predecessor-version":[{"id":214,"href":"https:\/\/www.rofa-group.com\/rofa-polska\/wp-json\/wp\/v2\/pages\/161\/revisions\/214"}],"wp:attachment":[{"href":"https:\/\/www.rofa-group.com\/rofa-polska\/wp-json\/wp\/v2\/media?parent=161"}],"curies":[{"name":"wp","href":"https:\/\/api.w.org\/{rel}","templated":true}]}}