{"id":326,"date":"2020-07-01T12:56:11","date_gmt":"2020-07-01T10:56:11","guid":{"rendered":"https:\/\/www.rofa-group.com\/rofa-muevek\/?page_id=326"},"modified":"2025-03-20T09:37:51","modified_gmt":"2025-03-20T08:37:51","slug":"impresszum","status":"publish","type":"page","link":"https:\/\/www.rofa-group.com\/rofa-muevek\/hu\/impresszum\/","title":{"rendered":"Impresszum"},"content":{"rendered":"\t\t<div data-elementor-type=\"wp-page\" data-elementor-id=\"326\" class=\"elementor elementor-326\" data-elementor-post-type=\"page\">\n\t\t\t\t\t\t<section class=\"elementor-section elementor-top-section elementor-element elementor-element-42ee5531 elementor-section-content-top elementor-section-height-min-height elementor-section-items-stretch elementor-section-boxed elementor-section-height-default\" data-id=\"42ee5531\" data-element_type=\"section\" data-e-type=\"section\" data-settings=\"{&quot;background_background&quot;:&quot;classic&quot;}\">\n\t\t\t\t\t\t<div class=\"elementor-container elementor-column-gap-no\">\n\t\t\t\t\t<div class=\"elementor-column elementor-col-100 elementor-top-column elementor-element elementor-element-4bb3959a\" data-id=\"4bb3959a\" data-element_type=\"column\" data-e-type=\"column\" data-settings=\"{&quot;background_background&quot;:&quot;classic&quot;}\">\n\t\t\t<div class=\"elementor-widget-wrap\">\n\t\t\t\t\t\t\t<\/div>\n\t\t<\/div>\n\t\t\t\t\t<\/div>\n\t\t<\/section>\n\t\t\t\t<section class=\"elementor-section elementor-top-section elementor-element elementor-element-3b347c41 elementor-section-boxed elementor-section-height-default elementor-section-height-default\" data-id=\"3b347c41\" data-element_type=\"section\" data-e-type=\"section\" data-settings=\"{&quot;background_background&quot;:&quot;classic&quot;}\">\n\t\t\t\t\t\t<div class=\"elementor-container elementor-column-gap-no\">\n\t\t\t\t\t<div class=\"elementor-column elementor-col-50 elementor-top-column elementor-element elementor-element-3f6ac28d\" data-id=\"3f6ac28d\" data-element_type=\"column\" data-e-type=\"column\" data-settings=\"{&quot;background_background&quot;:&quot;classic&quot;}\">\n\t\t\t<div class=\"elementor-widget-wrap elementor-element-populated\">\n\t\t\t\t\t\t<div class=\"elementor-element elementor-element-57784c84 elementor-widget elementor-widget-text-editor\" data-id=\"57784c84\" data-element_type=\"widget\" data-e-type=\"widget\" data-widget_type=\"text-editor.default\">\n\t\t\t\t\t\t\t\t\t<h1 class=\"fett\">IMPRESSZUM<\/h1>\n<h2 class=\"mittel\">\u00c1tl\u00e1tsz\u00f3 adatfeldolgoz\u00e1s<\/h2>\t\t\t\t\t\t\t\t<\/div>\n\t\t\t\t\t<\/div>\n\t\t<\/div>\n\t\t\t\t<div class=\"elementor-column elementor-col-50 elementor-top-column elementor-element elementor-element-716cbc08\" data-id=\"716cbc08\" data-element_type=\"column\" data-e-type=\"column\">\n\t\t\t<div class=\"elementor-widget-wrap\">\n\t\t\t\t\t\t\t<\/div>\n\t\t<\/div>\n\t\t\t\t\t<\/div>\n\t\t<\/section>\n\t\t\t\t<section class=\"elementor-section elementor-top-section elementor-element elementor-element-6b45adce elementor-section-boxed elementor-section-height-default elementor-section-height-default\" data-id=\"6b45adce\" data-element_type=\"section\" data-e-type=\"section\">\n\t\t\t\t\t\t<div class=\"elementor-container elementor-column-gap-default\">\n\t\t\t\t\t<div class=\"elementor-column elementor-col-100 elementor-top-column elementor-element elementor-element-7982944\" data-id=\"7982944\" data-element_type=\"column\" data-e-type=\"column\">\n\t\t\t<div class=\"elementor-widget-wrap elementor-element-populated\">\n\t\t\t\t\t\t<div class=\"elementor-element elementor-element-562a8df8 elementor-widget elementor-widget-text-editor\" data-id=\"562a8df8\" data-element_type=\"widget\" data-e-type=\"widget\" data-widget_type=\"text-editor.default\">\n\t\t\t\t\t\t\t\t\t<p><strong>ROFA M\u00dcVEK Kft.<\/strong><br \/>4466 Tim\u00e1r, Magyarorsz\u00e1g<br \/>Szabadsag utca 2\/a<\/p><p><strong>C\u00e9gjegyz\u00e9ksz\u00e1m:<\/strong> 15-09-063975<br \/><strong>C\u00e9gb\u00edr\u00f3s\u00e1g:<\/strong> Ny\u00edregyh\u00e1zi T\u00f6rv\u00e9nysz\u00e9k C\u00e9gb\u00edr\u00f3s\u00e1ga<br \/><strong><br \/>Vezet\u0151s\u00e9g:<\/strong><br \/>Roland Lakatos<\/p><h3>Kapcsolat<\/h3><p><strong>Telefon:<\/strong> +36 42 576 010 <br \/><br \/><\/p><h3>H\u00c9A-azonos\u00edt\u00f3:<\/h3><p><strong>Ad\u00f3azonos\u00edt\u00f3:<\/strong><br \/>11492940-2-15<br \/>HU11492940<\/p><h3>Az RStV 55. \u00a7 2. bek. szerinti tartalom felel\u0151se<\/h3><p>Roland Laktos<br \/>4466 Tim\u00e1r, Magyarorsz\u00e1g<br \/>Szabadsag utca 2\/a<br \/>N\u00e9metorsz\u00e1g<\/p><h3>A felel\u0151s szervekkel kapcsolatos t\u00e1j\u00e9koztat\u00e1s<\/h3><p>A weboldalon t\u00f6rt\u00e9n\u0151 adatfeldolgoz\u00e1s felel\u0151s szerve:<\/p><p><strong>ROFA M\u00dcVEK Kft.<\/strong><br \/>4466 Tim\u00e1r, Magyarorsz\u00e1g<br \/>Szabadsag utca 2\/a<br \/><strong>Telefon:<\/strong> +36 42 576 010\u00a0<\/p><p>A weboldalon a jogilag megk\u00f6vetelt adatv\u00e9delmi tisztvisel\u0151 felel\u0151s szerve:<\/p><p><strong>ROFA M\u00dcVEK Kft.<\/strong><br \/>Adatv\u00e9delmi tisztvisel\u0151<br \/>4466 Tim\u00e1r, Magyarorsz\u00e1g<br \/>Szabadsag utca 2\/a<br \/>N\u00e9metorsz\u00e1g<\/p><p><strong>E-mail:<\/strong> datenschutz.rofa(at)rofa-group.com<\/p><h3>Programoz\u00e1s \u00e9s CMS integr\u00e1ci\u00f3<\/h3><p>instant media \u2013 rekl\u00e1m\u00fcgyn\u00f6ks\u00e9g, M\u00fcnchen \/ N\u00e9metorsz\u00e1g<\/p><h3>Vitarendez\u00e9s<\/h3><p>Az Eur\u00f3pai Bizotts\u00e1g egy platformot biztos\u00edt a vit\u00e1k online rendez\u00e9se (OS) c\u00e9lj\u00e1b\u00f3l:<br \/>https:\/\/ec.europa.eu\/consumers\/odr.<br \/>E-mail c\u00edm\u00fcnk a fenti impresszumban tal\u00e1lhat\u00f3.<br \/>Nem vagyunk hajland\u00f3ak vagy k\u00f6telesek fogyaszt\u00f3i v\u00e1lasztottb\u00edr\u00f3s\u00e1g el\u0151tti vitarendez\u00e9si elj\u00e1r\u00e1sokban.<\/p><h3>A tartalommal kapcsolatos felel\u0151ss\u00e9g<\/h3><p>Szolg\u00e1ltat\u00f3k\u00e9nt a TMG 7. \u00a7 1. bekezd\u00e9s\u00e9vel \u00f6sszhangban felel\u00f5sek vagyunk az ezeken az oldalakon l\u00e9v\u0151 saj\u00e1t tartalmak\u00e9rt, az \u00e1ltal\u00e1nos t\u00f6rv\u00e9nyeknek megfelel\u00f5en. A TMG 8\u201310. \u00a7 \u00e9rtelm\u00e9ben ugyanakkor szolg\u00e1ltat\u00f3k\u00e9nt nem vagyunk k\u00f6telesek ellen\u0151rizni a harmadik f\u00e9l \u00e1ltal \u00e1tadott vagy t\u00e1rolt inform\u00e1ci\u00f3kat, vagy kivizsg\u00e1lni az illeg\u00e1lis tev\u00e9kenys\u00e9get jelz\u0151 k\u00f6r\u00fclm\u00e9nyeket.<br \/>Ez az \u00e1ltal\u00e1nos jogszab\u00e1lyok szerinti, az inform\u00e1ci\u00f3k elt\u00e1vol\u00edt\u00e1s\u00e1ra vagy haszn\u00e1latuk megakad\u00e1lyoz\u00e1s\u00e1ra vonatkoz\u00f3 k\u00f6telezetts\u00e9g\u00fcnket nem \u00e9rinti. Felel\u0151ss\u00e9g\u00fcnk e tekintetben azonban csak akkor \u00e1ll fent, amikor az adott jogs\u00e9rt\u00e9s a tudom\u00e1sunkra jut. Amint a jogs\u00e9rt\u00e9s tudom\u00e1sunkra jut, azonnal elt\u00e1vol\u00edtjuk az ilyen tartalmat.<\/p><h3>A hivatkoz\u00e1sokkal kapcsolatos felel\u0151ss\u00e9g<\/h3><p>Aj\u00e1nlatunk harmadik felek k\u00fcls\u0151 honlapjaira mutat\u00f3 hivatkoz\u00e1sokat tartalmaz, melyekre nincs r\u00e1hat\u00e1sunk. Ez\u00e9rt az ilyen k\u00fcls\u0151 tartalmak\u00e9rt nem v\u00e1llalunk felel\u0151ss\u00e9get. A hivatkozott oldalak tartalm\u00e1\u00e9rt mindig az oldal szolg\u00e1ltat\u00f3ja vagy \u00fczemeltet\u0151je felel\u0151s. A hivatkoz\u00e1s l\u00e9trehoz\u00e1sakor ellen\u0151rizz\u00fck a hivatkozott oldalon tal\u00e1lhat\u00f3 esetleges jogs\u00e9rt\u00e9seket. A hivatkoz\u00e1s l\u00e9trehoz\u00e1sakor nem volt \u00e9szlelhet\u0151 illeg\u00e1lis tartalom.<br \/>A hivatkozott oldalak tartalm\u00e1nak \u00e1lland\u00f3 ellen\u0151rz\u00e9se a jogs\u00e9rt\u00e9s konkr\u00e9t bizony\u00edt\u00e9k\u00e1nak hi\u00e1ny\u00e1ban nem indokolt. Amint a jogs\u00e9rt\u00e9s tudom\u00e1sunkra jut, azonnal elt\u00e1vol\u00edtjuk az ilyen hivatkoz\u00e1sokat.<\/p><h3>Szerz\u0151i jog<\/h3><p>Az oldalak tartalma \u00e9s a weboldal \u00fczemeltet\u0151je \u00e1ltal k\u00e9sz\u00edtett m\u0171vek a n\u00e9met szerz\u0151i jogi t\u00f6rv\u00e9ny hat\u00e1lya alatt \u00e1llnak. A m\u00e1sol\u00e1shoz, szerkeszt\u00e9shez, terjeszt\u00e9shez \u00e9s a szerz\u0151i jogi t\u00f6rv\u00e9ny keretein k\u00edv\u00fcli b\u00e1rmilyen felhaszn\u00e1l\u00e1shoz az adott szerz\u0151 vagy alkot\u00f3 \u00edr\u00e1sbeli hozz\u00e1j\u00e1rul\u00e1sa sz\u00fcks\u00e9ges. Az oldalak let\u00f6lt\u00e9se \u00e9s m\u00e1solata csak mag\u00e1nc\u00e9lra, nem kereskedelmi c\u00e9l\u00fa haszn\u00e1latra enged\u00e9lyezett.<br \/>Amennyiben az oldal tartalm\u00e1t nem az \u00fczemeltet\u0151 k\u00e9sz\u00edtette, a harmadik felek szerz\u0151i jogait tiszteletben tartj\u00e1k. K\u00fcl\u00f6n\u00f6sen a harmadik felek tartalm\u00e1t jel\u00f6lik meg ilyenk\u00e9nt. Ha ennek ellen\u00e9re tudom\u00e1st szerez a szerz\u0151i jogok megs\u00e9rt\u00e9s\u00e9r\u0151l, k\u00e9rj\u00fck, ossza meg azt vel\u00fcnk. Amint a jogs\u00e9rt\u00e9s tudom\u00e1sunkra jut, azonnal elt\u00e1vol\u00edtjuk az ilyen tartalmakat.<\/p><p>Az adatv\u00e9delemmel kapcsolatos tov\u00e1bbi\u00a0inform\u00e1ci\u00f3k <a title=\"Adatv\u00e9delem\" href=\"https:\/\/www.rofa-group.com\/rofa-muevek\/hu\/adatvedelem\/\" rel=\"noopener\">itt<\/a> tal\u00e1lhat\u00f3k.<\/p>\t\t\t\t\t\t\t\t<\/div>\n\t\t\t\t\t<\/div>\n\t\t<\/div>\n\t\t\t\t\t<\/div>\n\t\t<\/section>\n\t\t\t\t<\/div>\n\t\t","protected":false},"excerpt":{"rendered":"<p>IMPRESSZUM \u00c1tl\u00e1tsz\u00f3 adatfeldolgoz\u00e1s ROFA M\u00dcVEK Kft.4466 Tim\u00e1r, Magyarorsz\u00e1gSzabadsag utca 2\/a C\u00e9gjegyz\u00e9ksz\u00e1m: 15-09-063975C\u00e9gb\u00edr\u00f3s\u00e1g: Ny\u00edregyh\u00e1zi T\u00f6rv\u00e9nysz\u00e9k C\u00e9gb\u00edr\u00f3s\u00e1gaVezet\u0151s\u00e9g:Roland Lakatos Kapcsolat Telefon: +36 42 576 010 H\u00c9A-azonos\u00edt\u00f3: Ad\u00f3azonos\u00edt\u00f3:11492940-2-15HU11492940 Az RStV 55. \u00a7 2. bek. szerinti tartalom felel\u0151se Roland Laktos4466 Tim\u00e1r, Magyarorsz\u00e1gSzabadsag utca 2\/aN\u00e9metorsz\u00e1g A felel\u0151s szervekkel kapcsolatos t\u00e1j\u00e9koztat\u00e1s A weboldalon t\u00f6rt\u00e9n\u0151 adatfeldolgoz\u00e1s felel\u0151s szerve: ROFA M\u00dcVEK Kft.4466 Tim\u00e1r, Magyarorsz\u00e1gSzabadsag [&hellip;]<\/p>\n","protected":false},"author":1,"featured_media":0,"parent":0,"menu_order":0,"comment_status":"closed","ping_status":"closed","template":"","meta":{"_acf_changed":false,"footnotes":""},"class_list":["post-326","page","type-page","status-publish","hentry"],"acf":[],"_links":{"self":[{"href":"https:\/\/www.rofa-group.com\/rofa-muevek\/wp-json\/wp\/v2\/pages\/326","targetHints":{"allow":["GET"]}}],"collection":[{"href":"https:\/\/www.rofa-group.com\/rofa-muevek\/wp-json\/wp\/v2\/pages"}],"about":[{"href":"https:\/\/www.rofa-group.com\/rofa-muevek\/wp-json\/wp\/v2\/types\/page"}],"author":[{"embeddable":true,"href":"https:\/\/www.rofa-group.com\/rofa-muevek\/wp-json\/wp\/v2\/users\/1"}],"replies":[{"embeddable":true,"href":"https:\/\/www.rofa-group.com\/rofa-muevek\/wp-json\/wp\/v2\/comments?post=326"}],"version-history":[{"count":10,"href":"https:\/\/www.rofa-group.com\/rofa-muevek\/wp-json\/wp\/v2\/pages\/326\/revisions"}],"predecessor-version":[{"id":558,"href":"https:\/\/www.rofa-group.com\/rofa-muevek\/wp-json\/wp\/v2\/pages\/326\/revisions\/558"}],"wp:attachment":[{"href":"https:\/\/www.rofa-group.com\/rofa-muevek\/wp-json\/wp\/v2\/media?parent=326"}],"curies":[{"name":"wp","href":"https:\/\/api.w.org\/{rel}","templated":true}]}}