{"id":24,"date":"2020-05-08T16:04:27","date_gmt":"2020-05-08T14:04:27","guid":{"rendered":"https:\/\/www.rofa-group.com\/rofa-muevek\/?page_id=24"},"modified":"2025-03-20T09:04:32","modified_gmt":"2025-03-20T08:04:32","slug":"impressum","status":"publish","type":"page","link":"https:\/\/www.rofa-group.com\/rofa-muevek\/impressum\/","title":{"rendered":"Impressum"},"content":{"rendered":"\t\t<div data-elementor-type=\"wp-page\" data-elementor-id=\"24\" class=\"elementor elementor-24\" data-elementor-post-type=\"page\">\n\t\t\t\t\t\t<section class=\"elementor-section elementor-top-section elementor-element elementor-element-42ee5531 elementor-section-content-top elementor-section-height-min-height elementor-section-items-stretch elementor-section-boxed elementor-section-height-default\" data-id=\"42ee5531\" data-element_type=\"section\" data-e-type=\"section\" data-settings=\"{&quot;background_background&quot;:&quot;classic&quot;}\">\n\t\t\t\t\t\t<div class=\"elementor-container elementor-column-gap-no\">\n\t\t\t\t\t<div class=\"elementor-column elementor-col-100 elementor-top-column elementor-element elementor-element-4bb3959a\" data-id=\"4bb3959a\" data-element_type=\"column\" data-e-type=\"column\" data-settings=\"{&quot;background_background&quot;:&quot;classic&quot;}\">\n\t\t\t<div class=\"elementor-widget-wrap\">\n\t\t\t\t\t\t\t<\/div>\n\t\t<\/div>\n\t\t\t\t\t<\/div>\n\t\t<\/section>\n\t\t\t\t<section class=\"elementor-section elementor-top-section elementor-element elementor-element-3b347c41 elementor-section-boxed elementor-section-height-default elementor-section-height-default\" data-id=\"3b347c41\" data-element_type=\"section\" data-e-type=\"section\" data-settings=\"{&quot;background_background&quot;:&quot;classic&quot;}\">\n\t\t\t\t\t\t<div class=\"elementor-container elementor-column-gap-no\">\n\t\t\t\t\t<div class=\"elementor-column elementor-col-50 elementor-top-column elementor-element elementor-element-3f6ac28d\" data-id=\"3f6ac28d\" data-element_type=\"column\" data-e-type=\"column\" data-settings=\"{&quot;background_background&quot;:&quot;classic&quot;}\">\n\t\t\t<div class=\"elementor-widget-wrap elementor-element-populated\">\n\t\t\t\t\t\t<div class=\"elementor-element elementor-element-57784c84 elementor-widget elementor-widget-text-editor\" data-id=\"57784c84\" data-element_type=\"widget\" data-e-type=\"widget\" data-widget_type=\"text-editor.default\">\n\t\t\t\t\t\t\t\t\t<h1 class=\"fett\">IMPRESSUM<\/h1>\n<h2 class=\"mittel\">Transparente Datenverarbeitung<\/h2>\t\t\t\t\t\t\t\t<\/div>\n\t\t\t\t\t<\/div>\n\t\t<\/div>\n\t\t\t\t<div class=\"elementor-column elementor-col-50 elementor-top-column elementor-element elementor-element-716cbc08\" data-id=\"716cbc08\" data-element_type=\"column\" data-e-type=\"column\">\n\t\t\t<div class=\"elementor-widget-wrap\">\n\t\t\t\t\t\t\t<\/div>\n\t\t<\/div>\n\t\t\t\t\t<\/div>\n\t\t<\/section>\n\t\t\t\t<section class=\"elementor-section elementor-top-section elementor-element elementor-element-6b45adce elementor-section-boxed elementor-section-height-default elementor-section-height-default\" data-id=\"6b45adce\" data-element_type=\"section\" data-e-type=\"section\">\n\t\t\t\t\t\t<div class=\"elementor-container elementor-column-gap-default\">\n\t\t\t\t\t<div class=\"elementor-column elementor-col-100 elementor-top-column elementor-element elementor-element-7982944\" data-id=\"7982944\" data-element_type=\"column\" data-e-type=\"column\">\n\t\t\t<div class=\"elementor-widget-wrap elementor-element-populated\">\n\t\t\t\t\t\t<div class=\"elementor-element elementor-element-562a8df8 elementor-widget elementor-widget-text-editor\" data-id=\"562a8df8\" data-element_type=\"widget\" data-e-type=\"widget\" data-widget_type=\"text-editor.default\">\n\t\t\t\t\t\t\t\t\t<p><strong>ROFA M\u00dcVEK Kft.<\/strong><br \/>4466 Tim\u00e1r<br \/><span style=\"font-size: 1rem\">Szabadsag utca 2\/a<br \/><\/span><span style=\"font-size: 1rem\">Ungarn<\/span><\/p><p><strong>Management:<\/strong><br \/>Roland Lakatos<\/p><h3>Kontakt<\/h3><p><strong>Telefon:<\/strong> +36 42 576 010<\/p><p><br \/><strong>Umsatzsteuer-Identifikationsnummer:<\/strong><br \/>11492940-2-15<br \/>HU11492940<\/p><p><strong>Registrierungsnummer:<\/strong><br \/>15-09-063975<br \/><strong>Registrierungsgericht:<\/strong> NY\u00cdREGYH\u00c1ZI T\u00d6RV\u00c9NYSZ\u00c9K C\u00c9GB\u00cdR\u00d3S\u00c1GA<\/p><p><strong>V.i.S.d.P. und Verantwortliche\/r:<\/strong><br \/>Roland Lakatos<br \/>4466 Tim\u00e1r<br \/>Szabadsag utca 2\/a<br \/>Ungarn<\/p><h2 style=\"margin-top: 0.5rem;margin-bottom: 1rem;, sans-serif;font-weight: 500;line-height: 1.2;font-size: 2rem;font-style: normal;letter-spacing: normal;text-align: start;text-indent: 0px;text-transform: none\">Hinweis zur den verantwortlichen Stellen<\/h2><p style=\"margin: 0px 0px 0.9rem;, sans-serif;font-size: 16px;font-style: normal;font-weight: 400;letter-spacing: normal;text-align: start;text-indent: 0px;text-transform: none\">Die verantwortliche Stelle f\u00fcr die\u00a0<strong style=\"font-weight: bolder\">Datenverarbeitung<\/strong>\u00a0auf dieser Website ist:<\/p><p><strong>ROFA M\u00dcVEK Kft.<\/strong><br \/>4466 Tim\u00e1r<br \/><span style=\"font-size: 1rem\">Szabadsag utca 2\/a<br \/><\/span><span style=\"font-size: 1rem\">Ungarn<\/span><\/p><p style=\"margin: 0px 0px 0.9rem;, sans-serif;font-size: 16px;font-style: normal;font-weight: 400;letter-spacing: normal;text-align: start;text-indent: 0px;text-transform: none\"><strong>Telefon:<\/strong> +36 42 576 010 <\/p><p style=\"margin: 0px 0px 0.9rem;, sans-serif;font-size: 16px;font-style: normal;font-weight: 400;letter-spacing: normal;text-align: start;text-indent: 0px;text-transform: none\">Die verantwortliche Stelle f\u00fcr den\u00a0<strong style=\"font-weight: bolder\">gesetzlich vorgeschriebenen Datenschutzbeauftragten<\/strong>\u00a0auf dieser Website ist:<\/p><p style=\"margin: 0px 0px 0.9rem;, sans-serif;font-size: 16px;font-style: normal;font-weight: 400;letter-spacing: normal;text-align: start;text-indent: 0px;text-transform: none\"><strong>ROFA M\u00dcVEK Kft.<\/strong><br \/>Datenschutzbeauftragter<br \/>4466 Tim\u00e1r<br \/>Szabadsag utca 2\/a<br \/>Ungarn<\/p><p style=\"margin: 0px 0px 0.9rem;, sans-serif;font-size: 16px;font-style: normal;font-weight: 400;letter-spacing: normal;text-align: start;text-indent: 0px;text-transform: none\"><strong style=\"font-weight: bolder\">E-Mail:<\/strong>\u00a0datenschutz.rofa(at)rofa-group.com<\/p><p><strong>Programmierung &amp; CMS Integration:<\/strong><br \/>instant media &#8211; Werbeagentur M\u00fcnchen \/ Deutschland<\/p><div><strong>Konzept &amp; Kommunikation:<\/strong><\/div><div>FREEMANIZER Brand Communication &amp; Design \/ Die Wortgestalterin<\/div><h3>Streitschlichtung<\/h3><p>Die Europ\u00e4ische Kommission stellt eine Plattform zur Online-Streitbeilegung (OS) bereit: https:\/\/ec.europa.eu\/consumers\/odr.<br \/>Unsere E-Mail-Adresse finden Sie oben im Impressum.<br \/>Wir sind nicht bereit oder verpflichtet, an Streitbeilegungsverfahren vor einer Verbraucherschlichtungsstelle teilzunehmen.<\/p><h3>Haftung f\u00fcr Inhalte<\/h3><p>Als Diensteanbieter sind wir gem\u00e4\u00df \u00a7 7 Abs.1 TMG f\u00fcr eigene Inhalte auf diesen Seiten nach den allgemeinen Gesetzen verantwortlich. Nach \u00a7\u00a7 8 bis 10 TMG sind wir als Diensteanbieter jedoch nicht verpflichtet, \u00fcbermittelte oder gespeicherte fremde Informationen zu \u00fcberwachen oder nach Umst\u00e4nden zu forschen, die auf eine rechtswidrige T\u00e4tigkeit hinweisen.<br \/>Verpflichtungen zur Entfernung oder Sperrung der Nutzung von Informationen nach den allgemeinen Gesetzen bleiben hiervon unber\u00fchrt. Eine diesbez\u00fcgliche Haftung ist jedoch erst ab dem Zeitpunkt der Kenntnis einer konkreten Rechtsverletzung m\u00f6glich. Bei Bekanntwerden von entsprechenden Rechtsverletzungen werden wir diese Inhalte umgehend entfernen.<\/p><h3>Haftung f\u00fcr Links<\/h3><p>Unser Angebot enth\u00e4lt Links zu externen Websites Dritter, auf deren Inhalte wir keinen Einfluss haben. Deshalb k\u00f6nnen wir f\u00fcr diese fremden Inhalte auch keine Gew\u00e4hr \u00fcbernehmen. F\u00fcr die Inhalte der verlinkten Seiten ist stets der jeweilige Anbieter oder Betreiber der Seiten verantwortlich. Die verlinkten Seiten wurden zum Zeitpunkt der Verlinkung auf m\u00f6gliche Rechtsverst\u00f6\u00dfe \u00fcberpr\u00fcft. Rechtswidrige Inhalte waren zum Zeitpunkt der Verlinkung nicht erkennbar.<br \/>Eine permanente inhaltliche Kontrolle der verlinkten Seiten ist jedoch ohne konkrete Anhaltspunkte einer Rechtsverletzung nicht zumutbar. Bei Bekanntwerden von Rechtsverletzungen werden wir derartige Links umgehend entfernen.<\/p><h3>Urheberrecht<\/h3><p>Die durch die Seitenbetreiber erstellten Inhalte und Werke auf diesen Seiten unterliegen dem deutschen Urheberrecht. Die Vervielf\u00e4ltigung, Bearbeitung, Verbreitung und jede Art der Verwertung au\u00dferhalb der Grenzen des Urheberrechtes bed\u00fcrfen der schriftlichen Zustimmung des jeweiligen Autors bzw. Erstellers. Downloads und Kopien dieser Seite sind nur f\u00fcr den privaten, nicht kommerziellen Gebrauch gestattet.<br \/>Soweit die Inhalte auf dieser Seite nicht vom Betreiber erstellt wurden, werden die Urheberrechte Dritter beachtet. Insbesondere werden Inhalte Dritter als solche gekennzeichnet. Sollten Sie trotzdem auf eine Urheberrechtsverletzung aufmerksam werden, bitten wir um einen entsprechenden Hinweis. Bei Bekanntwerden von Rechtsverletzungen werden wir derartige Inhalte umgehend entfernen.<\/p><p>Weitere Informationen zum Datenschutz finden Sie\u00a0<a title=\"Datenschutz\" href=\"https:\/\/www.rofa-group.com\/rofa-muevek\/datenschutz\/\" rel=\"noopener\">hier<\/a>.<\/p>\t\t\t\t\t\t\t\t<\/div>\n\t\t\t\t\t<\/div>\n\t\t<\/div>\n\t\t\t\t\t<\/div>\n\t\t<\/section>\n\t\t\t\t<\/div>\n\t\t","protected":false},"excerpt":{"rendered":"<p>IMPRESSUM Transparente Datenverarbeitung ROFA M\u00dcVEK Kft.4466 Tim\u00e1rSzabadsag utca 2\/aUngarn Management:Roland Lakatos Kontakt Telefon: +36 42 576 010 Umsatzsteuer-Identifikationsnummer:11492940-2-15HU11492940 Registrierungsnummer:15-09-063975Registrierungsgericht: NY\u00cdREGYH\u00c1ZI T\u00d6RV\u00c9NYSZ\u00c9K C\u00c9GB\u00cdR\u00d3S\u00c1GA V.i.S.d.P. und Verantwortliche\/r:Roland Lakatos4466 Tim\u00e1rSzabadsag utca 2\/aUngarn Hinweis zur den verantwortlichen Stellen Die verantwortliche Stelle f\u00fcr die\u00a0Datenverarbeitung\u00a0auf dieser Website ist: ROFA M\u00dcVEK Kft.4466 Tim\u00e1rSzabadsag utca 2\/aUngarn Telefon: +36 42 576 010 Die verantwortliche [&hellip;]<\/p>\n","protected":false},"author":1,"featured_media":0,"parent":0,"menu_order":0,"comment_status":"closed","ping_status":"closed","template":"","meta":{"_acf_changed":false,"footnotes":""},"class_list":["post-24","page","type-page","status-publish","hentry"],"acf":[],"_links":{"self":[{"href":"https:\/\/www.rofa-group.com\/rofa-muevek\/wp-json\/wp\/v2\/pages\/24","targetHints":{"allow":["GET"]}}],"collection":[{"href":"https:\/\/www.rofa-group.com\/rofa-muevek\/wp-json\/wp\/v2\/pages"}],"about":[{"href":"https:\/\/www.rofa-group.com\/rofa-muevek\/wp-json\/wp\/v2\/types\/page"}],"author":[{"embeddable":true,"href":"https:\/\/www.rofa-group.com\/rofa-muevek\/wp-json\/wp\/v2\/users\/1"}],"replies":[{"embeddable":true,"href":"https:\/\/www.rofa-group.com\/rofa-muevek\/wp-json\/wp\/v2\/comments?post=24"}],"version-history":[{"count":16,"href":"https:\/\/www.rofa-group.com\/rofa-muevek\/wp-json\/wp\/v2\/pages\/24\/revisions"}],"predecessor-version":[{"id":545,"href":"https:\/\/www.rofa-group.com\/rofa-muevek\/wp-json\/wp\/v2\/pages\/24\/revisions\/545"}],"wp:attachment":[{"href":"https:\/\/www.rofa-group.com\/rofa-muevek\/wp-json\/wp\/v2\/media?parent=24"}],"curies":[{"name":"wp","href":"https:\/\/api.w.org\/{rel}","templated":true}]}}