{"id":86,"date":"2020-01-31T15:08:40","date_gmt":"2020-01-31T14:08:40","guid":{"rendered":"https:\/\/www.rofa-group.com\/rofa-lehmer\/?page_id=86"},"modified":"2020-04-21T17:06:43","modified_gmt":"2020-04-21T15:06:43","slug":"news","status":"publish","type":"page","link":"https:\/\/www.rofa-group.com\/rofa-lehmer\/news\/","title":{"rendered":"News"},"content":{"rendered":"\t\t<div data-elementor-type=\"wp-page\" data-elementor-id=\"86\" class=\"elementor elementor-86\" data-elementor-post-type=\"page\">\n\t\t\t\t\t\t<section class=\"elementor-section elementor-top-section elementor-element elementor-element-337eb2da elementor-section-content-top elementor-section-height-min-height elementor-section-items-stretch elementor-section-boxed elementor-section-height-default\" data-id=\"337eb2da\" data-element_type=\"section\" data-e-type=\"section\" id=\"mygfx\" data-settings=\"{&quot;background_background&quot;:&quot;classic&quot;}\">\n\t\t\t\t\t\t<div class=\"elementor-container elementor-column-gap-no\">\n\t\t\t\t\t<div class=\"elementor-column elementor-col-100 elementor-top-column elementor-element elementor-element-287243c\" data-id=\"287243c\" data-element_type=\"column\" data-e-type=\"column\" data-settings=\"{&quot;background_background&quot;:&quot;classic&quot;}\">\n\t\t\t<div class=\"elementor-widget-wrap\">\n\t\t\t\t\t\t\t<\/div>\n\t\t<\/div>\n\t\t\t\t\t<\/div>\n\t\t<\/section>\n\t\t\t\t<section class=\"elementor-section elementor-top-section elementor-element elementor-element-23999c0 elementor-section-boxed elementor-section-height-default elementor-section-height-default\" data-id=\"23999c0\" data-element_type=\"section\" data-e-type=\"section\" data-settings=\"{&quot;background_background&quot;:&quot;classic&quot;}\">\n\t\t\t\t\t\t<div class=\"elementor-container elementor-column-gap-no\">\n\t\t\t\t\t<div class=\"elementor-column elementor-col-50 elementor-top-column elementor-element elementor-element-7c2a905a\" data-id=\"7c2a905a\" data-element_type=\"column\" data-e-type=\"column\" data-settings=\"{&quot;background_background&quot;:&quot;classic&quot;}\">\n\t\t\t<div class=\"elementor-widget-wrap elementor-element-populated\">\n\t\t\t\t\t\t<div class=\"elementor-element elementor-element-2fc21228 elementor-widget elementor-widget-text-editor\" data-id=\"2fc21228\" data-element_type=\"widget\" data-e-type=\"widget\" data-widget_type=\"text-editor.default\">\n\t\t\t\t\t\t\t\t\t<h1 class=\"fett\">NEWS<\/h1><h2 class=\"mittel2\">Hier steht&#8217;s zuerst<\/h2>\t\t\t\t\t\t\t\t<\/div>\n\t\t\t\t\t<\/div>\n\t\t<\/div>\n\t\t\t\t<div class=\"elementor-column elementor-col-50 elementor-top-column elementor-element elementor-element-2f6b9fd4\" data-id=\"2f6b9fd4\" data-element_type=\"column\" data-e-type=\"column\">\n\t\t\t<div class=\"elementor-widget-wrap\">\n\t\t\t\t\t\t\t<\/div>\n\t\t<\/div>\n\t\t\t\t\t<\/div>\n\t\t<\/section>\n\t\t\t\t<section class=\"elementor-section elementor-top-section elementor-element elementor-element-6b069e5 elementor-section-boxed elementor-section-height-default elementor-section-height-default\" data-id=\"6b069e5\" data-element_type=\"section\" data-e-type=\"section\">\n\t\t\t\t\t\t<div class=\"elementor-container elementor-column-gap-no\">\n\t\t\t\t\t<div class=\"elementor-column elementor-col-100 elementor-top-column elementor-element elementor-element-44568aa9\" data-id=\"44568aa9\" data-element_type=\"column\" data-e-type=\"column\">\n\t\t\t<div class=\"elementor-widget-wrap elementor-element-populated\">\n\t\t\t\t\t\t<div class=\"elementor-element elementor-element-4bbf3a34 mynetworknews2 elementor-widget elementor-widget-shortcode\" data-id=\"4bbf3a34\" data-element_type=\"widget\" data-e-type=\"widget\" data-widget_type=\"shortcode.default\">\n\t\t\t\t\t\t\t<div class=\"elementor-shortcode\"><style>#wplp_widget_619 .wplp_listposts li .img_cropper:before {background: rgba(50,50,60,0.0);}#wplp_widget_619 .wplp_listposts li{\n                width: calc((100% - 20px)\/3);}@media screen and (max-width: 640px) {#wplp_widget_619 .wplp_listposts li {width: calc(100% - 20px) !important;}}<\/style><div class=\"wplp_outside wplp_widget_619\" style=\"max-width:100%;\"><div id=\"wplp_widget_619\" class=\"wplp_widget_masonry wplp_container vertical masonry pro cols3\" data-theme=\"masonry\" data-post=\"619\" style=\"\" data-max-elts=\"3\" data-per-page=\"10\"><ul class=\"wplp_listposts\" id=\"masonrycontainer_619\" style=\"width: 100%;\" ><li id=\"wplp_li_619_1003\" data-post=\"1003\" class=\"postno_1 masonry li-item-id blog_id_6\" style=\"\"><div class=\"insideframe\"><div id=\"wplp_box_top_619_1003\" class=\"wpcu-front-box top equalHeightImg\" ><div class=\"wplp-box-item\"><a href=\"https:\/\/www.rofa-group.com\/rofa-lehmer\/news\/rofa-industrial-automation-ag-stellt-weichen-fuer-die-zukunft\/\"  class=\"thumbnail\"><span class=\"img_cropper\" style=\"max-width:100%;\"><img decoding=\"async\" src=\"https:\/\/www.rofa-group.com\/rofa-lehmer\/wp-content\/uploads\/sites\/6\/rofa-gruppenfoto-26.jpg\" style=\"\" srcset=\"\" alt=\"ROFA INDUSTRIAL AUTOMATION AG stellt Weichen f\u00fcr die Zukunft\" class=\"wplp_thumb\" \/><\/span><\/a><a href=\"https:\/\/www.rofa-group.com\/rofa-lehmer\/news\/rofa-industrial-automation-ag-stellt-weichen-fuer-die-zukunft\/\"  class=\"title\"><span style=\"height:2.7em\" class=\"line_limit\">ROFA INDUSTRIAL AUTOMATION AG stellt Weichen f\u00fcr die Zukunft<\/span><\/a><span class=\"date\">4. M\u00e4rz 2026<\/span><span class=\"text\"><span style=\"max-height:3.63em\" class=\"line_limit\">Wir freuen uns, k\u00fcnftig Teil der SPIE Gruppe zu sein!\n\t\t\t\t\t\t\t\t\t\t\t\t\t\t\t\t\n\t\t\t\t\t\t\t\t\t\t\t\t\t\t\t\nMit der \u00dcbernahme durch die SPIE Germany Switzerland Austria GmbH (SPIE GSA), eine hundertprozentige Tochtergesellschaft der SPIE S.A., schl\u00e4gt die ROFA INDUSTRIAL AUTOMATION AG ein neues Kapitel in ihrer Unternehmensgeschichte auf. SPIE ist der unabh\u00e4ngige europ\u00e4ische Marktf\u00fchrer f\u00fcr multitechnische Dienstleistungen in den Bereichen Energie und Kommunikation mit rund 55.000 Mitarbeitenden in 38 L\u00e4ndern.\nGemeinsam mit SPIE werden wir unsere Kompetenzen in den Bereichen Industrieautomation, Intralogistik und technische Projektabwicklung gezielt b\u00fcndeln und weiter ausbauen \u2013 Bereiche, in denen ROFA bereits heute \u00fcber herausragende Expertise verf\u00fcgt.\nROFA hat sich in den vergangenen Jahren mit beeindruckendem Wachstum und einer Gesamtleistung von rund 430 Millionen Euro, an 14 nationalen und internationalen Standorten, als f\u00fchrender Anbieter in der Industrieautomatisierung etabliert. Dieser Erfolg ist das Ergebnis unseres gemeinsamen Engagements, unserer Innovationskraft und unseres strategischen Weitblicks. Im Automobilbereich verf\u00fcgen wir \u00fcber eine starke internationale Marktposition, w\u00e4hrend unser Intralogistikgesch\u00e4ft dynamisch w\u00e4chst und sich zunehmend zu einem zentralen Zukunftsfeld unserer Unternehmensgruppe entwickelt. Gerade hier sehen wir enormes Potenzial, das wir mit Know-how, Erfahrung und Pioniergeist konsequent erschlie\u00dfen m\u00f6chten.\nDie Partnerschaft mit SPIE bietet uns die idealen Rahmenbedingungen, unsere strategische Entwicklung auf ein neues Fundament zu stellen. Durch den Zugang zu weiteren Netzwerken, umfangreichen Ressourcen und zus\u00e4tzlicher Investitionskraft kann ROFA ihre Marktposition weiter ausbauen. F\u00fcr unsere Mitarbeitenden bedeutet dieser Schritt vor allem Kontinuit\u00e4t, aber auch spannende Entwicklungsm\u00f6glichkeiten und eine starke Perspektive f\u00fcr die Zukunft.\nWir freuen uns sehr, k\u00fcnftig Teil der SPIE Gruppe zu sein \u2013 und gemeinsam mit einem starken Partner die Zukunft aktiv zu gestalten.<\/span><span style=\"margin-left:3px; max-height:3.63em\" class=\"line_limit\"> [...]<\/span><\/span><\/div><\/div><div id=\"wplp_box_left_619_1003\" class=\"wpcu-front-box left wpcu-custom-position\" ><div class=\"wplp-box-item\"><\/div><\/div><div id=\"wplp_box_right_619_1003\" class=\"wpcu-front-box right wpcu-custom-position\" ><div class=\"wplp-box-item\"><\/div><\/div><div id=\"wplp_box_bottom_619_1003\" class=\"wpcu-front-box bottom \" ><div class=\"wplp-box-item\"><span class=\"dfreadmore\">\n<!-- WPLP Unknown field: dfReadMore -->\n<\/span><\/div><\/div><\/div><\/li><li id=\"wplp_li_619_939\" data-post=\"939\" class=\"postno_2 masonry li-item-id blog_id_6\" style=\"\"><div class=\"insideframe\"><div id=\"wplp_box_top_619_939\" class=\"wpcu-front-box top equalHeightImg\" ><div class=\"wplp-box-item\"><a href=\"https:\/\/www.rofa-group.com\/rofa-lehmer\/news\/effiziente-palettenfoerdertechnik-made-in-germany\/\"  class=\"thumbnail\"><span class=\"img_cropper\" style=\"max-width:100%;\"><img decoding=\"async\" src=\"https:\/\/www.rofa-group.com\/rofa-lehmer\/wp-content\/uploads\/sites\/6\/Lehmer-Palettenfoerdertechnik.jpg\" style=\"\" srcset=\"\" alt=\"Effiziente Palettenf\u00f6rdertechnik \u2013 Made in Germany\" class=\"wplp_thumb\" \/><\/span><\/a><a href=\"https:\/\/www.rofa-group.com\/rofa-lehmer\/news\/effiziente-palettenfoerdertechnik-made-in-germany\/\"  class=\"title\"><span style=\"height:2.7em\" class=\"line_limit\">Effiziente Palettenf\u00f6rdertechnik \u2013 Made in Germany<\/span><\/a><span class=\"date\">12. M\u00e4rz 2025<\/span><span class=\"text\"><span style=\"max-height:3.63em\" class=\"line_limit\">Entdecken Sie unsere hochmoderne Palettenf\u00f6rdertechnik in Aktion! \n\t\tIn Zusammenarbeit mit unserer Schwestergesellschaft BSS Bohnenberg pr\u00e4sentieren wir Ihnen ein Referenzvideo, das unsere zuverl\u00e4ssige L\u00f6sung f\u00fcr die Intralogistik bei K\u00fcchenprofi in Solingen zeigt. Unsere F\u00f6rdertechnik \u201eMade in Germany\u201c steht f\u00fcr Qualit\u00e4t, Pr\u00e4zision und Effizienz \u2013 speziell entwickelt, um Ihre Logistikprozesse zu optimieren. \nVertrauen Sie auf innovative Technik, die Ihre Produktions- und Lagerprozesse erheblich vereinfacht.\nUnsere hochmoderne Palettenf\u00f6rdertechnik im Video\n\t\thttps:\/\/vimeo.com\/1065068683<\/span><span style=\"margin-left:3px; max-height:3.63em\" class=\"line_limit\"> [...]<\/span><\/span><\/div><\/div><div id=\"wplp_box_left_619_939\" class=\"wpcu-front-box left wpcu-custom-position\" ><div class=\"wplp-box-item\"><\/div><\/div><div id=\"wplp_box_right_619_939\" class=\"wpcu-front-box right wpcu-custom-position\" ><div class=\"wplp-box-item\"><\/div><\/div><div id=\"wplp_box_bottom_619_939\" class=\"wpcu-front-box bottom \" ><div class=\"wplp-box-item\"><span class=\"dfreadmore\">\n<!-- WPLP Unknown field: dfReadMore -->\n<\/span><\/div><\/div><\/div><\/li><li id=\"wplp_li_619_809\" data-post=\"809\" class=\"postno_3 masonry li-item-id blog_id_6\" style=\"\"><div class=\"insideframe\"><div id=\"wplp_box_top_619_809\" class=\"wpcu-front-box top equalHeightImg\" ><div class=\"wplp-box-item\"><a href=\"https:\/\/www.rofa-group.com\/rofa-lehmer\/news\/rofa-lehmer-ist-partner-und-sponsor-der-eisbaeren-regensburg\/\"  class=\"thumbnail\"><span class=\"img_cropper\" style=\"max-width:100%;\"><img decoding=\"async\" src=\"https:\/\/www.rofa-group.com\/rofa-lehmer\/wp-content\/uploads\/sites\/6\/Eisbaeren-Regensburg-Logo.jpg\" style=\"\" srcset=\"\" alt=\"ROFA-LEHMER ist Partner und Sponsor der Eisb\u00e4ren Regensburg\" class=\"wplp_thumb\" \/><\/span><\/a><a href=\"https:\/\/www.rofa-group.com\/rofa-lehmer\/news\/rofa-lehmer-ist-partner-und-sponsor-der-eisbaeren-regensburg\/\"  class=\"title\"><span style=\"height:2.7em\" class=\"line_limit\">ROFA-LEHMER ist Partner und Sponsor der Eisb\u00e4ren Regensburg<\/span><\/a><span class=\"date\">27. Januar 2025<\/span><span class=\"text\"><span style=\"max-height:3.63em\" class=\"line_limit\">Die ROFA-LEHMER F\u00f6rderanlagen GmbH ist seit der Saison 2024\/25 stolzer Partner und Sponsor der Eisb\u00e4ren Regensburg. \nDer Erfolg des Teams zeigt eindrucksvoll, wie aus Leidenschaft und Teamarbeit au\u00dfergew\u00f6hnliche Ergebnisse entstehen k\u00f6nnen. Nach dem Aufstieg 2021 als Oberliga-Meister in die DEL2 haben die Eisb\u00e4ren in ihrer zweiten Saison bereits den Meistertitel errungen. Dieser Erfolg ist das Ergebnis einer starken kollektiven Leistung und spiegelt genau das wider, was auch uns bei ROFA-LEHMER antreibt: Kollektive Anstrengungen f\u00fchren zu au\u00dfergew\u00f6hnlichen Ergebnissen \u2013 sowohl im Sport als auch in der Gesch\u00e4ftswelt.\nDie Eisb\u00e4ren Regensburg setzen jedoch nicht nur auf sportliche H\u00f6chstleistungen, sondern engagieren sich auch aktiv f\u00fcr ihre Region. Es ist ihnen gelungen, ihren Erfolg mit einer tiefen Verbundenheit zur Gemeinschaft zu verbinden. Ganz \u00e4hnlich wie wir als Unternehmen legen auch die Eisb\u00e4ren gro\u00dfen Wert auf Verantwortung und den Aufbau langfristiger, tragf\u00e4higer Beziehungen \u2013 sowohl im Sport als auch dar\u00fcber hinaus.\nDer Leitspruch von ROFA-LEHMER, \u201eWas es gibt, machen wir besser. Was es noch nicht gibt, erfinden wir\u201c, steht f\u00fcr unsere Innovationskraft, die wir auch in die Partnerschaft mit den Eisb\u00e4ren einbringen. Beide Seiten streben danach, sich kontinuierlich weiterzuentwickeln und neue Wege zu finden, um als Team immer besser zu werden \u2013 sowohl auf dem Eis als auch in unserem Arbeitsumfeld.\nBesonders beeindruckt uns das soziale und gesellschaftliche Engagement der Eisb\u00e4ren. Sie feiern nicht nur sportliche Erfolge, sondern tragen aktiv zur Gemeinschaft bei, teilen Freude und Begeisterung und schaffen gleichzeitig unvergessliche Momente f\u00fcr ihre Fans. Diese Haltung, die den Erfolg auf und neben dem Spielfeld f\u00f6rdert, bildet auch ein starkes Fundament f\u00fcr jede Partnerschaft. Genau wie bei ROFA-LEHMER setzen wir auf eine enge, vertrauensvolle Zusammenarbeit, die sowohl unseren Partnern als auch der Region zugutekommt.\n\t\t\t\t\t\t\t\t\t\t\t\t\t\t\t\n\t\t\t\t\t\t\t\t\t\t\t\t\t\t\t\n\t\t\t\t\t\t\t\t\t\t\t\t\t\t\t\n\t\t\t\t\t\t\t\t\t\t\t\t\t\t\t\t\t\t\t\t\t\t\t\t\t\t\t\t\t\t\t\t\t\t\t\t\t\t\t\t\t\t\t\t\t\t\t\t\t\t\t\t\t\t\t\t\t\t\t\t\t\t\t\t\t\t\t\t\t\t\t\t\t\t\t\t\t\t\t\t\t\t\nMit dem Meistertitel in der letzten Saison haben die Eisb\u00e4ren nicht nur ihre sportliche Klasse unter Beweis gestellt, sondern auch gezeigt, was durch Teamgeist, Zusammenhalt und den Willen zur Weiterentwicklung erreicht werden kann. Diese Prinzipien sind auch bei uns bei ROFA-LEHMER tief verwurzelt. Gemeinsam blicken wir optimistisch in die Zukunft und freuen uns darauf, die Partnerschaft weiter auszubauen \u2013 sowohl auf dem Eis als auch in der Gesch\u00e4ftswelt.\nUnser gemeinsames Motto: Eine Region. Ein Team.\nBilder: arSito | Grafik und Webdesign<\/span><span style=\"margin-left:3px; max-height:3.63em\" class=\"line_limit\"> [...]<\/span><\/span><\/div><\/div><div id=\"wplp_box_left_619_809\" class=\"wpcu-front-box left wpcu-custom-position\" ><div class=\"wplp-box-item\"><\/div><\/div><div id=\"wplp_box_right_619_809\" class=\"wpcu-front-box right wpcu-custom-position\" ><div class=\"wplp-box-item\"><\/div><\/div><div id=\"wplp_box_bottom_619_809\" class=\"wpcu-front-box bottom \" ><div class=\"wplp-box-item\"><span class=\"dfreadmore\">\n<!-- WPLP Unknown field: dfReadMore -->\n<\/span><\/div><\/div><\/div><\/li><\/ul><div id=\"wplp_front_loadmore\" ><input type=\"button\" data-count=\"5\" id=\"wplp_front_load_element\" class=\"wplp_front_load_element\"value=\"Load more\" \/><\/div><\/div><\/div><\/div>\n\t\t\t\t\t\t<\/div>\n\t\t\t\t\t<\/div>\n\t\t<\/div>\n\t\t\t\t\t<\/div>\n\t\t<\/section>\n\t\t\t\t<\/div>\n\t\t","protected":false},"excerpt":{"rendered":"<p>NEWS Hier steht&#8217;s zuerst<\/p>\n","protected":false},"author":1,"featured_media":0,"parent":0,"menu_order":0,"comment_status":"closed","ping_status":"closed","template":"","meta":{"_acf_changed":false,"footnotes":""},"class_list":["post-86","page","type-page","status-publish","hentry","cat-33-id"],"acf":[],"_links":{"self":[{"href":"https:\/\/www.rofa-group.com\/rofa-lehmer\/wp-json\/wp\/v2\/pages\/86","targetHints":{"allow":["GET"]}}],"collection":[{"href":"https:\/\/www.rofa-group.com\/rofa-lehmer\/wp-json\/wp\/v2\/pages"}],"about":[{"href":"https:\/\/www.rofa-group.com\/rofa-lehmer\/wp-json\/wp\/v2\/types\/page"}],"author":[{"embeddable":true,"href":"https:\/\/www.rofa-group.com\/rofa-lehmer\/wp-json\/wp\/v2\/users\/1"}],"replies":[{"embeddable":true,"href":"https:\/\/www.rofa-group.com\/rofa-lehmer\/wp-json\/wp\/v2\/comments?post=86"}],"version-history":[{"count":5,"href":"https:\/\/www.rofa-group.com\/rofa-lehmer\/wp-json\/wp\/v2\/pages\/86\/revisions"}],"predecessor-version":[{"id":620,"href":"https:\/\/www.rofa-group.com\/rofa-lehmer\/wp-json\/wp\/v2\/pages\/86\/revisions\/620"}],"wp:attachment":[{"href":"https:\/\/www.rofa-group.com\/rofa-lehmer\/wp-json\/wp\/v2\/media?parent=86"}],"curies":[{"name":"wp","href":"https:\/\/api.w.org\/{rel}","templated":true}]}}