{"id":410,"date":"2020-03-03T10:23:02","date_gmt":"2020-03-03T09:23:02","guid":{"rendered":"https:\/\/www.rofa-group.com\/rofa-lehmer\/?page_id=410"},"modified":"2023-02-21T16:11:44","modified_gmt":"2023-02-21T15:11:44","slug":"imprint","status":"publish","type":"page","link":"https:\/\/www.rofa-group.com\/rofa-lehmer\/en\/imprint\/","title":{"rendered":"Imprint"},"content":{"rendered":"\t\t<div data-elementor-type=\"wp-page\" data-elementor-id=\"410\" class=\"elementor elementor-410\" data-elementor-post-type=\"page\">\n\t\t\t\t\t\t<section class=\"elementor-section elementor-top-section elementor-element elementor-element-64cd1ef elementor-section-content-top elementor-section-height-min-height elementor-section-items-stretch elementor-section-boxed elementor-section-height-default\" data-id=\"64cd1ef\" data-element_type=\"section\" data-e-type=\"section\" data-settings=\"{&quot;background_background&quot;:&quot;classic&quot;}\">\n\t\t\t\t\t\t<div class=\"elementor-container elementor-column-gap-no\">\n\t\t\t\t\t<div class=\"elementor-column elementor-col-100 elementor-top-column elementor-element elementor-element-72735022\" data-id=\"72735022\" data-element_type=\"column\" data-e-type=\"column\" data-settings=\"{&quot;background_background&quot;:&quot;classic&quot;}\">\n\t\t\t<div class=\"elementor-widget-wrap\">\n\t\t\t\t\t\t\t<\/div>\n\t\t<\/div>\n\t\t\t\t\t<\/div>\n\t\t<\/section>\n\t\t\t\t<section class=\"elementor-section elementor-top-section elementor-element elementor-element-581b075d elementor-section-boxed elementor-section-height-default elementor-section-height-default\" data-id=\"581b075d\" data-element_type=\"section\" data-e-type=\"section\" data-settings=\"{&quot;background_background&quot;:&quot;classic&quot;}\">\n\t\t\t\t\t\t<div class=\"elementor-container elementor-column-gap-no\">\n\t\t\t\t\t<div class=\"elementor-column elementor-col-50 elementor-top-column elementor-element elementor-element-3fad4569\" data-id=\"3fad4569\" data-element_type=\"column\" data-e-type=\"column\" data-settings=\"{&quot;background_background&quot;:&quot;classic&quot;}\">\n\t\t\t<div class=\"elementor-widget-wrap elementor-element-populated\">\n\t\t\t\t\t\t<div class=\"elementor-element elementor-element-3a850243 elementor-widget elementor-widget-text-editor\" data-id=\"3a850243\" data-element_type=\"widget\" data-e-type=\"widget\" data-widget_type=\"text-editor.default\">\n\t\t\t\t\t\t\t\t\t<h1 class=\"fett\">IMPRINT<\/h1>\n<h2 class=\"mittel\">Transparent data processing<\/h2>\t\t\t\t\t\t\t\t<\/div>\n\t\t\t\t\t<\/div>\n\t\t<\/div>\n\t\t\t\t<div class=\"elementor-column elementor-col-50 elementor-top-column elementor-element elementor-element-3fe5f98a\" data-id=\"3fe5f98a\" data-element_type=\"column\" data-e-type=\"column\">\n\t\t\t<div class=\"elementor-widget-wrap\">\n\t\t\t\t\t\t\t<\/div>\n\t\t<\/div>\n\t\t\t\t\t<\/div>\n\t\t<\/section>\n\t\t\t\t<section class=\"elementor-section elementor-top-section elementor-element elementor-element-3516188e elementor-section-boxed elementor-section-height-default elementor-section-height-default\" data-id=\"3516188e\" data-element_type=\"section\" data-e-type=\"section\">\n\t\t\t\t\t\t<div class=\"elementor-container elementor-column-gap-default\">\n\t\t\t\t\t<div class=\"elementor-column elementor-col-100 elementor-top-column elementor-element elementor-element-7942d628\" data-id=\"7942d628\" data-element_type=\"column\" data-e-type=\"column\">\n\t\t\t<div class=\"elementor-widget-wrap elementor-element-populated\">\n\t\t\t\t\t\t<div class=\"elementor-element elementor-element-3ba0876a elementor-widget elementor-widget-text-editor\" data-id=\"3ba0876a\" data-element_type=\"widget\" data-e-type=\"widget\" data-widget_type=\"text-editor.default\">\n\t\t\t\t\t\t\t\t\t<p><strong>ROFA-LEHMER F\u00f6rderanlagen GmbH<\/strong><br>B\u00fcrgermeister-Wiendl-Str.15<br>92439 Bodenw\u00f6hr<br>Germany<\/p>\n<p><b>Commercial Register:<\/b> HRB 16910<br><b>Registration court:<\/b> Amtsgericht Traunstein<\/p>\n<p><b>Represented by:<\/b> <br>Stefan Brandl<\/p>\n<h2>Contact<\/h2>\n<p><b>Phone:<\/b> +49 9434 2022-0<br><b>Telefax:<\/b> +49 9434 2022-10<br><b>E-Mail:<\/b> info(at)rofa-lehmer.de<\/p>\n<h2>VAT-ID<\/h2>\n<p><b>Sales tax identification number according to \u00a7 27 a of the Sales Tax Law:<br><\/b>DE814632694<\/p>\n<h2>Responsible for the content according to \u00a7 55(2) RStV<\/h2>\n<p>Stefan Brandl<br>B\u00fcrgermeister-Wiendl-Str.15<br>92439 Bodenw\u00f6hr<br>Germany<\/p>\n<h2>Note on the responsible bodies<\/h2>\n<p>The <b>responsible body for data processing<\/b> on this website is:<\/p>\n<p><strong>ROFA-LEHMER F\u00f6rderanlagen GmbH<\/strong><br>B\u00fcrgermeister-Wiendl-Str.15<br>92439 Bodenw\u00f6hr<br>Germany<\/p>\n<p><b>Phone:<\/b> +49 9434 2022-0<br><b>E-Mail:<\/b> info(at)rofa-lehmer.de<\/p>\n<p>The <b>responsible body for the legally required data protection officer<\/b> on this website is:<\/p>\n<p><strong>ROFA-LEHMER F\u00f6rderanlagen GmbH<\/strong><br>Data Protection Officer<br>B\u00fcrgermeister-Wiendl-Str.15<br>92439 Bodenw\u00f6hr<br>Germany<\/p>\n<p>E-Mail: datenschutz.rofa-lehmer(at)rofa-group.com<\/p>\n<h2>Coding &amp; CMS Integration<\/h2>\n<p>instant media &#8211; Werbeagentur Munich \/ Germany<\/p>\n<h2>Concept &amp; Communication<\/h2>\n<p>FREEMANIZER Brand Communication &amp; Design \/ Die Wortgestalterin<\/p>\n<p><br><\/p>\n<p><\/p>\n<h2>EU dispute resolution<\/h2>\n<p>The European Commission provides a platform for online dispute resolution <br>(ODR):https:\/\/ec.europa.eu\/consumers\/odr.<br>Our e-mail address can be found above in the site notice.<\/p>\n<p>We are not willing or obliged to participate in dispute resolution proceedings before a consumer arbitration board.<\/p>\n<h2>Liability for Contents<\/h2>\n<p>As service providers, we are liable for own contents of these websites according to Paragraph 7, Sect. 1 German Telemedia Act (TMG). However, according to Paragraphs 8 to 10 German Telemedia Act (TMG), service providers are not obligated to permanently monitor submitted or stored information or to search for evidences that indicate illegal activities.<\/p>\n<p>Legal obligations to removing information or to blocking the use of information remain unchallenged. In this case, liability is only possible at the time of knowledge about a specific violation of law. Illegal contents will be removed immediately at the time we get knowledge of them.<\/p>\n<h2>Liability for Links<\/h2>\n<p>Our offer includes links to external third party websites. We have no influence on the contents of those websites, therefore we cannot guarantee for those contents. Providers or administrators of linked websites are always responsible for their own contents.<\/p>\n<p>The linked websites had been checked for possible violations of law at the time of the establishment of the link. Illegal contents were not detected at the time of the linking. A permanent monitoring of the contents of linked websites cannot be imposed without reasonable indications that there has been a violation of law. Illegal links will be removed immediately at the time we get knowledge of them.<\/p>\n<h2>Copyright<\/h2>\n<p>Contents and compilations published on these websites by the providers are subject to German copyright laws. Reproduction, editing, distribution as well as the use of any kind outside the scope of the copyright law require a written permission of the author or originator. Downloads and copies of these websites are permitted for private use only. The commercial use of our contents without permission of the originator is prohibited.<\/p>\n<p>Copyright laws of third parties are respected as long as the contents on these websites do not originate from the provider. Contributions of third parties on this site are indicated as such. However, if you notice any violations of copyright law, please inform us. Such contents will be removed immediately.<\/p>\n<p>Detailes about our privacy policy can be found&nbsp;<a title=\"privacy policy\" href=\"https:\/\/www.rofa-group.com\/rofa-lehmer\/en\/privacy-policy\/\" rel=\"noopener\">here<\/a>.<\/p>\t\t\t\t\t\t\t\t<\/div>\n\t\t\t\t\t<\/div>\n\t\t<\/div>\n\t\t\t\t\t<\/div>\n\t\t<\/section>\n\t\t\t\t<\/div>\n\t\t","protected":false},"excerpt":{"rendered":"<p>IMPRINT Transparent data processing ROFA-LEHMER F\u00f6rderanlagen GmbHB\u00fcrgermeister-Wiendl-Str.1592439 Bodenw\u00f6hrGermany Commercial Register: HRB 16910Registration court: Amtsgericht Traunstein Represented by: Stefan Brandl Contact Phone: +49 9434 2022-0Telefax: +49 9434 2022-10E-Mail: info(at)rofa-lehmer.de VAT-ID Sales tax identification number according to \u00a7 27 a of the Sales Tax Law:DE814632694 Responsible for the content according to \u00a7 55(2) RStV Stefan BrandlB\u00fcrgermeister-Wiendl-Str.1592439 Bodenw\u00f6hrGermany [&hellip;]<\/p>\n","protected":false},"author":1,"featured_media":0,"parent":0,"menu_order":0,"comment_status":"closed","ping_status":"closed","template":"","meta":{"_acf_changed":false,"footnotes":""},"class_list":["post-410","page","type-page","status-publish","hentry"],"acf":[],"_links":{"self":[{"href":"https:\/\/www.rofa-group.com\/rofa-lehmer\/wp-json\/wp\/v2\/pages\/410","targetHints":{"allow":["GET"]}}],"collection":[{"href":"https:\/\/www.rofa-group.com\/rofa-lehmer\/wp-json\/wp\/v2\/pages"}],"about":[{"href":"https:\/\/www.rofa-group.com\/rofa-lehmer\/wp-json\/wp\/v2\/types\/page"}],"author":[{"embeddable":true,"href":"https:\/\/www.rofa-group.com\/rofa-lehmer\/wp-json\/wp\/v2\/users\/1"}],"replies":[{"embeddable":true,"href":"https:\/\/www.rofa-group.com\/rofa-lehmer\/wp-json\/wp\/v2\/comments?post=410"}],"version-history":[{"count":18,"href":"https:\/\/www.rofa-group.com\/rofa-lehmer\/wp-json\/wp\/v2\/pages\/410\/revisions"}],"predecessor-version":[{"id":757,"href":"https:\/\/www.rofa-group.com\/rofa-lehmer\/wp-json\/wp\/v2\/pages\/410\/revisions\/757"}],"wp:attachment":[{"href":"https:\/\/www.rofa-group.com\/rofa-lehmer\/wp-json\/wp\/v2\/media?parent=410"}],"curies":[{"name":"wp","href":"https:\/\/api.w.org\/{rel}","templated":true}]}}