{"id":41,"date":"2020-01-31T15:03:34","date_gmt":"2020-01-31T14:03:34","guid":{"rendered":"https:\/\/www.rofa-group.com\/rofa-lehmer\/?page_id=41"},"modified":"2020-10-07T11:45:37","modified_gmt":"2020-10-07T09:45:37","slug":"kontakt","status":"publish","type":"page","link":"https:\/\/www.rofa-group.com\/rofa-lehmer\/kontakt\/","title":{"rendered":"Kontakt"},"content":{"rendered":"\t\t<div data-elementor-type=\"wp-page\" data-elementor-id=\"41\" class=\"elementor elementor-41\" data-elementor-post-type=\"page\">\n\t\t\t\t\t\t<section class=\"elementor-section elementor-top-section elementor-element elementor-element-d2f40e6 elementor-section-content-top elementor-section-height-min-height elementor-section-items-stretch elementor-section-boxed elementor-section-height-default\" data-id=\"d2f40e6\" data-element_type=\"section\" data-e-type=\"section\" id=\"mygfx\" data-settings=\"{&quot;background_background&quot;:&quot;classic&quot;}\">\n\t\t\t\t\t\t<div class=\"elementor-container elementor-column-gap-no\">\n\t\t\t\t\t<div class=\"elementor-column elementor-col-100 elementor-top-column elementor-element elementor-element-1b409a5d\" data-id=\"1b409a5d\" data-element_type=\"column\" data-e-type=\"column\" data-settings=\"{&quot;background_background&quot;:&quot;classic&quot;}\">\n\t\t\t<div class=\"elementor-widget-wrap\">\n\t\t\t\t\t\t\t<\/div>\n\t\t<\/div>\n\t\t\t\t\t<\/div>\n\t\t<\/section>\n\t\t\t\t<section class=\"elementor-section elementor-top-section elementor-element elementor-element-5c888cd3 elementor-section-boxed elementor-section-height-default elementor-section-height-default\" data-id=\"5c888cd3\" data-element_type=\"section\" data-e-type=\"section\" data-settings=\"{&quot;background_background&quot;:&quot;classic&quot;}\">\n\t\t\t\t\t\t<div class=\"elementor-container elementor-column-gap-no\">\n\t\t\t\t\t<div class=\"elementor-column elementor-col-50 elementor-top-column elementor-element elementor-element-139ac57c\" data-id=\"139ac57c\" data-element_type=\"column\" data-e-type=\"column\" data-settings=\"{&quot;background_background&quot;:&quot;classic&quot;}\">\n\t\t\t<div class=\"elementor-widget-wrap elementor-element-populated\">\n\t\t\t\t\t\t<div class=\"elementor-element elementor-element-3870bc96 elementor-widget elementor-widget-text-editor\" data-id=\"3870bc96\" data-element_type=\"widget\" data-e-type=\"widget\" data-widget_type=\"text-editor.default\">\n\t\t\t\t\t\t\t\t\t<h1 class=\"fett\">KONTAKT<\/h1><h2 class=\"mittel\">Hier finden Sie uns<\/h2>\t\t\t\t\t\t\t\t<\/div>\n\t\t\t\t\t<\/div>\n\t\t<\/div>\n\t\t\t\t<div class=\"elementor-column elementor-col-50 elementor-top-column elementor-element elementor-element-4d38f7ef\" data-id=\"4d38f7ef\" data-element_type=\"column\" data-e-type=\"column\">\n\t\t\t<div class=\"elementor-widget-wrap\">\n\t\t\t\t\t\t\t<\/div>\n\t\t<\/div>\n\t\t\t\t\t<\/div>\n\t\t<\/section>\n\t\t\t\t<section class=\"elementor-section elementor-top-section elementor-element elementor-element-20863276 elementor-section-boxed elementor-section-height-default elementor-section-height-default\" data-id=\"20863276\" data-element_type=\"section\" data-e-type=\"section\">\n\t\t\t\t\t\t<div class=\"elementor-container elementor-column-gap-default\">\n\t\t\t\t\t<div class=\"elementor-column elementor-col-100 elementor-top-column elementor-element elementor-element-6abff8f8\" data-id=\"6abff8f8\" data-element_type=\"column\" data-e-type=\"column\">\n\t\t\t<div class=\"elementor-widget-wrap elementor-element-populated\">\n\t\t\t\t\t\t<div class=\"elementor-element elementor-element-26594442 elementor-widget elementor-widget-image\" data-id=\"26594442\" data-element_type=\"widget\" data-e-type=\"widget\" data-widget_type=\"image.default\">\n\t\t\t\t\t\t\t\t\t\t\t\t\t\t\t<img decoding=\"async\" width=\"1\" height=\"1\" src=\"https:\/\/www.rofa-group.com\/rofa-lehmer\/wp-content\/uploads\/sites\/6\/logo-rofa-lehmer-farbig.svg\" class=\"attachment-large size-large wp-image-154\" alt=\"ROFA-LEHMER F\u00d6RDERANLAGEN GMBH\" \/>\t\t\t\t\t\t\t\t\t\t\t\t\t\t\t<\/div>\n\t\t\t\t<div class=\"elementor-element elementor-element-76d82a52 elementor-widget elementor-widget-text-editor\" data-id=\"76d82a52\" data-element_type=\"widget\" data-e-type=\"widget\" data-widget_type=\"text-editor.default\">\n\t\t\t\t\t\t\t\t\t<p><strong><br><\/strong><\/p><p><strong>ROFA-LEHMER F\u00f6rderanlagen GmbH<\/strong><br>B\u00fcrgermeister-Wiendl-Str.15<br>92439 Bodenw\u00f6hr<br>Deutschland<\/p>\n<p><strong>Tel:<\/strong> +49 9434 2022 0<br><strong>Fax:<\/strong> +49 9434 2022 10<\/p>\n<p><strong>Gesch\u00e4ftsf\u00fchrung:<\/strong> Stefan Brandl<\/p>\n<p><a href=\"mailto:info@rofa-lehmer.de\">info@rofa-lehmer.de<\/a><\/p>\n<p><strong>www.rofa-group.com<\/strong><\/p>\t\t\t\t\t\t\t\t<\/div>\n\t\t\t\t<div class=\"elementor-element elementor-element-69740428 elementor-align-center elementor-widget elementor-widget-button\" data-id=\"69740428\" data-element_type=\"widget\" data-e-type=\"widget\" data-widget_type=\"button.default\">\n\t\t\t\t\t\t\t\t\t\t<a class=\"elementor-button elementor-button-link elementor-size-md elementor-animation-wobble-vertical\" href=\"https:\/\/www.google.de\/maps\/dir\/\/Rofa-lehmer+F%C3%B6rderanlagen+GmbH,+Bgm.-Wiendl-Stra%C3%9Fe+15,+92439+Bodenw%C3%B6hr\/@49.282942,12.3255678,17z\/data=!4m16!1m6!3m5!1s0x479ff736c7beebaf:0xf5789a36a442f215!2sRofa-lehmer+F%C3%B6rderanlagen+GmbH!8m2!3d49.282942!4d12.3277565!4m8!1m0!1m5!1m1!1s0x479ff736c7beebaf:0xf5789a36a442f215!2m2!1d12.3277565!2d49.282942!3e2?hl=de\" target=\"_blank\">\n\t\t\t\t\t\t<span class=\"elementor-button-content-wrapper\">\n\t\t\t\t\t\t\t\t\t<span class=\"elementor-button-text\">&gt; Routenplaner<\/span>\n\t\t\t\t\t<\/span>\n\t\t\t\t\t<\/a>\n\t\t\t\t\t\t\t\t<\/div>\n\t\t\t\t\t<\/div>\n\t\t<\/div>\n\t\t\t\t\t<\/div>\n\t\t<\/section>\n\t\t\t\t<section class=\"elementor-section elementor-top-section elementor-element elementor-element-2a4bd06a elementor-section-full_width elementor-section-height-default elementor-section-height-default\" data-id=\"2a4bd06a\" data-element_type=\"section\" data-e-type=\"section\">\n\t\t\t\t\t\t<div class=\"elementor-container elementor-column-gap-no\">\n\t\t\t\t\t<div class=\"elementor-column elementor-col-100 elementor-top-column elementor-element elementor-element-6c747d59\" data-id=\"6c747d59\" data-element_type=\"column\" data-e-type=\"column\">\n\t\t\t<div class=\"elementor-widget-wrap elementor-element-populated\">\n\t\t\t\t\t\t<div class=\"elementor-element elementor-element-40115677 elementor-widget elementor-widget-google_maps\" data-id=\"40115677\" data-element_type=\"widget\" data-e-type=\"widget\" data-widget_type=\"google_maps.default\">\n\t\t\t\t\t\t\t<div class=\"elementor-custom-embed\">\n\t\t\t <div class=\"brlbs-cmpnt-container brlbs-cmpnt-content-blocker brlbs-cmpnt-with-individual-styles\" data-borlabs-cookie-content-blocker-id=\"default\" data-borlabs-cookie-content=\"PGlmcmFtZSBsb2FkaW5nPSJsYXp5IgoJCQkJCXNyYz0iaHR0cHM6Ly9tYXBzLmdvb2dsZS5jb20vbWFwcz9xPVJvZmEtbGVobWVyJTIwRiVDMyVCNnJkZXJhbmxhZ2VuJTIwR21iSCUyQyUyMEJnbS4tV2llbmRsLVN0cmElQzMlOUZlJTIwMTUlMkMlMjA5MjQzOSUyMEJvZGVudyVDMyVCNmhyJiMwMzg7dD1tJiMwMzg7ej0xMCYjMDM4O291dHB1dD1lbWJlZCYjMDM4O2l3bG9jPW5lYXIiCgkJCQkJdGl0bGU9IlJvZmEtbGVobWVyIEbDtnJkZXJhbmxhZ2VuIEdtYkgsIEJnbS4tV2llbmRsLVN0cmHDn2UgMTUsIDkyNDM5IEJvZGVud8O2aHIiCgkJCQkJYXJpYS1sYWJlbD0iUm9mYS1sZWhtZXIgRsO2cmRlcmFubGFnZW4gR21iSCwgQmdtLi1XaWVuZGwtU3RyYcOfZSAxNSwgOTI0MzkgQm9kZW53w7ZociIKCQkJPjwvaWZyYW1lPg==\"><div class=\"brlbs-cmpnt-cb-preset-a\"> <p class=\"brlbs-cmpnt-cb-description\">Sie sehen gerade einen Platzhalterinhalt von <strong>Standard<\/strong>. Um auf den eigentlichen Inhalt zuzugreifen, klicken Sie auf den Button unten. Bitte beachten Sie, dass dabei Daten an Drittanbieter weitergegeben werden.<\/p> <div class=\"brlbs-cmpnt-cb-buttons\"> <a class=\"brlbs-cmpnt-cb-btn\" href=\"#\" data-borlabs-cookie-unblock role=\"button\">Inhalt entsperren<\/a> <a class=\"brlbs-cmpnt-cb-btn\" href=\"#\" data-borlabs-cookie-accept-service role=\"button\" style=\"display: none\">Erforderlichen Service akzeptieren und Inhalte entsperren<\/a> <\/div> <a class=\"brlbs-cmpnt-cb-provider-toggle\" href=\"#\" data-borlabs-cookie-show-provider-information role=\"button\">Weitere Informationen<\/a> <\/div><\/div>\n\t\t<\/div>\n\t\t\t\t\t\t<\/div>\n\t\t\t\t\t<\/div>\n\t\t<\/div>\n\t\t\t\t\t<\/div>\n\t\t<\/section>\n\t\t\t\t<\/div>\n\t\t","protected":false},"excerpt":{"rendered":"<p>KONTAKT Hier finden Sie uns ROFA-LEHMER F\u00f6rderanlagen GmbHB\u00fcrgermeister-Wiendl-Str.1592439 Bodenw\u00f6hrDeutschland Tel: +49 9434 2022 0Fax: +49 9434 2022 10 Gesch\u00e4ftsf\u00fchrung: Stefan Brandl info@rofa-lehmer.de www.rofa-group.com &gt; Routenplaner<\/p>\n","protected":false},"author":1,"featured_media":0,"parent":0,"menu_order":0,"comment_status":"closed","ping_status":"closed","template":"","meta":{"_acf_changed":false,"footnotes":""},"class_list":["post-41","page","type-page","status-publish","hentry"],"acf":[],"_links":{"self":[{"href":"https:\/\/www.rofa-group.com\/rofa-lehmer\/wp-json\/wp\/v2\/pages\/41","targetHints":{"allow":["GET"]}}],"collection":[{"href":"https:\/\/www.rofa-group.com\/rofa-lehmer\/wp-json\/wp\/v2\/pages"}],"about":[{"href":"https:\/\/www.rofa-group.com\/rofa-lehmer\/wp-json\/wp\/v2\/types\/page"}],"author":[{"embeddable":true,"href":"https:\/\/www.rofa-group.com\/rofa-lehmer\/wp-json\/wp\/v2\/users\/1"}],"replies":[{"embeddable":true,"href":"https:\/\/www.rofa-group.com\/rofa-lehmer\/wp-json\/wp\/v2\/comments?post=41"}],"version-history":[{"count":7,"href":"https:\/\/www.rofa-group.com\/rofa-lehmer\/wp-json\/wp\/v2\/pages\/41\/revisions"}],"predecessor-version":[{"id":631,"href":"https:\/\/www.rofa-group.com\/rofa-lehmer\/wp-json\/wp\/v2\/pages\/41\/revisions\/631"}],"wp:attachment":[{"href":"https:\/\/www.rofa-group.com\/rofa-lehmer\/wp-json\/wp\/v2\/media?parent=41"}],"curies":[{"name":"wp","href":"https:\/\/api.w.org\/{rel}","templated":true}]}}