{"id":34,"date":"2020-01-31T15:02:38","date_gmt":"2020-01-31T14:02:38","guid":{"rendered":"https:\/\/www.rofa-group.com\/rofa-lehmer\/?page_id=34"},"modified":"2025-03-14T11:54:40","modified_gmt":"2025-03-14T10:54:40","slug":"karriere","status":"publish","type":"page","link":"https:\/\/www.rofa-group.com\/rofa-lehmer\/karriere\/","title":{"rendered":"Karriere"},"content":{"rendered":"\t\t<div data-elementor-type=\"wp-page\" data-elementor-id=\"34\" class=\"elementor elementor-34\" data-elementor-post-type=\"page\">\n\t\t\t\t\t\t<section class=\"elementor-section elementor-top-section elementor-element elementor-element-41dbf8e7 elementor-section-content-top elementor-section-height-min-height elementor-section-items-stretch elementor-section-boxed elementor-section-height-default\" data-id=\"41dbf8e7\" data-element_type=\"section\" data-e-type=\"section\" id=\"mygfx\" data-settings=\"{&quot;background_background&quot;:&quot;classic&quot;}\">\n\t\t\t\t\t\t<div class=\"elementor-container elementor-column-gap-no\">\n\t\t\t\t\t<div class=\"elementor-column elementor-col-100 elementor-top-column elementor-element elementor-element-34c647d3\" data-id=\"34c647d3\" data-element_type=\"column\" data-e-type=\"column\" data-settings=\"{&quot;background_background&quot;:&quot;classic&quot;}\">\n\t\t\t<div class=\"elementor-widget-wrap\">\n\t\t\t\t\t\t\t<\/div>\n\t\t<\/div>\n\t\t\t\t\t<\/div>\n\t\t<\/section>\n\t\t\t\t<section class=\"elementor-section elementor-top-section elementor-element elementor-element-2fc4a4b2 elementor-section-boxed elementor-section-height-default elementor-section-height-default\" data-id=\"2fc4a4b2\" data-element_type=\"section\" data-e-type=\"section\" data-settings=\"{&quot;background_background&quot;:&quot;classic&quot;}\">\n\t\t\t\t\t\t<div class=\"elementor-container elementor-column-gap-no\">\n\t\t\t\t\t<div class=\"elementor-column elementor-col-50 elementor-top-column elementor-element elementor-element-643840a4\" data-id=\"643840a4\" data-element_type=\"column\" data-e-type=\"column\" data-settings=\"{&quot;background_background&quot;:&quot;classic&quot;}\">\n\t\t\t<div class=\"elementor-widget-wrap elementor-element-populated\">\n\t\t\t\t\t\t<div class=\"elementor-element elementor-element-2c083cde elementor-widget elementor-widget-text-editor\" data-id=\"2c083cde\" data-element_type=\"widget\" data-e-type=\"widget\" data-widget_type=\"text-editor.default\">\n\t\t\t\t\t\t\t\t\t<h1 class=\"fett\">KARRIERE<\/h1><h2 class=\"mittel\">Da ist Bewegung drinnen!<\/h2>\t\t\t\t\t\t\t\t<\/div>\n\t\t\t\t\t<\/div>\n\t\t<\/div>\n\t\t\t\t<div class=\"elementor-column elementor-col-50 elementor-top-column elementor-element elementor-element-3248fa2e\" data-id=\"3248fa2e\" data-element_type=\"column\" data-e-type=\"column\">\n\t\t\t<div class=\"elementor-widget-wrap\">\n\t\t\t\t\t\t\t<\/div>\n\t\t<\/div>\n\t\t\t\t\t<\/div>\n\t\t<\/section>\n\t\t\t\t<section class=\"elementor-section elementor-top-section elementor-element elementor-element-1513c0d8 elementor-section-boxed elementor-section-height-default elementor-section-height-default\" data-id=\"1513c0d8\" data-element_type=\"section\" data-e-type=\"section\">\n\t\t\t\t\t\t<div class=\"elementor-container elementor-column-gap-default\">\n\t\t\t\t\t<div class=\"elementor-column elementor-col-100 elementor-top-column elementor-element elementor-element-7b17b6a\" data-id=\"7b17b6a\" data-element_type=\"column\" data-e-type=\"column\">\n\t\t\t<div class=\"elementor-widget-wrap elementor-element-populated\">\n\t\t\t\t\t\t<div class=\"elementor-element elementor-element-5cf775be elementor-widget elementor-widget-text-editor\" data-id=\"5cf775be\" data-element_type=\"widget\" data-e-type=\"widget\" data-widget_type=\"text-editor.default\">\n\t\t\t\t\t\t\t\t\t<p>GET IN MOTION ist das Motto, unter dem Karrieren bei ROFA-LEHMER stehen. Wir bieten motivierten Kandidaten aller Erfahrungsstufen \u2013 vom Azubi bis zur F\u00fchrungskraft \u2013 interessante Perspektiven und dies an einem wirtschaftlich attraktiven Standort in der Oberpfalz. Als mittelst\u00e4ndisch gepr\u00e4gtes Unternehmen steht Eigeninitiative bei uns hoch im Kurs. Talente werden fr\u00fch erkannt und gef\u00f6rdert, erfahrene Fach- und F\u00fchrungskr\u00e4fte finden bei uns flache Hierarchien, die sie sich f\u00fcr ihr pers\u00f6nliches Fortkommen w\u00fcnschen. Mit flexiblen Arbeitszeitmodellen stellen wir uns auf Ihre Bed\u00fcrfnisse ein und suchen immer nach der individuell passenden Vereinbarung. Erfahren Sie auf unserer Karrierewebsite mehr zu aktuellen Stellenangeboten, zu unseren Leistungen als<br \/>Arbeitgeber und \u00fcber die Menschen, die bei uns arbeiten.<\/p>\t\t\t\t\t\t\t\t<\/div>\n\t\t\t\t\t<\/div>\n\t\t<\/div>\n\t\t\t\t\t<\/div>\n\t\t<\/section>\n\t\t\t\t<section class=\"elementor-section elementor-top-section elementor-element elementor-element-31ee4b2d elementor-section-boxed elementor-section-height-default elementor-section-height-default\" data-id=\"31ee4b2d\" data-element_type=\"section\" data-e-type=\"section\">\n\t\t\t\t\t\t<div class=\"elementor-container elementor-column-gap-default\">\n\t\t\t\t\t<div class=\"elementor-column elementor-col-100 elementor-top-column elementor-element elementor-element-68fbcbf8\" data-id=\"68fbcbf8\" data-element_type=\"column\" data-e-type=\"column\">\n\t\t\t<div class=\"elementor-widget-wrap elementor-element-populated\">\n\t\t\t\t\t\t<div class=\"elementor-element elementor-element-424f110a elementor-align-center elementor-widget elementor-widget-button\" data-id=\"424f110a\" data-element_type=\"widget\" data-e-type=\"widget\" data-widget_type=\"button.default\">\n\t\t\t\t\t\t\t\t\t\t<a class=\"elementor-button elementor-button-link elementor-size-md elementor-animation-wobble-vertical\" href=\"https:\/\/karriere.rofa-group.com\/rofa-lehmer\/\" target=\"_blank\">\n\t\t\t\t\t\t<span class=\"elementor-button-content-wrapper\">\n\t\t\t\t\t\t\t\t\t<span class=\"elementor-button-text\">Zur <b>ROFA-LEHMER<\/b> Karriereseite!<\/span>\n\t\t\t\t\t<\/span>\n\t\t\t\t\t<\/a>\n\t\t\t\t\t\t\t\t<\/div>\n\t\t\t\t<div class=\"elementor-element elementor-element-1e920951 elementor-widget elementor-widget-spacer\" data-id=\"1e920951\" data-element_type=\"widget\" data-e-type=\"widget\" data-widget_type=\"spacer.default\">\n\t\t\t\t\t\t\t<div class=\"elementor-spacer\">\n\t\t\t<div class=\"elementor-spacer-inner\"><\/div>\n\t\t<\/div>\n\t\t\t\t\t\t<\/div>\n\t\t\t\t\t<\/div>\n\t\t<\/div>\n\t\t\t\t\t<\/div>\n\t\t<\/section>\n\t\t\t\t<\/div>\n\t\t","protected":false},"excerpt":{"rendered":"<p>KARRIERE Da ist Bewegung drinnen! GET IN MOTION ist das Motto, unter dem Karrieren bei ROFA-LEHMER stehen. Wir bieten motivierten Kandidaten aller Erfahrungsstufen \u2013 vom Azubi bis zur F\u00fchrungskraft \u2013 interessante Perspektiven und dies an einem wirtschaftlich attraktiven Standort in der Oberpfalz. Als mittelst\u00e4ndisch gepr\u00e4gtes Unternehmen steht Eigeninitiative bei uns hoch im Kurs. Talente werden [&hellip;]<\/p>\n","protected":false},"author":1,"featured_media":0,"parent":0,"menu_order":0,"comment_status":"closed","ping_status":"closed","template":"","meta":{"_acf_changed":false,"footnotes":""},"class_list":["post-34","page","type-page","status-publish","hentry"],"acf":[],"_links":{"self":[{"href":"https:\/\/www.rofa-group.com\/rofa-lehmer\/wp-json\/wp\/v2\/pages\/34","targetHints":{"allow":["GET"]}}],"collection":[{"href":"https:\/\/www.rofa-group.com\/rofa-lehmer\/wp-json\/wp\/v2\/pages"}],"about":[{"href":"https:\/\/www.rofa-group.com\/rofa-lehmer\/wp-json\/wp\/v2\/types\/page"}],"author":[{"embeddable":true,"href":"https:\/\/www.rofa-group.com\/rofa-lehmer\/wp-json\/wp\/v2\/users\/1"}],"replies":[{"embeddable":true,"href":"https:\/\/www.rofa-group.com\/rofa-lehmer\/wp-json\/wp\/v2\/comments?post=34"}],"version-history":[{"count":11,"href":"https:\/\/www.rofa-group.com\/rofa-lehmer\/wp-json\/wp\/v2\/pages\/34\/revisions"}],"predecessor-version":[{"id":959,"href":"https:\/\/www.rofa-group.com\/rofa-lehmer\/wp-json\/wp\/v2\/pages\/34\/revisions\/959"}],"wp:attachment":[{"href":"https:\/\/www.rofa-group.com\/rofa-lehmer\/wp-json\/wp\/v2\/media?parent=34"}],"curies":[{"name":"wp","href":"https:\/\/api.w.org\/{rel}","templated":true}]}}