{"id":113,"date":"2020-01-31T15:11:21","date_gmt":"2020-01-31T14:11:21","guid":{"rendered":"https:\/\/www.rofa-group.com\/rofa-lehmer\/?page_id=113"},"modified":"2021-02-16T16:10:50","modified_gmt":"2021-02-16T15:10:50","slug":"qualitaetsmanagement","status":"publish","type":"page","link":"https:\/\/www.rofa-group.com\/rofa-lehmer\/qualitaetsmanagement\/","title":{"rendered":"Qualit\u00e4tsmanagement"},"content":{"rendered":"\t\t<div data-elementor-type=\"wp-page\" data-elementor-id=\"113\" class=\"elementor elementor-113\" data-elementor-post-type=\"page\">\n\t\t\t\t\t\t<section class=\"elementor-section elementor-top-section elementor-element elementor-element-4c24eac2 elementor-section-content-top elementor-section-height-min-height elementor-section-items-stretch elementor-section-boxed elementor-section-height-default\" data-id=\"4c24eac2\" data-element_type=\"section\" data-e-type=\"section\" id=\"mygfx\" data-settings=\"{&quot;background_background&quot;:&quot;classic&quot;}\">\n\t\t\t\t\t\t<div class=\"elementor-container elementor-column-gap-no\">\n\t\t\t\t\t<div class=\"elementor-column elementor-col-100 elementor-top-column elementor-element elementor-element-4d785fd2\" data-id=\"4d785fd2\" data-element_type=\"column\" data-e-type=\"column\" data-settings=\"{&quot;background_background&quot;:&quot;classic&quot;}\">\n\t\t\t<div class=\"elementor-widget-wrap\">\n\t\t\t\t\t\t\t<\/div>\n\t\t<\/div>\n\t\t\t\t\t<\/div>\n\t\t<\/section>\n\t\t\t\t<section class=\"elementor-section elementor-top-section elementor-element elementor-element-1135a15f elementor-section-boxed elementor-section-height-default elementor-section-height-default\" data-id=\"1135a15f\" data-element_type=\"section\" data-e-type=\"section\" data-settings=\"{&quot;background_background&quot;:&quot;classic&quot;}\">\n\t\t\t\t\t\t<div class=\"elementor-container elementor-column-gap-no\">\n\t\t\t\t\t<div class=\"elementor-column elementor-col-50 elementor-top-column elementor-element elementor-element-7e84bb85\" data-id=\"7e84bb85\" data-element_type=\"column\" data-e-type=\"column\" data-settings=\"{&quot;background_background&quot;:&quot;classic&quot;}\">\n\t\t\t<div class=\"elementor-widget-wrap elementor-element-populated\">\n\t\t\t\t\t\t<div class=\"elementor-element elementor-element-c10d4b4 elementor-widget elementor-widget-text-editor\" data-id=\"c10d4b4\" data-element_type=\"widget\" data-e-type=\"widget\" data-widget_type=\"text-editor.default\">\n\t\t\t\t\t\t\t\t\t<h1 class=\"fett\">QUALIT\u00c4TS&#173;MANAGE\u00adMENT<\/h1>\n<h2 class=\"mittel\">Zufriedene Kunden an erster Stelle<\/h2>\t\t\t\t\t\t\t\t<\/div>\n\t\t\t\t\t<\/div>\n\t\t<\/div>\n\t\t\t\t<div class=\"elementor-column elementor-col-50 elementor-top-column elementor-element elementor-element-4e6d8ea3\" data-id=\"4e6d8ea3\" data-element_type=\"column\" data-e-type=\"column\">\n\t\t\t<div class=\"elementor-widget-wrap\">\n\t\t\t\t\t\t\t<\/div>\n\t\t<\/div>\n\t\t\t\t\t<\/div>\n\t\t<\/section>\n\t\t\t\t<section class=\"elementor-section elementor-top-section elementor-element elementor-element-75b19cc5 elementor-section-boxed elementor-section-height-default elementor-section-height-default\" data-id=\"75b19cc5\" data-element_type=\"section\" data-e-type=\"section\">\n\t\t\t\t\t\t<div class=\"elementor-container elementor-column-gap-default\">\n\t\t\t\t\t<div class=\"elementor-column elementor-col-100 elementor-top-column elementor-element elementor-element-5520f309\" data-id=\"5520f309\" data-element_type=\"column\" data-e-type=\"column\">\n\t\t\t<div class=\"elementor-widget-wrap elementor-element-populated\">\n\t\t\t\t\t\t<div class=\"elementor-element elementor-element-1ec72332 elementor-widget elementor-widget-text-editor\" data-id=\"1ec72332\" data-element_type=\"widget\" data-e-type=\"widget\" data-widget_type=\"text-editor.default\">\n\t\t\t\t\t\t\t\t\t<p>Unser Ziel ist es, Kunden \u00fcber die gesamte Wertsch\u00f6pfungskette einen greifbaren Mehrwert zu bieten. Aus diesem Grund sind s\u00e4mtliche Produkte und Prozesse von ROFA-LEHMER gem\u00e4\u00df den aktuellen ISO-Normen zertifiziert. Ein verantwortlicher Qualit\u00e4tsmanagementbeauftragter wacht dar\u00fcber, dass diese Normen in der t\u00e4glichen Arbeit eingehalten werden. Meistens gehen die Anforderungen unserer Kunden jedoch weit \u00fcber die gesetzlichen Bestimmungen hinaus. Spezifische<br>Technologien und Standards wollen ber\u00fccksichtigt werden, um die fehlerfreie Entwicklung und Umsetzung zu sichern. Dadurch, dass wir mit vielen Kunden schon seit vielen Jahren zusammenarbeiten, sind wir auch mit diesen Anforderungen bestens vertraut.<\/p>\n<p>Mit umfassenden Services nach der Implementierung k\u00fcmmern wir uns darum, dass Ihre F\u00f6rderl\u00f6sung auch mittel- und langfristig den Return-on-Investment erbringt, den Sie sich w\u00fcnschen. Wir versorgen Sie mit Ersatzteilen, f\u00fchren sachgerechte Wartungen &amp; Inspektionen durch und verf\u00fcgen \u00fcber kundenindividuelle Ansprechpartner, die mit Ihrer Anlage bestens vertraut sind.<br>Pers\u00f6nliche Begleitung steht f\u00fcr uns im Mittelpunkt! <br><\/p><p>Mehr finden Sie im Bereich <a title=\"Leistungen &amp; Services\" href=\"https:\/\/www.rofa-group.com\/rofa-lehmer\/leistungen-services\/\">&gt; Leistungen &amp; Services.<\/a><\/p>\t\t\t\t\t\t\t\t<\/div>\n\t\t\t\t\t<\/div>\n\t\t<\/div>\n\t\t\t\t\t<\/div>\n\t\t<\/section>\n\t\t\t\t<section class=\"elementor-section elementor-top-section elementor-element elementor-element-36088b8e elementor-section-boxed elementor-section-height-default elementor-section-height-default\" data-id=\"36088b8e\" data-element_type=\"section\" data-e-type=\"section\">\n\t\t\t\t\t\t<div class=\"elementor-container elementor-column-gap-default\">\n\t\t\t\t\t<div class=\"elementor-column elementor-col-100 elementor-top-column elementor-element elementor-element-7c5c755d\" data-id=\"7c5c755d\" data-element_type=\"column\" data-e-type=\"column\">\n\t\t\t<div class=\"elementor-widget-wrap elementor-element-populated\">\n\t\t\t\t\t\t<div class=\"elementor-element elementor-element-1168d84 elementor-widget elementor-widget-image\" data-id=\"1168d84\" data-element_type=\"widget\" data-e-type=\"widget\" data-widget_type=\"image.default\">\n\t\t\t\t\t\t\t\t\t\t\t\t\t\t\t<img fetchpriority=\"high\" decoding=\"async\" width=\"800\" height=\"217\" src=\"https:\/\/www.rofa-group.com\/rofa-lehmer\/wp-content\/uploads\/sites\/6\/Zertifikate-qualitaetsmanagement-1024x278.jpg\" class=\"attachment-large size-large wp-image-116\" alt=\"\" srcset=\"https:\/\/www.rofa-group.com\/rofa-lehmer\/wp-content\/uploads\/sites\/6\/Zertifikate-qualitaetsmanagement-1024x278.jpg 1024w, https:\/\/www.rofa-group.com\/rofa-lehmer\/wp-content\/uploads\/sites\/6\/Zertifikate-qualitaetsmanagement-300x81.jpg 300w, https:\/\/www.rofa-group.com\/rofa-lehmer\/wp-content\/uploads\/sites\/6\/Zertifikate-qualitaetsmanagement-768x209.jpg 768w, https:\/\/www.rofa-group.com\/rofa-lehmer\/wp-content\/uploads\/sites\/6\/Zertifikate-qualitaetsmanagement.jpg 1064w\" sizes=\"(max-width: 800px) 100vw, 800px\" \/>\t\t\t\t\t\t\t\t\t\t\t\t\t\t\t<\/div>\n\t\t\t\t\t<\/div>\n\t\t<\/div>\n\t\t\t\t\t<\/div>\n\t\t<\/section>\n\t\t\t\t<section class=\"elementor-section elementor-top-section elementor-element elementor-element-765d1526 elementor-section-boxed elementor-section-height-default elementor-section-height-default\" data-id=\"765d1526\" data-element_type=\"section\" data-e-type=\"section\">\n\t\t\t\t\t\t<div class=\"elementor-container elementor-column-gap-default\">\n\t\t\t\t\t<div class=\"elementor-column elementor-col-100 elementor-top-column elementor-element elementor-element-28cd4f66\" data-id=\"28cd4f66\" data-element_type=\"column\" data-e-type=\"column\">\n\t\t\t<div class=\"elementor-widget-wrap elementor-element-populated\">\n\t\t\t\t\t\t<div class=\"elementor-element elementor-element-3248aba elementor-widget elementor-widget-text-editor\" data-id=\"3248aba\" data-element_type=\"widget\" data-e-type=\"widget\" data-widget_type=\"text-editor.default\">\n\t\t\t\t\t\t\t\t\tIm <a title=\"Download-Bereich\" href=\"https:\/\/www.rofa-group.com\/rofa-lehmer\/downloads\/\">&gt; Download-Bereich<\/a> k\u00f6nnen Sie zudem unsere <strong>aktuellen Zertifikate<\/strong> einsehen.\t\t\t\t\t\t\t\t<\/div>\n\t\t\t\t\t<\/div>\n\t\t<\/div>\n\t\t\t\t\t<\/div>\n\t\t<\/section>\n\t\t\t\t<\/div>\n\t\t","protected":false},"excerpt":{"rendered":"<p>QUALIT\u00c4TS&#173;MANAGE\u00adMENT Zufriedene Kunden an erster Stelle Unser Ziel ist es, Kunden \u00fcber die gesamte Wertsch\u00f6pfungskette einen greifbaren Mehrwert zu bieten. Aus diesem Grund sind s\u00e4mtliche Produkte und Prozesse von ROFA-LEHMER gem\u00e4\u00df den aktuellen ISO-Normen zertifiziert. Ein verantwortlicher Qualit\u00e4tsmanagementbeauftragter wacht dar\u00fcber, dass diese Normen in der t\u00e4glichen Arbeit eingehalten werden. Meistens gehen die Anforderungen unserer Kunden [&hellip;]<\/p>\n","protected":false},"author":1,"featured_media":0,"parent":0,"menu_order":0,"comment_status":"closed","ping_status":"closed","template":"","meta":{"_acf_changed":false,"footnotes":""},"class_list":["post-113","page","type-page","status-publish","hentry"],"acf":[],"_links":{"self":[{"href":"https:\/\/www.rofa-group.com\/rofa-lehmer\/wp-json\/wp\/v2\/pages\/113","targetHints":{"allow":["GET"]}}],"collection":[{"href":"https:\/\/www.rofa-group.com\/rofa-lehmer\/wp-json\/wp\/v2\/pages"}],"about":[{"href":"https:\/\/www.rofa-group.com\/rofa-lehmer\/wp-json\/wp\/v2\/types\/page"}],"author":[{"embeddable":true,"href":"https:\/\/www.rofa-group.com\/rofa-lehmer\/wp-json\/wp\/v2\/users\/1"}],"replies":[{"embeddable":true,"href":"https:\/\/www.rofa-group.com\/rofa-lehmer\/wp-json\/wp\/v2\/comments?post=113"}],"version-history":[{"count":14,"href":"https:\/\/www.rofa-group.com\/rofa-lehmer\/wp-json\/wp\/v2\/pages\/113\/revisions"}],"predecessor-version":[{"id":641,"href":"https:\/\/www.rofa-group.com\/rofa-lehmer\/wp-json\/wp\/v2\/pages\/113\/revisions\/641"}],"wp:attachment":[{"href":"https:\/\/www.rofa-group.com\/rofa-lehmer\/wp-json\/wp\/v2\/media?parent=113"}],"curies":[{"name":"wp","href":"https:\/\/api.w.org\/{rel}","templated":true}]}}