{"id":488,"date":"2023-11-20T22:13:59","date_gmt":"2023-11-20T21:13:59","guid":{"rendered":"https:\/\/www.rofa-group.com\/rofa-controls\/?page_id=488"},"modified":"2023-11-21T17:01:11","modified_gmt":"2023-11-21T16:01:11","slug":"cariera","status":"publish","type":"page","link":"https:\/\/www.rofa-group.com\/rofa-controls\/ro\/cariera\/","title":{"rendered":"Carier\u0103"},"content":{"rendered":"\t\t<div data-elementor-type=\"wp-page\" data-elementor-id=\"488\" class=\"elementor elementor-488\" data-elementor-post-type=\"page\">\n\t\t\t\t\t\t<section class=\"elementor-section elementor-top-section elementor-element elementor-element-b052ee0 elementor-section-content-top elementor-section-height-min-height elementor-section-items-stretch elementor-section-boxed elementor-section-height-default\" data-id=\"b052ee0\" data-element_type=\"section\" data-e-type=\"section\" data-settings=\"{&quot;background_background&quot;:&quot;classic&quot;}\">\n\t\t\t\t\t\t<div class=\"elementor-container elementor-column-gap-no\">\n\t\t\t\t\t<div class=\"elementor-column elementor-col-100 elementor-top-column elementor-element elementor-element-6454172\" data-id=\"6454172\" data-element_type=\"column\" data-e-type=\"column\" data-settings=\"{&quot;background_background&quot;:&quot;classic&quot;}\">\n\t\t\t<div class=\"elementor-widget-wrap\">\n\t\t\t\t\t\t\t<\/div>\n\t\t<\/div>\n\t\t\t\t\t<\/div>\n\t\t<\/section>\n\t\t\t\t<section class=\"elementor-section elementor-top-section elementor-element elementor-element-9c74354 elementor-section-boxed elementor-section-height-default elementor-section-height-default\" data-id=\"9c74354\" data-element_type=\"section\" data-e-type=\"section\" data-settings=\"{&quot;background_background&quot;:&quot;classic&quot;}\">\n\t\t\t\t\t\t<div class=\"elementor-container elementor-column-gap-no\">\n\t\t\t\t\t<div class=\"elementor-column elementor-col-50 elementor-top-column elementor-element elementor-element-440a4e4\" data-id=\"440a4e4\" data-element_type=\"column\" data-e-type=\"column\" data-settings=\"{&quot;background_background&quot;:&quot;classic&quot;}\">\n\t\t\t<div class=\"elementor-widget-wrap elementor-element-populated\">\n\t\t\t\t\t\t<div class=\"elementor-element elementor-element-3e1293c elementor-widget elementor-widget-text-editor\" data-id=\"3e1293c\" data-element_type=\"widget\" data-e-type=\"widget\" data-widget_type=\"text-editor.default\">\n\t\t\t\t\t\t\t\t\t<h1 class=\"fett\">Pune\u021bi-v\u0103 \u00een mi\u0219care<\/h1>\n<h2 class=\"mittel\">Faceti parte din echipa noastr\u0103<\/h2>\t\t\t\t\t\t\t\t<\/div>\n\t\t\t\t\t<\/div>\n\t\t<\/div>\n\t\t\t\t<div class=\"elementor-column elementor-col-50 elementor-top-column elementor-element elementor-element-9953adc\" data-id=\"9953adc\" data-element_type=\"column\" data-e-type=\"column\">\n\t\t\t<div class=\"elementor-widget-wrap\">\n\t\t\t\t\t\t\t<\/div>\n\t\t<\/div>\n\t\t\t\t\t<\/div>\n\t\t<\/section>\n\t\t\t\t<section class=\"elementor-section elementor-top-section elementor-element elementor-element-3ee72d4 elementor-section-boxed elementor-section-height-default elementor-section-height-default\" data-id=\"3ee72d4\" data-element_type=\"section\" data-e-type=\"section\">\n\t\t\t\t\t\t<div class=\"elementor-container elementor-column-gap-default\">\n\t\t\t\t\t<div class=\"elementor-column elementor-col-100 elementor-top-column elementor-element elementor-element-635f5c2\" data-id=\"635f5c2\" data-element_type=\"column\" data-e-type=\"column\">\n\t\t\t<div class=\"elementor-widget-wrap elementor-element-populated\">\n\t\t\t\t\t\t<section class=\"elementor-section elementor-inner-section elementor-element elementor-element-dafb1f0 elementor-section-boxed elementor-section-height-default elementor-section-height-default\" data-id=\"dafb1f0\" data-element_type=\"section\" data-e-type=\"section\">\n\t\t\t\t\t\t<div class=\"elementor-container elementor-column-gap-default\">\n\t\t\t\t\t<div class=\"elementor-column elementor-col-100 elementor-inner-column elementor-element elementor-element-e7fda8b\" data-id=\"e7fda8b\" data-element_type=\"column\" data-e-type=\"column\">\n\t\t\t<div class=\"elementor-widget-wrap elementor-element-populated\">\n\t\t\t\t\t\t<div class=\"elementor-element elementor-element-c814a9e elementor-widget elementor-widget-image\" data-id=\"c814a9e\" data-element_type=\"widget\" data-e-type=\"widget\" data-widget_type=\"image.default\">\n\t\t\t\t\t\t\t\t\t\t\t\t\t\t\t<img fetchpriority=\"high\" decoding=\"async\" width=\"270\" height=\"300\" src=\"https:\/\/www.rofa-group.com\/rofa-controls\/wp-content\/uploads\/sites\/11\/get-in-motion-blau-270x300.png\" class=\"attachment-medium size-medium wp-image-454\" alt=\"Get In Motion\" srcset=\"https:\/\/www.rofa-group.com\/rofa-controls\/wp-content\/uploads\/sites\/11\/get-in-motion-blau-270x300.png 270w, https:\/\/www.rofa-group.com\/rofa-controls\/wp-content\/uploads\/sites\/11\/get-in-motion-blau.png 604w\" sizes=\"(max-width: 270px) 100vw, 270px\" \/>\t\t\t\t\t\t\t\t\t\t\t\t\t\t\t<\/div>\n\t\t\t\t<div class=\"elementor-element elementor-element-3642503 elementor-widget elementor-widget-heading\" data-id=\"3642503\" data-element_type=\"widget\" data-e-type=\"widget\" data-widget_type=\"heading.default\">\n\t\t\t\t\t<h2 class=\"elementor-heading-title elementor-size-default\">\u00cen jurul lumii, O echip\u0103 puternic\u0103.<\/h2>\t\t\t\t<\/div>\n\t\t\t\t\t<\/div>\n\t\t<\/div>\n\t\t\t\t\t<\/div>\n\t\t<\/section>\n\t\t\t\t\t<\/div>\n\t\t<\/div>\n\t\t\t\t\t<\/div>\n\t\t<\/section>\n\t\t\t\t<section class=\"elementor-section elementor-top-section elementor-element elementor-element-d837495 elementor-section-boxed elementor-section-height-default elementor-section-height-default\" data-id=\"d837495\" data-element_type=\"section\" data-e-type=\"section\">\n\t\t\t\t\t\t<div class=\"elementor-container elementor-column-gap-default\">\n\t\t\t\t\t<div class=\"elementor-column elementor-col-100 elementor-top-column elementor-element elementor-element-48a4fb4\" data-id=\"48a4fb4\" data-element_type=\"column\" data-e-type=\"column\">\n\t\t\t<div class=\"elementor-widget-wrap elementor-element-populated\">\n\t\t\t\t\t\t<div class=\"elementor-element elementor-element-796a4bd elementor-widget elementor-widget-text-editor\" data-id=\"796a4bd\" data-element_type=\"widget\" data-e-type=\"widget\" data-widget_type=\"text-editor.default\">\n\t\t\t\t\t\t\t\t\t<p>Suntem \u00een continu\u0103 cre\u0219tere \u0219i suntem mereu interesa\u021bi s\u0103 recrut\u0103m noi talente \u0219i speciali\u0219ti cu experien\u021b\u0103 pentru filiala noastra din Timisoara,Romania. C\u0103uta\u021bi aici posturile vacante actuale la sediul nostru din Timi\u0219oara.<\/p><p>Chiar dac\u0103 scrie &#8222;niciun post vacant&#8220;: v\u0103 rug\u0103m s\u0103 lua\u021bi leg\u0103tura cu noi! Nu vrem s\u0103 pierdem candida\u021bi motiva\u021bi, vrem s\u0103 r\u0103m\u00e2nem \u00een contact cu dumneavoastr\u0103. Oportunitatea ta cu noi ar putea veni m\u00e2ine. \u0218i atunci vei primi ve\u0219ti de la noi.<\/p>\t\t\t\t\t\t\t\t<\/div>\n\t\t\t\t\t<\/div>\n\t\t<\/div>\n\t\t\t\t\t<\/div>\n\t\t<\/section>\n\t\t\t\t<section class=\"elementor-section elementor-top-section elementor-element elementor-element-75ccd5f elementor-section-boxed elementor-section-height-default elementor-section-height-default\" data-id=\"75ccd5f\" data-element_type=\"section\" data-e-type=\"section\">\n\t\t\t\t\t\t<div class=\"elementor-container elementor-column-gap-default\">\n\t\t\t\t\t<div class=\"elementor-column elementor-col-100 elementor-top-column elementor-element elementor-element-664ad56\" data-id=\"664ad56\" data-element_type=\"column\" data-e-type=\"column\">\n\t\t\t<div class=\"elementor-widget-wrap elementor-element-populated\">\n\t\t\t\t\t\t<div class=\"elementor-element elementor-element-a276156 elementor-widget elementor-widget-heading\" data-id=\"a276156\" data-element_type=\"widget\" data-e-type=\"widget\" data-widget_type=\"heading.default\">\n\t\t\t\t\t<h2 class=\"elementor-heading-title elementor-size-default\">Toate posturile vacante la ROFA Controls Rom\u00e2nia<\/h2>\t\t\t\t<\/div>\n\t\t\t\t<div class=\"elementor-element elementor-element-8631888 elementor-widget elementor-widget-text-editor\" data-id=\"8631888\" data-element_type=\"widget\" data-e-type=\"widget\" data-widget_type=\"text-editor.default\">\n\t\t\t\t\t\t\t\t\t<p style=\"text-align: center\"><strong>Aplic\u0103 acum \u0219i \u00eencepe o nou\u0103 carier\u0103 \u00een Rom\u00e2nia<\/strong><\/p>\t\t\t\t\t\t\t\t<\/div>\n\t\t\t\t\t<\/div>\n\t\t<\/div>\n\t\t\t\t\t<\/div>\n\t\t<\/section>\n\t\t\t\t<section class=\"elementor-section elementor-top-section elementor-element elementor-element-aa78c79 elementor-section-boxed elementor-section-height-default elementor-section-height-default\" data-id=\"aa78c79\" data-element_type=\"section\" data-e-type=\"section\">\n\t\t\t\t\t\t<div class=\"elementor-container elementor-column-gap-default\">\n\t\t\t\t\t<div class=\"elementor-column elementor-col-100 elementor-top-column elementor-element elementor-element-e8c44f4\" data-id=\"e8c44f4\" data-element_type=\"column\" data-e-type=\"column\">\n\t\t\t<div class=\"elementor-widget-wrap elementor-element-populated\">\n\t\t\t\t\t\t<div class=\"elementor-element elementor-element-e5e3d34 elementor-grid-2 elementor-posts--thumbnail-left elementor-posts--align-center joblist elementor-grid-tablet-1 elementor-grid-mobile-1 load-more-align-center elementor-widget elementor-widget-posts\" data-id=\"e5e3d34\" data-element_type=\"widget\" data-e-type=\"widget\" data-settings=\"{&quot;classic_columns&quot;:&quot;2&quot;,&quot;classic_row_gap&quot;:{&quot;unit&quot;:&quot;px&quot;,&quot;size&quot;:&quot;30&quot;,&quot;sizes&quot;:[]},&quot;pagination_type&quot;:&quot;load_more_on_click&quot;,&quot;classic_columns_tablet&quot;:&quot;1&quot;,&quot;classic_columns_mobile&quot;:&quot;1&quot;,&quot;classic_row_gap_tablet&quot;:{&quot;unit&quot;:&quot;px&quot;,&quot;size&quot;:&quot;&quot;,&quot;sizes&quot;:[]},&quot;classic_row_gap_mobile&quot;:{&quot;unit&quot;:&quot;px&quot;,&quot;size&quot;:&quot;&quot;,&quot;sizes&quot;:[]},&quot;load_more_spinner&quot;:{&quot;value&quot;:&quot;fas fa-spinner&quot;,&quot;library&quot;:&quot;fa-solid&quot;}}\" data-widget_type=\"posts.classic\">\n\t\t\t\t<div class=\"elementor-widget-container\">\n\t\t\t\t\t\t\t<div class=\"elementor-posts-container elementor-posts elementor-posts--skin-classic elementor-grid\" role=\"list\">\n\t\t\t\t<article class=\"elementor-post elementor-grid-item post-439 post type-post status-publish format-standard has-post-thumbnail hentry category-oferte-de-munca cat-41-id\" role=\"listitem\">\n\t\t\t\t<a class=\"elementor-post__thumbnail__link\" href=\"https:\/\/www.rofa-group.com\/rofa-controls\/ro\/oferte-de-munca\/la-noroc-m-f-d-cerere-nesolicitata\/\" tabindex=\"-1\" >\n\t\t\t<div class=\"elementor-post__thumbnail\"><img decoding=\"async\" width=\"768\" height=\"768\" src=\"https:\/\/www.rofa-group.com\/rofa-controls\/wp-content\/uploads\/sites\/11\/bewerbung-768x768.jpg\" class=\"attachment-medium_large size-medium_large wp-image-449\" alt=\"Bewerbung\" srcset=\"https:\/\/www.rofa-group.com\/rofa-controls\/wp-content\/uploads\/sites\/11\/bewerbung-768x768.jpg 768w, https:\/\/www.rofa-group.com\/rofa-controls\/wp-content\/uploads\/sites\/11\/bewerbung-300x300.jpg 300w, https:\/\/www.rofa-group.com\/rofa-controls\/wp-content\/uploads\/sites\/11\/bewerbung-150x150.jpg 150w, https:\/\/www.rofa-group.com\/rofa-controls\/wp-content\/uploads\/sites\/11\/bewerbung-100x100.jpg 100w, https:\/\/www.rofa-group.com\/rofa-controls\/wp-content\/uploads\/sites\/11\/bewerbung.jpg 800w\" sizes=\"(max-width: 768px) 100vw, 768px\" \/><\/div>\n\t\t<\/a>\n\t\t\t\t<div class=\"elementor-post__text\">\n\t\t\t\t<h3 class=\"elementor-post__title\">\n\t\t\t<a href=\"https:\/\/www.rofa-group.com\/rofa-controls\/ro\/oferte-de-munca\/la-noroc-m-f-d-cerere-nesolicitata\/\" >\n\t\t\t\tLa noroc (m\/f\/d) Cerere nesolicitat\u0103\t\t\t<\/a>\n\t\t<\/h3>\n\t\t\t\t<\/div>\n\t\t\t\t<\/article>\n\t\t\t\t<\/div>\n\t\t\t\t\t<span class=\"e-load-more-spinner\">\n\t\t\t\t<svg aria-hidden=\"true\" class=\"e-font-icon-svg e-fas-spinner\" viewBox=\"0 0 512 512\" xmlns=\"http:\/\/www.w3.org\/2000\/svg\"><path d=\"M304 48c0 26.51-21.49 48-48 48s-48-21.49-48-48 21.49-48 48-48 48 21.49 48 48zm-48 368c-26.51 0-48 21.49-48 48s21.49 48 48 48 48-21.49 48-48-21.49-48-48-48zm208-208c-26.51 0-48 21.49-48 48s21.49 48 48 48 48-21.49 48-48-21.49-48-48-48zM96 256c0-26.51-21.49-48-48-48S0 229.49 0 256s21.49 48 48 48 48-21.49 48-48zm12.922 99.078c-26.51 0-48 21.49-48 48s21.49 48 48 48 48-21.49 48-48c0-26.509-21.491-48-48-48zm294.156 0c-26.51 0-48 21.49-48 48s21.49 48 48 48 48-21.49 48-48c0-26.509-21.49-48-48-48zM108.922 60.922c-26.51 0-48 21.49-48 48s21.49 48 48 48 48-21.49 48-48-21.491-48-48-48z\"><\/path><\/svg>\t\t\t<\/span>\n\t\t\n\t\t\t\t\t\t<\/div>\n\t\t\t\t<\/div>\n\t\t\t\t\t<\/div>\n\t\t<\/div>\n\t\t\t\t\t<\/div>\n\t\t<\/section>\n\t\t\t\t<section class=\"elementor-section elementor-top-section elementor-element elementor-element-c8e10ec elementor-section-boxed elementor-section-height-default elementor-section-height-default\" data-id=\"c8e10ec\" data-element_type=\"section\" data-e-type=\"section\">\n\t\t\t\t\t\t<div class=\"elementor-container elementor-column-gap-default\">\n\t\t\t\t\t<div class=\"elementor-column elementor-col-100 elementor-top-column elementor-element elementor-element-e9b88d6\" data-id=\"e9b88d6\" data-element_type=\"column\" data-e-type=\"column\">\n\t\t\t<div class=\"elementor-widget-wrap elementor-element-populated\">\n\t\t\t\t\t\t<div class=\"elementor-element elementor-element-8574b94 elementor-widget elementor-widget-spacer\" data-id=\"8574b94\" data-element_type=\"widget\" data-e-type=\"widget\" data-widget_type=\"spacer.default\">\n\t\t\t\t\t\t\t<div class=\"elementor-spacer\">\n\t\t\t<div class=\"elementor-spacer-inner\"><\/div>\n\t\t<\/div>\n\t\t\t\t\t\t<\/div>\n\t\t\t\t\t<\/div>\n\t\t<\/div>\n\t\t\t\t\t<\/div>\n\t\t<\/section>\n\t\t\t\t<section class=\"elementor-section elementor-top-section elementor-element elementor-element-3048b71 elementor-reverse-mobile elementor-section-boxed elementor-section-height-default elementor-section-height-default\" data-id=\"3048b71\" data-element_type=\"section\" data-e-type=\"section\" data-settings=\"{&quot;background_background&quot;:&quot;classic&quot;}\">\n\t\t\t\t\t\t<div class=\"elementor-container elementor-column-gap-extended\">\n\t\t\t\t\t<div class=\"elementor-column elementor-col-50 elementor-top-column elementor-element elementor-element-d8b1f7c\" data-id=\"d8b1f7c\" data-element_type=\"column\" data-e-type=\"column\" data-settings=\"{&quot;background_background&quot;:&quot;classic&quot;}\">\n\t\t\t<div class=\"elementor-widget-wrap elementor-element-populated\">\n\t\t\t\t\t\t<div class=\"elementor-element elementor-element-881eaac fragen elementor-widget elementor-widget-heading\" data-id=\"881eaac\" data-element_type=\"widget\" data-e-type=\"widget\" data-widget_type=\"heading.default\">\n\t\t\t\t\t<h2 class=\"elementor-heading-title elementor-size-default\">Mai ave\u021bi \u00eentreb\u0103ri? Suntem aici pentru dumneavoastr\u0103!<\/h2>\t\t\t\t<\/div>\n\t\t\t\t<div class=\"elementor-element elementor-element-3d7a20d elementor-widget elementor-widget-spacer\" data-id=\"3d7a20d\" data-element_type=\"widget\" data-e-type=\"widget\" data-widget_type=\"spacer.default\">\n\t\t\t\t\t\t\t<div class=\"elementor-spacer\">\n\t\t\t<div class=\"elementor-spacer-inner\"><\/div>\n\t\t<\/div>\n\t\t\t\t\t\t<\/div>\n\t\t\t\t<div class=\"elementor-element elementor-element-f8e2f69 elementor-widget elementor-widget-text-editor\" data-id=\"f8e2f69\" data-element_type=\"widget\" data-e-type=\"widget\" data-widget_type=\"text-editor.default\">\n\t\t\t\t\t\t\t\t\t<h3><strong>A lua legatura:<br><\/strong><\/h3>\n<p><strong>Mobile:<\/strong> +40 725 108 623&nbsp;<br><span style=\"font-weight: bolder\">Phone:&nbsp;&nbsp;<\/span>+40 256 439 461<br><strong>Email:<\/strong>&nbsp;<a style=\"color: #fff !important\" href=\"mailto:cizmariu@rofa-group.org\" target=\"_blank\" rel=\"noopener\">cizmariu@rofa-group.org<\/a><br><\/p>\n<p><strong>Flavius Cizmariu<\/strong><br>Director general ROFA Controls Romania S.R.L.<\/p>\t\t\t\t\t\t\t\t<\/div>\n\t\t\t\t\t<\/div>\n\t\t<\/div>\n\t\t\t\t<div class=\"elementor-column elementor-col-50 elementor-top-column elementor-element elementor-element-617e754\" data-id=\"617e754\" data-element_type=\"column\" data-e-type=\"column\" data-settings=\"{&quot;background_background&quot;:&quot;classic&quot;}\">\n\t\t\t<div class=\"elementor-widget-wrap elementor-element-populated\">\n\t\t\t\t\t\t<section class=\"elementor-section elementor-inner-section elementor-element elementor-element-33eda75 elementor-section-boxed elementor-section-height-default elementor-section-height-default\" data-id=\"33eda75\" data-element_type=\"section\" data-e-type=\"section\">\n\t\t\t\t\t\t<div class=\"elementor-container elementor-column-gap-default\">\n\t\t\t\t\t<div class=\"elementor-column elementor-col-100 elementor-inner-column elementor-element elementor-element-5b72b01\" data-id=\"5b72b01\" data-element_type=\"column\" data-e-type=\"column\" data-settings=\"{&quot;background_background&quot;:&quot;classic&quot;}\">\n\t\t\t<div class=\"elementor-widget-wrap elementor-element-populated\">\n\t\t\t\t\t\t<div class=\"elementor-element elementor-element-a6c1119 elementor-widget elementor-widget-image\" data-id=\"a6c1119\" data-element_type=\"widget\" data-e-type=\"widget\" data-widget_type=\"image.default\">\n\t\t\t\t\t\t\t\t\t\t\t\t\t\t\t<img decoding=\"async\" width=\"768\" height=\"768\" src=\"https:\/\/www.rofa-group.com\/rofa-controls\/wp-content\/uploads\/sites\/11\/Flavius-Cizmariu-768x768.jpg\" class=\"attachment-medium_large size-medium_large wp-image-380\" alt=\"Portraitfoto: Flavius Cizmariu\" srcset=\"https:\/\/www.rofa-group.com\/rofa-controls\/wp-content\/uploads\/sites\/11\/Flavius-Cizmariu-768x768.jpg 768w, https:\/\/www.rofa-group.com\/rofa-controls\/wp-content\/uploads\/sites\/11\/Flavius-Cizmariu-300x300.jpg 300w, https:\/\/www.rofa-group.com\/rofa-controls\/wp-content\/uploads\/sites\/11\/Flavius-Cizmariu-150x150.jpg 150w, https:\/\/www.rofa-group.com\/rofa-controls\/wp-content\/uploads\/sites\/11\/Flavius-Cizmariu-100x100.jpg 100w, https:\/\/www.rofa-group.com\/rofa-controls\/wp-content\/uploads\/sites\/11\/Flavius-Cizmariu.jpg 800w\" sizes=\"(max-width: 768px) 100vw, 768px\" \/>\t\t\t\t\t\t\t\t\t\t\t\t\t\t\t<\/div>\n\t\t\t\t\t<\/div>\n\t\t<\/div>\n\t\t\t\t\t<\/div>\n\t\t<\/section>\n\t\t\t\t\t<\/div>\n\t\t<\/div>\n\t\t\t\t\t<\/div>\n\t\t<\/section>\n\t\t\t\t<section class=\"elementor-section elementor-top-section elementor-element elementor-element-137eee8 elementor-section-boxed elementor-section-height-default elementor-section-height-default\" data-id=\"137eee8\" data-element_type=\"section\" data-e-type=\"section\">\n\t\t\t\t\t\t<div class=\"elementor-container elementor-column-gap-default\">\n\t\t\t\t\t<div class=\"elementor-column elementor-col-100 elementor-top-column elementor-element elementor-element-92547bb\" data-id=\"92547bb\" data-element_type=\"column\" data-e-type=\"column\">\n\t\t\t<div class=\"elementor-widget-wrap elementor-element-populated\">\n\t\t\t\t\t\t<div class=\"elementor-element elementor-element-e582aec elementor-widget elementor-widget-spacer\" data-id=\"e582aec\" data-element_type=\"widget\" data-e-type=\"widget\" data-widget_type=\"spacer.default\">\n\t\t\t\t\t\t\t<div class=\"elementor-spacer\">\n\t\t\t<div class=\"elementor-spacer-inner\"><\/div>\n\t\t<\/div>\n\t\t\t\t\t\t<\/div>\n\t\t\t\t\t<\/div>\n\t\t<\/div>\n\t\t\t\t\t<\/div>\n\t\t<\/section>\n\t\t\t\t<\/div>\n\t\t","protected":false},"excerpt":{"rendered":"<p>Pune\u021bi-v\u0103 \u00een mi\u0219care Faceti parte din echipa noastr\u0103 \u00cen jurul lumii, O echip\u0103 puternic\u0103. Suntem \u00een continu\u0103 cre\u0219tere \u0219i suntem mereu interesa\u021bi s\u0103 recrut\u0103m noi<\/p>\n","protected":false},"author":1,"featured_media":0,"parent":0,"menu_order":0,"comment_status":"closed","ping_status":"closed","template":"","meta":{"_acf_changed":false,"footnotes":""},"class_list":["post-488","page","type-page","status-publish","hentry","cat-41-id"],"acf":[],"_links":{"self":[{"href":"https:\/\/www.rofa-group.com\/rofa-controls\/wp-json\/wp\/v2\/pages\/488","targetHints":{"allow":["GET"]}}],"collection":[{"href":"https:\/\/www.rofa-group.com\/rofa-controls\/wp-json\/wp\/v2\/pages"}],"about":[{"href":"https:\/\/www.rofa-group.com\/rofa-controls\/wp-json\/wp\/v2\/types\/page"}],"author":[{"embeddable":true,"href":"https:\/\/www.rofa-group.com\/rofa-controls\/wp-json\/wp\/v2\/users\/1"}],"replies":[{"embeddable":true,"href":"https:\/\/www.rofa-group.com\/rofa-controls\/wp-json\/wp\/v2\/comments?post=488"}],"version-history":[{"count":16,"href":"https:\/\/www.rofa-group.com\/rofa-controls\/wp-json\/wp\/v2\/pages\/488\/revisions"}],"predecessor-version":[{"id":588,"href":"https:\/\/www.rofa-group.com\/rofa-controls\/wp-json\/wp\/v2\/pages\/488\/revisions\/588"}],"wp:attachment":[{"href":"https:\/\/www.rofa-group.com\/rofa-controls\/wp-json\/wp\/v2\/media?parent=488"}],"curies":[{"name":"wp","href":"https:\/\/api.w.org\/{rel}","templated":true}]}}