{"id":231,"date":"2020-06-05T00:55:44","date_gmt":"2020-06-04T22:55:44","guid":{"rendered":"https:\/\/www.rofa-group.com\/rofa-controls\/?page_id=231"},"modified":"2023-11-22T09:20:54","modified_gmt":"2023-11-22T08:20:54","slug":"imprima","status":"publish","type":"page","link":"https:\/\/www.rofa-group.com\/rofa-controls\/ro\/imprima\/","title":{"rendered":"Imprima"},"content":{"rendered":"\t\t<div data-elementor-type=\"wp-page\" data-elementor-id=\"231\" class=\"elementor elementor-231\" data-elementor-post-type=\"page\">\n\t\t\t\t\t\t<section class=\"elementor-section elementor-top-section elementor-element elementor-element-4b740e74 elementor-section-content-top elementor-section-height-min-height elementor-section-items-stretch elementor-section-boxed elementor-section-height-default\" data-id=\"4b740e74\" data-element_type=\"section\" data-e-type=\"section\" data-settings=\"{&quot;background_background&quot;:&quot;classic&quot;}\">\n\t\t\t\t\t\t<div class=\"elementor-container elementor-column-gap-no\">\n\t\t\t\t\t<div class=\"elementor-column elementor-col-100 elementor-top-column elementor-element elementor-element-5830b4e\" data-id=\"5830b4e\" data-element_type=\"column\" data-e-type=\"column\" data-settings=\"{&quot;background_background&quot;:&quot;classic&quot;}\">\n\t\t\t<div class=\"elementor-widget-wrap\">\n\t\t\t\t\t\t\t<\/div>\n\t\t<\/div>\n\t\t\t\t\t<\/div>\n\t\t<\/section>\n\t\t\t\t<section class=\"elementor-section elementor-top-section elementor-element elementor-element-1002971f elementor-section-boxed elementor-section-height-default elementor-section-height-default\" data-id=\"1002971f\" data-element_type=\"section\" data-e-type=\"section\" data-settings=\"{&quot;background_background&quot;:&quot;classic&quot;}\">\n\t\t\t\t\t\t<div class=\"elementor-container elementor-column-gap-no\">\n\t\t\t\t\t<div class=\"elementor-column elementor-col-50 elementor-top-column elementor-element elementor-element-fea50f4\" data-id=\"fea50f4\" data-element_type=\"column\" data-e-type=\"column\" data-settings=\"{&quot;background_background&quot;:&quot;classic&quot;}\">\n\t\t\t<div class=\"elementor-widget-wrap elementor-element-populated\">\n\t\t\t\t\t\t<div class=\"elementor-element elementor-element-9c3f0ba elementor-widget elementor-widget-text-editor\" data-id=\"9c3f0ba\" data-element_type=\"widget\" data-e-type=\"widget\" data-widget_type=\"text-editor.default\">\n\t\t\t\t\t\t\t\t\t<h1 class=\"fett\">IMPRIMA<\/h1>\n<h2 class=\"mittel\">Prelucrarea transparent\u0103 a datelor<\/h2>\t\t\t\t\t\t\t\t<\/div>\n\t\t\t\t\t<\/div>\n\t\t<\/div>\n\t\t\t\t<div class=\"elementor-column elementor-col-50 elementor-top-column elementor-element elementor-element-54360c26\" data-id=\"54360c26\" data-element_type=\"column\" data-e-type=\"column\">\n\t\t\t<div class=\"elementor-widget-wrap\">\n\t\t\t\t\t\t\t<\/div>\n\t\t<\/div>\n\t\t\t\t\t<\/div>\n\t\t<\/section>\n\t\t\t\t<section class=\"elementor-section elementor-top-section elementor-element elementor-element-4fe6df5f elementor-section-boxed elementor-section-height-default elementor-section-height-default\" data-id=\"4fe6df5f\" data-element_type=\"section\" data-e-type=\"section\">\n\t\t\t\t\t\t<div class=\"elementor-container elementor-column-gap-default\">\n\t\t\t\t\t<div class=\"elementor-column elementor-col-100 elementor-top-column elementor-element elementor-element-5e82c409\" data-id=\"5e82c409\" data-element_type=\"column\" data-e-type=\"column\">\n\t\t\t<div class=\"elementor-widget-wrap elementor-element-populated\">\n\t\t\t\t\t\t<div class=\"elementor-element elementor-element-2ea565b4 elementor-widget elementor-widget-text-editor\" data-id=\"2ea565b4\" data-element_type=\"widget\" data-e-type=\"widget\" data-widget_type=\"text-editor.default\">\n\t\t\t\t\t\t\t\t\t<p><strong>ROFA Controls Romania S.R.L<\/strong><br>Str. Torino Nr.1 <br>300518 Timi\u015foara <br>Romania<\/p>\n<p><b>Num\u0103r de ordine \u00een Registrul Comer\u0163ului:<\/b> J35 \/ 2767 \/ 12.11.2012<br>OFICIUL REGISTRULUI COMERTULUI DE PE LANGA TRIBUNALUL TIMIS<\/p>\n<p><b>Comitet de conducere \/ Consiliul de administrare: <\/b>Rainer Lange, Flavius Cizmariu, Christian Halmbacher<\/p>\n<h2>Contact<\/h2>\n<p><b>Telefon:<\/b> +40 256 439 461<br><b>Email:<\/b> cizmariu(at)rofa-group.org<\/p>\n<h2>Codul Unic de inregistrare in scopuri de TVA<\/h2>\n<p>Codul de inregistrare in scopuri de TVA RO30894948<\/p>\n<h2>Persoana responsabil\u0103 pentru con\u021binut conform Art. 5 din Legea nr. 544 din 12 octombrie 2001 privind liberul acces la informa\u0163iile de interes public<\/h2>\n<p>Flavius Cizmariu<br>Str. Torino Nr.1 <br>300518 Timi\u015foara <br>Romania<\/p>\n<h2>Indica\u021bii despre autoritatea responsabil\u0103<\/h2>\n<p>Autoritatea responsabil\u0103 pentru procesarea datelor pe acest website este:<\/p>\n<p><strong>ROFA Controls Romania S.R.L<\/strong><br>Str. Torino Nr.1 <br>300518 Timi\u015foara <br>Romania<\/p>\n<p><strong>T<\/strong><b>elefon:<\/b> +40 256 439 461<br><b>Email:<\/b> cizmariu(at)rofa-group.org<\/p>\n<p>Autoritatea responsabil\u0103 pentru desemnarea legal\u0103 a unui responsabil cu protec\u021bia datelor pe acest website este:<\/p>\n<p><strong>ROFA Controls Romania S.R.L<\/strong><br>Responsabil cu protec\u021bia datelor<br>Str. Torino Nr.1 <br>300518 Timi\u015foara <br>Romania<\/p>\n<p><strong>E-Mail:<\/strong> datenschutz.rofa(at)rofa-group.com<\/p>\n<h2>Programare &amp; Integrare CMS<\/h2>\n<p>instant media \u2013 agen\u021bia de publicitate M\u00fcnchen \/ Germania<\/p>\n<h2>Solu\u021bionarea litigiilor<\/h2>\n<p>Comisia european\u0103 pune la dispozi\u021bie o platform\u0103 pentru solu\u021bionarea online a litigiilor (SOL): https:\/\/ec.europa.eu\/consumers\/odr.<br>Adresele noastre de email le g\u0103si\u021bi mai sus la sec\u021biunea contact.<br>Nu suntem dispu\u0219i sau obliga\u021bi s\u0103 particip\u0103m la procedurile de solu\u021bionare a litigiilor extrajudiciare \u00een fa\u021ba autorit\u0103\u021bii de mediere a consumatorilor.<\/p>\n<h2>R\u0103spunderea pentru con\u021binuturi<\/h2>\n<p>\u00cen calitate de furnizor de servicii suntem r\u0103spunz\u0103tori pentru propriile con\u021binuturi de pe aceste pagini create conform legilor generale. nu suntem obliga\u021bi \u00een calitate de furnizor de servicii s\u0103 monitoriz\u0103m informa\u021biile str\u0103ine transmise sau salvate, care presupun activit\u0103\u021bi ilegale, sau \u00een alte condi\u021bii s\u0103 le cercet\u0103m.<br>Obliga\u021biile de a \u0219terge sau bloca utilizarea informa\u021biilor \u00een conformitate cu legile generale r\u0103m\u00e2n neafectate. R\u0103spunderea \u00een aceast\u0103 privin\u021b\u0103 este posibil\u0103 numai din momentul lu\u0103rii la cuno\u0219tin\u021b\u0103 despre o \u00eenc\u0103lcare legal\u0103 specific\u0103. Imediat ce ni se vor face cunoscute astfel de ilegalit\u0103\u021bi, vom elimina imediat aceste con\u021binuturi.<\/p>\n<h2>R\u0103spunderea pentru linkuri<\/h2>\n<p>Oferta noastr\u0103 con\u021bine linkuri c\u0103tre website-uri externe ale unor persoane ter\u021be, asupra c\u0103rora nu avem nicio influen\u021b\u0103. De aceea nu ne putem asuma r\u0103spunderea pentru aceste con\u021binuturi str\u0103ine. Pentru con\u021binuturile paginilor interconectate este \u00eentotdeauna responsabil furnizorul respectiv operatorul paginilor. Paginile interconectate sunt verificate la momentul cre\u0103rii linkului pentru eventuale ilegalit\u0103\u021bi. Nu au fost recunoscute con\u021binuturi ilegale la momentul cre\u0103rii linkului.<br>Un control permanent al con\u021binutului paginilor interconectate nu este posibil f\u0103r\u0103 indica\u021bii concrete \u00een privin\u021ba unei ilegalit\u0103\u021bi. Imediat ce ni se vor face cunoscute astfel de ilegalit\u0103\u021bi, vom elimina imediat aceste con\u021binuturi.<\/p>\n<h2>Dreptul de autor<\/h2>\n<p>Con\u021binuturile \u0219i lucr\u0103rile de pe aceste pagini, create de operatorul paginilor, sunt supuse legisla\u021biei romanesti privind dreptul de autor. (Legea nr. 8 din 14 martie 1996 privind dreptul de autor \u015fi drepturile conexe*). Multiplicarea, editarea, distribuirea \u0219i orice fel de utilizare \u00een afara limitelor dreptului de autor necesit\u0103 acordul scris al autorului sau creatorului respectiv. Desc\u0103rc\u0103rile \u0219i copiile acestei pagini sunt permise numai pentru utilizare privat\u0103, non-comercial\u0103.<br>\u00cen ceea ce prive\u0219te con\u021binutul de pe aceast\u0103 pagin\u0103, care nu a fost creat de operator, sunt respectate drepturile de autor ale persoanelor ter\u021be. \u00cen special, con\u021binutul ter\u021bilor este marcat ca atare. Dac\u0103 totu\u0219i a\u021bi fost \u00een\u0219tiin\u021ba\u021bi despre \u00eenc\u0103lcarea dreptului de autor, v\u0103 rug\u0103m s\u0103 ne informa\u021bi. Imediat ce ni se vor face cunoscute astfel de ilegalit\u0103\u021bi, vom elimina imediat aceste con\u021binuturi.<br>Alte informa\u021bii despre protec\u021bia datelor g\u0103si\u021bi <a title=\"Datenschutz\" href=\"https:\/\/www.rofa-group.com\/rofa-controls\/ro\/protejarea-datelor\/\" rel=\"noopener\">aici<\/a>.<\/p>\n<p><\/p>\t\t\t\t\t\t\t\t<\/div>\n\t\t\t\t\t<\/div>\n\t\t<\/div>\n\t\t\t\t\t<\/div>\n\t\t<\/section>\n\t\t\t\t<\/div>\n\t\t","protected":false},"excerpt":{"rendered":"<p>IMPRIMA Prelucrarea transparent\u0103 a datelor ROFA Controls Romania S.R.LStr. Torino Nr.1 300518 Timi\u015foara Romania Num\u0103r de ordine \u00een Registrul Comer\u0163ului: J35 \/ 2767 \/ 12.11.2012OFICIUL REGISTRULUI COMERTULUI DE PE LANGA TRIBUNALUL TIMIS Comitet de conducere \/ Consiliul de administrare: Rainer Lange, Flavius Cizmariu, Christian Halmbacher Contact Telefon: +40 256 439 461Email: cizmariu(at)rofa-group.org Codul Unic de [&hellip;]<\/p>\n","protected":false},"author":1,"featured_media":0,"parent":0,"menu_order":0,"comment_status":"closed","ping_status":"closed","template":"","meta":{"_acf_changed":false,"footnotes":""},"class_list":["post-231","page","type-page","status-publish","hentry"],"acf":[],"_links":{"self":[{"href":"https:\/\/www.rofa-group.com\/rofa-controls\/wp-json\/wp\/v2\/pages\/231","targetHints":{"allow":["GET"]}}],"collection":[{"href":"https:\/\/www.rofa-group.com\/rofa-controls\/wp-json\/wp\/v2\/pages"}],"about":[{"href":"https:\/\/www.rofa-group.com\/rofa-controls\/wp-json\/wp\/v2\/types\/page"}],"author":[{"embeddable":true,"href":"https:\/\/www.rofa-group.com\/rofa-controls\/wp-json\/wp\/v2\/users\/1"}],"replies":[{"embeddable":true,"href":"https:\/\/www.rofa-group.com\/rofa-controls\/wp-json\/wp\/v2\/comments?post=231"}],"version-history":[{"count":18,"href":"https:\/\/www.rofa-group.com\/rofa-controls\/wp-json\/wp\/v2\/pages\/231\/revisions"}],"predecessor-version":[{"id":648,"href":"https:\/\/www.rofa-group.com\/rofa-controls\/wp-json\/wp\/v2\/pages\/231\/revisions\/648"}],"wp:attachment":[{"href":"https:\/\/www.rofa-group.com\/rofa-controls\/wp-json\/wp\/v2\/media?parent=231"}],"curies":[{"name":"wp","href":"https:\/\/api.w.org\/{rel}","templated":true}]}}