{"id":120,"date":"2020-05-14T17:46:11","date_gmt":"2020-05-14T15:46:11","guid":{"rendered":"https:\/\/www.rofa-group.com\/rofa-china\/?page_id=120"},"modified":"2020-05-18T15:26:52","modified_gmt":"2020-05-18T13:26:52","slug":"leistungen-services","status":"publish","type":"page","link":"https:\/\/www.rofa-group.com\/rofa-china\/leistungen-services\/","title":{"rendered":"Leistungen &amp; Services"},"content":{"rendered":"\t\t<div data-elementor-type=\"wp-page\" data-elementor-id=\"120\" class=\"elementor elementor-120\" data-elementor-post-type=\"page\">\n\t\t\t\t\t\t<section class=\"elementor-section elementor-top-section elementor-element elementor-element-66848da6 elementor-section-content-top elementor-section-height-min-height elementor-section-items-stretch elementor-section-boxed elementor-section-height-default\" data-id=\"66848da6\" data-element_type=\"section\" data-e-type=\"section\" id=\"mygfx\" data-settings=\"{&quot;background_background&quot;:&quot;classic&quot;}\">\n\t\t\t\t\t\t<div class=\"elementor-container elementor-column-gap-no\">\n\t\t\t\t\t<div class=\"elementor-column elementor-col-100 elementor-top-column elementor-element elementor-element-29a8d537\" data-id=\"29a8d537\" data-element_type=\"column\" data-e-type=\"column\" data-settings=\"{&quot;background_background&quot;:&quot;classic&quot;}\">\n\t\t\t<div class=\"elementor-widget-wrap\">\n\t\t\t\t\t\t\t<\/div>\n\t\t<\/div>\n\t\t\t\t\t<\/div>\n\t\t<\/section>\n\t\t\t\t<section class=\"elementor-section elementor-top-section elementor-element elementor-element-2ba421bb elementor-section-boxed elementor-section-height-default elementor-section-height-default\" data-id=\"2ba421bb\" data-element_type=\"section\" data-e-type=\"section\" data-settings=\"{&quot;background_background&quot;:&quot;classic&quot;}\">\n\t\t\t\t\t\t<div class=\"elementor-container elementor-column-gap-no\">\n\t\t\t\t\t<div class=\"elementor-column elementor-col-50 elementor-top-column elementor-element elementor-element-550cc46e\" data-id=\"550cc46e\" data-element_type=\"column\" data-e-type=\"column\" data-settings=\"{&quot;background_background&quot;:&quot;classic&quot;}\">\n\t\t\t<div class=\"elementor-widget-wrap elementor-element-populated\">\n\t\t\t\t\t\t<div class=\"elementor-element elementor-element-1faec9f7 elementor-widget elementor-widget-text-editor\" data-id=\"1faec9f7\" data-element_type=\"widget\" data-e-type=\"widget\" data-widget_type=\"text-editor.default\">\n\t\t\t\t\t\t\t\t\t<h1 class=\"fett\">LEISTUNGEN &amp; SERVICES<\/h1><h2 class=\"mittel\">Ihr Partner f\u00fcr Automatisierung<\/h2>\t\t\t\t\t\t\t\t<\/div>\n\t\t\t\t\t<\/div>\n\t\t<\/div>\n\t\t\t\t<div class=\"elementor-column elementor-col-50 elementor-top-column elementor-element elementor-element-18b13404\" data-id=\"18b13404\" data-element_type=\"column\" data-e-type=\"column\">\n\t\t\t<div class=\"elementor-widget-wrap\">\n\t\t\t\t\t\t\t<\/div>\n\t\t<\/div>\n\t\t\t\t\t<\/div>\n\t\t<\/section>\n\t\t\t\t<section class=\"elementor-section elementor-top-section elementor-element elementor-element-5bb1bbea elementor-section-boxed elementor-section-height-default elementor-section-height-default\" data-id=\"5bb1bbea\" data-element_type=\"section\" data-e-type=\"section\">\n\t\t\t\t\t\t<div class=\"elementor-container elementor-column-gap-default\">\n\t\t\t\t\t<div class=\"elementor-column elementor-col-100 elementor-top-column elementor-element elementor-element-5b41e133\" data-id=\"5b41e133\" data-element_type=\"column\" data-e-type=\"column\">\n\t\t\t<div class=\"elementor-widget-wrap elementor-element-populated\">\n\t\t\t\t\t\t<div class=\"elementor-element elementor-element-7d26b0f0 elementor-widget elementor-widget-text-editor\" data-id=\"7d26b0f0\" data-element_type=\"widget\" data-e-type=\"widget\" data-widget_type=\"text-editor.default\">\n\t\t\t\t\t\t\t\t\tROFA China ist mit zwei Standorten in Beijing und Chengde auf dem asiatischen Markt pr\u00e4sent. Dank unserer langj\u00e4hrigen Erfahrung in der F\u00f6rdertechnik f\u00fcr den innerbetrieblichen Materialfluss finden wir auch f\u00fcr Ihr Automatisierungsprojekt die ma\u00dfgeschneiderte L\u00f6sung. Unsere Wettbewerbsvorteile sichern dabei Ihren Erfolg: Wir setzen auf hochqualifizierte Mitarbeiter, erstklassige Produktions&#173;anlagen sowie fortschrittliche Fertigungs&#173;technik, um zeitnah Ihre Produktivit\u00e4t zu steigern\nund Ihre Effizienz zu erh\u00f6hen. Ob h\u00e4ngend oder am Boden verlaufend, wir bieten das komplette Spektrum der industriellen Automatisierung und greifen bei Bedarf auf die Ressourcen und Spezial&#173;fertigkeiten der ROFA Group zur\u00fcck.\t\t\t\t\t\t\t\t<\/div>\n\t\t\t\t\t<\/div>\n\t\t<\/div>\n\t\t\t\t\t<\/div>\n\t\t<\/section>\n\t\t\t\t<section class=\"elementor-section elementor-top-section elementor-element elementor-element-5f403d49 elementor-section-boxed elementor-section-height-default elementor-section-height-default\" data-id=\"5f403d49\" data-element_type=\"section\" data-e-type=\"section\">\n\t\t\t\t\t\t<div class=\"elementor-container elementor-column-gap-default\">\n\t\t\t\t\t<div class=\"elementor-column elementor-col-100 elementor-top-column elementor-element elementor-element-34668820\" data-id=\"34668820\" data-element_type=\"column\" data-e-type=\"column\">\n\t\t\t<div class=\"elementor-widget-wrap elementor-element-populated\">\n\t\t\t\t\t\t<div class=\"elementor-element elementor-element-1c3ed349 elementor-hidden-phone elementor-widget elementor-widget-image\" data-id=\"1c3ed349\" data-element_type=\"widget\" data-e-type=\"widget\" data-widget_type=\"image.default\">\n\t\t\t\t\t\t\t\t\t\t\t\t\t\t\t<img fetchpriority=\"high\" decoding=\"async\" width=\"800\" height=\"383\" src=\"https:\/\/www.rofa-group.com\/rofa-china\/wp-content\/uploads\/sites\/13\/Leistungsbild_Desktop-1024x490.jpg\" class=\"attachment-large size-large wp-image-126\" alt=\"Leistungen &amp; Services\" srcset=\"https:\/\/www.rofa-group.com\/rofa-china\/wp-content\/uploads\/sites\/13\/Leistungsbild_Desktop-1024x490.jpg 1024w, https:\/\/www.rofa-group.com\/rofa-china\/wp-content\/uploads\/sites\/13\/Leistungsbild_Desktop-300x144.jpg 300w, https:\/\/www.rofa-group.com\/rofa-china\/wp-content\/uploads\/sites\/13\/Leistungsbild_Desktop-768x367.jpg 768w, https:\/\/www.rofa-group.com\/rofa-china\/wp-content\/uploads\/sites\/13\/Leistungsbild_Desktop.jpg 1200w\" sizes=\"(max-width: 800px) 100vw, 800px\" \/>\t\t\t\t\t\t\t\t\t\t\t\t\t\t\t<\/div>\n\t\t\t\t<div class=\"elementor-element elementor-element-74c2e0a2 elementor-hidden-desktop elementor-hidden-tablet elementor-widget elementor-widget-image\" data-id=\"74c2e0a2\" data-element_type=\"widget\" data-e-type=\"widget\" data-widget_type=\"image.default\">\n\t\t\t\t\t\t\t\t\t\t\t\t\t\t\t<img decoding=\"async\" width=\"800\" height=\"1023\" src=\"https:\/\/www.rofa-group.com\/rofa-china\/wp-content\/uploads\/sites\/13\/Leistungsbild_mobil-801x1024.jpg\" class=\"attachment-large size-large wp-image-124\" alt=\"Leistungen &amp; Services mobil\" srcset=\"https:\/\/www.rofa-group.com\/rofa-china\/wp-content\/uploads\/sites\/13\/Leistungsbild_mobil-801x1024.jpg 801w, https:\/\/www.rofa-group.com\/rofa-china\/wp-content\/uploads\/sites\/13\/Leistungsbild_mobil-235x300.jpg 235w, https:\/\/www.rofa-group.com\/rofa-china\/wp-content\/uploads\/sites\/13\/Leistungsbild_mobil-768x982.jpg 768w, https:\/\/www.rofa-group.com\/rofa-china\/wp-content\/uploads\/sites\/13\/Leistungsbild_mobil.jpg 1200w\" sizes=\"(max-width: 800px) 100vw, 800px\" \/>\t\t\t\t\t\t\t\t\t\t\t\t\t\t\t<\/div>\n\t\t\t\t\t<\/div>\n\t\t<\/div>\n\t\t\t\t\t<\/div>\n\t\t<\/section>\n\t\t\t\t<section class=\"elementor-section elementor-top-section elementor-element elementor-element-4e0b346c elementor-section-boxed elementor-section-height-default elementor-section-height-default\" data-id=\"4e0b346c\" data-element_type=\"section\" data-e-type=\"section\" data-settings=\"{&quot;background_background&quot;:&quot;classic&quot;}\">\n\t\t\t\t\t\t<div class=\"elementor-container elementor-column-gap-default\">\n\t\t\t\t\t<div class=\"elementor-column elementor-col-100 elementor-top-column elementor-element elementor-element-49822ec2\" data-id=\"49822ec2\" data-element_type=\"column\" data-e-type=\"column\">\n\t\t\t<div class=\"elementor-widget-wrap elementor-element-populated\">\n\t\t\t\t\t\t<div class=\"elementor-element elementor-element-63c71671 elementor-widget elementor-widget-image\" data-id=\"63c71671\" data-element_type=\"widget\" data-e-type=\"widget\" data-widget_type=\"image.default\">\n\t\t\t\t\t\t\t\t\t\t\t\t\t\t\t<img decoding=\"async\" width=\"1\" height=\"1\" src=\"https:\/\/www.rofa-group.com\/rofa-china\/wp-content\/uploads\/sites\/13\/Icon_Leistungen_Beratung.svg\" class=\"attachment-large size-large wp-image-127\" alt=\"Icon Leistungen Beratung\" \/>\t\t\t\t\t\t\t\t\t\t\t\t\t\t\t<\/div>\n\t\t\t\t<div class=\"elementor-element elementor-element-5433d8ca elementor-widget elementor-widget-heading\" data-id=\"5433d8ca\" data-element_type=\"widget\" data-e-type=\"widget\" data-widget_type=\"heading.default\">\n\t\t\t\t\t<h2 class=\"elementor-heading-title elementor-size-default\">BERATUNG &amp; PLANUNG<\/h2>\t\t\t\t<\/div>\n\t\t\t\t<div class=\"elementor-element elementor-element-722568fa elementor-widget elementor-widget-text-editor\" data-id=\"722568fa\" data-element_type=\"widget\" data-e-type=\"widget\" data-widget_type=\"text-editor.default\">\n\t\t\t\t\t\t\t\t\t<p>Zu Beginn der Zusammenarbeit setzen wir uns detailliert mit Ihren Vorgaben und Spezifikationen auseinander. Dazu betrachten wir die Anforderungen, die Ihr Projekt an die Konstruktion stellt, und sondieren geeignete Technologien f\u00fcr die Umsetzung. Ihre Vorteile: maximale Transparenz und Kostensicherheit, von Beginn an. Gleichzeitig definieren wir einen Projektmanager, der f\u00fcr die gesamte Durchf\u00fchrung des Vorhabens Ihr pers\u00f6nlicher Ansprechpartner ist.<\/p>\t\t\t\t\t\t\t\t<\/div>\n\t\t\t\t\t<\/div>\n\t\t<\/div>\n\t\t\t\t\t<\/div>\n\t\t<\/section>\n\t\t\t\t<section class=\"elementor-section elementor-top-section elementor-element elementor-element-3437c520 elementor-section-boxed elementor-section-height-default elementor-section-height-default\" data-id=\"3437c520\" data-element_type=\"section\" data-e-type=\"section\" data-settings=\"{&quot;background_background&quot;:&quot;classic&quot;}\">\n\t\t\t\t\t\t<div class=\"elementor-container elementor-column-gap-default\">\n\t\t\t\t\t<div class=\"elementor-column elementor-col-100 elementor-top-column elementor-element elementor-element-5111e5a8\" data-id=\"5111e5a8\" data-element_type=\"column\" data-e-type=\"column\">\n\t\t\t<div class=\"elementor-widget-wrap elementor-element-populated\">\n\t\t\t\t\t\t<div class=\"elementor-element elementor-element-7d933b72 elementor-widget elementor-widget-image\" data-id=\"7d933b72\" data-element_type=\"widget\" data-e-type=\"widget\" data-widget_type=\"image.default\">\n\t\t\t\t\t\t\t\t\t\t\t\t\t\t\t<img loading=\"lazy\" decoding=\"async\" width=\"1\" height=\"1\" src=\"https:\/\/www.rofa-group.com\/rofa-china\/wp-content\/uploads\/sites\/13\/Icon_Leistungen_Umsetzung.svg\" class=\"attachment-large size-large wp-image-129\" alt=\"\" \/>\t\t\t\t\t\t\t\t\t\t\t\t\t\t\t<\/div>\n\t\t\t\t<div class=\"elementor-element elementor-element-36760c4b elementor-widget elementor-widget-heading\" data-id=\"36760c4b\" data-element_type=\"widget\" data-e-type=\"widget\" data-widget_type=\"heading.default\">\n\t\t\t\t\t<h2 class=\"elementor-heading-title elementor-size-default\">UMSETZUNG &amp; SYSTEMINTEGRATION<\/h2>\t\t\t\t<\/div>\n\t\t\t\t<div class=\"elementor-element elementor-element-5b4ee9bc elementor-widget elementor-widget-text-editor\" data-id=\"5b4ee9bc\" data-element_type=\"widget\" data-e-type=\"widget\" data-widget_type=\"text-editor.default\">\n\t\t\t\t\t\t\t\t\t<p>Jedes Automatisierungsprojekt ist einzigartig. Wir verf\u00fcgen \u00fcber die Ressourcen, um Sie sicher und zuverl\u00e4ssig zum Erfolg zu f\u00fchren. Dazu geh\u00f6ren erfahrene Konstrukteure und Fertigungsexperten, ein agiles Management und die Einbindung in die weltweite ROFA-Group. Selbst in rasant wachsenden Industriezweigen liefern wir Qualit\u00e4tsarbeit in k\u00fcrzester Zeit. F\u00fcr den reibungslosen Ablauf und die Einhaltung s\u00e4mtlicher Vorgaben sorgt Ihr Projektmanager. Er koordiniert alle Gewerke und ist bei Fragen und Anliegen immer f\u00fcr Sie da.<\/p>\t\t\t\t\t\t\t\t<\/div>\n\t\t\t\t\t<\/div>\n\t\t<\/div>\n\t\t\t\t\t<\/div>\n\t\t<\/section>\n\t\t\t\t<section class=\"elementor-section elementor-top-section elementor-element elementor-element-257ac765 elementor-section-boxed elementor-section-height-default elementor-section-height-default\" data-id=\"257ac765\" data-element_type=\"section\" data-e-type=\"section\" data-settings=\"{&quot;background_background&quot;:&quot;classic&quot;}\">\n\t\t\t\t\t\t<div class=\"elementor-container elementor-column-gap-default\">\n\t\t\t\t\t<div class=\"elementor-column elementor-col-100 elementor-top-column elementor-element elementor-element-463671f\" data-id=\"463671f\" data-element_type=\"column\" data-e-type=\"column\">\n\t\t\t<div class=\"elementor-widget-wrap elementor-element-populated\">\n\t\t\t\t\t\t<div class=\"elementor-element elementor-element-335587ca elementor-widget elementor-widget-image\" data-id=\"335587ca\" data-element_type=\"widget\" data-e-type=\"widget\" data-widget_type=\"image.default\">\n\t\t\t\t\t\t\t\t\t\t\t\t\t\t\t<img loading=\"lazy\" decoding=\"async\" width=\"1\" height=\"1\" src=\"https:\/\/www.rofa-group.com\/rofa-china\/wp-content\/uploads\/sites\/13\/Icon_Leistungen_Service.svg\" class=\"attachment-large size-large wp-image-128\" alt=\"Icon Leistungen Service\" \/>\t\t\t\t\t\t\t\t\t\t\t\t\t\t\t<\/div>\n\t\t\t\t<div class=\"elementor-element elementor-element-6280c3fd elementor-widget elementor-widget-heading\" data-id=\"6280c3fd\" data-element_type=\"widget\" data-e-type=\"widget\" data-widget_type=\"heading.default\">\n\t\t\t\t\t<h2 class=\"elementor-heading-title elementor-size-default\">SERVICE &amp; SUPPORT<\/h2>\t\t\t\t<\/div>\n\t\t\t\t<div class=\"elementor-element elementor-element-19fbf386 elementor-widget elementor-widget-text-editor\" data-id=\"19fbf386\" data-element_type=\"widget\" data-e-type=\"widget\" data-widget_type=\"text-editor.default\">\n\t\t\t\t\t\t\t\t\t<p>Ihre Anlage soll maximale Produktivit\u00e4t entfalten und ausfallsicher arbeiten \u2013 nicht nur heute, sondern auch in Zukunft. Mit umfangreichen Serviceleistungen \u00fcber den gesamten Lebenszyklus machen wir genau das m\u00f6glich. Sprechen Sie mit uns, um ein individuelles Leistungspaket zu vereinbaren! Zum Portfolio z\u00e4hlen z.B. Mitarbeiterschulungen, fachgerechte Dokumentationen, ein schnelles Ersatzteilmanagement und unkomplizierte, professionelle Hilfe am Telefon sowie vor Ort. Wir geben alles, damit Ihr Return on investment optimal ist!<\/p>\t\t\t\t\t\t\t\t<\/div>\n\t\t\t\t\t<\/div>\n\t\t<\/div>\n\t\t\t\t\t<\/div>\n\t\t<\/section>\n\t\t\t\t<\/div>\n\t\t","protected":false},"excerpt":{"rendered":"<p>LEISTUNGEN &amp; SERVICES Ihr Partner f\u00fcr Automatisierung ROFA China ist mit zwei Standorten in Beijing und Chengde auf dem asiatischen Markt pr\u00e4sent. Dank unserer langj\u00e4hrigen Erfahrung in der F\u00f6rdertechnik f\u00fcr den innerbetrieblichen Materialfluss finden wir auch f\u00fcr Ihr Automatisierungsprojekt die ma\u00dfgeschneiderte L\u00f6sung. Unsere Wettbewerbsvorteile sichern dabei Ihren Erfolg: Wir setzen auf hochqualifizierte Mitarbeiter, erstklassige Produktions&#173;anlagen [&hellip;]<\/p>\n","protected":false},"author":1,"featured_media":0,"parent":0,"menu_order":0,"comment_status":"closed","ping_status":"closed","template":"","meta":{"_acf_changed":false,"footnotes":""},"class_list":["post-120","page","type-page","status-publish","hentry"],"acf":[],"_links":{"self":[{"href":"https:\/\/www.rofa-group.com\/rofa-china\/wp-json\/wp\/v2\/pages\/120","targetHints":{"allow":["GET"]}}],"collection":[{"href":"https:\/\/www.rofa-group.com\/rofa-china\/wp-json\/wp\/v2\/pages"}],"about":[{"href":"https:\/\/www.rofa-group.com\/rofa-china\/wp-json\/wp\/v2\/types\/page"}],"author":[{"embeddable":true,"href":"https:\/\/www.rofa-group.com\/rofa-china\/wp-json\/wp\/v2\/users\/1"}],"replies":[{"embeddable":true,"href":"https:\/\/www.rofa-group.com\/rofa-china\/wp-json\/wp\/v2\/comments?post=120"}],"version-history":[{"count":7,"href":"https:\/\/www.rofa-group.com\/rofa-china\/wp-json\/wp\/v2\/pages\/120\/revisions"}],"predecessor-version":[{"id":150,"href":"https:\/\/www.rofa-group.com\/rofa-china\/wp-json\/wp\/v2\/pages\/120\/revisions\/150"}],"wp:attachment":[{"href":"https:\/\/www.rofa-group.com\/rofa-china\/wp-json\/wp\/v2\/media?parent=120"}],"curies":[{"name":"wp","href":"https:\/\/api.w.org\/{rel}","templated":true}]}}