{"id":991,"date":"2019-11-04T15:11:24","date_gmt":"2019-11-04T14:11:24","guid":{"rendered":"https:\/\/www.rofa-group.com\/rofa-ag\/?page_id=991"},"modified":"2023-02-23T13:00:47","modified_gmt":"2023-02-23T12:00:47","slug":"impressum","status":"publish","type":"page","link":"https:\/\/www.rofa-group.com\/rofa-ag\/impressum\/","title":{"rendered":"Impressum"},"content":{"rendered":"\t\t<div data-elementor-type=\"wp-page\" data-elementor-id=\"991\" class=\"elementor elementor-991\" data-elementor-post-type=\"page\">\n\t\t\t\t\t\t<section class=\"elementor-section elementor-top-section elementor-element elementor-element-52eb541 elementor-section-content-top elementor-section-height-min-height elementor-section-items-stretch elementor-section-boxed elementor-section-height-default\" data-id=\"52eb541\" data-element_type=\"section\" data-e-type=\"section\" data-settings=\"{&quot;background_background&quot;:&quot;classic&quot;}\">\n\t\t\t\t\t\t<div class=\"elementor-container elementor-column-gap-no\">\n\t\t\t\t\t<div class=\"elementor-column elementor-col-100 elementor-top-column elementor-element elementor-element-514cd0e7\" data-id=\"514cd0e7\" data-element_type=\"column\" data-e-type=\"column\" data-settings=\"{&quot;background_background&quot;:&quot;classic&quot;}\">\n\t\t\t<div class=\"elementor-widget-wrap\">\n\t\t\t\t\t\t\t<\/div>\n\t\t<\/div>\n\t\t\t\t\t<\/div>\n\t\t<\/section>\n\t\t\t\t<section class=\"elementor-section elementor-top-section elementor-element elementor-element-66a2995a elementor-section-boxed elementor-section-height-default elementor-section-height-default\" data-id=\"66a2995a\" data-element_type=\"section\" data-e-type=\"section\" data-settings=\"{&quot;background_background&quot;:&quot;classic&quot;}\">\n\t\t\t\t\t\t<div class=\"elementor-container elementor-column-gap-no\">\n\t\t\t\t\t<div class=\"elementor-column elementor-col-50 elementor-top-column elementor-element elementor-element-3475e8e0\" data-id=\"3475e8e0\" data-element_type=\"column\" data-e-type=\"column\" data-settings=\"{&quot;background_background&quot;:&quot;classic&quot;}\">\n\t\t\t<div class=\"elementor-widget-wrap elementor-element-populated\">\n\t\t\t\t\t\t<div class=\"elementor-element elementor-element-70a6446e elementor-widget elementor-widget-text-editor\" data-id=\"70a6446e\" data-element_type=\"widget\" data-e-type=\"widget\" data-widget_type=\"text-editor.default\">\n\t\t\t\t\t\t\t\t\t<h1 class=\"fett\">IMPRESSUM<\/h1>\n<h2 class=\"mittel\">Transparente Datenverarbeitung<\/h2>\t\t\t\t\t\t\t\t<\/div>\n\t\t\t\t\t<\/div>\n\t\t<\/div>\n\t\t\t\t<div class=\"elementor-column elementor-col-50 elementor-top-column elementor-element elementor-element-6e0de56e\" data-id=\"6e0de56e\" data-element_type=\"column\" data-e-type=\"column\">\n\t\t\t<div class=\"elementor-widget-wrap\">\n\t\t\t\t\t\t\t<\/div>\n\t\t<\/div>\n\t\t\t\t\t<\/div>\n\t\t<\/section>\n\t\t\t\t<section class=\"elementor-section elementor-top-section elementor-element elementor-element-34284f77 elementor-section-boxed elementor-section-height-default elementor-section-height-default\" data-id=\"34284f77\" data-element_type=\"section\" data-e-type=\"section\">\n\t\t\t\t\t\t<div class=\"elementor-container elementor-column-gap-default\">\n\t\t\t\t\t<div class=\"elementor-column elementor-col-100 elementor-top-column elementor-element elementor-element-6928ce98\" data-id=\"6928ce98\" data-element_type=\"column\" data-e-type=\"column\">\n\t\t\t<div class=\"elementor-widget-wrap elementor-element-populated\">\n\t\t\t\t\t\t<div class=\"elementor-element elementor-element-352f639a elementor-widget elementor-widget-text-editor\" data-id=\"352f639a\" data-element_type=\"widget\" data-e-type=\"widget\" data-widget_type=\"text-editor.default\">\n\t\t\t\t\t\t\t\t\t<p><strong>ROFA INDUSTRIAL AUTOMATION AG<\/strong><br>Geigelsteinstrasse 3-5<br>83059 Kolbermoor<br>Deutschland<\/p>\n<p><b>Handelsregister:<\/b> HRB 22205<br><b>Registergericht:<\/b> Amtsgericht Traunstein<\/p>\n<p><b>Vorstand:<\/b><br>Andreas Bauer (Vors.), Rainer Lange, Martin Gr\u00e4b<br><br><\/p>\n<h2>Kontakt<\/h2>\n<p><b>Telefon:<\/b> +49 8031 2960-0<br><b>Telefax:<\/b> +49 8031 2960-60<br><b>E-Mail:<\/b> rofa(at)rofa-ag.de<br><br><\/p>\n<h2>Umsatzsteuer-ID<\/h2>\n<p><b>Umsatzsteuer-Identifikationsnummer gem\u00e4\u00df \u00a727 a Umsatzsteuergesetz:<\/b> <br>DE 131194622<br><br><\/p>\n<h2>Verantwortlich f\u00fcr den Inhalt nach \u00a7 55 Abs. 2 RStV<\/h2>\n<p>Dirk Nagraszus<br>Geigelsteinstrasse 3-5<br>83059 Kolbermoor<br>Deutschland<br><br><\/p>\n<h2>Hinweis zur den verantwortlichen Stellen<\/h2>\n<p>Die verantwortliche Stelle f\u00fcr die <strong>Datenverarbeitung<\/strong> auf dieser Website ist:<\/p>\n<p><strong>ROFA INDUSTRIAL AUTOMATION AG<\/strong><br>Geigelsteinstrasse 3-5<br>83059 Kolbermoor<br>Deutschland<\/p>\n<p><strong>Telefon:<\/strong> +49 8031 2960-0<br><strong>E-Mail:<\/strong> rofa(at)rofa-ag.de<\/p>\n<p>Die verantwortliche Stelle f\u00fcr den <strong>gesetzlich vorgeschriebenen Datenschutzbeauftragten<\/strong> auf dieser Website ist:<\/p>\n<p><strong>ROFA INDUSTRIAL AUTOMATION GROUP<\/strong><br>Datenschutzbeauftragter<br>Geigelsteinstra\u00dfe 3-5<br>83059 Kolbermoor<br>Deutschland<\/p>\n<p><strong>E-Mail:<\/strong> datenschutz.rofa(at)rofa-group.com<br><br><\/p>\n<p><\/p>\n<h2>Programmierung &amp; CMS Integration<\/h2>\n<p>instant media &#8211; Werbeagentur M\u00fcnchen \/ Deutschland<\/p>\n<h2>Konzept &amp; Kommunikation<\/h2>\n<p>Freemanizer Brand Communication &amp; Design \/ Die Wortgestalterin<br><br><\/p>\n<p><\/p>\n<h2>Streitschlichtung<\/h2>\n<p>Die Europ\u00e4ische Kommission stellt eine Plattform zur Online-Streitbeilegung (OS) bereit: https:\/\/ec.europa.eu\/consumers\/odr.<br>Unsere E-Mail-Adresse finden Sie oben im Impressum.<br>Wir sind nicht bereit oder verpflichtet, an Streitbeilegungsverfahren vor einer Verbraucherschlichtungsstelle teilzunehmen.<br><br><\/p>\n<h2>Haftung f\u00fcr Inhalte<\/h2>\n<p>Als Diensteanbieter sind wir gem\u00e4\u00df \u00a7 7 Abs.1 TMG f\u00fcr eigene Inhalte auf diesen Seiten nach den allgemeinen Gesetzen verantwortlich. Nach \u00a7\u00a7 8 bis 10 TMG sind wir als Diensteanbieter jedoch nicht verpflichtet, \u00fcbermittelte oder gespeicherte fremde Informationen zu \u00fcberwachen oder nach Umst\u00e4nden zu forschen, die auf eine rechtswidrige T\u00e4tigkeit hinweisen.<br>Verpflichtungen zur Entfernung oder Sperrung der Nutzung von Informationen nach den allgemeinen Gesetzen bleiben hiervon unber\u00fchrt. Eine diesbez\u00fcgliche Haftung ist jedoch erst ab dem Zeitpunkt der Kenntnis einer konkreten Rechtsverletzung m\u00f6glich. Bei Bekanntwerden von entsprechenden Rechtsverletzungen werden wir diese Inhalte umgehend entfernen.<br><br><\/p>\n<h2>Haftung f\u00fcr Links<\/h2>\n<p>Unser Angebot enth\u00e4lt Links zu externen Websites Dritter, auf deren Inhalte wir keinen Einfluss haben. Deshalb k\u00f6nnen wir f\u00fcr diese fremden Inhalte auch keine Gew\u00e4hr \u00fcbernehmen. F\u00fcr die Inhalte der verlinkten Seiten ist stets der jeweilige Anbieter oder Betreiber der Seiten verantwortlich. Die verlinkten Seiten wurden zum Zeitpunkt der Verlinkung auf m\u00f6gliche Rechtsverst\u00f6\u00dfe \u00fcberpr\u00fcft. Rechtswidrige Inhalte waren zum Zeitpunkt der Verlinkung nicht erkennbar.<br>Eine permanente inhaltliche Kontrolle der verlinkten Seiten ist jedoch ohne konkrete Anhaltspunkte einer Rechtsverletzung nicht zumutbar. Bei Bekanntwerden von Rechtsverletzungen werden wir derartige Links umgehend entfernen.<br><br><\/p>\n<h2>Urheberrecht<\/h2>\n<p>Die durch die Seitenbetreiber erstellten Inhalte und Werke auf diesen Seiten unterliegen dem deutschen Urheberrecht. Die Vervielf\u00e4ltigung, Bearbeitung, Verbreitung und jede Art der Verwertung au\u00dferhalb der Grenzen des Urheberrechtes bed\u00fcrfen der schriftlichen Zustimmung des jeweiligen Autors bzw. Erstellers. Downloads und Kopien dieser Seite sind nur f\u00fcr den privaten, nicht kommerziellen Gebrauch gestattet.<br>Soweit die Inhalte auf dieser Seite nicht vom Betreiber erstellt wurden, werden die Urheberrechte Dritter beachtet. Insbesondere werden Inhalte Dritter als solche gekennzeichnet. Sollten Sie trotzdem auf eine Urheberrechtsverletzung aufmerksam werden, bitten wir um einen entsprechenden Hinweis. Bei Bekanntwerden von Rechtsverletzungen werden wir derartige Inhalte umgehend entfernen.<\/p>\n<p>Weitere Informationen zum Datenschutz finden Sie&nbsp;<a title=\"Datenschutz\" href=\"https:\/\/www.rofa-group.com\/rofa-ag\/datenschutz\/\" rel=\"noopener\">hier<\/a>.<\/p>\t\t\t\t\t\t\t\t<\/div>\n\t\t\t\t\t<\/div>\n\t\t<\/div>\n\t\t\t\t\t<\/div>\n\t\t<\/section>\n\t\t\t\t<\/div>\n\t\t","protected":false},"excerpt":{"rendered":"<p>IMPRESSUM Transparente Datenverarbeitung ROFA INDUSTRIAL AUTOMATION AGGeigelsteinstrasse 3-583059 KolbermoorDeutschland Handelsregister: HRB 22205Registergericht: Amtsgericht Traunstein Vorstand:Andreas Bauer (Vors.), Rainer Lange, Martin Gr\u00e4b Kontakt Telefon: +49 8031 2960-0Telefax: +49 8031 2960-60E-Mail: rofa(at)rofa-ag.de Umsatzsteuer-ID Umsatzsteuer-Identifikationsnummer gem\u00e4\u00df \u00a727 a Umsatzsteuergesetz: DE 131194622 Verantwortlich f\u00fcr den Inhalt nach \u00a7 55 Abs. 2 RStV Dirk NagraszusGeigelsteinstrasse 3-583059 KolbermoorDeutschland Hinweis zur den [&hellip;]<\/p>\n","protected":false},"author":1,"featured_media":0,"parent":0,"menu_order":0,"comment_status":"closed","ping_status":"closed","template":"","meta":{"_acf_changed":false,"footnotes":""},"class_list":["post-991","page","type-page","status-publish","hentry"],"acf":[],"_links":{"self":[{"href":"https:\/\/www.rofa-group.com\/rofa-ag\/wp-json\/wp\/v2\/pages\/991","targetHints":{"allow":["GET"]}}],"collection":[{"href":"https:\/\/www.rofa-group.com\/rofa-ag\/wp-json\/wp\/v2\/pages"}],"about":[{"href":"https:\/\/www.rofa-group.com\/rofa-ag\/wp-json\/wp\/v2\/types\/page"}],"author":[{"embeddable":true,"href":"https:\/\/www.rofa-group.com\/rofa-ag\/wp-json\/wp\/v2\/users\/1"}],"replies":[{"embeddable":true,"href":"https:\/\/www.rofa-group.com\/rofa-ag\/wp-json\/wp\/v2\/comments?post=991"}],"version-history":[{"count":34,"href":"https:\/\/www.rofa-group.com\/rofa-ag\/wp-json\/wp\/v2\/pages\/991\/revisions"}],"predecessor-version":[{"id":4192,"href":"https:\/\/www.rofa-group.com\/rofa-ag\/wp-json\/wp\/v2\/pages\/991\/revisions\/4192"}],"wp:attachment":[{"href":"https:\/\/www.rofa-group.com\/rofa-ag\/wp-json\/wp\/v2\/media?parent=991"}],"curies":[{"name":"wp","href":"https:\/\/api.w.org\/{rel}","templated":true}]}}