{"id":670,"date":"2019-11-02T17:05:51","date_gmt":"2019-11-02T16:05:51","guid":{"rendered":"https:\/\/www.rofa-group.com\/rofa-ag\/?page_id=670"},"modified":"2021-06-10T12:39:52","modified_gmt":"2021-06-10T10:39:52","slug":"beratung-planung","status":"publish","type":"page","link":"https:\/\/www.rofa-group.com\/rofa-ag\/leistungen-services\/beratung-planung\/","title":{"rendered":"Beratung &amp; Planung"},"content":{"rendered":"\t\t<div data-elementor-type=\"wp-page\" data-elementor-id=\"670\" class=\"elementor elementor-670\" data-elementor-post-type=\"page\">\n\t\t\t\t\t\t<section class=\"elementor-section elementor-top-section elementor-element elementor-element-762f36e7 elementor-section-content-top elementor-section-height-min-height elementor-section-items-stretch elementor-section-boxed elementor-section-height-default\" data-id=\"762f36e7\" data-element_type=\"section\" data-e-type=\"section\" id=\"mygfx\" data-settings=\"{&quot;background_background&quot;:&quot;classic&quot;}\">\n\t\t\t\t\t\t<div class=\"elementor-container elementor-column-gap-no\">\n\t\t\t\t\t<div class=\"elementor-column elementor-col-100 elementor-top-column elementor-element elementor-element-66b1211a\" data-id=\"66b1211a\" data-element_type=\"column\" data-e-type=\"column\" data-settings=\"{&quot;background_background&quot;:&quot;classic&quot;}\">\n\t\t\t<div class=\"elementor-widget-wrap\">\n\t\t\t\t\t\t\t<\/div>\n\t\t<\/div>\n\t\t\t\t\t<\/div>\n\t\t<\/section>\n\t\t\t\t<section class=\"elementor-section elementor-top-section elementor-element elementor-element-db7d687 elementor-hidden-desktop elementor-hidden-tablet elementor-section-boxed elementor-section-height-default elementor-section-height-default\" data-id=\"db7d687\" data-element_type=\"section\" data-e-type=\"section\">\n\t\t\t\t\t\t<div class=\"elementor-container elementor-column-gap-default\">\n\t\t\t\t\t<div class=\"elementor-column elementor-col-100 elementor-top-column elementor-element elementor-element-87394db\" data-id=\"87394db\" data-element_type=\"column\" data-e-type=\"column\">\n\t\t\t<div class=\"elementor-widget-wrap elementor-element-populated\">\n\t\t\t\t\t\t<section class=\"elementor-section elementor-inner-section elementor-element elementor-element-66aed3f elementor-section-boxed elementor-section-height-default elementor-section-height-default\" data-id=\"66aed3f\" data-element_type=\"section\" data-e-type=\"section\">\n\t\t\t\t\t\t<div class=\"elementor-container elementor-column-gap-default\">\n\t\t\t\t\t<div class=\"elementor-column elementor-col-50 elementor-inner-column elementor-element elementor-element-3723c38\" data-id=\"3723c38\" data-element_type=\"column\" data-e-type=\"column\">\n\t\t\t<div class=\"elementor-widget-wrap elementor-element-populated\">\n\t\t\t\t\t\t<div class=\"elementor-element elementor-element-d3139fd elementor-widget elementor-widget-image\" data-id=\"d3139fd\" data-element_type=\"widget\" data-e-type=\"widget\" data-widget_type=\"image.default\">\n\t\t\t\t\t\t\t\t\t\t\t\t\t\t\t\t<a href=\"#\">\n\t\t\t\t\t\t\t<img decoding=\"async\" src=\"https:\/\/www.rofa-group.com\/moll\/wp-content\/uploads\/sites\/4\/2019\/12\/Leistungen_Beratung.svg\" title=\"\" alt=\"\" loading=\"lazy\" \/>\t\t\t\t\t\t\t\t<\/a>\n\t\t\t\t\t\t\t\t\t\t\t\t\t\t\t<\/div>\n\t\t\t\t\t<\/div>\n\t\t<\/div>\n\t\t\t\t<div class=\"elementor-column elementor-col-50 elementor-inner-column elementor-element elementor-element-5b64085\" data-id=\"5b64085\" data-element_type=\"column\" data-e-type=\"column\">\n\t\t\t<div class=\"elementor-widget-wrap elementor-element-populated\">\n\t\t\t\t\t\t<div class=\"elementor-element elementor-element-6cca6f1 elementor-widget elementor-widget-heading\" data-id=\"6cca6f1\" data-element_type=\"widget\" data-e-type=\"widget\" data-widget_type=\"heading.default\">\n\t\t\t\t\t<h3 class=\"elementor-heading-title elementor-size-default\"><a href=\"#\">Beratung &amp; Planung<\/a><\/h3>\t\t\t\t<\/div>\n\t\t\t\t\t<\/div>\n\t\t<\/div>\n\t\t\t\t\t<\/div>\n\t\t<\/section>\n\t\t\t\t<section class=\"elementor-section elementor-inner-section elementor-element elementor-element-ca30fac elementor-section-boxed elementor-section-height-default elementor-section-height-default\" data-id=\"ca30fac\" data-element_type=\"section\" data-e-type=\"section\">\n\t\t\t\t\t\t<div class=\"elementor-container elementor-column-gap-default\">\n\t\t\t\t\t<div class=\"elementor-column elementor-col-50 elementor-inner-column elementor-element elementor-element-f603046\" data-id=\"f603046\" data-element_type=\"column\" data-e-type=\"column\">\n\t\t\t<div class=\"elementor-widget-wrap elementor-element-populated\">\n\t\t\t\t\t\t<div class=\"elementor-element elementor-element-92a48aa elementor-widget elementor-widget-image\" data-id=\"92a48aa\" data-element_type=\"widget\" data-e-type=\"widget\" data-widget_type=\"image.default\">\n\t\t\t\t\t\t\t\t\t\t\t\t\t\t\t\t<a href=\"https:\/\/www.rofa-group.com\/rofa-ag\/leistungen-services\/umsetzung-systemintegration\">\n\t\t\t\t\t\t\t<img decoding=\"async\" src=\"https:\/\/www.rofa-group.com\/moll\/wp-content\/uploads\/sites\/4\/2019\/12\/Leistungen_Umsetzung.svg\" title=\"\" alt=\"\" loading=\"lazy\" \/>\t\t\t\t\t\t\t\t<\/a>\n\t\t\t\t\t\t\t\t\t\t\t\t\t\t\t<\/div>\n\t\t\t\t\t<\/div>\n\t\t<\/div>\n\t\t\t\t<div class=\"elementor-column elementor-col-50 elementor-inner-column elementor-element elementor-element-66795ff\" data-id=\"66795ff\" data-element_type=\"column\" data-e-type=\"column\">\n\t\t\t<div class=\"elementor-widget-wrap elementor-element-populated\">\n\t\t\t\t\t\t<div class=\"elementor-element elementor-element-012cd43 elementor-widget elementor-widget-heading\" data-id=\"012cd43\" data-element_type=\"widget\" data-e-type=\"widget\" data-widget_type=\"heading.default\">\n\t\t\t\t\t<h3 class=\"elementor-heading-title elementor-size-default\"><a href=\"https:\/\/www.rofa-group.com\/rofa-ag\/leistungen-services\/umsetzung-systemintegration\">Umsetzung &amp; Systemintegration<\/a><\/h3>\t\t\t\t<\/div>\n\t\t\t\t\t<\/div>\n\t\t<\/div>\n\t\t\t\t\t<\/div>\n\t\t<\/section>\n\t\t\t\t<section class=\"elementor-section elementor-inner-section elementor-element elementor-element-a32ff05 elementor-section-boxed elementor-section-height-default elementor-section-height-default\" data-id=\"a32ff05\" data-element_type=\"section\" data-e-type=\"section\">\n\t\t\t\t\t\t<div class=\"elementor-container elementor-column-gap-default\">\n\t\t\t\t\t<div class=\"elementor-column elementor-col-50 elementor-inner-column elementor-element elementor-element-bd71eba\" data-id=\"bd71eba\" data-element_type=\"column\" data-e-type=\"column\">\n\t\t\t<div class=\"elementor-widget-wrap elementor-element-populated\">\n\t\t\t\t\t\t<div class=\"elementor-element elementor-element-e59454d elementor-widget elementor-widget-image\" data-id=\"e59454d\" data-element_type=\"widget\" data-e-type=\"widget\" data-widget_type=\"image.default\">\n\t\t\t\t\t\t\t\t\t\t\t\t\t\t\t\t<a href=\"https:\/\/www.rofa-group.com\/rofa-ag\/leistungen-services\/service-support\">\n\t\t\t\t\t\t\t<img decoding=\"async\" src=\"https:\/\/www.rofa-group.com\/moll\/wp-content\/uploads\/sites\/4\/2019\/12\/Leistungen_Service.svg\" title=\"\" alt=\"\" loading=\"lazy\" \/>\t\t\t\t\t\t\t\t<\/a>\n\t\t\t\t\t\t\t\t\t\t\t\t\t\t\t<\/div>\n\t\t\t\t\t<\/div>\n\t\t<\/div>\n\t\t\t\t<div class=\"elementor-column elementor-col-50 elementor-inner-column elementor-element elementor-element-7bd8ab2\" data-id=\"7bd8ab2\" data-element_type=\"column\" data-e-type=\"column\">\n\t\t\t<div class=\"elementor-widget-wrap elementor-element-populated\">\n\t\t\t\t\t\t<div class=\"elementor-element elementor-element-23709ab elementor-widget elementor-widget-heading\" data-id=\"23709ab\" data-element_type=\"widget\" data-e-type=\"widget\" data-widget_type=\"heading.default\">\n\t\t\t\t\t<h3 class=\"elementor-heading-title elementor-size-default\"><a href=\"https:\/\/www.rofa-group.com\/rofa-ag\/leistungen-services\/service-support\">Service &amp; Support<\/a><\/h3>\t\t\t\t<\/div>\n\t\t\t\t\t<\/div>\n\t\t<\/div>\n\t\t\t\t\t<\/div>\n\t\t<\/section>\n\t\t\t\t\t<\/div>\n\t\t<\/div>\n\t\t\t\t\t<\/div>\n\t\t<\/section>\n\t\t\t\t<section class=\"elementor-section elementor-top-section elementor-element elementor-element-27bb3169 elementor-section-boxed elementor-section-height-default elementor-section-height-default\" data-id=\"27bb3169\" data-element_type=\"section\" data-e-type=\"section\" data-settings=\"{&quot;background_background&quot;:&quot;classic&quot;}\">\n\t\t\t\t\t\t<div class=\"elementor-container elementor-column-gap-no\">\n\t\t\t\t\t<div class=\"elementor-column elementor-col-50 elementor-top-column elementor-element elementor-element-443559e3\" data-id=\"443559e3\" data-element_type=\"column\" data-e-type=\"column\" data-settings=\"{&quot;background_background&quot;:&quot;classic&quot;}\">\n\t\t\t<div class=\"elementor-widget-wrap elementor-element-populated\">\n\t\t\t\t\t\t<div class=\"elementor-element elementor-element-7d57227f elementor-widget elementor-widget-text-editor\" data-id=\"7d57227f\" data-element_type=\"widget\" data-e-type=\"widget\" data-widget_type=\"text-editor.default\">\n\t\t\t\t\t\t\t\t\t<h1 class=\"fett\">BERATUNG &amp; PLANUNG<\/h1>\n<h2 class=\"mittel\">Ihre Anforderungen im Mittelpunkt<\/h2>\t\t\t\t\t\t\t\t<\/div>\n\t\t\t\t\t<\/div>\n\t\t<\/div>\n\t\t\t\t<div class=\"elementor-column elementor-col-50 elementor-top-column elementor-element elementor-element-4e3a61a0 elementor-hidden-phone\" data-id=\"4e3a61a0\" data-element_type=\"column\" data-e-type=\"column\">\n\t\t\t<div class=\"elementor-widget-wrap\">\n\t\t\t\t\t\t\t<\/div>\n\t\t<\/div>\n\t\t\t\t\t<\/div>\n\t\t<\/section>\n\t\t\t\t<section class=\"elementor-section elementor-top-section elementor-element elementor-element-3d982415 makefullwidth elementor-hidden-phone elementor-section-boxed elementor-section-height-default elementor-section-height-default\" data-id=\"3d982415\" data-element_type=\"section\" data-e-type=\"section\">\n\t\t\t\t\t\t<div class=\"elementor-container elementor-column-gap-default\">\n\t\t\t\t\t<div class=\"elementor-column elementor-col-20 elementor-top-column elementor-element elementor-element-6101213b elementor-hidden-phone\" data-id=\"6101213b\" data-element_type=\"column\" data-e-type=\"column\">\n\t\t\t<div class=\"elementor-widget-wrap\">\n\t\t\t\t\t\t\t<\/div>\n\t\t<\/div>\n\t\t\t\t<div class=\"elementor-column elementor-col-20 elementor-top-column elementor-element elementor-element-7219cd2e\" data-id=\"7219cd2e\" data-element_type=\"column\" data-e-type=\"column\">\n\t\t\t<div class=\"elementor-widget-wrap elementor-element-populated\">\n\t\t\t\t\t\t<div class=\"elementor-element elementor-element-1b1c0125 elementor-widget elementor-widget-image\" data-id=\"1b1c0125\" data-element_type=\"widget\" data-e-type=\"widget\" data-widget_type=\"image.default\">\n\t\t\t\t\t\t\t\t\t\t\t\t\t\t\t<img decoding=\"async\" src=\"https:\/\/www.rofa-group.com\/rofa-ag\/wp-content\/uploads\/sites\/2\/Leistungen_Beratung.svg\" class=\"attachment-full size-full wp-image-634\" alt=\"\" \/>\t\t\t\t\t\t\t\t\t\t\t\t\t\t\t<\/div>\n\t\t\t\t<div class=\"elementor-element elementor-element-136334f5 elementor-widget elementor-widget-heading\" data-id=\"136334f5\" data-element_type=\"widget\" data-e-type=\"widget\" data-widget_type=\"heading.default\">\n\t\t\t\t\t<h3 class=\"elementor-heading-title elementor-size-default\">Beratung &amp;\nPlanung<\/h3>\t\t\t\t<\/div>\n\t\t\t\t\t<\/div>\n\t\t<\/div>\n\t\t\t\t<div class=\"elementor-column elementor-col-20 elementor-top-column elementor-element elementor-element-3686fcd2\" data-id=\"3686fcd2\" data-element_type=\"column\" data-e-type=\"column\">\n\t\t\t<div class=\"elementor-widget-wrap elementor-element-populated\">\n\t\t\t\t\t\t<div class=\"elementor-element elementor-element-13cca29d elementor-widget elementor-widget-image\" data-id=\"13cca29d\" data-element_type=\"widget\" data-e-type=\"widget\" data-widget_type=\"image.default\">\n\t\t\t\t\t\t\t\t\t\t\t\t\t\t\t\t<a href=\"https:\/\/www.rofa-group.com\/rofa-ag\/leistungen-services\/umsetzung-systemintegration\">\n\t\t\t\t\t\t\t<img decoding=\"async\" width=\"1\" height=\"1\" src=\"https:\/\/www.rofa-group.com\/rofa-ag\/wp-content\/uploads\/sites\/2\/Leistungen_Umsetzung.svg\" class=\"attachment-wptl-100x100 size-wptl-100x100 wp-image-636\" alt=\"Leistungen &amp; Services - Umsetzung\" \/>\t\t\t\t\t\t\t\t<\/a>\n\t\t\t\t\t\t\t\t\t\t\t\t\t\t\t<\/div>\n\t\t\t\t<div class=\"elementor-element elementor-element-3c1a7f0d elementor-widget elementor-widget-heading\" data-id=\"3c1a7f0d\" data-element_type=\"widget\" data-e-type=\"widget\" data-widget_type=\"heading.default\">\n\t\t\t\t\t<h3 class=\"elementor-heading-title elementor-size-default\"><a href=\"https:\/\/www.rofa-group.com\/rofa-ag\/leistungen-services\/umsetzung-systemintegration\">Umsetzung &amp;\nSystemintegration<\/a><\/h3>\t\t\t\t<\/div>\n\t\t\t\t\t<\/div>\n\t\t<\/div>\n\t\t\t\t<div class=\"elementor-column elementor-col-20 elementor-top-column elementor-element elementor-element-27e40de9\" data-id=\"27e40de9\" data-element_type=\"column\" data-e-type=\"column\">\n\t\t\t<div class=\"elementor-widget-wrap elementor-element-populated\">\n\t\t\t\t\t\t<div class=\"elementor-element elementor-element-59a8ff14 elementor-widget elementor-widget-image\" data-id=\"59a8ff14\" data-element_type=\"widget\" data-e-type=\"widget\" data-widget_type=\"image.default\">\n\t\t\t\t\t\t\t\t\t\t\t\t\t\t\t\t<a href=\"https:\/\/www.rofa-group.com\/rofa-ag\/leistungen-services\/service-support\/\">\n\t\t\t\t\t\t\t<img decoding=\"async\" width=\"1\" height=\"1\" src=\"https:\/\/www.rofa-group.com\/rofa-ag\/wp-content\/uploads\/sites\/2\/Leistungen_Service.svg\" class=\"attachment-wptl-100x100 size-wptl-100x100 wp-image-637\" alt=\"Leistungen &amp; Services - Support\" \/>\t\t\t\t\t\t\t\t<\/a>\n\t\t\t\t\t\t\t\t\t\t\t\t\t\t\t<\/div>\n\t\t\t\t<div class=\"elementor-element elementor-element-67aabbbf elementor-widget elementor-widget-heading\" data-id=\"67aabbbf\" data-element_type=\"widget\" data-e-type=\"widget\" data-widget_type=\"heading.default\">\n\t\t\t\t\t<h3 class=\"elementor-heading-title elementor-size-default\"><a href=\"https:\/\/www.rofa-group.com\/rofa-ag\/leistungen-services\/service-support\/\">Service &amp;\nSupport<\/a><\/h3>\t\t\t\t<\/div>\n\t\t\t\t\t<\/div>\n\t\t<\/div>\n\t\t\t\t<div class=\"elementor-column elementor-col-20 elementor-top-column elementor-element elementor-element-19005d41 elementor-hidden-phone\" data-id=\"19005d41\" data-element_type=\"column\" data-e-type=\"column\">\n\t\t\t<div class=\"elementor-widget-wrap\">\n\t\t\t\t\t\t\t<\/div>\n\t\t<\/div>\n\t\t\t\t\t<\/div>\n\t\t<\/section>\n\t\t\t\t<section class=\"elementor-section elementor-top-section elementor-element elementor-element-b4932a6 elementor-section-boxed elementor-section-height-default elementor-section-height-default\" data-id=\"b4932a6\" data-element_type=\"section\" data-e-type=\"section\">\n\t\t\t\t\t\t<div class=\"elementor-container elementor-column-gap-default\">\n\t\t\t\t\t<div class=\"elementor-column elementor-col-100 elementor-top-column elementor-element elementor-element-633e1b8\" data-id=\"633e1b8\" data-element_type=\"column\" data-e-type=\"column\">\n\t\t\t<div class=\"elementor-widget-wrap elementor-element-populated\">\n\t\t\t\t\t\t<div class=\"elementor-element elementor-element-1bbf97d2 elementor-widget elementor-widget-text-editor\" data-id=\"1bbf97d2\" data-element_type=\"widget\" data-e-type=\"widget\" data-widget_type=\"text-editor.default\">\n\t\t\t\t\t\t\t\t\t<p>Zu Beginn einer m\u00f6glichen Zusammenarbeit steht das Gespr\u00e4ch mit unseren Sales-Ingenieuren. Sie kennen den Markt, ermitteln Ihren Bedarf und sprechen schon jetzt mit den Fachabteilungen, um ein Angebot zu entwickeln. Anforderungen an die Konstruktion, geeignete Technologien, Machbarkeitsaspekte in der Produktion er\u00f6rtern wir im Vorfeld, um Ihnen maximale Transparenz und Kostensicherheit zu geben. Wenn wir Sie von uns \u00fcberzeugen k\u00f6nnen, stellen wir Ihnen einen erfahrenen Projektleiter als zentralen Ansprechpartner zur Seite. Es gilt \u00fcber die gesamte Zusammenarbeit das Prinzip \u201cone face to the customer\u201d, um das Handling f\u00fcr Sie zu vereinfachen. Bei der Zusammensetzung des Projektteams greifen wir auf die besten Experten aus unserem gesamten ROFA Group-Netzwerk zur\u00fcck. Dank flacher Hierarchien, kurzer Entscheidungswege und klarer Verantwortlichkeiten sind wir in der Lage, Ihr Projekt schnell und effizient zum Erfolg zu f\u00fchren.<\/p>\t\t\t\t\t\t\t\t<\/div>\n\t\t\t\t\t<\/div>\n\t\t<\/div>\n\t\t\t\t\t<\/div>\n\t\t<\/section>\n\t\t\t\t<section class=\"elementor-section elementor-top-section elementor-element elementor-element-4bdeb72 elementor-section-boxed elementor-section-height-default elementor-section-height-default\" data-id=\"4bdeb72\" data-element_type=\"section\" data-e-type=\"section\" data-settings=\"{&quot;background_background&quot;:&quot;classic&quot;}\">\n\t\t\t\t\t\t<div class=\"elementor-container elementor-column-gap-default\">\n\t\t\t\t\t<div class=\"elementor-column elementor-col-100 elementor-top-column elementor-element elementor-element-11593d4\" data-id=\"11593d4\" data-element_type=\"column\" data-e-type=\"column\">\n\t\t\t<div class=\"elementor-widget-wrap elementor-element-populated\">\n\t\t\t\t\t\t<div class=\"elementor-element elementor-element-50191a1 elementor-widget elementor-widget-image\" data-id=\"50191a1\" data-element_type=\"widget\" data-e-type=\"widget\" data-widget_type=\"image.default\">\n\t\t\t\t\t\t\t\t\t\t\t\t\t\t\t<img decoding=\"async\" width=\"1\" height=\"1\" src=\"https:\/\/www.rofa-group.com\/rofa-ag\/wp-content\/uploads\/sites\/2\/Forschung-Entwicklung.svg\" class=\"attachment-large size-large wp-image-676\" alt=\"Forschung &amp; Entwicklung\" \/>\t\t\t\t\t\t\t\t\t\t\t\t\t\t\t<\/div>\n\t\t\t\t<div class=\"elementor-element elementor-element-797b959 elementor-widget elementor-widget-heading\" data-id=\"797b959\" data-element_type=\"widget\" data-e-type=\"widget\" data-widget_type=\"heading.default\">\n\t\t\t\t\t<h2 class=\"elementor-heading-title elementor-size-default\">FORSCHUNG &amp; ENTWICKLUNG<\/h2>\t\t\t\t<\/div>\n\t\t\t\t<div class=\"elementor-element elementor-element-fe6a947 elementor-widget elementor-widget-text-editor\" data-id=\"fe6a947\" data-element_type=\"widget\" data-e-type=\"widget\" data-widget_type=\"text-editor.default\">\n\t\t\t\t\t\t\t\t\t<p>Jede mit uns realisierte Anlage ist ein Unikat. Wenn wir uns an eine neue Aufgabe machen, haben wir die Erfahrung aus\u00a0zahlreichen Vorg\u00e4ngerprojekten im Kopf und wissen genau, wo wir ansetzen m\u00fcssen, um eine optimale L\u00f6sung f\u00fcr Ihre\u00a0Anforderungen zu erreichen. Auf der Suche nach innovativen Ans\u00e4tzen entstehen nicht selten Patente, die neue Standards am Markt\u00a0setzen. Doch damit nicht genug. Neben dem Tagesgesch\u00e4ft arbeiten wir in Eigenregie an der Weiterentwicklung einzelner Produktgruppen, um diese\u00a0noch kosteng\u00fcnstiger und effizienter bereitstellen zu k\u00f6nnen. Damit sichern wir auch in Zukunft Ihren Vorsprung im Wettbewerb.<\/p>\t\t\t\t\t\t\t\t<\/div>\n\t\t\t\t\t<\/div>\n\t\t<\/div>\n\t\t\t\t\t<\/div>\n\t\t<\/section>\n\t\t\t\t<section class=\"elementor-section elementor-top-section elementor-element elementor-element-d96261c elementor-section-boxed elementor-section-height-default elementor-section-height-default\" data-id=\"d96261c\" data-element_type=\"section\" data-e-type=\"section\" data-settings=\"{&quot;background_background&quot;:&quot;classic&quot;}\">\n\t\t\t\t\t\t<div class=\"elementor-container elementor-column-gap-default\">\n\t\t\t\t\t<div class=\"elementor-column elementor-col-100 elementor-top-column elementor-element elementor-element-eeaff98\" data-id=\"eeaff98\" data-element_type=\"column\" data-e-type=\"column\">\n\t\t\t<div class=\"elementor-widget-wrap elementor-element-populated\">\n\t\t\t\t\t\t<div class=\"elementor-element elementor-element-fccba8d elementor-widget elementor-widget-image\" data-id=\"fccba8d\" data-element_type=\"widget\" data-e-type=\"widget\" data-widget_type=\"image.default\">\n\t\t\t\t\t\t\t\t\t\t\t\t\t\t\t<img loading=\"lazy\" decoding=\"async\" width=\"1\" height=\"1\" src=\"https:\/\/www.rofa-group.com\/rofa-ag\/wp-content\/uploads\/sites\/2\/Konstruktion-Simulation.svg\" class=\"attachment-large size-large wp-image-677\" alt=\"Konstruktion &amp; Simulation\" \/>\t\t\t\t\t\t\t\t\t\t\t\t\t\t\t<\/div>\n\t\t\t\t<div class=\"elementor-element elementor-element-377a01f elementor-widget elementor-widget-heading\" data-id=\"377a01f\" data-element_type=\"widget\" data-e-type=\"widget\" data-widget_type=\"heading.default\">\n\t\t\t\t\t<h2 class=\"elementor-heading-title elementor-size-default\">KONSTRUKTION &amp; SIMULATION<\/h2>\t\t\t\t<\/div>\n\t\t\t\t<div class=\"elementor-element elementor-element-c3e330b elementor-widget elementor-widget-text-editor\" data-id=\"c3e330b\" data-element_type=\"widget\" data-e-type=\"widget\" data-widget_type=\"text-editor.default\">\n\t\t\t\t\t\t\t\t\t<p>Viele unserer Konstruktionsgruppenleiter sind schon seit langem im Unternehmen und kennen sich mit den Kundenstandards und\u00a0Spezifikationen bestens aus. Sie koordinieren alle an der Gesamtkonstruktion beteiligten Teams und pflegen regelm\u00e4\u00dfigen\u00a0Austausch mit der Steuerungstechnik und Elektrik, die ebenso essenziell f\u00fcr Ihre k\u00fcnftige Anlage sind. Sowohl in der Konstruktion\u00a0als auch in der Simulation arbeiten wir mit neuesten Software-Programmen. So erhalten Sie nicht nur eine anschauliche Idee\u00a0vom k\u00fcnftigen Produkt, sondern wissen auch: Die Konstruktionen sind wirklich auf Herz und Nieren gepr\u00fcft und halten Ihren\u00a0Anforderungen in der Praxis stand! Ein durchg\u00e4ngiges Qualit\u00e4tsmanagement \u00fcber alle Phasen des Projekts rundet unser Profil ab.<\/p>\t\t\t\t\t\t\t\t<\/div>\n\t\t\t\t\t<\/div>\n\t\t<\/div>\n\t\t\t\t\t<\/div>\n\t\t<\/section>\n\t\t\t\t<\/div>\n\t\t","protected":false},"excerpt":{"rendered":"<p>Beratung &amp; Planung Umsetzung &amp; Systemintegration Service &amp; Support BERATUNG &amp; PLANUNG Ihre Anforderungen im Mittelpunkt Beratung &amp; Planung Umsetzung &amp; Systemintegration Service &amp; Support Zu Beginn einer m\u00f6glichen Zusammenarbeit steht das Gespr\u00e4ch mit unseren Sales-Ingenieuren. Sie kennen den Markt, ermitteln Ihren Bedarf und sprechen schon jetzt mit den Fachabteilungen, um ein Angebot zu entwickeln. [&hellip;]<\/p>\n","protected":false},"author":1,"featured_media":0,"parent":12,"menu_order":0,"comment_status":"closed","ping_status":"closed","template":"","meta":{"_acf_changed":false,"footnotes":""},"class_list":["post-670","page","type-page","status-publish","hentry"],"acf":[],"_links":{"self":[{"href":"https:\/\/www.rofa-group.com\/rofa-ag\/wp-json\/wp\/v2\/pages\/670","targetHints":{"allow":["GET"]}}],"collection":[{"href":"https:\/\/www.rofa-group.com\/rofa-ag\/wp-json\/wp\/v2\/pages"}],"about":[{"href":"https:\/\/www.rofa-group.com\/rofa-ag\/wp-json\/wp\/v2\/types\/page"}],"author":[{"embeddable":true,"href":"https:\/\/www.rofa-group.com\/rofa-ag\/wp-json\/wp\/v2\/users\/1"}],"replies":[{"embeddable":true,"href":"https:\/\/www.rofa-group.com\/rofa-ag\/wp-json\/wp\/v2\/comments?post=670"}],"version-history":[{"count":66,"href":"https:\/\/www.rofa-group.com\/rofa-ag\/wp-json\/wp\/v2\/pages\/670\/revisions"}],"predecessor-version":[{"id":3012,"href":"https:\/\/www.rofa-group.com\/rofa-ag\/wp-json\/wp\/v2\/pages\/670\/revisions\/3012"}],"up":[{"embeddable":true,"href":"https:\/\/www.rofa-group.com\/rofa-ag\/wp-json\/wp\/v2\/pages\/12"}],"wp:attachment":[{"href":"https:\/\/www.rofa-group.com\/rofa-ag\/wp-json\/wp\/v2\/media?parent=670"}],"curies":[{"name":"wp","href":"https:\/\/api.w.org\/{rel}","templated":true}]}}