{"id":14,"date":"2019-10-26T15:21:24","date_gmt":"2019-10-26T13:21:24","guid":{"rendered":"https:\/\/www.rofa-group.com\/rofa-ag\/?page_id=14"},"modified":"2023-08-03T22:13:43","modified_gmt":"2023-08-03T20:13:43","slug":"qualitaetsmanagement","status":"publish","type":"page","link":"https:\/\/www.rofa-group.com\/rofa-ag\/qualitaetsmanagement\/","title":{"rendered":"Qualit\u00e4tsmanagement"},"content":{"rendered":"\t\t<div data-elementor-type=\"wp-page\" data-elementor-id=\"14\" class=\"elementor elementor-14\" data-elementor-post-type=\"page\">\n\t\t\t\t\t\t<section class=\"elementor-section elementor-top-section elementor-element elementor-element-10b0dfbd elementor-section-content-top elementor-section-height-min-height elementor-section-items-stretch elementor-section-boxed elementor-section-height-default\" data-id=\"10b0dfbd\" data-element_type=\"section\" data-e-type=\"section\" id=\"mygfx\" data-settings=\"{&quot;background_background&quot;:&quot;classic&quot;}\">\n\t\t\t\t\t\t<div class=\"elementor-container elementor-column-gap-no\">\n\t\t\t\t\t<div class=\"elementor-column elementor-col-100 elementor-top-column elementor-element elementor-element-27f4c10f\" data-id=\"27f4c10f\" data-element_type=\"column\" data-e-type=\"column\" data-settings=\"{&quot;background_background&quot;:&quot;classic&quot;}\">\n\t\t\t<div class=\"elementor-widget-wrap\">\n\t\t\t\t\t\t\t<\/div>\n\t\t<\/div>\n\t\t\t\t\t<\/div>\n\t\t<\/section>\n\t\t\t\t<section class=\"elementor-section elementor-top-section elementor-element elementor-element-738509b9 elementor-section-boxed elementor-section-height-default elementor-section-height-default\" data-id=\"738509b9\" data-element_type=\"section\" data-e-type=\"section\" data-settings=\"{&quot;background_background&quot;:&quot;classic&quot;}\">\n\t\t\t\t\t\t<div class=\"elementor-container elementor-column-gap-no\">\n\t\t\t\t\t<div class=\"elementor-column elementor-col-50 elementor-top-column elementor-element elementor-element-6b54e644\" data-id=\"6b54e644\" data-element_type=\"column\" data-e-type=\"column\" data-settings=\"{&quot;background_background&quot;:&quot;classic&quot;}\">\n\t\t\t<div class=\"elementor-widget-wrap elementor-element-populated\">\n\t\t\t\t\t\t<div class=\"elementor-element elementor-element-775f4491 elementor-widget elementor-widget-text-editor\" data-id=\"775f4491\" data-element_type=\"widget\" data-e-type=\"widget\" data-widget_type=\"text-editor.default\">\n\t\t\t\t\t\t\t\t\t<h1 class=\"fett\">QUALIT\u00c4TS&#173;MANAGE&#173;MENT<\/h1>\n<h2 class=\"mittel\">Ihre Zufrieden\u00adheit ist unser Ziel<\/h2>\t\t\t\t\t\t\t\t<\/div>\n\t\t\t\t\t<\/div>\n\t\t<\/div>\n\t\t\t\t<div class=\"elementor-column elementor-col-50 elementor-top-column elementor-element elementor-element-2152c3c1\" data-id=\"2152c3c1\" data-element_type=\"column\" data-e-type=\"column\">\n\t\t\t<div class=\"elementor-widget-wrap\">\n\t\t\t\t\t\t\t<\/div>\n\t\t<\/div>\n\t\t\t\t\t<\/div>\n\t\t<\/section>\n\t\t\t\t<section class=\"elementor-section elementor-top-section elementor-element elementor-element-1a9d18ea elementor-section-boxed elementor-section-height-default elementor-section-height-default\" data-id=\"1a9d18ea\" data-element_type=\"section\" data-e-type=\"section\">\n\t\t\t\t\t\t<div class=\"elementor-container elementor-column-gap-default\">\n\t\t\t\t\t<div class=\"elementor-column elementor-col-100 elementor-top-column elementor-element elementor-element-63cfaa69\" data-id=\"63cfaa69\" data-element_type=\"column\" data-e-type=\"column\">\n\t\t\t<div class=\"elementor-widget-wrap elementor-element-populated\">\n\t\t\t\t\t\t<div class=\"elementor-element elementor-element-5f8ee2a9 elementor-widget elementor-widget-text-editor\" data-id=\"5f8ee2a9\" data-element_type=\"widget\" data-e-type=\"widget\" data-widget_type=\"text-editor.default\">\n\t\t\t\t\t\t\t\t\t<p>Kundenzufriedenheit steht bei der ROFA AG an erster Stelle. Deshalb arbeiten alle Firmenbereiche nach h\u00f6chsten Qualit\u00e4tsanforderungen, die durch einen eigenen Beauftragten sorgf\u00e4ltig \u00fcberwacht werden. G\u00e4ngige ISO-Normen sind hierbei nur die eine Seite. Mindestens ebenso ernst nehmen wir die spezifischen Anforderungen, die Sie als Kunde an unsere Produkt-, Beratungs- und Prozessqualit\u00e4t stellen. Um Nachvollziehbarkeit bis ins letzte Glied der Kette zu gew\u00e4hrleisten, m\u00fcssen sich alle durch uns beauftragten Drittleister und Lieferanten an unseren hohen Standards messen lassen. Nur so k\u00f6nnen wir ein l\u00fcckenlos sicheres Produkt bieten, das Ihren Anforderungen vollumf\u00e4nglich gen\u00fcgt.<\/p>\n<p><\/p>\n<p>Wenn Ihre Anlage erst einmal in Betrieb ist, bleiben wir an Ihrer Seite. Wir f\u00fchren Schulungen und Audits durch, liefern Ersatzteile in Originalqualit\u00e4t und sind Ihr Ansprechpartner bei allen Fragen, die die Effizienz und Performance Ihrer Anlage nachhaltig sichern! <br><\/p><p>Mehr dazu lesen Sie im Bereich <a title=\"Leistungen &amp; Services\" href=\"https:\/\/www.rofa-group.com\/rofa-ag\/leistungen-services\/\">&gt; Leistungen &amp; Services.<\/a><\/p>\t\t\t\t\t\t\t\t<\/div>\n\t\t\t\t\t<\/div>\n\t\t<\/div>\n\t\t\t\t\t<\/div>\n\t\t<\/section>\n\t\t\t\t<section class=\"elementor-section elementor-top-section elementor-element elementor-element-3e1fa1b elementor-section-boxed elementor-section-height-default elementor-section-height-default\" data-id=\"3e1fa1b\" data-element_type=\"section\" data-e-type=\"section\">\n\t\t\t\t\t\t<div class=\"elementor-container elementor-column-gap-default\">\n\t\t\t\t\t<div class=\"elementor-column elementor-col-100 elementor-top-column elementor-element elementor-element-7287da9\" data-id=\"7287da9\" data-element_type=\"column\" data-e-type=\"column\">\n\t\t\t<div class=\"elementor-widget-wrap elementor-element-populated\">\n\t\t\t\t\t\t<div class=\"elementor-element elementor-element-7b75e12 elementor-widget elementor-widget-image\" data-id=\"7b75e12\" data-element_type=\"widget\" data-e-type=\"widget\" data-widget_type=\"image.default\">\n\t\t\t\t\t\t\t\t\t\t\t\t\t\t\t<img fetchpriority=\"high\" decoding=\"async\" width=\"800\" height=\"217\" src=\"https:\/\/www.rofa-group.com\/rofa-ag\/wp-content\/uploads\/sites\/2\/Zertifikate-qualitaetsmanagement-2023.jpg\" class=\"attachment-large size-large wp-image-3819\" alt=\"Zertifikate - Qualit\u00e4tsmanagement\" srcset=\"https:\/\/www.rofa-group.com\/rofa-ag\/wp-content\/uploads\/sites\/2\/Zertifikate-qualitaetsmanagement-2023.jpg 1064w, https:\/\/www.rofa-group.com\/rofa-ag\/wp-content\/uploads\/sites\/2\/Zertifikate-qualitaetsmanagement-2023-800x217.jpg 800w, https:\/\/www.rofa-group.com\/rofa-ag\/wp-content\/uploads\/sites\/2\/Zertifikate-qualitaetsmanagement-2023-640x174.jpg 640w, https:\/\/www.rofa-group.com\/rofa-ag\/wp-content\/uploads\/sites\/2\/Zertifikate-qualitaetsmanagement-2023-768x209.jpg 768w\" sizes=\"(max-width: 800px) 100vw, 800px\" \/>\t\t\t\t\t\t\t\t\t\t\t\t\t\t\t<\/div>\n\t\t\t\t\t<\/div>\n\t\t<\/div>\n\t\t\t\t\t<\/div>\n\t\t<\/section>\n\t\t\t\t<section class=\"elementor-section elementor-top-section elementor-element elementor-element-6fcea7d elementor-section-boxed elementor-section-height-default elementor-section-height-default\" data-id=\"6fcea7d\" data-element_type=\"section\" data-e-type=\"section\">\n\t\t\t\t\t\t<div class=\"elementor-container elementor-column-gap-default\">\n\t\t\t\t\t<div class=\"elementor-column elementor-col-100 elementor-top-column elementor-element elementor-element-e6aa9a6\" data-id=\"e6aa9a6\" data-element_type=\"column\" data-e-type=\"column\">\n\t\t\t<div class=\"elementor-widget-wrap elementor-element-populated\">\n\t\t\t\t\t\t<div class=\"elementor-element elementor-element-6bb46fb elementor-widget elementor-widget-text-editor\" data-id=\"6bb46fb\" data-element_type=\"widget\" data-e-type=\"widget\" data-widget_type=\"text-editor.default\">\n\t\t\t\t\t\t\t\t\tIm <a title=\"Download-Bereich\" href=\"https:\/\/www.rofa-group.com\/rofa-ag\/downloads\/\">&gt; Download-Bereich<\/a> k\u00f6nnen Sie zudem unsere <strong>aktuellen Zertifikate<\/strong> einsehen.\t\t\t\t\t\t\t\t<\/div>\n\t\t\t\t\t<\/div>\n\t\t<\/div>\n\t\t\t\t\t<\/div>\n\t\t<\/section>\n\t\t\t\t<\/div>\n\t\t","protected":false},"excerpt":{"rendered":"<p>QUALIT\u00c4TS&#173;MANAGE&#173;MENT Ihre Zufrieden\u00adheit ist unser Ziel Kundenzufriedenheit steht bei der ROFA AG an erster Stelle. Deshalb arbeiten alle Firmenbereiche nach h\u00f6chsten Qualit\u00e4tsanforderungen, die durch einen eigenen Beauftragten sorgf\u00e4ltig \u00fcberwacht werden. G\u00e4ngige ISO-Normen sind hierbei nur die eine Seite. Mindestens ebenso ernst nehmen wir die spezifischen Anforderungen, die Sie als Kunde an unsere Produkt-, Beratungs- und [&hellip;]<\/p>\n","protected":false},"author":1,"featured_media":0,"parent":0,"menu_order":0,"comment_status":"closed","ping_status":"closed","template":"","meta":{"_acf_changed":false,"footnotes":""},"class_list":["post-14","page","type-page","status-publish","hentry"],"acf":[],"_links":{"self":[{"href":"https:\/\/www.rofa-group.com\/rofa-ag\/wp-json\/wp\/v2\/pages\/14","targetHints":{"allow":["GET"]}}],"collection":[{"href":"https:\/\/www.rofa-group.com\/rofa-ag\/wp-json\/wp\/v2\/pages"}],"about":[{"href":"https:\/\/www.rofa-group.com\/rofa-ag\/wp-json\/wp\/v2\/types\/page"}],"author":[{"embeddable":true,"href":"https:\/\/www.rofa-group.com\/rofa-ag\/wp-json\/wp\/v2\/users\/1"}],"replies":[{"embeddable":true,"href":"https:\/\/www.rofa-group.com\/rofa-ag\/wp-json\/wp\/v2\/comments?post=14"}],"version-history":[{"count":33,"href":"https:\/\/www.rofa-group.com\/rofa-ag\/wp-json\/wp\/v2\/pages\/14\/revisions"}],"predecessor-version":[{"id":3822,"href":"https:\/\/www.rofa-group.com\/rofa-ag\/wp-json\/wp\/v2\/pages\/14\/revisions\/3822"}],"wp:attachment":[{"href":"https:\/\/www.rofa-group.com\/rofa-ag\/wp-json\/wp\/v2\/media?parent=14"}],"curies":[{"name":"wp","href":"https:\/\/api.w.org\/{rel}","templated":true}]}}