{"id":9,"date":"2024-01-11T11:40:14","date_gmt":"2024-01-11T10:40:14","guid":{"rendered":"https:\/\/www.rofa-group.com\/morath\/?page_id=9"},"modified":"2024-01-18T18:28:47","modified_gmt":"2024-01-18T17:28:47","slug":"qualitaetsmanagement","status":"publish","type":"page","link":"https:\/\/www.rofa-group.com\/morath\/qualitaetsmanagement\/","title":{"rendered":"Qualit\u00e4tsmanagement"},"content":{"rendered":"\t\t<div data-elementor-type=\"wp-page\" data-elementor-id=\"9\" class=\"elementor elementor-9\" data-elementor-post-type=\"page\">\n\t\t\t\t\t\t<section class=\"elementor-section elementor-top-section elementor-element elementor-element-64d0618b elementor-section-content-top elementor-section-height-min-height elementor-section-items-stretch elementor-section-boxed elementor-section-height-default\" data-id=\"64d0618b\" data-element_type=\"section\" data-e-type=\"section\" id=\"mygfx\" data-settings=\"{&quot;background_background&quot;:&quot;classic&quot;}\">\n\t\t\t\t\t\t<div class=\"elementor-container elementor-column-gap-no\">\n\t\t\t\t\t<div class=\"elementor-column elementor-col-100 elementor-top-column elementor-element elementor-element-24574ec9\" data-id=\"24574ec9\" data-element_type=\"column\" data-e-type=\"column\" data-settings=\"{&quot;background_background&quot;:&quot;classic&quot;}\">\n\t\t\t<div class=\"elementor-widget-wrap\">\n\t\t\t\t\t\t\t<\/div>\n\t\t<\/div>\n\t\t\t\t\t<\/div>\n\t\t<\/section>\n\t\t\t\t<section class=\"elementor-section elementor-top-section elementor-element elementor-element-5cfd279f elementor-section-boxed elementor-section-height-default elementor-section-height-default\" data-id=\"5cfd279f\" data-element_type=\"section\" data-e-type=\"section\" data-settings=\"{&quot;background_background&quot;:&quot;classic&quot;}\">\n\t\t\t\t\t\t<div class=\"elementor-container elementor-column-gap-no\">\n\t\t\t\t\t<div class=\"elementor-column elementor-col-50 elementor-top-column elementor-element elementor-element-17ae4e49\" data-id=\"17ae4e49\" data-element_type=\"column\" data-e-type=\"column\" data-settings=\"{&quot;background_background&quot;:&quot;classic&quot;}\">\n\t\t\t<div class=\"elementor-widget-wrap elementor-element-populated\">\n\t\t\t\t\t\t<div class=\"elementor-element elementor-element-11c535d5 elementor-widget elementor-widget-text-editor\" data-id=\"11c535d5\" data-element_type=\"widget\" data-e-type=\"widget\" data-widget_type=\"text-editor.default\">\n\t\t\t\t\t\t\t\t\t<h1 class=\"fett\">QUALIT\u00c4TS&#173;\u00adMANAGE\u00adMENT<\/h1>\n<h2 class=\"mittel\">Kundenzufriedenheit hat h\u00f6chste Priorit\u00e4t<\/h2>\t\t\t\t\t\t\t\t<\/div>\n\t\t\t\t\t<\/div>\n\t\t<\/div>\n\t\t\t\t<div class=\"elementor-column elementor-col-50 elementor-top-column elementor-element elementor-element-343b26dc\" data-id=\"343b26dc\" data-element_type=\"column\" data-e-type=\"column\">\n\t\t\t<div class=\"elementor-widget-wrap\">\n\t\t\t\t\t\t\t<\/div>\n\t\t<\/div>\n\t\t\t\t\t<\/div>\n\t\t<\/section>\n\t\t\t\t<section class=\"elementor-section elementor-top-section elementor-element elementor-element-61c68050 elementor-section-boxed elementor-section-height-default elementor-section-height-default\" data-id=\"61c68050\" data-element_type=\"section\" data-e-type=\"section\">\n\t\t\t\t\t\t<div class=\"elementor-container elementor-column-gap-default\">\n\t\t\t\t\t<div class=\"elementor-column elementor-col-100 elementor-top-column elementor-element elementor-element-5cdec2ed\" data-id=\"5cdec2ed\" data-element_type=\"column\" data-e-type=\"column\">\n\t\t\t<div class=\"elementor-widget-wrap elementor-element-populated\">\n\t\t\t\t\t\t<div class=\"elementor-element elementor-element-7d73dbd8 elementor-widget elementor-widget-text-editor\" data-id=\"7d73dbd8\" data-element_type=\"widget\" data-e-type=\"widget\" data-widget_type=\"text-editor.default\">\n\t\t\t\t\t\t\t\t\tUnser Ziel bei Morath ist es, Kunden einen greifbaren Mehrwert zu bieten.\u00a0S\u00e4mtliche Produkte und Prozesse sind aus diesem Grund gem\u00e4\u00df den aktuellen ISO-Normen zertifiziert.\u00a0Aus Erfahrung wissen wir, dass die Anforderungen unserer Kunden oft \u00fcber die gesetzlichen Bestimmungen hinausgehen.\u00a0Daher ber\u00fccksichtigen wir spezifische Technologien und Standards, um die fehlerfreie Projektumsetzung und den sp\u00e4teren Betrieb zu gew\u00e4hrleisten. Bei Morath steht pers\u00f6nliche Begleitung im Mittelpunkt.\u00a0Wir sind bestrebt, Sie w\u00e4hrend des gesamten Prozesses zu unterst\u00fctzen und sicherzustellen, dass Ihre Anforderungen erf\u00fcllt werden.\t\t\t\t\t\t\t\t<\/div>\n\t\t\t\t\t<\/div>\n\t\t<\/div>\n\t\t\t\t\t<\/div>\n\t\t<\/section>\n\t\t\t\t<section class=\"elementor-section elementor-top-section elementor-element elementor-element-6f88fbf elementor-section-boxed elementor-section-height-default elementor-section-height-default\" data-id=\"6f88fbf\" data-element_type=\"section\" data-e-type=\"section\">\n\t\t\t\t\t\t<div class=\"elementor-container elementor-column-gap-default\">\n\t\t\t\t\t<div class=\"elementor-column elementor-col-100 elementor-top-column elementor-element elementor-element-8bc8811\" data-id=\"8bc8811\" data-element_type=\"column\" data-e-type=\"column\">\n\t\t\t<div class=\"elementor-widget-wrap elementor-element-populated\">\n\t\t\t\t\t\t<div class=\"elementor-element elementor-element-59b9ff7 elementor-widget elementor-widget-text-editor\" data-id=\"59b9ff7\" data-element_type=\"widget\" data-e-type=\"widget\" data-widget_type=\"text-editor.default\">\n\t\t\t\t\t\t\t\t\t<p>Mehr finden Sie im Bereich\u00a0<a href=\"https:\/\/www.rofa-group.com\/morath\/leistung-services\/\">&gt; Leistungen &amp; Services<\/a>.<\/p>\t\t\t\t\t\t\t\t<\/div>\n\t\t\t\t\t<\/div>\n\t\t<\/div>\n\t\t\t\t\t<\/div>\n\t\t<\/section>\n\t\t\t\t<section class=\"elementor-section elementor-top-section elementor-element elementor-element-67b1a204 elementor-section-boxed elementor-section-height-default elementor-section-height-default\" data-id=\"67b1a204\" data-element_type=\"section\" data-e-type=\"section\">\n\t\t\t\t\t\t<div class=\"elementor-container elementor-column-gap-default\">\n\t\t\t\t\t<div class=\"elementor-column elementor-col-100 elementor-top-column elementor-element elementor-element-44f58c77\" data-id=\"44f58c77\" data-element_type=\"column\" data-e-type=\"column\">\n\t\t\t<div class=\"elementor-widget-wrap elementor-element-populated\">\n\t\t\t\t\t\t<div class=\"elementor-element elementor-element-450f732f elementor-widget elementor-widget-image\" data-id=\"450f732f\" data-element_type=\"widget\" data-e-type=\"widget\" data-widget_type=\"image.default\">\n\t\t\t\t\t\t\t\t\t\t\t\t\t\t\t<img fetchpriority=\"high\" decoding=\"async\" width=\"800\" height=\"222\" src=\"https:\/\/www.rofa-group.com\/morath\/wp-content\/uploads\/sites\/14\/DEKRA_logo.jpg\" class=\"attachment-large size-large wp-image-229\" alt=\"DEKRA Logo\" srcset=\"https:\/\/www.rofa-group.com\/morath\/wp-content\/uploads\/sites\/14\/DEKRA_logo.jpg 888w, https:\/\/www.rofa-group.com\/morath\/wp-content\/uploads\/sites\/14\/DEKRA_logo-300x83.jpg 300w, https:\/\/www.rofa-group.com\/morath\/wp-content\/uploads\/sites\/14\/DEKRA_logo-768x213.jpg 768w\" sizes=\"(max-width: 800px) 100vw, 800px\" \/>\t\t\t\t\t\t\t\t\t\t\t\t\t\t\t<\/div>\n\t\t\t\t\t<\/div>\n\t\t<\/div>\n\t\t\t\t\t<\/div>\n\t\t<\/section>\n\t\t\t\t<section class=\"elementor-section elementor-top-section elementor-element elementor-element-18e11ed9 elementor-section-boxed elementor-section-height-default elementor-section-height-default\" data-id=\"18e11ed9\" data-element_type=\"section\" data-e-type=\"section\">\n\t\t\t\t\t\t<div class=\"elementor-container elementor-column-gap-default\">\n\t\t\t\t\t<div class=\"elementor-column elementor-col-100 elementor-top-column elementor-element elementor-element-46381110\" data-id=\"46381110\" data-element_type=\"column\" data-e-type=\"column\">\n\t\t\t<div class=\"elementor-widget-wrap elementor-element-populated\">\n\t\t\t\t\t\t<div class=\"elementor-element elementor-element-75ace09 elementor-widget elementor-widget-text-editor\" data-id=\"75ace09\" data-element_type=\"widget\" data-e-type=\"widget\" data-widget_type=\"text-editor.default\">\n\t\t\t\t\t\t\t\t\t<p>Im <a title=\"Download-Bereich\" href=\"https:\/\/www.rofa-group.com\/morath\/downloads\/\">&gt; Download-Bereich<\/a> k\u00f6nnen Sie zudem unsere <strong>aktuellen Zertifikate<\/strong> einsehen.<\/p>\t\t\t\t\t\t\t\t<\/div>\n\t\t\t\t\t<\/div>\n\t\t<\/div>\n\t\t\t\t\t<\/div>\n\t\t<\/section>\n\t\t\t\t<\/div>\n\t\t","protected":false},"excerpt":{"rendered":"<p>QUALIT\u00c4TS&#173;\u00adMANAGE\u00adMENT Kundenzufriedenheit hat h\u00f6chste Priorit\u00e4t Unser Ziel bei Morath ist es, Kunden einen greifbaren Mehrwert zu bieten.\u00a0S\u00e4mtliche Produkte und Prozesse sind aus diesem Grund gem\u00e4\u00df den aktuellen ISO-Normen zertifiziert.\u00a0Aus Erfahrung wissen wir, dass die Anforderungen unserer Kunden oft \u00fcber die gesetzlichen Bestimmungen hinausgehen.\u00a0Daher ber\u00fccksichtigen wir spezifische Technologien und Standards, um die fehlerfreie Projektumsetzung und den [&hellip;]<\/p>\n","protected":false},"author":1,"featured_media":0,"parent":0,"menu_order":0,"comment_status":"closed","ping_status":"closed","template":"","meta":{"_acf_changed":false,"footnotes":""},"class_list":["post-9","page","type-page","status-publish","hentry"],"acf":[],"_links":{"self":[{"href":"https:\/\/www.rofa-group.com\/morath\/wp-json\/wp\/v2\/pages\/9","targetHints":{"allow":["GET"]}}],"collection":[{"href":"https:\/\/www.rofa-group.com\/morath\/wp-json\/wp\/v2\/pages"}],"about":[{"href":"https:\/\/www.rofa-group.com\/morath\/wp-json\/wp\/v2\/types\/page"}],"author":[{"embeddable":true,"href":"https:\/\/www.rofa-group.com\/morath\/wp-json\/wp\/v2\/users\/1"}],"replies":[{"embeddable":true,"href":"https:\/\/www.rofa-group.com\/morath\/wp-json\/wp\/v2\/comments?post=9"}],"version-history":[{"count":16,"href":"https:\/\/www.rofa-group.com\/morath\/wp-json\/wp\/v2\/pages\/9\/revisions"}],"predecessor-version":[{"id":440,"href":"https:\/\/www.rofa-group.com\/morath\/wp-json\/wp\/v2\/pages\/9\/revisions\/440"}],"wp:attachment":[{"href":"https:\/\/www.rofa-group.com\/morath\/wp-json\/wp\/v2\/media?parent=9"}],"curies":[{"name":"wp","href":"https:\/\/api.w.org\/{rel}","templated":true}]}}