{"id":15,"date":"2024-01-11T11:40:41","date_gmt":"2024-01-11T10:40:41","guid":{"rendered":"https:\/\/www.rofa-group.com\/morath\/?page_id=15"},"modified":"2024-01-14T17:53:10","modified_gmt":"2024-01-14T16:53:10","slug":"karriere","status":"publish","type":"page","link":"https:\/\/www.rofa-group.com\/morath\/karriere\/","title":{"rendered":"Karriere"},"content":{"rendered":"\t\t<div data-elementor-type=\"wp-page\" data-elementor-id=\"15\" class=\"elementor elementor-15\" data-elementor-post-type=\"page\">\n\t\t\t\t\t\t<section class=\"elementor-section elementor-top-section elementor-element elementor-element-65825bd8 elementor-section-content-top elementor-section-height-min-height elementor-section-items-stretch elementor-section-boxed elementor-section-height-default\" data-id=\"65825bd8\" data-element_type=\"section\" data-e-type=\"section\" id=\"mygfx\" data-settings=\"{&quot;background_background&quot;:&quot;classic&quot;}\">\n\t\t\t\t\t\t<div class=\"elementor-container elementor-column-gap-no\">\n\t\t\t\t\t<div class=\"elementor-column elementor-col-100 elementor-top-column elementor-element elementor-element-5493c12b\" data-id=\"5493c12b\" data-element_type=\"column\" data-e-type=\"column\" data-settings=\"{&quot;background_background&quot;:&quot;classic&quot;}\">\n\t\t\t<div class=\"elementor-widget-wrap\">\n\t\t\t\t\t\t\t<\/div>\n\t\t<\/div>\n\t\t\t\t\t<\/div>\n\t\t<\/section>\n\t\t\t\t<section class=\"elementor-section elementor-top-section elementor-element elementor-element-1e7b696 elementor-section-boxed elementor-section-height-default elementor-section-height-default\" data-id=\"1e7b696\" data-element_type=\"section\" data-e-type=\"section\" data-settings=\"{&quot;background_background&quot;:&quot;classic&quot;}\">\n\t\t\t\t\t\t<div class=\"elementor-container elementor-column-gap-no\">\n\t\t\t\t\t<div class=\"elementor-column elementor-col-50 elementor-top-column elementor-element elementor-element-e7e9256\" data-id=\"e7e9256\" data-element_type=\"column\" data-e-type=\"column\" data-settings=\"{&quot;background_background&quot;:&quot;classic&quot;}\">\n\t\t\t<div class=\"elementor-widget-wrap elementor-element-populated\">\n\t\t\t\t\t\t<div class=\"elementor-element elementor-element-49b624c6 elementor-widget elementor-widget-text-editor\" data-id=\"49b624c6\" data-element_type=\"widget\" data-e-type=\"widget\" data-widget_type=\"text-editor.default\">\n\t\t\t\t\t\t\t\t\t<h1 class=\"fett\">KARRIERE<\/h1>\n<h2 class=\"mittel\">Aktuelle Jobangebote &#038; mehr<\/h2>\t\t\t\t\t\t\t\t<\/div>\n\t\t\t\t\t<\/div>\n\t\t<\/div>\n\t\t\t\t<div class=\"elementor-column elementor-col-50 elementor-top-column elementor-element elementor-element-646d0d22\" data-id=\"646d0d22\" data-element_type=\"column\" data-e-type=\"column\">\n\t\t\t<div class=\"elementor-widget-wrap\">\n\t\t\t\t\t\t\t<\/div>\n\t\t<\/div>\n\t\t\t\t\t<\/div>\n\t\t<\/section>\n\t\t\t\t<section class=\"elementor-section elementor-top-section elementor-element elementor-element-32decb95 elementor-section-boxed elementor-section-height-default elementor-section-height-default\" data-id=\"32decb95\" data-element_type=\"section\" data-e-type=\"section\">\n\t\t\t\t\t\t<div class=\"elementor-container elementor-column-gap-default\">\n\t\t\t\t\t<div class=\"elementor-column elementor-col-100 elementor-top-column elementor-element elementor-element-329707ed\" data-id=\"329707ed\" data-element_type=\"column\" data-e-type=\"column\">\n\t\t\t<div class=\"elementor-widget-wrap elementor-element-populated\">\n\t\t\t\t\t\t<div class=\"elementor-element elementor-element-42679b02 elementor-widget elementor-widget-text-editor\" data-id=\"42679b02\" data-element_type=\"widget\" data-e-type=\"widget\" data-widget_type=\"text-editor.default\">\n\t\t\t\t\t\t\t\t\tGET IN MOTION ist das Motto, unter dem Karrieren bei Morath stehen. Mit unseren 40 Mitarbeitern agieren wir aus dem Hochschwarzwald f\u00fcr unsere Kunden in aller Welt.\n\nUm die Erwartungen an unser Unternehmen zu erf\u00fcllen, setzen wir auf qualifizierte Mitarbeiter, die mit Einsatz, Teamarbeit, Kreativit\u00e4t und Fachkompetenz die Qualit\u00e4t unserer Leistungen sicherstellen. Wir bieten unseren Mitarbeitern die M\u00f6glichkeit ihre F\u00e4higkeiten zu st\u00e4rken und sich kontinuierlich weiter zu entwickeln.\n\nM\u00f6chten auch Sie einen Teil zur Erfolgsgeschichte unseres Unternehmens beitragen, dann besuchen Sie unsere Karriereseite und erfahren Sie mehr \u00fcber Morath als Arbeitgeber und die Menschen, die bei uns arbeiten.\t\t\t\t\t\t\t\t<\/div>\n\t\t\t\t\t<\/div>\n\t\t<\/div>\n\t\t\t\t\t<\/div>\n\t\t<\/section>\n\t\t\t\t<section class=\"elementor-section elementor-top-section elementor-element elementor-element-7a9eeb19 elementor-section-boxed elementor-section-height-default elementor-section-height-default\" data-id=\"7a9eeb19\" data-element_type=\"section\" data-e-type=\"section\">\n\t\t\t\t\t\t<div class=\"elementor-container elementor-column-gap-default\">\n\t\t\t\t\t<div class=\"elementor-column elementor-col-100 elementor-top-column elementor-element elementor-element-4546aec\" data-id=\"4546aec\" data-element_type=\"column\" data-e-type=\"column\">\n\t\t\t<div class=\"elementor-widget-wrap elementor-element-populated\">\n\t\t\t\t\t\t<div class=\"elementor-element elementor-element-7af30466 elementor-align-center elementor-widget elementor-widget-button\" data-id=\"7af30466\" data-element_type=\"widget\" data-e-type=\"widget\" data-widget_type=\"button.default\">\n\t\t\t\t\t\t\t\t\t\t<a class=\"elementor-button elementor-button-link elementor-size-md elementor-animation-wobble-vertical\" href=\"https:\/\/karriere.rofa-group.com\/morath-automatisierung-gmbh\/\" target=\"_blank\">\n\t\t\t\t\t\t<span class=\"elementor-button-content-wrapper\">\n\t\t\t\t\t\t\t\t\t<span class=\"elementor-button-text\">Zur <b>MORATH<\/b> Karriereseite!<\/span>\n\t\t\t\t\t<\/span>\n\t\t\t\t\t<\/a>\n\t\t\t\t\t\t\t\t<\/div>\n\t\t\t\t\t<\/div>\n\t\t<\/div>\n\t\t\t\t\t<\/div>\n\t\t<\/section>\n\t\t\t\t<\/div>\n\t\t","protected":false},"excerpt":{"rendered":"<p>KARRIERE Aktuelle Jobangebote &#038; mehr GET IN MOTION ist das Motto, unter dem Karrieren bei Morath stehen. Mit unseren 40 Mitarbeitern agieren wir aus dem Hochschwarzwald f\u00fcr unsere Kunden in aller Welt. Um die Erwartungen an unser Unternehmen zu erf\u00fcllen, setzen wir auf qualifizierte Mitarbeiter, die mit Einsatz, Teamarbeit, Kreativit\u00e4t und Fachkompetenz die Qualit\u00e4t unserer [&hellip;]<\/p>\n","protected":false},"author":1,"featured_media":0,"parent":0,"menu_order":0,"comment_status":"closed","ping_status":"closed","template":"","meta":{"_acf_changed":false,"footnotes":""},"class_list":["post-15","page","type-page","status-publish","hentry"],"acf":[],"_links":{"self":[{"href":"https:\/\/www.rofa-group.com\/morath\/wp-json\/wp\/v2\/pages\/15","targetHints":{"allow":["GET"]}}],"collection":[{"href":"https:\/\/www.rofa-group.com\/morath\/wp-json\/wp\/v2\/pages"}],"about":[{"href":"https:\/\/www.rofa-group.com\/morath\/wp-json\/wp\/v2\/types\/page"}],"author":[{"embeddable":true,"href":"https:\/\/www.rofa-group.com\/morath\/wp-json\/wp\/v2\/users\/1"}],"replies":[{"embeddable":true,"href":"https:\/\/www.rofa-group.com\/morath\/wp-json\/wp\/v2\/comments?post=15"}],"version-history":[{"count":10,"href":"https:\/\/www.rofa-group.com\/morath\/wp-json\/wp\/v2\/pages\/15\/revisions"}],"predecessor-version":[{"id":327,"href":"https:\/\/www.rofa-group.com\/morath\/wp-json\/wp\/v2\/pages\/15\/revisions\/327"}],"wp:attachment":[{"href":"https:\/\/www.rofa-group.com\/morath\/wp-json\/wp\/v2\/media?parent=15"}],"curies":[{"name":"wp","href":"https:\/\/api.w.org\/{rel}","templated":true}]}}