{"id":139,"date":"2024-01-12T19:32:00","date_gmt":"2024-01-12T18:32:00","guid":{"rendered":"https:\/\/www.rofa-group.com\/morath\/?page_id=139"},"modified":"2024-01-14T17:39:03","modified_gmt":"2024-01-14T16:39:03","slug":"umsetzung-systemintegration","status":"publish","type":"page","link":"https:\/\/www.rofa-group.com\/morath\/leistung-services\/umsetzung-systemintegration\/","title":{"rendered":"Umsetzung &#038; Systemintegration"},"content":{"rendered":"\t\t<div data-elementor-type=\"wp-page\" data-elementor-id=\"139\" class=\"elementor elementor-139\" data-elementor-post-type=\"page\">\n\t\t\t\t\t\t<section class=\"elementor-section elementor-top-section elementor-element elementor-element-121956c6 elementor-section-content-top elementor-section-height-min-height elementor-section-items-stretch elementor-section-boxed elementor-section-height-default\" data-id=\"121956c6\" data-element_type=\"section\" data-e-type=\"section\" id=\"mygfx\" data-settings=\"{&quot;background_background&quot;:&quot;classic&quot;}\">\n\t\t\t\t\t\t<div class=\"elementor-container elementor-column-gap-no\">\n\t\t\t\t\t<div class=\"elementor-column elementor-col-100 elementor-top-column elementor-element elementor-element-119c92e5\" data-id=\"119c92e5\" data-element_type=\"column\" data-e-type=\"column\" data-settings=\"{&quot;background_background&quot;:&quot;classic&quot;}\">\n\t\t\t<div class=\"elementor-widget-wrap\">\n\t\t\t\t\t\t\t<\/div>\n\t\t<\/div>\n\t\t\t\t\t<\/div>\n\t\t<\/section>\n\t\t\t\t<section class=\"elementor-section elementor-top-section elementor-element elementor-element-560d7d0c elementor-hidden-desktop elementor-hidden-tablet elementor-section-boxed elementor-section-height-default elementor-section-height-default\" data-id=\"560d7d0c\" data-element_type=\"section\" data-e-type=\"section\">\n\t\t\t\t\t\t<div class=\"elementor-container elementor-column-gap-default\">\n\t\t\t\t\t<div class=\"elementor-column elementor-col-100 elementor-top-column elementor-element elementor-element-60696123\" data-id=\"60696123\" data-element_type=\"column\" data-e-type=\"column\">\n\t\t\t<div class=\"elementor-widget-wrap elementor-element-populated\">\n\t\t\t\t\t\t<section class=\"elementor-section elementor-inner-section elementor-element elementor-element-5dd29fb7 elementor-section-boxed elementor-section-height-default elementor-section-height-default\" data-id=\"5dd29fb7\" data-element_type=\"section\" data-e-type=\"section\">\n\t\t\t\t\t\t<div class=\"elementor-container elementor-column-gap-default\">\n\t\t\t\t\t<div class=\"elementor-column elementor-col-50 elementor-inner-column elementor-element elementor-element-6c03f797\" data-id=\"6c03f797\" data-element_type=\"column\" data-e-type=\"column\">\n\t\t\t<div class=\"elementor-widget-wrap elementor-element-populated\">\n\t\t\t\t\t\t<div class=\"elementor-element elementor-element-23f03651 elementor-widget elementor-widget-image\" data-id=\"23f03651\" data-element_type=\"widget\" data-e-type=\"widget\" data-widget_type=\"image.default\">\n\t\t\t\t\t\t\t\t\t\t\t\t\t\t\t\t<a href=\"https:\/\/www.rofa-group.com\/morath\/leistung-services\/beratung-planung\/\">\n\t\t\t\t\t\t\t<img decoding=\"async\" src=\"https:\/\/www.rofa-group.com\/mlr\/wp-content\/uploads\/sites\/5\/2020\/01\/Leistungen_Umsetzung.svg\" title=\"\" alt=\"\" loading=\"lazy\" \/>\t\t\t\t\t\t\t\t<\/a>\n\t\t\t\t\t\t\t\t\t\t\t\t\t\t\t<\/div>\n\t\t\t\t\t<\/div>\n\t\t<\/div>\n\t\t\t\t<div class=\"elementor-column elementor-col-50 elementor-inner-column elementor-element elementor-element-6f108ccf\" data-id=\"6f108ccf\" data-element_type=\"column\" data-e-type=\"column\">\n\t\t\t<div class=\"elementor-widget-wrap elementor-element-populated\">\n\t\t\t\t\t\t<div class=\"elementor-element elementor-element-4d9c7036 elementor-widget elementor-widget-heading\" data-id=\"4d9c7036\" data-element_type=\"widget\" data-e-type=\"widget\" data-widget_type=\"heading.default\">\n\t\t\t\t\t<h3 class=\"elementor-heading-title elementor-size-default\"><a href=\"https:\/\/www.rofa-group.com\/morath\/leistung-services\/beratung-planung\/\">Beratung &amp; Planung<\/a><\/h3>\t\t\t\t<\/div>\n\t\t\t\t\t<\/div>\n\t\t<\/div>\n\t\t\t\t\t<\/div>\n\t\t<\/section>\n\t\t\t\t<section class=\"elementor-section elementor-inner-section elementor-element elementor-element-61b1d776 elementor-section-boxed elementor-section-height-default elementor-section-height-default\" data-id=\"61b1d776\" data-element_type=\"section\" data-e-type=\"section\">\n\t\t\t\t\t\t<div class=\"elementor-container elementor-column-gap-default\">\n\t\t\t\t\t<div class=\"elementor-column elementor-col-50 elementor-inner-column elementor-element elementor-element-3ffca862\" data-id=\"3ffca862\" data-element_type=\"column\" data-e-type=\"column\">\n\t\t\t<div class=\"elementor-widget-wrap elementor-element-populated\">\n\t\t\t\t\t\t<div class=\"elementor-element elementor-element-34b74985 elementor-widget elementor-widget-image\" data-id=\"34b74985\" data-element_type=\"widget\" data-e-type=\"widget\" data-widget_type=\"image.default\">\n\t\t\t\t\t\t\t\t\t\t\t\t\t\t\t\t<a href=\"#\">\n\t\t\t\t\t\t\t<img decoding=\"async\" src=\"https:\/\/www.rofa-group.com\/mlr\/wp-content\/uploads\/sites\/5\/2020\/01\/Leistungen_Umsetzung.svg\" title=\"\" alt=\"\" loading=\"lazy\" \/>\t\t\t\t\t\t\t\t<\/a>\n\t\t\t\t\t\t\t\t\t\t\t\t\t\t\t<\/div>\n\t\t\t\t\t<\/div>\n\t\t<\/div>\n\t\t\t\t<div class=\"elementor-column elementor-col-50 elementor-inner-column elementor-element elementor-element-6477b54e\" data-id=\"6477b54e\" data-element_type=\"column\" data-e-type=\"column\">\n\t\t\t<div class=\"elementor-widget-wrap elementor-element-populated\">\n\t\t\t\t\t\t<div class=\"elementor-element elementor-element-796cd63a elementor-widget elementor-widget-heading\" data-id=\"796cd63a\" data-element_type=\"widget\" data-e-type=\"widget\" data-widget_type=\"heading.default\">\n\t\t\t\t\t<h3 class=\"elementor-heading-title elementor-size-default\"><a href=\"#\">Umsetzung &amp; Systemintegration<\/a><\/h3>\t\t\t\t<\/div>\n\t\t\t\t\t<\/div>\n\t\t<\/div>\n\t\t\t\t\t<\/div>\n\t\t<\/section>\n\t\t\t\t<section class=\"elementor-section elementor-inner-section elementor-element elementor-element-299e342e elementor-section-boxed elementor-section-height-default elementor-section-height-default\" data-id=\"299e342e\" data-element_type=\"section\" data-e-type=\"section\">\n\t\t\t\t\t\t<div class=\"elementor-container elementor-column-gap-default\">\n\t\t\t\t\t<div class=\"elementor-column elementor-col-50 elementor-inner-column elementor-element elementor-element-6d894baf\" data-id=\"6d894baf\" data-element_type=\"column\" data-e-type=\"column\">\n\t\t\t<div class=\"elementor-widget-wrap elementor-element-populated\">\n\t\t\t\t\t\t<div class=\"elementor-element elementor-element-351c7231 elementor-widget elementor-widget-image\" data-id=\"351c7231\" data-element_type=\"widget\" data-e-type=\"widget\" data-widget_type=\"image.default\">\n\t\t\t\t\t\t\t\t\t\t\t\t\t\t\t\t<a href=\"https:\/\/www.rofa-group.com\/morath\/leistung-services\/service-support\/\">\n\t\t\t\t\t\t\t<img decoding=\"async\" src=\"https:\/\/www.rofa-group.com\/mlr\/wp-content\/uploads\/sites\/5\/2020\/01\/Leistungen_Service.svg\" title=\"\" alt=\"\" loading=\"lazy\" \/>\t\t\t\t\t\t\t\t<\/a>\n\t\t\t\t\t\t\t\t\t\t\t\t\t\t\t<\/div>\n\t\t\t\t\t<\/div>\n\t\t<\/div>\n\t\t\t\t<div class=\"elementor-column elementor-col-50 elementor-inner-column elementor-element elementor-element-2e70173f\" data-id=\"2e70173f\" data-element_type=\"column\" data-e-type=\"column\">\n\t\t\t<div class=\"elementor-widget-wrap elementor-element-populated\">\n\t\t\t\t\t\t<div class=\"elementor-element elementor-element-326deedf elementor-widget elementor-widget-heading\" data-id=\"326deedf\" data-element_type=\"widget\" data-e-type=\"widget\" data-widget_type=\"heading.default\">\n\t\t\t\t\t<h3 class=\"elementor-heading-title elementor-size-default\"><a href=\"https:\/\/www.rofa-group.com\/morath\/leistung-services\/service-support\/\">Service &amp; Support<\/a><\/h3>\t\t\t\t<\/div>\n\t\t\t\t\t<\/div>\n\t\t<\/div>\n\t\t\t\t\t<\/div>\n\t\t<\/section>\n\t\t\t\t\t<\/div>\n\t\t<\/div>\n\t\t\t\t\t<\/div>\n\t\t<\/section>\n\t\t\t\t<section class=\"elementor-section elementor-top-section elementor-element elementor-element-ddd6ea7 elementor-section-boxed elementor-section-height-default elementor-section-height-default\" data-id=\"ddd6ea7\" data-element_type=\"section\" data-e-type=\"section\" data-settings=\"{&quot;background_background&quot;:&quot;classic&quot;}\">\n\t\t\t\t\t\t<div class=\"elementor-container elementor-column-gap-no\">\n\t\t\t\t\t<div class=\"elementor-column elementor-col-50 elementor-top-column elementor-element elementor-element-2ce0a359\" data-id=\"2ce0a359\" data-element_type=\"column\" data-e-type=\"column\" data-settings=\"{&quot;background_background&quot;:&quot;classic&quot;}\">\n\t\t\t<div class=\"elementor-widget-wrap elementor-element-populated\">\n\t\t\t\t\t\t<div class=\"elementor-element elementor-element-1252aac5 elementor-widget elementor-widget-text-editor\" data-id=\"1252aac5\" data-element_type=\"widget\" data-e-type=\"widget\" data-widget_type=\"text-editor.default\">\n\t\t\t\t\t\t\t\t\t<h1 class=\"fett\">UMSETZUNG &amp; SYSTEM\u00adINTEGRATION<\/h1>\n<h2 class=\"mittel\">Rund um den Globus f\u00fcr Sie im Einsatz<\/h2>\t\t\t\t\t\t\t\t<\/div>\n\t\t\t\t\t<\/div>\n\t\t<\/div>\n\t\t\t\t<div class=\"elementor-column elementor-col-50 elementor-top-column elementor-element elementor-element-6d84b12d\" data-id=\"6d84b12d\" data-element_type=\"column\" data-e-type=\"column\">\n\t\t\t<div class=\"elementor-widget-wrap\">\n\t\t\t\t\t\t\t<\/div>\n\t\t<\/div>\n\t\t\t\t\t<\/div>\n\t\t<\/section>\n\t\t\t\t<section class=\"elementor-section elementor-top-section elementor-element elementor-element-4c9360b4 makefullwidth elementor-hidden-phone elementor-section-boxed elementor-section-height-default elementor-section-height-default\" data-id=\"4c9360b4\" data-element_type=\"section\" data-e-type=\"section\">\n\t\t\t\t\t\t<div class=\"elementor-container elementor-column-gap-default\">\n\t\t\t\t\t<div class=\"elementor-column elementor-col-20 elementor-top-column elementor-element elementor-element-25ef6fec\" data-id=\"25ef6fec\" data-element_type=\"column\" data-e-type=\"column\">\n\t\t\t<div class=\"elementor-widget-wrap\">\n\t\t\t\t\t\t\t<\/div>\n\t\t<\/div>\n\t\t\t\t<div class=\"elementor-column elementor-col-20 elementor-top-column elementor-element elementor-element-214b30a1\" data-id=\"214b30a1\" data-element_type=\"column\" data-e-type=\"column\">\n\t\t\t<div class=\"elementor-widget-wrap elementor-element-populated\">\n\t\t\t\t\t\t<div class=\"elementor-element elementor-element-5e56cbb3 elementor-widget elementor-widget-image\" data-id=\"5e56cbb3\" data-element_type=\"widget\" data-e-type=\"widget\" data-widget_type=\"image.default\">\n\t\t\t\t\t\t\t\t\t\t\t\t\t\t\t\t<a href=\"https:\/\/www.rofa-group.com\/morath\/leistung-services\/beratung-planung\/\">\n\t\t\t\t\t\t\t<img decoding=\"async\" src=\"https:\/\/www.rofa-group.com\/mlr\/wp-content\/uploads\/sites\/5\/2020\/01\/Leistungen_Beratung.svg\" title=\"\" alt=\"\" loading=\"lazy\" \/>\t\t\t\t\t\t\t\t<\/a>\n\t\t\t\t\t\t\t\t\t\t\t\t\t\t\t<\/div>\n\t\t\t\t<div class=\"elementor-element elementor-element-5639d9e1 elementor-widget elementor-widget-heading\" data-id=\"5639d9e1\" data-element_type=\"widget\" data-e-type=\"widget\" data-widget_type=\"heading.default\">\n\t\t\t\t\t<h3 class=\"elementor-heading-title elementor-size-default\"><a href=\"https:\/\/www.rofa-group.com\/morath\/leistung-services\/beratung-planung\/\">Beratung &amp;\nPlanung<\/a><\/h3>\t\t\t\t<\/div>\n\t\t\t\t\t<\/div>\n\t\t<\/div>\n\t\t\t\t<div class=\"elementor-column elementor-col-20 elementor-top-column elementor-element elementor-element-2e689cda\" data-id=\"2e689cda\" data-element_type=\"column\" data-e-type=\"column\">\n\t\t\t<div class=\"elementor-widget-wrap elementor-element-populated\">\n\t\t\t\t\t\t<div class=\"elementor-element elementor-element-40995021 elementor-widget elementor-widget-image\" data-id=\"40995021\" data-element_type=\"widget\" data-e-type=\"widget\" data-widget_type=\"image.default\">\n\t\t\t\t\t\t\t\t\t\t\t\t\t\t\t<img decoding=\"async\" src=\"https:\/\/www.rofa-group.com\/mlr\/wp-content\/uploads\/sites\/5\/2020\/01\/Leistungen_Umsetzung.svg\" title=\"\" alt=\"\" loading=\"lazy\" \/>\t\t\t\t\t\t\t\t\t\t\t\t\t\t\t<\/div>\n\t\t\t\t<div class=\"elementor-element elementor-element-5c644ff7 elementor-widget elementor-widget-heading\" data-id=\"5c644ff7\" data-element_type=\"widget\" data-e-type=\"widget\" data-widget_type=\"heading.default\">\n\t\t\t\t\t<h3 class=\"elementor-heading-title elementor-size-default\">Umsetzung &amp;\nSystemintegration<\/h3>\t\t\t\t<\/div>\n\t\t\t\t\t<\/div>\n\t\t<\/div>\n\t\t\t\t<div class=\"elementor-column elementor-col-20 elementor-top-column elementor-element elementor-element-498cccb7\" data-id=\"498cccb7\" data-element_type=\"column\" data-e-type=\"column\">\n\t\t\t<div class=\"elementor-widget-wrap elementor-element-populated\">\n\t\t\t\t\t\t<div class=\"elementor-element elementor-element-12a1b868 elementor-widget elementor-widget-image\" data-id=\"12a1b868\" data-element_type=\"widget\" data-e-type=\"widget\" data-widget_type=\"image.default\">\n\t\t\t\t\t\t\t\t\t\t\t\t\t\t\t\t<a href=\"https:\/\/www.rofa-group.com\/morath\/leistung-services\/service-support\/\">\n\t\t\t\t\t\t\t<img decoding=\"async\" src=\"https:\/\/www.rofa-group.com\/mlr\/wp-content\/uploads\/sites\/5\/2020\/01\/Leistungen_Service.svg\" title=\"\" alt=\"\" loading=\"lazy\" \/>\t\t\t\t\t\t\t\t<\/a>\n\t\t\t\t\t\t\t\t\t\t\t\t\t\t\t<\/div>\n\t\t\t\t<div class=\"elementor-element elementor-element-4937991d elementor-widget elementor-widget-heading\" data-id=\"4937991d\" data-element_type=\"widget\" data-e-type=\"widget\" data-widget_type=\"heading.default\">\n\t\t\t\t\t<h3 class=\"elementor-heading-title elementor-size-default\"><a href=\"https:\/\/www.rofa-group.com\/morath\/leistung-services\/service-support\/\">Service &amp;\nSupport<\/a><\/h3>\t\t\t\t<\/div>\n\t\t\t\t\t<\/div>\n\t\t<\/div>\n\t\t\t\t<div class=\"elementor-column elementor-col-20 elementor-top-column elementor-element elementor-element-52820ad3\" data-id=\"52820ad3\" data-element_type=\"column\" data-e-type=\"column\">\n\t\t\t<div class=\"elementor-widget-wrap\">\n\t\t\t\t\t\t\t<\/div>\n\t\t<\/div>\n\t\t\t\t\t<\/div>\n\t\t<\/section>\n\t\t\t\t<section class=\"elementor-section elementor-top-section elementor-element elementor-element-5959684c elementor-section-boxed elementor-section-height-default elementor-section-height-default\" data-id=\"5959684c\" data-element_type=\"section\" data-e-type=\"section\">\n\t\t\t\t\t\t<div class=\"elementor-container elementor-column-gap-default\">\n\t\t\t\t\t<div class=\"elementor-column elementor-col-100 elementor-top-column elementor-element elementor-element-2f8bf502\" data-id=\"2f8bf502\" data-element_type=\"column\" data-e-type=\"column\">\n\t\t\t<div class=\"elementor-widget-wrap elementor-element-populated\">\n\t\t\t\t\t\t<div class=\"elementor-element elementor-element-1ae84417 elementor-widget elementor-widget-text-editor\" data-id=\"1ae84417\" data-element_type=\"widget\" data-e-type=\"widget\" data-widget_type=\"text-editor.default\">\n\t\t\t\t\t\t\t\t\t<p>Nach der Konzeptions- und Planungsphase beginnt f\u00fcr das Morath Team die Arbeit vor Ort.<br><br>Begleitet wird jedes Projekt durch einen unserer erfahrenen Projektleiter. Als Verantwortlicher f\u00fcr die Gesamtkoordination ist er auch f\u00fcr die Entwicklung der Steuerungskonzepte und Elektrolayouts zust\u00e4ndig. Er stellt die Schnittstelle aller Prozesse und Projektbeteiligten dar und ist ihr Ansprechpartner in allen Belangen.<\/p>\t\t\t\t\t\t\t\t<\/div>\n\t\t\t\t\t<\/div>\n\t\t<\/div>\n\t\t\t\t\t<\/div>\n\t\t<\/section>\n\t\t\t\t<section class=\"elementor-section elementor-top-section elementor-element elementor-element-1f4b96dc elementor-section-boxed elementor-section-height-default elementor-section-height-default\" data-id=\"1f4b96dc\" data-element_type=\"section\" data-e-type=\"section\" data-settings=\"{&quot;background_background&quot;:&quot;classic&quot;}\">\n\t\t\t\t\t\t<div class=\"elementor-container elementor-column-gap-default\">\n\t\t\t\t\t<div class=\"elementor-column elementor-col-100 elementor-top-column elementor-element elementor-element-540494e1\" data-id=\"540494e1\" data-element_type=\"column\" data-e-type=\"column\">\n\t\t\t<div class=\"elementor-widget-wrap elementor-element-populated\">\n\t\t\t\t\t\t<div class=\"elementor-element elementor-element-38b7452b elementor-widget elementor-widget-image\" data-id=\"38b7452b\" data-element_type=\"widget\" data-e-type=\"widget\" data-widget_type=\"image.default\">\n\t\t\t\t\t\t\t\t\t\t\t\t\t\t\t<img decoding=\"async\" src=\"https:\/\/www.rofa-group.com\/moll\/wp-content\/uploads\/sites\/4\/2019\/12\/Prototypenbau.svg\" title=\"\" alt=\"\" loading=\"lazy\" \/>\t\t\t\t\t\t\t\t\t\t\t\t\t\t\t<\/div>\n\t\t\t\t<div class=\"elementor-element elementor-element-7cec49cc elementor-widget elementor-widget-heading\" data-id=\"7cec49cc\" data-element_type=\"widget\" data-e-type=\"widget\" data-widget_type=\"heading.default\">\n\t\t\t\t\t<h2 class=\"elementor-heading-title elementor-size-default\">Elektromontage<\/h2>\t\t\t\t<\/div>\n\t\t\t\t<div class=\"elementor-element elementor-element-6808eed0 elementor-widget elementor-widget-text-editor\" data-id=\"6808eed0\" data-element_type=\"widget\" data-e-type=\"widget\" data-widget_type=\"text-editor.default\">\n\t\t\t\t\t\t\t\t\tMit der Elektromontage startet die Umsetzung der Schaltpl\u00e4ne an der Anlage. Wir f\u00fchren die Elektromontage mit eigenen Bauleitern und hochqualifizierten, zuverl\u00e4ssigen Partnerunternehmen mit einschl\u00e4gigen Branchenkenntnissen durch. Dadurch sind wir in der Lage, entsprechende Manpower f\u00fcr kurzfristige Umsetzungszeitr\u00e4ume bereit zu stellen.\u00a0Die Montage-Teams der Morath Automatisierung GmbH sind seit Jahren eingespielt und international t\u00e4tig. Unser Team \u00fcberzeugt durch hervorragende Qualit\u00e4t und hohe Einsatzbereitschaft.\u00a0Selbstverst\u00e4ndlich verf\u00fcgen wir \u00fcber das Equipment zur Durchf\u00fchrung aller erforderlichen Messungen wie BGV A3, Busmessungen, etc. inkl. Dokumentation.\t\t\t\t\t\t\t\t<\/div>\n\t\t\t\t\t<\/div>\n\t\t<\/div>\n\t\t\t\t\t<\/div>\n\t\t<\/section>\n\t\t\t\t<section class=\"elementor-section elementor-top-section elementor-element elementor-element-1c4e4f75 elementor-section-boxed elementor-section-height-default elementor-section-height-default\" data-id=\"1c4e4f75\" data-element_type=\"section\" data-e-type=\"section\" data-settings=\"{&quot;background_background&quot;:&quot;classic&quot;}\">\n\t\t\t\t\t\t<div class=\"elementor-container elementor-column-gap-default\">\n\t\t\t\t\t<div class=\"elementor-column elementor-col-100 elementor-top-column elementor-element elementor-element-418bf338\" data-id=\"418bf338\" data-element_type=\"column\" data-e-type=\"column\">\n\t\t\t<div class=\"elementor-widget-wrap elementor-element-populated\">\n\t\t\t\t\t\t<div class=\"elementor-element elementor-element-2c4d44d5 elementor-widget elementor-widget-image\" data-id=\"2c4d44d5\" data-element_type=\"widget\" data-e-type=\"widget\" data-widget_type=\"image.default\">\n\t\t\t\t\t\t\t\t\t\t\t\t\t\t\t<img decoding=\"async\" src=\"https:\/\/www.rofa-group.com\/rofa-ag\/wp-content\/uploads\/sites\/2\/Inbetriebnahme.svg\" title=\"\" alt=\"\" loading=\"lazy\" \/>\t\t\t\t\t\t\t\t\t\t\t\t\t\t\t<\/div>\n\t\t\t\t<div class=\"elementor-element elementor-element-678b3afb elementor-widget elementor-widget-heading\" data-id=\"678b3afb\" data-element_type=\"widget\" data-e-type=\"widget\" data-widget_type=\"heading.default\">\n\t\t\t\t\t<h2 class=\"elementor-heading-title elementor-size-default\">Inbetriebnahme<\/h2>\t\t\t\t<\/div>\n\t\t\t\t<div class=\"elementor-element elementor-element-7591f306 elementor-widget elementor-widget-text-editor\" data-id=\"7591f306\" data-element_type=\"widget\" data-e-type=\"widget\" data-widget_type=\"text-editor.default\">\n\t\t\t\t\t\t\t\t\tVor\u00a0der Inbetriebnahme der Anlagen beim Kunden f\u00fchren wir umfangreiche Systemtests in unserem Haus durch. Komplexe Anlagen oder Anlagen mit extrem kurzen Inbetriebnahmezeitr\u00e4umen werden vorab bei uns &#8222;virtuell\u201e, z.B. mit der WinMOD-Systemplattform, in Betrieb genommen. Dadurch werden unsere Inbetriebnahmezeitr\u00e4ume beim Kunden auf ein Minimum reduziert und die Risiken gerade bei kurzen Produktionsunterbrechungen so gut wie ausgeschlossen. Wir begleiten die Inbetriebnahme vom Feldcheck bis zum Produktionsanlauf und der Produktionsbegleitung.\t\t\t\t\t\t\t\t<\/div>\n\t\t\t\t\t<\/div>\n\t\t<\/div>\n\t\t\t\t\t<\/div>\n\t\t<\/section>\n\t\t\t\t<section class=\"elementor-section elementor-top-section elementor-element elementor-element-c53bd2d elementor-section-boxed elementor-section-height-default elementor-section-height-default\" data-id=\"c53bd2d\" data-element_type=\"section\" data-e-type=\"section\" data-settings=\"{&quot;background_background&quot;:&quot;classic&quot;}\">\n\t\t\t\t\t\t<div class=\"elementor-container elementor-column-gap-default\">\n\t\t\t\t\t<div class=\"elementor-column elementor-col-100 elementor-top-column elementor-element elementor-element-092232f\" data-id=\"092232f\" data-element_type=\"column\" data-e-type=\"column\">\n\t\t\t<div class=\"elementor-widget-wrap elementor-element-populated\">\n\t\t\t\t\t\t<div class=\"elementor-element elementor-element-89db808 elementor-widget elementor-widget-image\" data-id=\"89db808\" data-element_type=\"widget\" data-e-type=\"widget\" data-widget_type=\"image.default\">\n\t\t\t\t\t\t\t\t\t\t\t\t\t\t\t<img decoding=\"async\" src=\"https:\/\/www.rofa-group.com\/dls\/wp-content\/uploads\/sites\/7\/Icon_Zertifizierte_Qualitaet.svg\" title=\"\" alt=\"\" loading=\"lazy\" \/>\t\t\t\t\t\t\t\t\t\t\t\t\t\t\t<\/div>\n\t\t\t\t<div class=\"elementor-element elementor-element-32e6596 elementor-widget elementor-widget-heading\" data-id=\"32e6596\" data-element_type=\"widget\" data-e-type=\"widget\" data-widget_type=\"heading.default\">\n\t\t\t\t\t<h2 class=\"elementor-heading-title elementor-size-default\">Dokumentation &amp; Schulung<\/h2>\t\t\t\t<\/div>\n\t\t\t\t<div class=\"elementor-element elementor-element-e1d5f44 elementor-widget elementor-widget-text-editor\" data-id=\"e1d5f44\" data-element_type=\"widget\" data-e-type=\"widget\" data-widget_type=\"text-editor.default\">\n\t\t\t\t\t\t\t\t\t<p>Zum Bau und zur Inbetriebnahme einer Anlage geh\u00f6rt die vollst\u00e4ndige Dokumentation. Diese besteht aus Elektrolayouts, Schaltpl\u00e4nen, Funktionsbeschreibungen, Messungen (BGV A3, Profinet, Profibus, etc.), Sicherheitsmatrizen und kundenspezifischen Dokumenten. Eine akribische Vorgehensweise ist dabei unerl\u00e4sslich und bei der Morath Automatisierung GmbH selbstverst\u00e4ndlich.\u00a0Um eine h\u00f6chstm\u00f6gliche Verf\u00fcgbarkeit der Anlage zu gew\u00e4hrleisten, f\u00fchren wir intensive theoretische und praktische Schulungen des Bedien- und Wartungspersonals vor \u00dcbergabe der Anlage durch.<\/p>\t\t\t\t\t\t\t\t<\/div>\n\t\t\t\t\t<\/div>\n\t\t<\/div>\n\t\t\t\t\t<\/div>\n\t\t<\/section>\n\t\t\t\t<\/div>\n\t\t","protected":false},"excerpt":{"rendered":"<p>Beratung &amp; Planung Umsetzung &amp; Systemintegration Service &amp; Support UMSETZUNG &amp; SYSTEM\u00adINTEGRATION Rund um den Globus f\u00fcr Sie im Einsatz Beratung &amp; Planung Umsetzung &amp; Systemintegration Service &amp; Support Nach der Konzeptions- und Planungsphase beginnt f\u00fcr das Morath Team die Arbeit vor Ort. Begleitet wird jedes Projekt durch einen unserer erfahrenen Projektleiter. Als Verantwortlicher f\u00fcr [&hellip;]<\/p>\n","protected":false},"author":1,"featured_media":0,"parent":7,"menu_order":0,"comment_status":"closed","ping_status":"closed","template":"","meta":{"_acf_changed":false,"footnotes":""},"class_list":["post-139","page","type-page","status-publish","hentry"],"acf":[],"_links":{"self":[{"href":"https:\/\/www.rofa-group.com\/morath\/wp-json\/wp\/v2\/pages\/139","targetHints":{"allow":["GET"]}}],"collection":[{"href":"https:\/\/www.rofa-group.com\/morath\/wp-json\/wp\/v2\/pages"}],"about":[{"href":"https:\/\/www.rofa-group.com\/morath\/wp-json\/wp\/v2\/types\/page"}],"author":[{"embeddable":true,"href":"https:\/\/www.rofa-group.com\/morath\/wp-json\/wp\/v2\/users\/1"}],"replies":[{"embeddable":true,"href":"https:\/\/www.rofa-group.com\/morath\/wp-json\/wp\/v2\/comments?post=139"}],"version-history":[{"count":16,"href":"https:\/\/www.rofa-group.com\/morath\/wp-json\/wp\/v2\/pages\/139\/revisions"}],"predecessor-version":[{"id":311,"href":"https:\/\/www.rofa-group.com\/morath\/wp-json\/wp\/v2\/pages\/139\/revisions\/311"}],"up":[{"embeddable":true,"href":"https:\/\/www.rofa-group.com\/morath\/wp-json\/wp\/v2\/pages\/7"}],"wp:attachment":[{"href":"https:\/\/www.rofa-group.com\/morath\/wp-json\/wp\/v2\/media?parent=139"}],"curies":[{"name":"wp","href":"https:\/\/api.w.org\/{rel}","templated":true}]}}