{"id":135,"date":"2024-01-12T19:31:13","date_gmt":"2024-01-12T18:31:13","guid":{"rendered":"https:\/\/www.rofa-group.com\/morath\/?page_id=135"},"modified":"2024-01-13T15:00:50","modified_gmt":"2024-01-13T14:00:50","slug":"beratung-planung","status":"publish","type":"page","link":"https:\/\/www.rofa-group.com\/morath\/leistung-services\/beratung-planung\/","title":{"rendered":"Beratung &#038; Planung"},"content":{"rendered":"\t\t<div data-elementor-type=\"wp-page\" data-elementor-id=\"135\" class=\"elementor elementor-135\" data-elementor-post-type=\"page\">\n\t\t\t\t\t\t<section class=\"elementor-section elementor-top-section elementor-element elementor-element-5a1715d0 elementor-section-content-top elementor-section-height-min-height elementor-section-items-stretch elementor-section-boxed elementor-section-height-default\" data-id=\"5a1715d0\" data-element_type=\"section\" data-e-type=\"section\" id=\"mygfx\" data-settings=\"{&quot;background_background&quot;:&quot;classic&quot;}\">\n\t\t\t\t\t\t<div class=\"elementor-container elementor-column-gap-no\">\n\t\t\t\t\t<div class=\"elementor-column elementor-col-100 elementor-top-column elementor-element elementor-element-62ee3021\" data-id=\"62ee3021\" data-element_type=\"column\" data-e-type=\"column\" data-settings=\"{&quot;background_background&quot;:&quot;classic&quot;}\">\n\t\t\t<div class=\"elementor-widget-wrap\">\n\t\t\t\t\t\t\t<\/div>\n\t\t<\/div>\n\t\t\t\t\t<\/div>\n\t\t<\/section>\n\t\t\t\t<section class=\"elementor-section elementor-top-section elementor-element elementor-element-21992ae2 elementor-hidden-desktop elementor-hidden-tablet elementor-section-boxed elementor-section-height-default elementor-section-height-default\" data-id=\"21992ae2\" data-element_type=\"section\" data-e-type=\"section\">\n\t\t\t\t\t\t<div class=\"elementor-container elementor-column-gap-default\">\n\t\t\t\t\t<div class=\"elementor-column elementor-col-100 elementor-top-column elementor-element elementor-element-1bce8acd\" data-id=\"1bce8acd\" data-element_type=\"column\" data-e-type=\"column\">\n\t\t\t<div class=\"elementor-widget-wrap elementor-element-populated\">\n\t\t\t\t\t\t<section class=\"elementor-section elementor-inner-section elementor-element elementor-element-293070c7 elementor-section-boxed elementor-section-height-default elementor-section-height-default\" data-id=\"293070c7\" data-element_type=\"section\" data-e-type=\"section\">\n\t\t\t\t\t\t<div class=\"elementor-container elementor-column-gap-default\">\n\t\t\t\t\t<div class=\"elementor-column elementor-col-50 elementor-inner-column elementor-element elementor-element-23e29a70\" data-id=\"23e29a70\" data-element_type=\"column\" data-e-type=\"column\">\n\t\t\t<div class=\"elementor-widget-wrap elementor-element-populated\">\n\t\t\t\t\t\t<div class=\"elementor-element elementor-element-29516e7f elementor-widget elementor-widget-image\" data-id=\"29516e7f\" data-element_type=\"widget\" data-e-type=\"widget\" data-widget_type=\"image.default\">\n\t\t\t\t\t\t\t\t\t\t\t\t\t\t\t\t<a href=\"#\">\n\t\t\t\t\t\t\t<img decoding=\"async\" src=\"https:\/\/www.rofa-group.com\/mlr\/wp-content\/uploads\/sites\/5\/2020\/01\/Leistungen_Umsetzung.svg\" title=\"\" alt=\"\" loading=\"lazy\" \/>\t\t\t\t\t\t\t\t<\/a>\n\t\t\t\t\t\t\t\t\t\t\t\t\t\t\t<\/div>\n\t\t\t\t\t<\/div>\n\t\t<\/div>\n\t\t\t\t<div class=\"elementor-column elementor-col-50 elementor-inner-column elementor-element elementor-element-28eb4ec7\" data-id=\"28eb4ec7\" data-element_type=\"column\" data-e-type=\"column\">\n\t\t\t<div class=\"elementor-widget-wrap elementor-element-populated\">\n\t\t\t\t\t\t<div class=\"elementor-element elementor-element-5ca505d3 elementor-widget elementor-widget-heading\" data-id=\"5ca505d3\" data-element_type=\"widget\" data-e-type=\"widget\" data-widget_type=\"heading.default\">\n\t\t\t\t\t<h3 class=\"elementor-heading-title elementor-size-default\"><a href=\"#\">Beratung &amp; Planung<\/a><\/h3>\t\t\t\t<\/div>\n\t\t\t\t\t<\/div>\n\t\t<\/div>\n\t\t\t\t\t<\/div>\n\t\t<\/section>\n\t\t\t\t<section class=\"elementor-section elementor-inner-section elementor-element elementor-element-5355580c elementor-section-boxed elementor-section-height-default elementor-section-height-default\" data-id=\"5355580c\" data-element_type=\"section\" data-e-type=\"section\">\n\t\t\t\t\t\t<div class=\"elementor-container elementor-column-gap-default\">\n\t\t\t\t\t<div class=\"elementor-column elementor-col-50 elementor-inner-column elementor-element elementor-element-179e48a2\" data-id=\"179e48a2\" data-element_type=\"column\" data-e-type=\"column\">\n\t\t\t<div class=\"elementor-widget-wrap elementor-element-populated\">\n\t\t\t\t\t\t<div class=\"elementor-element elementor-element-3761e78b elementor-widget elementor-widget-image\" data-id=\"3761e78b\" data-element_type=\"widget\" data-e-type=\"widget\" data-widget_type=\"image.default\">\n\t\t\t\t\t\t\t\t\t\t\t\t\t\t\t\t<a href=\"https:\/\/www.rofa-group.com\/morath\/leistung-services\/umsetzung-systemintegration\/\">\n\t\t\t\t\t\t\t<img decoding=\"async\" src=\"https:\/\/www.rofa-group.com\/mlr\/wp-content\/uploads\/sites\/5\/2020\/01\/Leistungen_Umsetzung.svg\" title=\"\" alt=\"\" loading=\"lazy\" \/>\t\t\t\t\t\t\t\t<\/a>\n\t\t\t\t\t\t\t\t\t\t\t\t\t\t\t<\/div>\n\t\t\t\t\t<\/div>\n\t\t<\/div>\n\t\t\t\t<div class=\"elementor-column elementor-col-50 elementor-inner-column elementor-element elementor-element-451208c\" data-id=\"451208c\" data-element_type=\"column\" data-e-type=\"column\">\n\t\t\t<div class=\"elementor-widget-wrap elementor-element-populated\">\n\t\t\t\t\t\t<div class=\"elementor-element elementor-element-5c42f5a7 elementor-widget elementor-widget-heading\" data-id=\"5c42f5a7\" data-element_type=\"widget\" data-e-type=\"widget\" data-widget_type=\"heading.default\">\n\t\t\t\t\t<h3 class=\"elementor-heading-title elementor-size-default\"><a href=\"https:\/\/www.rofa-group.com\/morath\/leistung-services\/umsetzung-systemintegration\/\">Umsetzung &amp; Systemintegration<\/a><\/h3>\t\t\t\t<\/div>\n\t\t\t\t\t<\/div>\n\t\t<\/div>\n\t\t\t\t\t<\/div>\n\t\t<\/section>\n\t\t\t\t<section class=\"elementor-section elementor-inner-section elementor-element elementor-element-e541b4b elementor-section-boxed elementor-section-height-default elementor-section-height-default\" data-id=\"e541b4b\" data-element_type=\"section\" data-e-type=\"section\">\n\t\t\t\t\t\t<div class=\"elementor-container elementor-column-gap-default\">\n\t\t\t\t\t<div class=\"elementor-column elementor-col-50 elementor-inner-column elementor-element elementor-element-260278d5\" data-id=\"260278d5\" data-element_type=\"column\" data-e-type=\"column\">\n\t\t\t<div class=\"elementor-widget-wrap elementor-element-populated\">\n\t\t\t\t\t\t<div class=\"elementor-element elementor-element-405c26de elementor-widget elementor-widget-image\" data-id=\"405c26de\" data-element_type=\"widget\" data-e-type=\"widget\" data-widget_type=\"image.default\">\n\t\t\t\t\t\t\t\t\t\t\t\t\t\t\t\t<a href=\"https:\/\/www.rofa-group.com\/morath\/leistung-services\/service-support\/\">\n\t\t\t\t\t\t\t<img decoding=\"async\" src=\"https:\/\/www.rofa-group.com\/mlr\/wp-content\/uploads\/sites\/5\/2020\/01\/Leistungen_Service.svg\" title=\"\" alt=\"\" loading=\"lazy\" \/>\t\t\t\t\t\t\t\t<\/a>\n\t\t\t\t\t\t\t\t\t\t\t\t\t\t\t<\/div>\n\t\t\t\t\t<\/div>\n\t\t<\/div>\n\t\t\t\t<div class=\"elementor-column elementor-col-50 elementor-inner-column elementor-element elementor-element-5e47147a\" data-id=\"5e47147a\" data-element_type=\"column\" data-e-type=\"column\">\n\t\t\t<div class=\"elementor-widget-wrap elementor-element-populated\">\n\t\t\t\t\t\t<div class=\"elementor-element elementor-element-288d3f02 elementor-widget elementor-widget-heading\" data-id=\"288d3f02\" data-element_type=\"widget\" data-e-type=\"widget\" data-widget_type=\"heading.default\">\n\t\t\t\t\t<h3 class=\"elementor-heading-title elementor-size-default\"><a href=\"https:\/\/www.rofa-group.com\/morath\/leistung-services\/service-support\/\">Service &amp; Support<\/a><\/h3>\t\t\t\t<\/div>\n\t\t\t\t\t<\/div>\n\t\t<\/div>\n\t\t\t\t\t<\/div>\n\t\t<\/section>\n\t\t\t\t\t<\/div>\n\t\t<\/div>\n\t\t\t\t\t<\/div>\n\t\t<\/section>\n\t\t\t\t<section class=\"elementor-section elementor-top-section elementor-element elementor-element-6261bf73 elementor-section-boxed elementor-section-height-default elementor-section-height-default\" data-id=\"6261bf73\" data-element_type=\"section\" data-e-type=\"section\" data-settings=\"{&quot;background_background&quot;:&quot;classic&quot;}\">\n\t\t\t\t\t\t<div class=\"elementor-container elementor-column-gap-no\">\n\t\t\t\t\t<div class=\"elementor-column elementor-col-50 elementor-top-column elementor-element elementor-element-16076c3\" data-id=\"16076c3\" data-element_type=\"column\" data-e-type=\"column\" data-settings=\"{&quot;background_background&quot;:&quot;classic&quot;}\">\n\t\t\t<div class=\"elementor-widget-wrap elementor-element-populated\">\n\t\t\t\t\t\t<div class=\"elementor-element elementor-element-35dd015c elementor-widget elementor-widget-text-editor\" data-id=\"35dd015c\" data-element_type=\"widget\" data-e-type=\"widget\" data-widget_type=\"text-editor.default\">\n\t\t\t\t\t\t\t\t\t<h1 class=\"fett\">BERATUNG &amp; PLANUNG<\/h1>\n<h2 class=\"mittel\">Unsere Kompetenzen f\u00fcr Ihren Erfolg<\/h2>\t\t\t\t\t\t\t\t<\/div>\n\t\t\t\t\t<\/div>\n\t\t<\/div>\n\t\t\t\t<div class=\"elementor-column elementor-col-50 elementor-top-column elementor-element elementor-element-45014a6b elementor-hidden-phone\" data-id=\"45014a6b\" data-element_type=\"column\" data-e-type=\"column\">\n\t\t\t<div class=\"elementor-widget-wrap\">\n\t\t\t\t\t\t\t<\/div>\n\t\t<\/div>\n\t\t\t\t\t<\/div>\n\t\t<\/section>\n\t\t\t\t<section class=\"elementor-section elementor-top-section elementor-element elementor-element-7cc86387 makefullwidth elementor-hidden-phone elementor-section-boxed elementor-section-height-default elementor-section-height-default\" data-id=\"7cc86387\" data-element_type=\"section\" data-e-type=\"section\">\n\t\t\t\t\t\t<div class=\"elementor-container elementor-column-gap-default\">\n\t\t\t\t\t<div class=\"elementor-column elementor-col-20 elementor-top-column elementor-element elementor-element-73f1b5b8 elementor-hidden-phone\" data-id=\"73f1b5b8\" data-element_type=\"column\" data-e-type=\"column\">\n\t\t\t<div class=\"elementor-widget-wrap\">\n\t\t\t\t\t\t\t<\/div>\n\t\t<\/div>\n\t\t\t\t<div class=\"elementor-column elementor-col-20 elementor-top-column elementor-element elementor-element-167895ba\" data-id=\"167895ba\" data-element_type=\"column\" data-e-type=\"column\">\n\t\t\t<div class=\"elementor-widget-wrap elementor-element-populated\">\n\t\t\t\t\t\t<div class=\"elementor-element elementor-element-4f6b90d5 elementor-widget elementor-widget-image\" data-id=\"4f6b90d5\" data-element_type=\"widget\" data-e-type=\"widget\" data-widget_type=\"image.default\">\n\t\t\t\t\t\t\t\t\t\t\t\t\t\t\t<img decoding=\"async\" src=\"https:\/\/www.rofa-group.com\/mlr\/wp-content\/uploads\/sites\/5\/2020\/01\/Leistungen_Beratung.svg\" title=\"\" alt=\"\" loading=\"lazy\" \/>\t\t\t\t\t\t\t\t\t\t\t\t\t\t\t<\/div>\n\t\t\t\t<div class=\"elementor-element elementor-element-79745843 elementor-widget elementor-widget-heading\" data-id=\"79745843\" data-element_type=\"widget\" data-e-type=\"widget\" data-widget_type=\"heading.default\">\n\t\t\t\t\t<h3 class=\"elementor-heading-title elementor-size-default\">Beratung &amp;\nPlanung<\/h3>\t\t\t\t<\/div>\n\t\t\t\t\t<\/div>\n\t\t<\/div>\n\t\t\t\t<div class=\"elementor-column elementor-col-20 elementor-top-column elementor-element elementor-element-12704b73\" data-id=\"12704b73\" data-element_type=\"column\" data-e-type=\"column\">\n\t\t\t<div class=\"elementor-widget-wrap elementor-element-populated\">\n\t\t\t\t\t\t<div class=\"elementor-element elementor-element-3d337ceb elementor-widget elementor-widget-image\" data-id=\"3d337ceb\" data-element_type=\"widget\" data-e-type=\"widget\" data-widget_type=\"image.default\">\n\t\t\t\t\t\t\t\t\t\t\t\t\t\t\t\t<a href=\"https:\/\/www.rofa-group.com\/morath\/leistung-services\/umsetzung-systemintegration\/\">\n\t\t\t\t\t\t\t<img decoding=\"async\" src=\"https:\/\/www.rofa-group.com\/mlr\/wp-content\/uploads\/sites\/5\/2020\/01\/Leistungen_Umsetzung.svg\" title=\"\" alt=\"\" loading=\"lazy\" \/>\t\t\t\t\t\t\t\t<\/a>\n\t\t\t\t\t\t\t\t\t\t\t\t\t\t\t<\/div>\n\t\t\t\t<div class=\"elementor-element elementor-element-4b5584ff elementor-widget elementor-widget-heading\" data-id=\"4b5584ff\" data-element_type=\"widget\" data-e-type=\"widget\" data-widget_type=\"heading.default\">\n\t\t\t\t\t<h3 class=\"elementor-heading-title elementor-size-default\"><a href=\"https:\/\/www.rofa-group.com\/morath\/leistung-services\/umsetzung-systemintegration\/\">Umsetzung &amp;\nSystemintegration<\/a><\/h3>\t\t\t\t<\/div>\n\t\t\t\t\t<\/div>\n\t\t<\/div>\n\t\t\t\t<div class=\"elementor-column elementor-col-20 elementor-top-column elementor-element elementor-element-294b33e4\" data-id=\"294b33e4\" data-element_type=\"column\" data-e-type=\"column\">\n\t\t\t<div class=\"elementor-widget-wrap elementor-element-populated\">\n\t\t\t\t\t\t<div class=\"elementor-element elementor-element-1654be18 elementor-widget elementor-widget-image\" data-id=\"1654be18\" data-element_type=\"widget\" data-e-type=\"widget\" data-widget_type=\"image.default\">\n\t\t\t\t\t\t\t\t\t\t\t\t\t\t\t\t<a href=\"https:\/\/www.rofa-group.com\/morath\/leistung-services\/service-support\/\">\n\t\t\t\t\t\t\t<img decoding=\"async\" src=\"https:\/\/www.rofa-group.com\/mlr\/wp-content\/uploads\/sites\/5\/2020\/01\/Leistungen_Service.svg\" title=\"\" alt=\"\" loading=\"lazy\" \/>\t\t\t\t\t\t\t\t<\/a>\n\t\t\t\t\t\t\t\t\t\t\t\t\t\t\t<\/div>\n\t\t\t\t<div class=\"elementor-element elementor-element-cf1194c elementor-widget elementor-widget-heading\" data-id=\"cf1194c\" data-element_type=\"widget\" data-e-type=\"widget\" data-widget_type=\"heading.default\">\n\t\t\t\t\t<h3 class=\"elementor-heading-title elementor-size-default\"><a href=\"https:\/\/www.rofa-group.com\/morath\/leistung-services\/service-support\/\">Service &amp;\nSupport<\/a><\/h3>\t\t\t\t<\/div>\n\t\t\t\t\t<\/div>\n\t\t<\/div>\n\t\t\t\t<div class=\"elementor-column elementor-col-20 elementor-top-column elementor-element elementor-element-e3cba61 elementor-hidden-phone\" data-id=\"e3cba61\" data-element_type=\"column\" data-e-type=\"column\">\n\t\t\t<div class=\"elementor-widget-wrap\">\n\t\t\t\t\t\t\t<\/div>\n\t\t<\/div>\n\t\t\t\t\t<\/div>\n\t\t<\/section>\n\t\t\t\t<section class=\"elementor-section elementor-top-section elementor-element elementor-element-11894465 elementor-section-boxed elementor-section-height-default elementor-section-height-default\" data-id=\"11894465\" data-element_type=\"section\" data-e-type=\"section\">\n\t\t\t\t\t\t<div class=\"elementor-container elementor-column-gap-default\">\n\t\t\t\t\t<div class=\"elementor-column elementor-col-100 elementor-top-column elementor-element elementor-element-5bfd6d20\" data-id=\"5bfd6d20\" data-element_type=\"column\" data-e-type=\"column\">\n\t\t\t<div class=\"elementor-widget-wrap elementor-element-populated\">\n\t\t\t\t\t\t<div class=\"elementor-element elementor-element-5f1d2453 elementor-widget elementor-widget-text-editor\" data-id=\"5f1d2453\" data-element_type=\"widget\" data-e-type=\"widget\" data-widget_type=\"text-editor.default\">\n\t\t\t\t\t\t\t\t\tAm Anfang eines jeden Projekts steht eine intensive Konzeptionsphase. In enger Zusammenarbeit mit Ihnen erarbeiten wir auf Basis des Lastenhefts ein Anlagenkonzept. Aufgrund unserer langj\u00e4hrigen Erfahrung sind wir in der Lage passgenaue L\u00f6sungsvorschl\u00e4ge zu unterbreiten und dazu das optimale Steuerungssystem zu entwickeln. Dabei beachten wir stets die Bauteilfreigaben und halten uns an kundenspezifische Richtlinien. So sichern wir Top-Qualit\u00e4t und eine reibungslose Abwicklung Ihres Projekts.\t\t\t\t\t\t\t\t<\/div>\n\t\t\t\t\t<\/div>\n\t\t<\/div>\n\t\t\t\t\t<\/div>\n\t\t<\/section>\n\t\t\t\t<section class=\"elementor-section elementor-top-section elementor-element elementor-element-4fe6c16b elementor-section-boxed elementor-section-height-default elementor-section-height-default\" data-id=\"4fe6c16b\" data-element_type=\"section\" data-e-type=\"section\" data-settings=\"{&quot;background_background&quot;:&quot;classic&quot;}\">\n\t\t\t\t\t\t<div class=\"elementor-container elementor-column-gap-default\">\n\t\t\t\t\t<div class=\"elementor-column elementor-col-100 elementor-top-column elementor-element elementor-element-696b38cc\" data-id=\"696b38cc\" data-element_type=\"column\" data-e-type=\"column\">\n\t\t\t<div class=\"elementor-widget-wrap elementor-element-populated\">\n\t\t\t\t\t\t<div class=\"elementor-element elementor-element-41ac2405 elementor-widget elementor-widget-image\" data-id=\"41ac2405\" data-element_type=\"widget\" data-e-type=\"widget\" data-widget_type=\"image.default\">\n\t\t\t\t\t\t\t\t\t\t\t\t\t\t\t<img decoding=\"async\" src=\"https:\/\/www.rofa-group.com\/mlr\/wp-content\/uploads\/sites\/5\/Icon_Leistungen_Konstruktion.svg\" title=\"\" alt=\"\" loading=\"lazy\" \/>\t\t\t\t\t\t\t\t\t\t\t\t\t\t\t<\/div>\n\t\t\t\t<div class=\"elementor-element elementor-element-5bcfdb18 elementor-widget elementor-widget-heading\" data-id=\"5bcfdb18\" data-element_type=\"widget\" data-e-type=\"widget\" data-widget_type=\"heading.default\">\n\t\t\t\t\t<h2 class=\"elementor-heading-title elementor-size-default\">Entwicklung<\/h2>\t\t\t\t<\/div>\n\t\t\t\t<div class=\"elementor-element elementor-element-5eb34afb elementor-widget elementor-widget-text-editor\" data-id=\"5eb34afb\" data-element_type=\"widget\" data-e-type=\"widget\" data-widget_type=\"text-editor.default\">\n\t\t\t\t\t\t\t\t\tDie\u00a0Entwicklung der Hardware erfolgt mit der Engineering-Software ePLAN. Ganz gleich ob es sich um die Entwicklung von Stromlaufpl\u00e4nen, das Erstellen von Aufbaupl\u00e4nen f\u00fcr Schaltschr\u00e4nke, Strombilanzen und Klimaberechnungen oder die Materialauswahl mit allen erforderlichen Berechnungen handelt, wir garantieren eine strenge Einhaltung der Vorgaben und Standards.\t\t\t\t\t\t\t\t<\/div>\n\t\t\t\t\t<\/div>\n\t\t<\/div>\n\t\t\t\t\t<\/div>\n\t\t<\/section>\n\t\t\t\t<section class=\"elementor-section elementor-top-section elementor-element elementor-element-37c43a38 elementor-section-boxed elementor-section-height-default elementor-section-height-default\" data-id=\"37c43a38\" data-element_type=\"section\" data-e-type=\"section\" data-settings=\"{&quot;background_background&quot;:&quot;classic&quot;}\">\n\t\t\t\t\t\t<div class=\"elementor-container elementor-column-gap-default\">\n\t\t\t\t\t<div class=\"elementor-column elementor-col-100 elementor-top-column elementor-element elementor-element-3ebabbe\" data-id=\"3ebabbe\" data-element_type=\"column\" data-e-type=\"column\">\n\t\t\t<div class=\"elementor-widget-wrap elementor-element-populated\">\n\t\t\t\t\t\t<div class=\"elementor-element elementor-element-7c6d79db elementor-widget elementor-widget-image\" data-id=\"7c6d79db\" data-element_type=\"widget\" data-e-type=\"widget\" data-widget_type=\"image.default\">\n\t\t\t\t\t\t\t\t\t\t\t\t\t\t\t<img decoding=\"async\" src=\"https:\/\/www.rofa-group.com\/mlr\/wp-content\/uploads\/sites\/5\/Icon_Leistungen_Prototypenbau.svg\" title=\"\" alt=\"\" loading=\"lazy\" \/>\t\t\t\t\t\t\t\t\t\t\t\t\t\t\t<\/div>\n\t\t\t\t<div class=\"elementor-element elementor-element-5266b160 elementor-widget elementor-widget-heading\" data-id=\"5266b160\" data-element_type=\"widget\" data-e-type=\"widget\" data-widget_type=\"heading.default\">\n\t\t\t\t\t<h2 class=\"elementor-heading-title elementor-size-default\">Konstruktion<\/h2>\t\t\t\t<\/div>\n\t\t\t\t<div class=\"elementor-element elementor-element-52243efa elementor-widget elementor-widget-text-editor\" data-id=\"52243efa\" data-element_type=\"widget\" data-e-type=\"widget\" data-widget_type=\"text-editor.default\">\n\t\t\t\t\t\t\t\t\t<p>Zu unseren gr\u00f6\u00dften St\u00e4rken z\u00e4hlt die Entwicklung der Software f\u00fcr unsere &#8222;Speicherprogrammierbaren Steuerungen und PC-Systeme&#8220; . Dabei achten wir auf \u00fcbersichtliche Programmstrukturen, einfache Bedienbarkeit und kundenspezifische Optimierungen. Bei der Programmierung werden, je nach Vorgabe, Kundenstandards streng eingehalten oder auf Morath Standards aufgesetzt. Eine flexible Handhabung jedes Projekts ist f\u00fcr unsere Software-Spezialisten der Ansporn.<\/p>\t\t\t\t\t\t\t\t<\/div>\n\t\t\t\t\t<\/div>\n\t\t<\/div>\n\t\t\t\t\t<\/div>\n\t\t<\/section>\n\t\t\t\t<\/div>\n\t\t","protected":false},"excerpt":{"rendered":"<p>Beratung &amp; Planung Umsetzung &amp; Systemintegration Service &amp; Support BERATUNG &amp; PLANUNG Unsere Kompetenzen f\u00fcr Ihren Erfolg Beratung &amp; Planung Umsetzung &amp; Systemintegration Service &amp; Support Am Anfang eines jeden Projekts steht eine intensive Konzeptionsphase. In enger Zusammenarbeit mit Ihnen erarbeiten wir auf Basis des Lastenhefts ein Anlagenkonzept. Aufgrund unserer langj\u00e4hrigen Erfahrung sind wir in [&hellip;]<\/p>\n","protected":false},"author":1,"featured_media":0,"parent":7,"menu_order":0,"comment_status":"closed","ping_status":"closed","template":"","meta":{"_acf_changed":false,"footnotes":""},"class_list":["post-135","page","type-page","status-publish","hentry"],"acf":[],"_links":{"self":[{"href":"https:\/\/www.rofa-group.com\/morath\/wp-json\/wp\/v2\/pages\/135","targetHints":{"allow":["GET"]}}],"collection":[{"href":"https:\/\/www.rofa-group.com\/morath\/wp-json\/wp\/v2\/pages"}],"about":[{"href":"https:\/\/www.rofa-group.com\/morath\/wp-json\/wp\/v2\/types\/page"}],"author":[{"embeddable":true,"href":"https:\/\/www.rofa-group.com\/morath\/wp-json\/wp\/v2\/users\/1"}],"replies":[{"embeddable":true,"href":"https:\/\/www.rofa-group.com\/morath\/wp-json\/wp\/v2\/comments?post=135"}],"version-history":[{"count":28,"href":"https:\/\/www.rofa-group.com\/morath\/wp-json\/wp\/v2\/pages\/135\/revisions"}],"predecessor-version":[{"id":223,"href":"https:\/\/www.rofa-group.com\/morath\/wp-json\/wp\/v2\/pages\/135\/revisions\/223"}],"up":[{"embeddable":true,"href":"https:\/\/www.rofa-group.com\/morath\/wp-json\/wp\/v2\/pages\/7"}],"wp:attachment":[{"href":"https:\/\/www.rofa-group.com\/morath\/wp-json\/wp\/v2\/media?parent=135"}],"curies":[{"name":"wp","href":"https:\/\/api.w.org\/{rel}","templated":true}]}}