{"id":13,"date":"2024-01-11T11:40:33","date_gmt":"2024-01-11T10:40:33","guid":{"rendered":"https:\/\/www.rofa-group.com\/morath\/?page_id=13"},"modified":"2024-04-04T18:24:50","modified_gmt":"2024-04-04T16:24:50","slug":"news","status":"publish","type":"page","link":"https:\/\/www.rofa-group.com\/morath\/news\/","title":{"rendered":"News"},"content":{"rendered":"\t\t<div data-elementor-type=\"wp-page\" data-elementor-id=\"13\" class=\"elementor elementor-13\" data-elementor-post-type=\"page\">\n\t\t\t\t\t\t<section class=\"elementor-section elementor-top-section elementor-element elementor-element-58122bb elementor-section-content-top elementor-section-height-min-height elementor-section-items-stretch elementor-section-boxed elementor-section-height-default\" data-id=\"58122bb\" data-element_type=\"section\" data-e-type=\"section\" data-settings=\"{&quot;background_background&quot;:&quot;classic&quot;}\">\n\t\t\t\t\t\t<div class=\"elementor-container elementor-column-gap-no\">\n\t\t\t\t\t<div class=\"elementor-column elementor-col-100 elementor-top-column elementor-element elementor-element-a623b8d\" data-id=\"a623b8d\" data-element_type=\"column\" data-e-type=\"column\" data-settings=\"{&quot;background_background&quot;:&quot;classic&quot;}\">\n\t\t\t<div class=\"elementor-widget-wrap\">\n\t\t\t\t\t\t\t<\/div>\n\t\t<\/div>\n\t\t\t\t\t<\/div>\n\t\t<\/section>\n\t\t\t\t<section class=\"elementor-section elementor-top-section elementor-element elementor-element-211f665 elementor-section-boxed elementor-section-height-default elementor-section-height-default\" data-id=\"211f665\" data-element_type=\"section\" data-e-type=\"section\" data-settings=\"{&quot;background_background&quot;:&quot;classic&quot;}\">\n\t\t\t\t\t\t<div class=\"elementor-container elementor-column-gap-no\">\n\t\t\t\t\t<div class=\"elementor-column elementor-col-50 elementor-top-column elementor-element elementor-element-71c9ccd\" data-id=\"71c9ccd\" data-element_type=\"column\" data-e-type=\"column\" data-settings=\"{&quot;background_background&quot;:&quot;classic&quot;}\">\n\t\t\t<div class=\"elementor-widget-wrap elementor-element-populated\">\n\t\t\t\t\t\t<div class=\"elementor-element elementor-element-eb01897 elementor-widget elementor-widget-text-editor\" data-id=\"eb01897\" data-element_type=\"widget\" data-e-type=\"widget\" data-widget_type=\"text-editor.default\">\n\t\t\t\t\t\t\t\t\t<h1 class=\"fett\">NEWS<\/h1>\n<h2 class=\"mittel2\">Immer am Puls der Zeit<\/h2>\t\t\t\t\t\t\t\t<\/div>\n\t\t\t\t\t<\/div>\n\t\t<\/div>\n\t\t\t\t<div class=\"elementor-column elementor-col-50 elementor-top-column elementor-element elementor-element-b5d0465\" data-id=\"b5d0465\" data-element_type=\"column\" data-e-type=\"column\">\n\t\t\t<div class=\"elementor-widget-wrap\">\n\t\t\t\t\t\t\t<\/div>\n\t\t<\/div>\n\t\t\t\t\t<\/div>\n\t\t<\/section>\n\t\t\t\t<section class=\"elementor-section elementor-top-section elementor-element elementor-element-3239a6e elementor-section-boxed elementor-section-height-default elementor-section-height-default\" data-id=\"3239a6e\" data-element_type=\"section\" data-e-type=\"section\">\n\t\t\t\t\t\t<div class=\"elementor-container elementor-column-gap-no\">\n\t\t\t\t\t<div class=\"elementor-column elementor-col-100 elementor-top-column elementor-element elementor-element-a37eee2\" data-id=\"a37eee2\" data-element_type=\"column\" data-e-type=\"column\">\n\t\t\t<div class=\"elementor-widget-wrap elementor-element-populated\">\n\t\t\t\t\t\t<div class=\"elementor-element elementor-element-12ce3d0 mynetworknews2 elementor-widget elementor-widget-shortcode\" data-id=\"12ce3d0\" data-element_type=\"widget\" data-e-type=\"widget\" data-widget_type=\"shortcode.default\">\n\t\t\t\t\t\t\t<div class=\"elementor-shortcode\"><style>#wplp_widget_548 .wplp_listposts li .img_cropper:before {background: rgba(50,50,60,0.0);}#wplp_widget_548 .wplp_listposts li{\n                width: calc((100% - 20px)\/3);}@media screen and (max-width: 640px) {#wplp_widget_548 .wplp_listposts li {width: calc(100% - 20px) !important;}}<\/style><div class=\"wplp_outside wplp_widget_548\" style=\"max-width:100%;\"><span class=\"wpcu_block_title\">Morath News DE<\/span><div id=\"wplp_widget_548\" class=\"wplp_widget_masonry wplp_container vertical masonry pro cols3\" data-theme=\"masonry\" data-post=\"548\" style=\"\" data-max-elts=\"4\" data-per-page=\"10\"><ul class=\"wplp_listposts\" id=\"masonrycontainer_548\" style=\"width: 100%;\" ><li id=\"wplp_li_548_850\" data-post=\"850\" class=\"postno_1 masonry li-item-id blog_id_14\" style=\"\"><div class=\"insideframe\"><div id=\"wplp_box_top_548_850\" class=\"wpcu-front-box top equalHeightImg\" ><div class=\"wplp-box-item\"><a href=\"https:\/\/www.rofa-group.com\/morath\/news\/rofa-industrial-automation-ag-stellt-weichen-fuer-die-zukunft\/\"  class=\"thumbnail\"><span class=\"img_cropper\" style=\"max-width:100%;\"><img decoding=\"async\" src=\"https:\/\/www.rofa-group.com\/morath\/wp-content\/uploads\/sites\/14\/rofa-gruppenfoto-26.jpg\" style=\"\" srcset=\"\" alt=\"ROFA INDUSTRIAL AUTOMATION AG stellt Weichen f\u00fcr die Zukunft\" class=\"wplp_thumb\" \/><\/span><\/a><a href=\"https:\/\/www.rofa-group.com\/morath\/news\/rofa-industrial-automation-ag-stellt-weichen-fuer-die-zukunft\/\"  class=\"title\"><span style=\"height:2.7em\" class=\"line_limit\">ROFA INDUSTRIAL AUTOMATION AG stellt Weichen f\u00fcr die Zukunft<\/span><\/a><span class=\"date\">4. M\u00e4rz 2026<\/span><span class=\"text\"><span style=\"max-height:3.63em\" class=\"line_limit\">Wir freuen uns, k\u00fcnftig Teil der SPIE Gruppe zu sein!\n\t\t\t\t\t\t\t\t\t\t\t\t\t\t\t\t\n\t\t\t\t\t\t\t\t\t\t\t\t\t\t\t\nMit der \u00dcbernahme durch die SPIE Germany Switzerland Austria GmbH (SPIE GSA), eine hundertprozentige Tochtergesellschaft der SPIE S.A., schl\u00e4gt die ROFA INDUSTRIAL AUTOMATION AG ein neues Kapitel in ihrer Unternehmensgeschichte auf. SPIE ist der unabh\u00e4ngige europ\u00e4ische Marktf\u00fchrer f\u00fcr multitechnische Dienstleistungen in den Bereichen Energie und Kommunikation mit rund 55.000 Mitarbeitenden in 38 L\u00e4ndern.\nGemeinsam mit SPIE werden wir unsere Kompetenzen in den Bereichen Industrieautomation, Intralogistik und technische Projektabwicklung gezielt b\u00fcndeln und weiter ausbauen \u2013 Bereiche, in denen ROFA bereits heute \u00fcber herausragende Expertise verf\u00fcgt.\nROFA hat sich in den vergangenen Jahren mit beeindruckendem Wachstum und einer Gesamtleistung von rund 430 Millionen Euro, an 14 nationalen und internationalen Standorten, als f\u00fchrender Anbieter in der Industrieautomatisierung etabliert. Dieser Erfolg ist das Ergebnis unseres gemeinsamen Engagements, unserer Innovationskraft und unseres strategischen Weitblicks. Im Automobilbereich verf\u00fcgen wir \u00fcber eine starke internationale Marktposition, w\u00e4hrend unser Intralogistikgesch\u00e4ft dynamisch w\u00e4chst und sich zunehmend zu einem zentralen Zukunftsfeld unserer Unternehmensgruppe entwickelt. Gerade hier sehen wir enormes Potenzial, das wir mit Know-how, Erfahrung und Pioniergeist konsequent erschlie\u00dfen m\u00f6chten.\nDie Partnerschaft mit SPIE bietet uns die idealen Rahmenbedingungen, unsere strategische Entwicklung auf ein neues Fundament zu stellen. Durch den Zugang zu weiteren Netzwerken, umfangreichen Ressourcen und zus\u00e4tzlicher Investitionskraft kann ROFA ihre Marktposition weiter ausbauen. F\u00fcr unsere Mitarbeitenden bedeutet dieser Schritt vor allem Kontinuit\u00e4t, aber auch spannende Entwicklungsm\u00f6glichkeiten und eine starke Perspektive f\u00fcr die Zukunft.\nWir freuen uns sehr, k\u00fcnftig Teil der SPIE Gruppe zu sein \u2013 und gemeinsam mit einem starken Partner die Zukunft aktiv zu gestalten.<\/span><span style=\"margin-left:3px; max-height:3.63em\" class=\"line_limit\"> [...]<\/span><\/span><\/div><\/div><div id=\"wplp_box_left_548_850\" class=\"wpcu-front-box left wpcu-custom-position\" ><div class=\"wplp-box-item\"><\/div><\/div><div id=\"wplp_box_right_548_850\" class=\"wpcu-front-box right wpcu-custom-position\" ><div class=\"wplp-box-item\"><\/div><\/div><div id=\"wplp_box_bottom_548_850\" class=\"wpcu-front-box bottom \" ><div class=\"wplp-box-item\"><a href=\"https:\/\/www.rofa-group.com\/morath\/news\/rofa-industrial-automation-ag-stellt-weichen-fuer-die-zukunft\/\"  class=\"read-more\">Read more...<\/a><\/div><\/div><\/div><\/li><li id=\"wplp_li_548_817\" data-post=\"817\" class=\"postno_2 masonry li-item-id blog_id_14\" style=\"\"><div class=\"insideframe\"><div id=\"wplp_box_top_548_817\" class=\"wpcu-front-box top equalHeightImg\" ><div class=\"wplp-box-item\"><a href=\"https:\/\/www.rofa-group.com\/morath\/news\/ehrenamtsfreundlicher-arbeitgeber-im-bevoelkerungsschutz\/\"  class=\"thumbnail\"><span class=\"img_cropper\" style=\"max-width:100%;\"><img decoding=\"async\" src=\"https:\/\/www.rofa-group.com\/morath\/wp-content\/uploads\/sites\/14\/Urkunde-Ehrenamtsfreundlicher-Arbeitgeber-im-Bevoelkerungsschutz-2025.jpg\" style=\"\" srcset=\"\" alt=\"Ehrenamts&#173;freundlicher Arbeitgeber im Bev\u00f6lkerungs&#173;schutz\" class=\"wplp_thumb\" \/><\/span><\/a><a href=\"https:\/\/www.rofa-group.com\/morath\/news\/ehrenamtsfreundlicher-arbeitgeber-im-bevoelkerungsschutz\/\"  class=\"title\"><span style=\"height:2.7em\" class=\"line_limit\">Ehrenamts&#173;freundlicher Arbeitgeber im Bev\u00f6lkerungs&#173;schutz<\/span><\/a><span class=\"date\">16. Februar 2026<\/span><span class=\"text\"><span style=\"max-height:3.63em\" class=\"line_limit\">Wir freuen uns sehr, dass die Morath Automatisierung GmbH von Innenminister Thomas Strobl als \u201eEhrenamtsfreundlicher Arbeitgeber im Bev\u00f6lkerungsschutz\u201c ausgezeichnet wurde.\nDiese besondere Ehrung wird j\u00e4hrlich vom Land Baden-W\u00fcrttemberg an Unternehmen verliehen, die ihre Mitarbeiterinnen und Mitarbeiter bei der Aus\u00fcbung des Ehrenamts im Bev\u00f6lkerungsschutz aktiv unterst\u00fctzen.\nInsgesamt wurden 34 Unternehmen f\u00fcr ihr Engagement geehrt. Im Rahmen einer Feierstunde am 30. Oktober 2025 in der Veranstaltungshalle Kuppenheim (Kreis Rastatt) betonte Innenminister Strobl die herausragende Bedeutung des Ehrenamts f\u00fcr unsere Gesellschaft \u2013 insbesondere in Zeiten gro\u00dfer Herausforderungen und Krisen. Ohne ehrenamtliches Engagement, so Strobl, sei ein funktionierender Staat nicht m\u00f6glich.\nSebastian Oser, stellvertretender Landrat des Landkreises Rastatt, unterstrich die Verantwortung der Unternehmen: \u201eArbeitgeberinnen und Arbeitgeber, die das Ehrenamt im Bev\u00f6lkerungsschutz unterst\u00fctzen, \u00fcbernehmen Verantwortung f\u00fcr die Sicherheit aller. Das verdient gro\u00dfen Respekt und Dank.\u201c\nWir als Morath Automatisierung GmbH sind stolz darauf, Teil dieser starken Gemeinschaft zu sein und das Ehrenamt unserer Mitarbeiterinnen und Mitarbeiter aktiv zu f\u00f6rdern \u2013 zum Wohle des Bev\u00f6lkerungsschutzes und der gesamten Gesellschaft.\nHerzlichen Dank an unser Team f\u00fcr ihr vorbildliches Engagement!\nVerleihung Urkunde ehrenamtsfreundlicher Arbeitgeber im Bev\u00f6lkerungsschutz in der Veranstaltungshalle Kuppenheim<\/span><span style=\"margin-left:3px; max-height:3.63em\" class=\"line_limit\"> [...]<\/span><\/span><\/div><\/div><div id=\"wplp_box_left_548_817\" class=\"wpcu-front-box left wpcu-custom-position\" ><div class=\"wplp-box-item\"><\/div><\/div><div id=\"wplp_box_right_548_817\" class=\"wpcu-front-box right wpcu-custom-position\" ><div class=\"wplp-box-item\"><\/div><\/div><div id=\"wplp_box_bottom_548_817\" class=\"wpcu-front-box bottom \" ><div class=\"wplp-box-item\"><a href=\"https:\/\/www.rofa-group.com\/morath\/news\/ehrenamtsfreundlicher-arbeitgeber-im-bevoelkerungsschutz\/\"  class=\"read-more\">Read more...<\/a><\/div><\/div><\/div><\/li><li id=\"wplp_li_548_804\" data-post=\"804\" class=\"postno_3 masonry li-item-id blog_id_14\" style=\"\"><div class=\"insideframe\"><div id=\"wplp_box_top_548_804\" class=\"wpcu-front-box top equalHeightImg\" ><div class=\"wplp-box-item\"><a href=\"https:\/\/www.rofa-group.com\/morath\/news\/wechsel-in-der-geschaeftsfuehrung-bei-der-morath-automatisierung-gmbh\/\"  class=\"thumbnail\"><span class=\"img_cropper\" style=\"max-width:100%;\"><img decoding=\"async\" src=\"https:\/\/www.rofa-group.com\/morath\/wp-content\/uploads\/sites\/14\/Morath-GF-ALexander-Platter.jpg\" style=\"\" srcset=\"\" alt=\"Wechsel in der Gesch\u00e4fts&#173;f\u00fchrung bei der Morath Automatisierung GmbH\" class=\"wplp_thumb\" \/><\/span><\/a><a href=\"https:\/\/www.rofa-group.com\/morath\/news\/wechsel-in-der-geschaeftsfuehrung-bei-der-morath-automatisierung-gmbh\/\"  class=\"title\"><span style=\"height:2.7em\" class=\"line_limit\">Wechsel in der Gesch\u00e4fts&#173;f\u00fchrung bei der Morath Automatisierung GmbH<\/span><\/a><span class=\"date\">7. Januar 2026<\/span><span class=\"text\"><span style=\"max-height:3.63em\" class=\"line_limit\">Alexander Platter \u00fcbernimmt ab sofort die alleinige Gesch\u00e4ftsf\u00fchrung der Morath Automatisierung GmbH.\nMit \u00fcber zehn Jahren internationaler Erfahrung am ROFA Standort USA bringt er umfassende Expertise in den Bereichen Automatisierung, Projektmanagement und Unternehmensf\u00fchrung mit. Diese Erfahrung wird er gezielt einsetzen, um die Morath Automatisierung GmbH strategisch weiterzuentwickeln und nachhaltig zu st\u00e4rken.Mit dieser Neuausrichtung setzt die Morath Automatisierung GmbH auf Kontinuit\u00e4t, Kompetenz und eine zukunftsorientierte Weiterentwicklung des Unternehmens.\n\u201eF\u00fcr mich steht das Team immer im Mittelpunkt. Es ist mir besonders wichtig, dass sich alle Mitarbeiter fair behandelt f\u00fchlen, gerne zur Arbeit kommen und ihre T\u00e4tigkeit mit Zufriedenheit und Stolz aus\u00fcben. Nur in einem Umfeld, in dem Wertsch\u00e4tzung, Vertrauen und Zusammenhalt gelebt werden, k\u00f6nnen wir gemeinsam nachhaltig erfolgreich sein\u201c, so Alexander Platter.<\/span><span style=\"margin-left:3px; max-height:3.63em\" class=\"line_limit\"> [...]<\/span><\/span><\/div><\/div><div id=\"wplp_box_left_548_804\" class=\"wpcu-front-box left wpcu-custom-position\" ><div class=\"wplp-box-item\"><\/div><\/div><div id=\"wplp_box_right_548_804\" class=\"wpcu-front-box right wpcu-custom-position\" ><div class=\"wplp-box-item\"><\/div><\/div><div id=\"wplp_box_bottom_548_804\" class=\"wpcu-front-box bottom \" ><div class=\"wplp-box-item\"><a href=\"https:\/\/www.rofa-group.com\/morath\/news\/wechsel-in-der-geschaeftsfuehrung-bei-der-morath-automatisierung-gmbh\/\"  class=\"read-more\">Read more...<\/a><\/div><\/div><\/div><\/li><li id=\"wplp_li_548_556\" data-post=\"556\" class=\"postno_4 masonry li-item-id blog_id_14\" style=\"\"><div class=\"insideframe\"><div id=\"wplp_box_top_548_556\" class=\"wpcu-front-box top equalHeightImg\" ><div class=\"wplp-box-item\"><a href=\"https:\/\/www.rofa-group.com\/morath\/news\/erweiterung-der-geschaeftsfuehrung-bei-morath-automatisierung-gmbh\/\"  class=\"thumbnail\"><span class=\"img_cropper\" style=\"max-width:100%;\"><img decoding=\"async\" src=\"https:\/\/www.rofa-group.com\/morath\/wp-content\/uploads\/sites\/14\/2024\/01\/Logo_Morath-Automatisierung-GmbH.svg\" style=\"\" srcset=\"\" alt=\"Erweiterung der Gesch\u00e4fts&#173;f\u00fchrung bei Morath Automatisierung GmbH\" class=\"wplp_thumb\" \/><\/span><\/a><a href=\"https:\/\/www.rofa-group.com\/morath\/news\/erweiterung-der-geschaeftsfuehrung-bei-morath-automatisierung-gmbh\/\"  class=\"title\"><span style=\"height:2.7em\" class=\"line_limit\">Erweiterung der Gesch\u00e4fts&#173;f\u00fchrung bei Morath Automatisierung GmbH<\/span><\/a><span class=\"date\">4. April 2024<\/span><span class=\"text\"><span style=\"max-height:3.63em\" class=\"line_limit\">Andreas Baumer wird ab sofort als neues Mitglied der Gesch\u00e4ftsf\u00fchrung unser Team bei der Morath Automatisierung GmbH verst\u00e4rken.\nWir sind \u00fcberzeugt, dass seine F\u00e4higkeiten und Expertise einen bedeutenden Beitrag zum Erfolg der Morath Automatisierung leisten werden. \n\u201eMitarbeiter individuell zu fordern und zu f\u00f6rdern, sie st\u00e4rkenorientiert und selbstverantwortlich einzusetzen, um gemeinsam ein starkes Team zu pr\u00e4sentieren. Und dann unter Einsatz neuester Technologien eine qualitativ hochwertige Arbeit zu liefern, auf die sich die Kunden verlassen k\u00f6nnen und die Mitarbeiter sich damit identifizieren. Das sind f\u00fcr mich wichtige Prinzipien, um eine solide Basis zu haben und Mitarbeiter und Kunden langfristig zu binden\u201c, so Andreas Baumer.<\/span><span style=\"margin-left:3px; max-height:3.63em\" class=\"line_limit\"> [...]<\/span><\/span><\/div><\/div><div id=\"wplp_box_left_548_556\" class=\"wpcu-front-box left wpcu-custom-position\" ><div class=\"wplp-box-item\"><\/div><\/div><div id=\"wplp_box_right_548_556\" class=\"wpcu-front-box right wpcu-custom-position\" ><div class=\"wplp-box-item\"><\/div><\/div><div id=\"wplp_box_bottom_548_556\" class=\"wpcu-front-box bottom \" ><div class=\"wplp-box-item\"><a href=\"https:\/\/www.rofa-group.com\/morath\/news\/erweiterung-der-geschaeftsfuehrung-bei-morath-automatisierung-gmbh\/\"  class=\"read-more\">Read more...<\/a><\/div><\/div><\/div><\/li><\/ul><\/div><\/div><\/div>\n\t\t\t\t\t\t<\/div>\n\t\t\t\t\t<\/div>\n\t\t<\/div>\n\t\t\t\t\t<\/div>\n\t\t<\/section>\n\t\t\t\t<\/div>\n\t\t","protected":false},"excerpt":{"rendered":"<p>NEWS Immer am Puls der Zeit<\/p>\n","protected":false},"author":1,"featured_media":0,"parent":0,"menu_order":0,"comment_status":"closed","ping_status":"closed","template":"","meta":{"_acf_changed":false,"footnotes":""},"class_list":["post-13","page","type-page","status-publish","hentry","cat-41-id"],"acf":[],"_links":{"self":[{"href":"https:\/\/www.rofa-group.com\/morath\/wp-json\/wp\/v2\/pages\/13","targetHints":{"allow":["GET"]}}],"collection":[{"href":"https:\/\/www.rofa-group.com\/morath\/wp-json\/wp\/v2\/pages"}],"about":[{"href":"https:\/\/www.rofa-group.com\/morath\/wp-json\/wp\/v2\/types\/page"}],"author":[{"embeddable":true,"href":"https:\/\/www.rofa-group.com\/morath\/wp-json\/wp\/v2\/users\/1"}],"replies":[{"embeddable":true,"href":"https:\/\/www.rofa-group.com\/morath\/wp-json\/wp\/v2\/comments?post=13"}],"version-history":[{"count":10,"href":"https:\/\/www.rofa-group.com\/morath\/wp-json\/wp\/v2\/pages\/13\/revisions"}],"predecessor-version":[{"id":551,"href":"https:\/\/www.rofa-group.com\/morath\/wp-json\/wp\/v2\/pages\/13\/revisions\/551"}],"wp:attachment":[{"href":"https:\/\/www.rofa-group.com\/morath\/wp-json\/wp\/v2\/media?parent=13"}],"curies":[{"name":"wp","href":"https:\/\/api.w.org\/{rel}","templated":true}]}}