{"id":99,"date":"2019-12-09T14:50:33","date_gmt":"2019-12-09T13:50:33","guid":{"rendered":"https:\/\/www.rofa-group.com\/moll\/?page_id=99"},"modified":"2020-09-01T08:31:00","modified_gmt":"2020-09-01T06:31:00","slug":"service-support","status":"publish","type":"page","link":"https:\/\/www.rofa-group.com\/moll\/leistungen-services\/service-support\/","title":{"rendered":"Service &amp; Support"},"content":{"rendered":"\t\t<div data-elementor-type=\"wp-page\" data-elementor-id=\"99\" class=\"elementor elementor-99\" data-elementor-post-type=\"page\">\n\t\t\t\t\t\t<section class=\"elementor-section elementor-top-section elementor-element elementor-element-5535d76c elementor-section-content-top elementor-section-height-min-height elementor-section-items-stretch elementor-section-boxed elementor-section-height-default\" data-id=\"5535d76c\" data-element_type=\"section\" data-e-type=\"section\" id=\"mygfx\" data-settings='{\"background_background\":\"classic\"}'>\n\t\t\t\t\t\t<div class=\"elementor-container elementor-column-gap-no\">\n\t\t\t\t\t<div class=\"elementor-column elementor-col-100 elementor-top-column elementor-element elementor-element-4fc1bf50\" data-id=\"4fc1bf50\" data-element_type=\"column\" data-e-type=\"column\" data-settings='{\"background_background\":\"classic\"}'>\n\t\t\t<div class=\"elementor-widget-wrap\">\n\t\t\t\t\t\t\t<\/div>\n\t\t<\/div>\n\t\t\t\t\t<\/div>\n\t\t<\/section>\n\t\t\t\t<section class=\"elementor-section elementor-top-section elementor-element elementor-element-07a9d96 elementor-hidden-desktop elementor-hidden-tablet elementor-section-boxed elementor-section-height-default elementor-section-height-default\" data-id=\"07a9d96\" data-element_type=\"section\" data-e-type=\"section\">\n\t\t\t\t\t\t<div class=\"elementor-container elementor-column-gap-default\">\n\t\t\t\t\t<div class=\"elementor-column elementor-col-100 elementor-top-column elementor-element elementor-element-aa05b0f\" data-id=\"aa05b0f\" data-element_type=\"column\" data-e-type=\"column\">\n\t\t\t<div class=\"elementor-widget-wrap elementor-element-populated\">\n\t\t\t\t\t\t<section class=\"elementor-section elementor-inner-section elementor-element elementor-element-6907e0c elementor-section-boxed elementor-section-height-default elementor-section-height-default\" data-id=\"6907e0c\" data-element_type=\"section\" data-e-type=\"section\">\n\t\t\t\t\t\t<div class=\"elementor-container elementor-column-gap-default\">\n\t\t\t\t\t<div class=\"elementor-column elementor-col-50 elementor-inner-column elementor-element elementor-element-46a837f\" data-id=\"46a837f\" data-element_type=\"column\" data-e-type=\"column\">\n\t\t\t<div class=\"elementor-widget-wrap elementor-element-populated\">\n\t\t\t\t\t\t<div class=\"elementor-element elementor-element-fe3eb04 elementor-widget elementor-widget-image\" data-id=\"fe3eb04\" data-element_type=\"widget\" data-e-type=\"widget\" data-widget_type=\"image.default\">\n\t\t\t\t\t\t\t\t\t\t\t\t\t\t\t\t<a href=\"https:\/\/www.rofa-group.com\/moll\/leistungen-services\/beratung-planung\/\">\n\t\t\t\t\t\t\t<img decoding=\"async\" src=\"https:\/\/www.rofa-group.com\/moll\/wp-content\/uploads\/sites\/4\/2019\/12\/Leistungen_Beratung.svg\" class=\"attachment-full size-full wp-image-72\" alt=\"\">\t\t\t\t\t\t\t\t<\/a>\n\t\t\t\t\t\t\t\t\t\t\t\t\t\t\t<\/div>\n\t\t\t\t\t<\/div>\n\t\t<\/div>\n\t\t\t\t<div class=\"elementor-column elementor-col-50 elementor-inner-column elementor-element elementor-element-b22aa15\" data-id=\"b22aa15\" data-element_type=\"column\" data-e-type=\"column\">\n\t\t\t<div class=\"elementor-widget-wrap elementor-element-populated\">\n\t\t\t\t\t\t<div class=\"elementor-element elementor-element-ef19a2a elementor-widget elementor-widget-heading\" data-id=\"ef19a2a\" data-element_type=\"widget\" data-e-type=\"widget\" data-widget_type=\"heading.default\">\n\t\t\t\t\t<h3 class=\"elementor-heading-title elementor-size-default\"><a href=\"https:\/\/www.rofa-group.com\/moll\/leistungen-services\/beratung-planung\/\">Beratung &amp; Planung<\/a><\/h3>\t\t\t\t<\/div>\n\t\t\t\t\t<\/div>\n\t\t<\/div>\n\t\t\t\t\t<\/div>\n\t\t<\/section>\n\t\t\t\t<section class=\"elementor-section elementor-inner-section elementor-element elementor-element-7228c46 elementor-section-boxed elementor-section-height-default elementor-section-height-default\" data-id=\"7228c46\" data-element_type=\"section\" data-e-type=\"section\">\n\t\t\t\t\t\t<div class=\"elementor-container elementor-column-gap-default\">\n\t\t\t\t\t<div class=\"elementor-column elementor-col-50 elementor-inner-column elementor-element elementor-element-0acbb7e\" data-id=\"0acbb7e\" data-element_type=\"column\" data-e-type=\"column\">\n\t\t\t<div class=\"elementor-widget-wrap elementor-element-populated\">\n\t\t\t\t\t\t<div class=\"elementor-element elementor-element-4a9f2bb elementor-widget elementor-widget-image\" data-id=\"4a9f2bb\" data-element_type=\"widget\" data-e-type=\"widget\" data-widget_type=\"image.default\">\n\t\t\t\t\t\t\t\t\t\t\t\t\t\t\t\t<a href=\"https:\/\/www.rofa-group.com\/moll\/leistungen-services\/umsetzung-systemintegration\">\n\t\t\t\t\t\t\t<img decoding=\"async\" width=\"1\" height=\"1\" src=\"https:\/\/www.rofa-group.com\/moll\/wp-content\/uploads\/sites\/4\/2019\/12\/Leistungen_Umsetzung.svg\" class=\"attachment-wptl-100x100 size-wptl-100x100 wp-image-73\" alt=\"\">\t\t\t\t\t\t\t\t<\/a>\n\t\t\t\t\t\t\t\t\t\t\t\t\t\t\t<\/div>\n\t\t\t\t\t<\/div>\n\t\t<\/div>\n\t\t\t\t<div class=\"elementor-column elementor-col-50 elementor-inner-column elementor-element elementor-element-346cefd\" data-id=\"346cefd\" data-element_type=\"column\" data-e-type=\"column\">\n\t\t\t<div class=\"elementor-widget-wrap elementor-element-populated\">\n\t\t\t\t\t\t<div class=\"elementor-element elementor-element-ef210f2 elementor-widget elementor-widget-heading\" data-id=\"ef210f2\" data-element_type=\"widget\" data-e-type=\"widget\" data-widget_type=\"heading.default\">\n\t\t\t\t\t<h3 class=\"elementor-heading-title elementor-size-default\"><a href=\"https:\/\/www.rofa-group.com\/moll\/leistungen-services\/umsetzung-systemintegration\">Umsetzung &amp; Systemintegration<\/a><\/h3>\t\t\t\t<\/div>\n\t\t\t\t\t<\/div>\n\t\t<\/div>\n\t\t\t\t\t<\/div>\n\t\t<\/section>\n\t\t\t\t<section class=\"elementor-section elementor-inner-section elementor-element elementor-element-afd1141 elementor-section-boxed elementor-section-height-default elementor-section-height-default\" data-id=\"afd1141\" data-element_type=\"section\" data-e-type=\"section\">\n\t\t\t\t\t\t<div class=\"elementor-container elementor-column-gap-default\">\n\t\t\t\t\t<div class=\"elementor-column elementor-col-50 elementor-inner-column elementor-element elementor-element-12d88f5\" data-id=\"12d88f5\" data-element_type=\"column\" data-e-type=\"column\">\n\t\t\t<div class=\"elementor-widget-wrap elementor-element-populated\">\n\t\t\t\t\t\t<div class=\"elementor-element elementor-element-59e8305 elementor-widget elementor-widget-image\" data-id=\"59e8305\" data-element_type=\"widget\" data-e-type=\"widget\" data-widget_type=\"image.default\">\n\t\t\t\t\t\t\t\t\t\t\t\t\t\t\t\t<a href=\"#\">\n\t\t\t\t\t\t\t<img decoding=\"async\" width=\"1\" height=\"1\" src=\"https:\/\/www.rofa-group.com\/moll\/wp-content\/uploads\/sites\/4\/2019\/12\/Leistungen_Service.svg\" class=\"attachment-wptl-100x100 size-wptl-100x100 wp-image-74\" alt=\"\">\t\t\t\t\t\t\t\t<\/a>\n\t\t\t\t\t\t\t\t\t\t\t\t\t\t\t<\/div>\n\t\t\t\t\t<\/div>\n\t\t<\/div>\n\t\t\t\t<div class=\"elementor-column elementor-col-50 elementor-inner-column elementor-element elementor-element-5c4cf01\" data-id=\"5c4cf01\" data-element_type=\"column\" data-e-type=\"column\">\n\t\t\t<div class=\"elementor-widget-wrap elementor-element-populated\">\n\t\t\t\t\t\t<div class=\"elementor-element elementor-element-91e4bf1 elementor-widget elementor-widget-heading\" data-id=\"91e4bf1\" data-element_type=\"widget\" data-e-type=\"widget\" data-widget_type=\"heading.default\">\n\t\t\t\t\t<h3 class=\"elementor-heading-title elementor-size-default\"><a href=\"#\">Service &amp; Support<\/a><\/h3>\t\t\t\t<\/div>\n\t\t\t\t\t<\/div>\n\t\t<\/div>\n\t\t\t\t\t<\/div>\n\t\t<\/section>\n\t\t\t\t\t<\/div>\n\t\t<\/div>\n\t\t\t\t\t<\/div>\n\t\t<\/section>\n\t\t\t\t<section class=\"elementor-section elementor-top-section elementor-element elementor-element-43f33d60 elementor-section-boxed elementor-section-height-default elementor-section-height-default\" data-id=\"43f33d60\" data-element_type=\"section\" data-e-type=\"section\" data-settings='{\"background_background\":\"classic\"}'>\n\t\t\t\t\t\t<div class=\"elementor-container elementor-column-gap-no\">\n\t\t\t\t\t<div class=\"elementor-column elementor-col-50 elementor-top-column elementor-element elementor-element-ccb4214\" data-id=\"ccb4214\" data-element_type=\"column\" data-e-type=\"column\" data-settings='{\"background_background\":\"classic\"}'>\n\t\t\t<div class=\"elementor-widget-wrap elementor-element-populated\">\n\t\t\t\t\t\t<div class=\"elementor-element elementor-element-72d59f21 elementor-widget elementor-widget-text-editor\" data-id=\"72d59f21\" data-element_type=\"widget\" data-e-type=\"widget\" data-widget_type=\"text-editor.default\">\n\t\t\t\t\t\t\t\t\t<h1 class=\"fett\">SERVICE &amp; SUPPORT<\/h1><h2 class=\"mittel\">Unsere Experten sind f\u00fcr Sie da<\/h2>\t\t\t\t\t\t\t\t<\/div>\n\t\t\t\t\t<\/div>\n\t\t<\/div>\n\t\t\t\t<div class=\"elementor-column elementor-col-50 elementor-top-column elementor-element elementor-element-4a33bb4\" data-id=\"4a33bb4\" data-element_type=\"column\" data-e-type=\"column\">\n\t\t\t<div class=\"elementor-widget-wrap\">\n\t\t\t\t\t\t\t<\/div>\n\t\t<\/div>\n\t\t\t\t\t<\/div>\n\t\t<\/section>\n\t\t\t\t<section class=\"elementor-section elementor-top-section elementor-element elementor-element-5cef500 makefullwidth elementor-hidden-phone elementor-section-boxed elementor-section-height-default elementor-section-height-default\" data-id=\"5cef500\" data-element_type=\"section\" data-e-type=\"section\">\n\t\t\t\t\t\t<div class=\"elementor-container elementor-column-gap-default\">\n\t\t\t\t\t<div class=\"elementor-column elementor-col-20 elementor-top-column elementor-element elementor-element-3ec2acae\" data-id=\"3ec2acae\" data-element_type=\"column\" data-e-type=\"column\">\n\t\t\t<div class=\"elementor-widget-wrap\">\n\t\t\t\t\t\t\t<\/div>\n\t\t<\/div>\n\t\t\t\t<div class=\"elementor-column elementor-col-20 elementor-top-column elementor-element elementor-element-78937f7c\" data-id=\"78937f7c\" data-element_type=\"column\" data-e-type=\"column\">\n\t\t\t<div class=\"elementor-widget-wrap elementor-element-populated\">\n\t\t\t\t\t\t<div class=\"elementor-element elementor-element-635a2903 elementor-widget elementor-widget-image\" data-id=\"635a2903\" data-element_type=\"widget\" data-e-type=\"widget\" data-widget_type=\"image.default\">\n\t\t\t\t\t\t\t\t\t\t\t\t\t\t\t\t<a href=\"https:\/\/www.rofa-group.com\/moll\/leistungen-services\/beratung-planung\/\">\n\t\t\t\t\t\t\t<img decoding=\"async\" src=\"https:\/\/www.rofa-group.com\/moll\/wp-content\/uploads\/sites\/4\/2019\/12\/Leistungen_Beratung.svg\" class=\"attachment-full size-full wp-image-72\" alt=\"\">\t\t\t\t\t\t\t\t<\/a>\n\t\t\t\t\t\t\t\t\t\t\t\t\t\t\t<\/div>\n\t\t\t\t<div class=\"elementor-element elementor-element-7dccd1ec elementor-widget elementor-widget-heading\" data-id=\"7dccd1ec\" data-element_type=\"widget\" data-e-type=\"widget\" data-widget_type=\"heading.default\">\n\t\t\t\t\t<h3 class=\"elementor-heading-title elementor-size-default\"><a href=\"https:\/\/www.rofa-group.com\/moll\/leistungen-services\/beratung-planung\/\">Beratung &amp;\nPlanung<\/a><\/h3>\t\t\t\t<\/div>\n\t\t\t\t\t<\/div>\n\t\t<\/div>\n\t\t\t\t<div class=\"elementor-column elementor-col-20 elementor-top-column elementor-element elementor-element-f03c833\" data-id=\"f03c833\" data-element_type=\"column\" data-e-type=\"column\">\n\t\t\t<div class=\"elementor-widget-wrap elementor-element-populated\">\n\t\t\t\t\t\t<div class=\"elementor-element elementor-element-7ac83631 elementor-widget elementor-widget-image\" data-id=\"7ac83631\" data-element_type=\"widget\" data-e-type=\"widget\" data-widget_type=\"image.default\">\n\t\t\t\t\t\t\t\t\t\t\t\t\t\t\t\t<a href=\"https:\/\/www.rofa-group.com\/moll\/leistungen-services\/umsetzung-systemintegration\/\">\n\t\t\t\t\t\t\t<img decoding=\"async\" src=\"https:\/\/www.rofa-group.com\/moll\/wp-content\/uploads\/sites\/4\/2019\/12\/Leistungen_Umsetzung.svg\" class=\"attachment-full size-full wp-image-73\" alt=\"\">\t\t\t\t\t\t\t\t<\/a>\n\t\t\t\t\t\t\t\t\t\t\t\t\t\t\t<\/div>\n\t\t\t\t<div class=\"elementor-element elementor-element-1385d3c7 elementor-widget elementor-widget-heading\" data-id=\"1385d3c7\" data-element_type=\"widget\" data-e-type=\"widget\" data-widget_type=\"heading.default\">\n\t\t\t\t\t<h3 class=\"elementor-heading-title elementor-size-default\"><a href=\"https:\/\/www.rofa-group.com\/moll\/leistungen-services\/umsetzung-systemintegration\/\">Umsetzung &amp;\nSystemintegration<\/a><\/h3>\t\t\t\t<\/div>\n\t\t\t\t\t<\/div>\n\t\t<\/div>\n\t\t\t\t<div class=\"elementor-column elementor-col-20 elementor-top-column elementor-element elementor-element-1315a8bf\" data-id=\"1315a8bf\" data-element_type=\"column\" data-e-type=\"column\">\n\t\t\t<div class=\"elementor-widget-wrap elementor-element-populated\">\n\t\t\t\t\t\t<div class=\"elementor-element elementor-element-28cd2509 elementor-widget elementor-widget-image\" data-id=\"28cd2509\" data-element_type=\"widget\" data-e-type=\"widget\" data-widget_type=\"image.default\">\n\t\t\t\t\t\t\t\t\t\t\t\t\t\t\t<img decoding=\"async\" src=\"https:\/\/www.rofa-group.com\/moll\/wp-content\/uploads\/sites\/4\/2019\/12\/Leistungen_Service.svg\" class=\"attachment-full size-full wp-image-74\" alt=\"\">\t\t\t\t\t\t\t\t\t\t\t\t\t\t\t<\/div>\n\t\t\t\t<div class=\"elementor-element elementor-element-329c5417 elementor-widget elementor-widget-heading\" data-id=\"329c5417\" data-element_type=\"widget\" data-e-type=\"widget\" data-widget_type=\"heading.default\">\n\t\t\t\t\t<h3 class=\"elementor-heading-title elementor-size-default\">Service &amp;\nSupport<\/h3>\t\t\t\t<\/div>\n\t\t\t\t\t<\/div>\n\t\t<\/div>\n\t\t\t\t<div class=\"elementor-column elementor-col-20 elementor-top-column elementor-element elementor-element-29f7b830\" data-id=\"29f7b830\" data-element_type=\"column\" data-e-type=\"column\">\n\t\t\t<div class=\"elementor-widget-wrap\">\n\t\t\t\t\t\t\t<\/div>\n\t\t<\/div>\n\t\t\t\t\t<\/div>\n\t\t<\/section>\n\t\t\t\t<section class=\"elementor-section elementor-top-section elementor-element elementor-element-6b8de0e5 elementor-section-boxed elementor-section-height-default elementor-section-height-default\" data-id=\"6b8de0e5\" data-element_type=\"section\" data-e-type=\"section\">\n\t\t\t\t\t\t<div class=\"elementor-container elementor-column-gap-default\">\n\t\t\t\t\t<div class=\"elementor-column elementor-col-100 elementor-top-column elementor-element elementor-element-453593fb\" data-id=\"453593fb\" data-element_type=\"column\" data-e-type=\"column\">\n\t\t\t<div class=\"elementor-widget-wrap elementor-element-populated\">\n\t\t\t\t\t\t<div class=\"elementor-element elementor-element-4834fc10 elementor-widget elementor-widget-text-editor\" data-id=\"4834fc10\" data-element_type=\"widget\" data-e-type=\"widget\" data-widget_type=\"text-editor.default\">\n\t\t\t\t\t\t\t\t\t<p>Ob Neubau oder modernisierte Anlage: Sie m\u00f6chten maximale Produktivit\u00e4t und Effizienz \u00fcber den gesamten Lebenszyklus erreichen. Deshalb sind wir auch nach Inbetriebnahme Ihrer Anlage mit umfangreichen Services f\u00fcr Sie da. Zum Leistungsspektrum z\u00e4hlen gesetzlich vorgeschriebene Wartungen, Inspektionen und Anlagenaudits, die durch geschultes Personal durchgef\u00fchrt werden, aber auch ein schneller Ersatzteilservice, auf Wunsch mit eigenem Konsignationslager.<\/p><p><strong>Bitte kontaktieren Sie bei Bedarf unsere Servicestelle!<\/strong><br>\n<a href=\"mailto:service@mollgmbh.de\">service@mollgmbh.de<\/a> | Tel: +49 9427 9500 0<\/p>\n<p>Die aktuellen <strong>Qualit\u00e4tsmanagement-Zertifikate<\/strong> finden Sie im Bereich <a href=\"https:\/\/www.rofa-group.com\/moll\/downloads\/\">Downloads<\/a>.<\/p>\n<p>Hier liegen bei Bedarf auch die <strong>Gew\u00e4hrleistungsvereinbarung<\/strong> und ein Vordruck f\u00fcr<br>\n<strong>Reklamationsanmeldungen<\/strong> bereit.<\/p>\t\t\t\t\t\t\t\t<\/div>\n\t\t\t\t\t<\/div>\n\t\t<\/div>\n\t\t\t\t\t<\/div>\n\t\t<\/section>\n\t\t\t\t<section class=\"elementor-section elementor-top-section elementor-element elementor-element-2ae970f3 elementor-section-boxed elementor-section-height-default elementor-section-height-default\" data-id=\"2ae970f3\" data-element_type=\"section\" data-e-type=\"section\">\n\t\t\t\t\t\t<div class=\"elementor-container elementor-column-gap-default\">\n\t\t\t\t\t<div class=\"elementor-column elementor-col-100 elementor-top-column elementor-element elementor-element-28425dab\" data-id=\"28425dab\" data-element_type=\"column\" data-e-type=\"column\">\n\t\t\t<div class=\"elementor-widget-wrap elementor-element-populated\">\n\t\t\t\t\t\t<div class=\"elementor-element elementor-element-2ade53e7 elementor-widget elementor-widget-spacer\" data-id=\"2ade53e7\" data-element_type=\"widget\" data-e-type=\"widget\" data-widget_type=\"spacer.default\">\n\t\t\t\t\t\t\t<div class=\"elementor-spacer\">\n\t\t\t<div class=\"elementor-spacer-inner\"><\/div>\n\t\t<\/div>\n\t\t\t\t\t\t<\/div>\n\t\t\t\t\t<\/div>\n\t\t<\/div>\n\t\t\t\t\t<\/div>\n\t\t<\/section>\n\t\t\t\t<\/div>\n\t\t","protected":false},"excerpt":{"rendered":"<p>Beratung &amp; Planung Umsetzung &amp; Systemintegration Service &amp; Support SERVICE &amp; SUPPORT Unsere Experten sind f\u00fcr Sie da Beratung &amp; Planung Umsetzung &amp; Systemintegration Service &amp; Support Ob Neubau oder modernisierte Anlage: Sie m\u00f6chten maximale Produktivit\u00e4t und Effizienz \u00fcber den gesamten Lebenszyklus erreichen. Deshalb sind wir auch nach Inbetriebnahme Ihrer Anlage mit umfangreichen Services f\u00fcr [&hellip;]<\/p>\n","protected":false},"author":1,"featured_media":0,"parent":69,"menu_order":0,"comment_status":"closed","ping_status":"closed","template":"","meta":{"_acf_changed":false,"footnotes":""},"class_list":["post-99","page","type-page","status-publish","hentry"],"acf":[],"_links":{"self":[{"href":"https:\/\/www.rofa-group.com\/moll\/wp-json\/wp\/v2\/pages\/99","targetHints":{"allow":["GET"]}}],"collection":[{"href":"https:\/\/www.rofa-group.com\/moll\/wp-json\/wp\/v2\/pages"}],"about":[{"href":"https:\/\/www.rofa-group.com\/moll\/wp-json\/wp\/v2\/types\/page"}],"author":[{"embeddable":true,"href":"https:\/\/www.rofa-group.com\/moll\/wp-json\/wp\/v2\/users\/1"}],"replies":[{"embeddable":true,"href":"https:\/\/www.rofa-group.com\/moll\/wp-json\/wp\/v2\/comments?post=99"}],"version-history":[{"count":11,"href":"https:\/\/www.rofa-group.com\/moll\/wp-json\/wp\/v2\/pages\/99\/revisions"}],"predecessor-version":[{"id":862,"href":"https:\/\/www.rofa-group.com\/moll\/wp-json\/wp\/v2\/pages\/99\/revisions\/862"}],"up":[{"embeddable":true,"href":"https:\/\/www.rofa-group.com\/moll\/wp-json\/wp\/v2\/pages\/69"}],"wp:attachment":[{"href":"https:\/\/www.rofa-group.com\/moll\/wp-json\/wp\/v2\/media?parent=99"}],"curies":[{"name":"wp","href":"https:\/\/api.w.org\/{rel}","templated":true}]}}