{"id":60,"date":"2019-12-09T14:45:08","date_gmt":"2019-12-09T13:45:08","guid":{"rendered":"https:\/\/www.rofa-group.com\/moll\/?page_id=60"},"modified":"2021-02-16T16:09:02","modified_gmt":"2021-02-16T15:09:02","slug":"qualitaetsmanagement","status":"publish","type":"page","link":"https:\/\/www.rofa-group.com\/moll\/qualitaetsmanagement\/","title":{"rendered":"Qualit\u00e4tsmanagement"},"content":{"rendered":"\t\t<div data-elementor-type=\"wp-page\" data-elementor-id=\"60\" class=\"elementor elementor-60\" data-elementor-post-type=\"page\">\n\t\t\t\t\t\t<section class=\"elementor-section elementor-top-section elementor-element elementor-element-41d28df6 elementor-section-content-top elementor-section-height-min-height elementor-section-items-stretch elementor-section-boxed elementor-section-height-default\" data-id=\"41d28df6\" data-element_type=\"section\" data-e-type=\"section\" id=\"mygfx\" data-settings='{\"background_background\":\"classic\"}'>\n\t\t\t\t\t\t<div class=\"elementor-container elementor-column-gap-no\">\n\t\t\t\t\t<div class=\"elementor-column elementor-col-100 elementor-top-column elementor-element elementor-element-2cd6e974\" data-id=\"2cd6e974\" data-element_type=\"column\" data-e-type=\"column\" data-settings='{\"background_background\":\"classic\"}'>\n\t\t\t<div class=\"elementor-widget-wrap\">\n\t\t\t\t\t\t\t<\/div>\n\t\t<\/div>\n\t\t\t\t\t<\/div>\n\t\t<\/section>\n\t\t\t\t<section class=\"elementor-section elementor-top-section elementor-element elementor-element-614be37f elementor-section-boxed elementor-section-height-default elementor-section-height-default\" data-id=\"614be37f\" data-element_type=\"section\" data-e-type=\"section\" data-settings='{\"background_background\":\"classic\"}'>\n\t\t\t\t\t\t<div class=\"elementor-container elementor-column-gap-no\">\n\t\t\t\t\t<div class=\"elementor-column elementor-col-50 elementor-top-column elementor-element elementor-element-7b4130a8\" data-id=\"7b4130a8\" data-element_type=\"column\" data-e-type=\"column\" data-settings='{\"background_background\":\"classic\"}'>\n\t\t\t<div class=\"elementor-widget-wrap elementor-element-populated\">\n\t\t\t\t\t\t<div class=\"elementor-element elementor-element-5682dedf elementor-widget elementor-widget-text-editor\" data-id=\"5682dedf\" data-element_type=\"widget\" data-e-type=\"widget\" data-widget_type=\"text-editor.default\">\n\t\t\t\t\t\t\t\t\t<h1 class=\"fett\">QUALIT\u00c4TS\u00ad\u00adMANAGEMENT<\/h1><h2 class=\"mittel\">Bestleistung bis ins Detail<\/h2>\t\t\t\t\t\t\t\t<\/div>\n\t\t\t\t\t<\/div>\n\t\t<\/div>\n\t\t\t\t<div class=\"elementor-column elementor-col-50 elementor-top-column elementor-element elementor-element-728a0864\" data-id=\"728a0864\" data-element_type=\"column\" data-e-type=\"column\">\n\t\t\t<div class=\"elementor-widget-wrap\">\n\t\t\t\t\t\t\t<\/div>\n\t\t<\/div>\n\t\t\t\t\t<\/div>\n\t\t<\/section>\n\t\t\t\t<section class=\"elementor-section elementor-top-section elementor-element elementor-element-215bc16b elementor-section-boxed elementor-section-height-default elementor-section-height-default\" data-id=\"215bc16b\" data-element_type=\"section\" data-e-type=\"section\">\n\t\t\t\t\t\t<div class=\"elementor-container elementor-column-gap-default\">\n\t\t\t\t\t<div class=\"elementor-column elementor-col-100 elementor-top-column elementor-element elementor-element-469591f4\" data-id=\"469591f4\" data-element_type=\"column\" data-e-type=\"column\">\n\t\t\t<div class=\"elementor-widget-wrap elementor-element-populated\">\n\t\t\t\t\t\t<div class=\"elementor-element elementor-element-71ebebc elementor-widget elementor-widget-text-editor\" data-id=\"71ebebc\" data-element_type=\"widget\" data-e-type=\"widget\" data-widget_type=\"text-editor.default\">\n\t\t\t\t\t\t\t\t\t<p>Kundenzufriedenheit nimmt bei MOLL einen hohen Stellenwert ein. Unsere Produkte und Prozesse sind entsprechend den aktuellen ISO-Normen zertifiziert, die Einhaltung dieser Normen wird durch einen Qualit\u00e4tsmanagementbeauftragten \u00fcberwacht. Dar\u00fcber hinaus halten wir uns konsequent an spezifische Anforderungen und Standards, die von Kunde zu Kunde ganz unterschiedlich sein k\u00f6nnen. Auch von uns beauftragte Lieferanten sind in diesen Qualit\u00e4tsmanagement-Prozess mit eingebunden.<\/p>\n<p><\/p>\n<p>Auch langfristig sind wir Ihr Ansprechpartner \u2013 mit smarten Lifecycle-Services rund um Ihre Anlage. Wir versorgen Sie mit Ersatzteilen, Wartungen &amp; Services und einer technisch kompetenten Hotline, um nur die wichtigsten S\u00e4ulen zu nennen. <br><\/p><p>Mehr im Bereich <a href=\"https:\/\/www.rofa-group.com\/moll\/leistungen-services\/\">Leistungen &amp; Services<\/a>.<\/p>\t\t\t\t\t\t\t\t<\/div>\n\t\t\t\t\t<\/div>\n\t\t<\/div>\n\t\t\t\t\t<\/div>\n\t\t<\/section>\n\t\t\t\t<section class=\"elementor-section elementor-top-section elementor-element elementor-element-882296e elementor-section-boxed elementor-section-height-default elementor-section-height-default\" data-id=\"882296e\" data-element_type=\"section\" data-e-type=\"section\">\n\t\t\t\t\t\t<div class=\"elementor-container elementor-column-gap-default\">\n\t\t\t\t\t<div class=\"elementor-column elementor-col-100 elementor-top-column elementor-element elementor-element-5dd15271\" data-id=\"5dd15271\" data-element_type=\"column\" data-e-type=\"column\">\n\t\t\t<div class=\"elementor-widget-wrap elementor-element-populated\">\n\t\t\t\t\t\t<div class=\"elementor-element elementor-element-14092f19 elementor-widget elementor-widget-image\" data-id=\"14092f19\" data-element_type=\"widget\" data-e-type=\"widget\" data-widget_type=\"image.default\">\n\t\t\t\t\t\t\t\t\t\t\t\t\t\t\t<img fetchpriority=\"high\" decoding=\"async\" width=\"768\" height=\"619\" src=\"https:\/\/www.rofa-group.com\/moll\/wp-content\/uploads\/sites\/4\/Zertifiziertes-Managementsystem-Blau-768x619.jpg\" class=\"attachment-medium_large size-medium_large wp-image-277\" alt=\"\" srcset=\"https:\/\/www.rofa-group.com\/moll\/wp-content\/uploads\/sites\/4\/Zertifiziertes-Managementsystem-Blau-768x619.jpg 768w, https:\/\/www.rofa-group.com\/moll\/wp-content\/uploads\/sites\/4\/Zertifiziertes-Managementsystem-Blau-300x242.jpg 300w, https:\/\/www.rofa-group.com\/moll\/wp-content\/uploads\/sites\/4\/Zertifiziertes-Managementsystem-Blau.jpg 1002w\" sizes=\"(max-width: 768px) 100vw, 768px\">\t\t\t\t\t\t\t\t\t\t\t\t\t\t\t<\/div>\n\t\t\t\t\t<\/div>\n\t\t<\/div>\n\t\t\t\t\t<\/div>\n\t\t<\/section>\n\t\t\t\t<section class=\"elementor-section elementor-top-section elementor-element elementor-element-7e31c3b8 elementor-section-boxed elementor-section-height-default elementor-section-height-default\" data-id=\"7e31c3b8\" data-element_type=\"section\" data-e-type=\"section\">\n\t\t\t\t\t\t<div class=\"elementor-container elementor-column-gap-default\">\n\t\t\t\t\t<div class=\"elementor-column elementor-col-100 elementor-top-column elementor-element elementor-element-4de5f202\" data-id=\"4de5f202\" data-element_type=\"column\" data-e-type=\"column\">\n\t\t\t<div class=\"elementor-widget-wrap elementor-element-populated\">\n\t\t\t\t\t\t<div class=\"elementor-element elementor-element-4c68ab71 elementor-widget elementor-widget-text-editor\" data-id=\"4c68ab71\" data-element_type=\"widget\" data-e-type=\"widget\" data-widget_type=\"text-editor.default\">\n\t\t\t\t\t\t\t\t\t<p>Im <a href=\"https:\/\/www.rofa-group.com\/moll\/downloads\/\">Download-Bereich<\/a> k\u00f6nnen Sie zudem unsere <strong>aktuellen Zertifikate<\/strong> einsehen.<\/p>\t\t\t\t\t\t\t\t<\/div>\n\t\t\t\t\t<\/div>\n\t\t<\/div>\n\t\t\t\t\t<\/div>\n\t\t<\/section>\n\t\t\t\t<\/div>\n\t\t","protected":false},"excerpt":{"rendered":"<p>QUALIT\u00c4TS\u00ad\u00adMANAGEMENT Bestleistung bis ins Detail Kundenzufriedenheit nimmt bei MOLL einen hohen Stellenwert ein. Unsere Produkte und Prozesse sind entsprechend den aktuellen ISO-Normen zertifiziert, die Einhaltung dieser Normen wird durch einen Qualit\u00e4tsmanagementbeauftragten \u00fcberwacht. Dar\u00fcber hinaus halten wir uns konsequent an spezifische Anforderungen und Standards, die von Kunde zu Kunde ganz unterschiedlich sein k\u00f6nnen. Auch von uns [&hellip;]<\/p>\n","protected":false},"author":1,"featured_media":0,"parent":0,"menu_order":0,"comment_status":"closed","ping_status":"closed","template":"","meta":{"_acf_changed":false,"footnotes":""},"class_list":["post-60","page","type-page","status-publish","hentry"],"acf":[],"_links":{"self":[{"href":"https:\/\/www.rofa-group.com\/moll\/wp-json\/wp\/v2\/pages\/60","targetHints":{"allow":["GET"]}}],"collection":[{"href":"https:\/\/www.rofa-group.com\/moll\/wp-json\/wp\/v2\/pages"}],"about":[{"href":"https:\/\/www.rofa-group.com\/moll\/wp-json\/wp\/v2\/types\/page"}],"author":[{"embeddable":true,"href":"https:\/\/www.rofa-group.com\/moll\/wp-json\/wp\/v2\/users\/1"}],"replies":[{"embeddable":true,"href":"https:\/\/www.rofa-group.com\/moll\/wp-json\/wp\/v2\/comments?post=60"}],"version-history":[{"count":14,"href":"https:\/\/www.rofa-group.com\/moll\/wp-json\/wp\/v2\/pages\/60\/revisions"}],"predecessor-version":[{"id":876,"href":"https:\/\/www.rofa-group.com\/moll\/wp-json\/wp\/v2\/pages\/60\/revisions\/876"}],"wp:attachment":[{"href":"https:\/\/www.rofa-group.com\/moll\/wp-json\/wp\/v2\/media?parent=60"}],"curies":[{"name":"wp","href":"https:\/\/api.w.org\/{rel}","templated":true}]}}