{"id":36,"date":"2019-12-09T14:41:03","date_gmt":"2019-12-09T13:41:03","guid":{"rendered":"https:\/\/www.rofa-group.com\/moll\/?page_id=36"},"modified":"2020-03-10T16:24:39","modified_gmt":"2020-03-10T15:24:39","slug":"karriere","status":"publish","type":"page","link":"https:\/\/www.rofa-group.com\/moll\/karriere\/","title":{"rendered":"Karriere"},"content":{"rendered":"\t\t<div data-elementor-type=\"wp-page\" data-elementor-id=\"36\" class=\"elementor elementor-36\" data-elementor-post-type=\"page\">\n\t\t\t\t\t\t<section class=\"elementor-section elementor-top-section elementor-element elementor-element-e607c6b elementor-section-content-top elementor-section-height-min-height elementor-section-items-stretch elementor-section-boxed elementor-section-height-default\" data-id=\"e607c6b\" data-element_type=\"section\" data-e-type=\"section\" id=\"mygfx\" data-settings=\"{&quot;background_background&quot;:&quot;classic&quot;}\">\n\t\t\t\t\t\t<div class=\"elementor-container elementor-column-gap-no\">\n\t\t\t\t\t<div class=\"elementor-column elementor-col-100 elementor-top-column elementor-element elementor-element-787b57f5\" data-id=\"787b57f5\" data-element_type=\"column\" data-e-type=\"column\" data-settings=\"{&quot;background_background&quot;:&quot;classic&quot;}\">\n\t\t\t<div class=\"elementor-widget-wrap\">\n\t\t\t\t\t\t\t<\/div>\n\t\t<\/div>\n\t\t\t\t\t<\/div>\n\t\t<\/section>\n\t\t\t\t<section class=\"elementor-section elementor-top-section elementor-element elementor-element-64f910a3 elementor-section-boxed elementor-section-height-default elementor-section-height-default\" data-id=\"64f910a3\" data-element_type=\"section\" data-e-type=\"section\" data-settings=\"{&quot;background_background&quot;:&quot;classic&quot;}\">\n\t\t\t\t\t\t<div class=\"elementor-container elementor-column-gap-no\">\n\t\t\t\t\t<div class=\"elementor-column elementor-col-50 elementor-top-column elementor-element elementor-element-47a0f763\" data-id=\"47a0f763\" data-element_type=\"column\" data-e-type=\"column\" data-settings=\"{&quot;background_background&quot;:&quot;classic&quot;}\">\n\t\t\t<div class=\"elementor-widget-wrap elementor-element-populated\">\n\t\t\t\t\t\t<div class=\"elementor-element elementor-element-341aeaee elementor-widget elementor-widget-text-editor\" data-id=\"341aeaee\" data-element_type=\"widget\" data-e-type=\"widget\" data-widget_type=\"text-editor.default\">\n\t\t\t\t\t\t\t\t\t<h1 class=\"fett\">KARRIERE<\/h1><h2 class=\"mittel\">Teamplayer gesucht!<\/h2>\t\t\t\t\t\t\t\t<\/div>\n\t\t\t\t\t<\/div>\n\t\t<\/div>\n\t\t\t\t<div class=\"elementor-column elementor-col-50 elementor-top-column elementor-element elementor-element-5db4ac5d\" data-id=\"5db4ac5d\" data-element_type=\"column\" data-e-type=\"column\">\n\t\t\t<div class=\"elementor-widget-wrap\">\n\t\t\t\t\t\t\t<\/div>\n\t\t<\/div>\n\t\t\t\t\t<\/div>\n\t\t<\/section>\n\t\t\t\t<section class=\"elementor-section elementor-top-section elementor-element elementor-element-b145cc0 elementor-section-boxed elementor-section-height-default elementor-section-height-default\" data-id=\"b145cc0\" data-element_type=\"section\" data-e-type=\"section\">\n\t\t\t\t\t\t<div class=\"elementor-container elementor-column-gap-default\">\n\t\t\t\t\t<div class=\"elementor-column elementor-col-100 elementor-top-column elementor-element elementor-element-66033169\" data-id=\"66033169\" data-element_type=\"column\" data-e-type=\"column\">\n\t\t\t<div class=\"elementor-widget-wrap elementor-element-populated\">\n\t\t\t\t\t\t<div class=\"elementor-element elementor-element-64edeb26 elementor-widget elementor-widget-text-editor\" data-id=\"64edeb26\" data-element_type=\"widget\" data-e-type=\"widget\" data-widget_type=\"text-editor.default\">\n\t\t\t\t\t\t\t\t\t<p>GET IN MOTION! ist das Motto, unter dem Karrieren bei uns stehen \u2013 ob in der Zentrale in Leiblfing oder an einem anderen Ort in der Welt, wo wir Anlagen f\u00fcr unsere Kunden realisieren. Wir bilden jedes Jahr junge Menschen in kaufm\u00e4nnischen und technischen Berufen aus, mit hervorragenden \u00dcbernahmechancen nach erfolgreichem Abschluss. Ebenso bieten wir Fach- und F\u00fchrungskr\u00e4ften exzellente Perspektiven, um mit ihrer Erfahrung die n\u00e4chsten Wachstumsschritte bei MOLL einzul\u00e4uten. Erfahren Sie auf unserer Karrierewebsite mehr zu aktuellen Stellenangeboten, zu unseren Leistungen als Arbeitgeber und \u00fcber die Menschen, die bei uns arbeiten.<\/p>\t\t\t\t\t\t\t\t<\/div>\n\t\t\t\t\t<\/div>\n\t\t<\/div>\n\t\t\t\t\t<\/div>\n\t\t<\/section>\n\t\t\t\t<section class=\"elementor-section elementor-top-section elementor-element elementor-element-2ca902a9 elementor-section-boxed elementor-section-height-default elementor-section-height-default\" data-id=\"2ca902a9\" data-element_type=\"section\" data-e-type=\"section\">\n\t\t\t\t\t\t<div class=\"elementor-container elementor-column-gap-default\">\n\t\t\t\t\t<div class=\"elementor-column elementor-col-100 elementor-top-column elementor-element elementor-element-33268c46\" data-id=\"33268c46\" data-element_type=\"column\" data-e-type=\"column\">\n\t\t\t<div class=\"elementor-widget-wrap elementor-element-populated\">\n\t\t\t\t\t\t<div class=\"elementor-element elementor-element-766c64f9 elementor-align-center elementor-widget elementor-widget-button\" data-id=\"766c64f9\" data-element_type=\"widget\" data-e-type=\"widget\" data-widget_type=\"button.default\">\n\t\t\t\t\t\t\t\t\t\t<a class=\"elementor-button elementor-button-link elementor-size-md elementor-animation-wobble-vertical\" href=\"https:\/\/karriere.rofa-group.com\/moll-de\/\" target=\"_blank\">\n\t\t\t\t\t\t<span class=\"elementor-button-content-wrapper\">\n\t\t\t\t\t\t\t\t\t<span class=\"elementor-button-text\">Zur <b>MOLL<\/b> Karriereseite!<\/span>\n\t\t\t\t\t<\/span>\n\t\t\t\t\t<\/a>\n\t\t\t\t\t\t\t\t<\/div>\n\t\t\t\t<div class=\"elementor-element elementor-element-133bf0ac elementor-widget elementor-widget-spacer\" data-id=\"133bf0ac\" data-element_type=\"widget\" data-e-type=\"widget\" data-widget_type=\"spacer.default\">\n\t\t\t\t\t\t\t<div class=\"elementor-spacer\">\n\t\t\t<div class=\"elementor-spacer-inner\"><\/div>\n\t\t<\/div>\n\t\t\t\t\t\t<\/div>\n\t\t\t\t\t<\/div>\n\t\t<\/div>\n\t\t\t\t\t<\/div>\n\t\t<\/section>\n\t\t\t\t<\/div>\n\t\t","protected":false},"excerpt":{"rendered":"<p>KARRIERE Teamplayer gesucht! GET IN MOTION! ist das Motto, unter dem Karrieren bei uns stehen \u2013 ob in der Zentrale in Leiblfing oder an einem anderen Ort in der Welt, wo wir Anlagen f\u00fcr unsere Kunden realisieren. Wir bilden jedes Jahr junge Menschen in kaufm\u00e4nnischen und technischen Berufen aus, mit hervorragenden \u00dcbernahmechancen nach erfolgreichem Abschluss. [&hellip;]<\/p>\n","protected":false},"author":1,"featured_media":0,"parent":0,"menu_order":0,"comment_status":"closed","ping_status":"closed","template":"","meta":{"_acf_changed":false,"footnotes":""},"class_list":["post-36","page","type-page","status-publish","hentry"],"acf":[],"_links":{"self":[{"href":"https:\/\/www.rofa-group.com\/moll\/wp-json\/wp\/v2\/pages\/36","targetHints":{"allow":["GET"]}}],"collection":[{"href":"https:\/\/www.rofa-group.com\/moll\/wp-json\/wp\/v2\/pages"}],"about":[{"href":"https:\/\/www.rofa-group.com\/moll\/wp-json\/wp\/v2\/types\/page"}],"author":[{"embeddable":true,"href":"https:\/\/www.rofa-group.com\/moll\/wp-json\/wp\/v2\/users\/1"}],"replies":[{"embeddable":true,"href":"https:\/\/www.rofa-group.com\/moll\/wp-json\/wp\/v2\/comments?post=36"}],"version-history":[{"count":5,"href":"https:\/\/www.rofa-group.com\/moll\/wp-json\/wp\/v2\/pages\/36\/revisions"}],"predecessor-version":[{"id":760,"href":"https:\/\/www.rofa-group.com\/moll\/wp-json\/wp\/v2\/pages\/36\/revisions\/760"}],"wp:attachment":[{"href":"https:\/\/www.rofa-group.com\/moll\/wp-json\/wp\/v2\/media?parent=36"}],"curies":[{"name":"wp","href":"https:\/\/api.w.org\/{rel}","templated":true}]}}