{"id":452,"date":"2020-02-05T17:04:43","date_gmt":"2020-02-05T16:04:43","guid":{"rendered":"https:\/\/www.rofa-group.com\/mlr\/?page_id=452"},"modified":"2020-02-06T18:23:14","modified_gmt":"2020-02-06T17:23:14","slug":"referenzen","status":"publish","type":"page","link":"https:\/\/www.rofa-group.com\/mlr\/referenzen\/","title":{"rendered":"Referenzen"},"content":{"rendered":"\t\t<div data-elementor-type=\"wp-page\" data-elementor-id=\"452\" class=\"elementor elementor-452\" data-elementor-post-type=\"page\">\n\t\t\t\t\t\t<section class=\"elementor-section elementor-top-section elementor-element elementor-element-1839e4c5 elementor-section-content-top elementor-section-height-min-height elementor-section-items-stretch elementor-section-boxed elementor-section-height-default\" data-id=\"1839e4c5\" data-element_type=\"section\" data-e-type=\"section\" id=\"mygfx\" data-settings=\"{&quot;background_background&quot;:&quot;classic&quot;}\">\n\t\t\t\t\t\t<div class=\"elementor-container elementor-column-gap-no\">\n\t\t\t\t\t<div class=\"elementor-column elementor-col-100 elementor-top-column elementor-element elementor-element-768a15ad\" data-id=\"768a15ad\" data-element_type=\"column\" data-e-type=\"column\" data-settings=\"{&quot;background_background&quot;:&quot;classic&quot;}\">\n\t\t\t<div class=\"elementor-widget-wrap\">\n\t\t\t\t\t\t\t<\/div>\n\t\t<\/div>\n\t\t\t\t\t<\/div>\n\t\t<\/section>\n\t\t\t\t<section class=\"elementor-section elementor-top-section elementor-element elementor-element-4c7d2062 elementor-section-boxed elementor-section-height-default elementor-section-height-default\" data-id=\"4c7d2062\" data-element_type=\"section\" data-e-type=\"section\" data-settings=\"{&quot;background_background&quot;:&quot;classic&quot;}\">\n\t\t\t\t\t\t<div class=\"elementor-container elementor-column-gap-no\">\n\t\t\t\t\t<div class=\"elementor-column elementor-col-50 elementor-top-column elementor-element elementor-element-38d61a82\" data-id=\"38d61a82\" data-element_type=\"column\" data-e-type=\"column\" data-settings=\"{&quot;background_background&quot;:&quot;classic&quot;}\">\n\t\t\t<div class=\"elementor-widget-wrap elementor-element-populated\">\n\t\t\t\t\t\t<div class=\"elementor-element elementor-element-11fe5f50 elementor-widget elementor-widget-text-editor\" data-id=\"11fe5f50\" data-element_type=\"widget\" data-e-type=\"widget\" data-widget_type=\"text-editor.default\">\n\t\t\t\t\t\t\t\t\t<h1 class=\"fett\">REFERENZEN<\/h1>\n<h2 class=\"mittel2\">Unser Projekt-Portfolio<\/h2>\t\t\t\t\t\t\t\t<\/div>\n\t\t\t\t\t<\/div>\n\t\t<\/div>\n\t\t\t\t<div class=\"elementor-column elementor-col-50 elementor-top-column elementor-element elementor-element-1bcf1a54\" data-id=\"1bcf1a54\" data-element_type=\"column\" data-e-type=\"column\">\n\t\t\t<div class=\"elementor-widget-wrap\">\n\t\t\t\t\t\t\t<\/div>\n\t\t<\/div>\n\t\t\t\t\t<\/div>\n\t\t<\/section>\n\t\t\t\t<section class=\"elementor-section elementor-top-section elementor-element elementor-element-41f0658b elementor-section-boxed elementor-section-height-default elementor-section-height-default\" data-id=\"41f0658b\" data-element_type=\"section\" data-e-type=\"section\">\n\t\t\t\t\t\t<div class=\"elementor-container elementor-column-gap-default\">\n\t\t\t\t\t<div class=\"elementor-column elementor-col-100 elementor-top-column elementor-element elementor-element-1bf224a7\" data-id=\"1bf224a7\" data-element_type=\"column\" data-e-type=\"column\">\n\t\t\t<div class=\"elementor-widget-wrap elementor-element-populated\">\n\t\t\t\t\t\t<div class=\"elementor-element elementor-element-48a8e92c elementor-widget elementor-widget-text-editor\" data-id=\"48a8e92c\" data-element_type=\"widget\" data-e-type=\"widget\" data-widget_type=\"text-editor.default\">\n\t\t\t\t\t\t\t\t\t<p>F\u00fcr namhafte Kunden aus aller Welt realisieren wir seit mehreren Jahrzehnten ma\u00dfgeschneiderte Systeme f\u00fcr den innerbetrieblichen Material- und Warenfluss, vom Fahrerlosen Transportsystem (FTS) bis zur Automatischen Warentransportanlage (AWT). Gro\u00dfe Konzerne z\u00e4hlen ebenso zu unserem Kundenstamm wie inhabergef\u00fchrte mittelst\u00e4ndische Betriebe. Wir wissen, welche Technologien und Baureihen zu Ihren Herausforderungen am besten passen und konfigurieren die perfekte L\u00f6sung f\u00fcr Ihr Umfeld und Ihre Anspr\u00fcche.<\/p><div>\u00a0<\/div><div><strong>Entdecken Sie, welche Herausforderungen wir schon gemeistert haben.<\/strong><\/div>\t\t\t\t\t\t\t\t<\/div>\n\t\t\t\t\t<\/div>\n\t\t<\/div>\n\t\t\t\t\t<\/div>\n\t\t<\/section>\n\t\t\t\t<section class=\"elementor-section elementor-top-section elementor-element elementor-element-30233a3c elementor-section-boxed elementor-section-height-default elementor-section-height-default\" data-id=\"30233a3c\" data-element_type=\"section\" data-e-type=\"section\">\n\t\t\t\t\t\t<div class=\"elementor-container elementor-column-gap-default\">\n\t\t\t\t\t<div class=\"elementor-column elementor-col-100 elementor-top-column elementor-element elementor-element-42a57d6b\" data-id=\"42a57d6b\" data-element_type=\"column\" data-e-type=\"column\">\n\t\t\t<div class=\"elementor-widget-wrap elementor-element-populated\">\n\t\t\t\t\t\t<div class=\"elementor-element elementor-element-5e21ff19 elementor-widget elementor-widget-text-editor\" data-id=\"5e21ff19\" data-element_type=\"widget\" data-e-type=\"widget\" data-widget_type=\"text-editor.default\">\n\t\t\t\t\t\t\t\t\t<div class=\"asp_w_container asp_w_container_4 asp_w_container_4_1\" data-id=\"4\" data-instance=\"1\"><div class='asp_w asp_m asp_m_4 asp_m_4_1 wpdreams_asp_sc wpdreams_asp_sc-4 ajaxsearchpro asp_main_container asp_non_compact' data-id=\"4\" data-name=\"referenzensuche mlr\" data-instance=\"1\" id='ajaxsearchpro4_1'><div class=\"probox\"><div class='prosettings' style='display:none;' data-opened=0><div class='innericon'><svg xmlns=\"http:\/\/www.w3.org\/2000\/svg\" width=\"22\" height=\"22\" viewBox=\"0 0 512 512\"><path d=\"M170 294c0 33.138-26.862 60-60 60-33.137 0-60-26.862-60-60 0-33.137 26.863-60 60-60 33.138 0 60 26.863 60 60zm-60 90c-6.872 0-13.565-.777-20-2.243V422c0 11.046 8.954 20 20 20s20-8.954 20-20v-40.243c-6.435 1.466-13.128 2.243-20 2.243zm0-180c6.872 0 13.565.777 20 2.243V90c0-11.046-8.954-20-20-20s-20 8.954-20 20v116.243c6.435-1.466 13.128-2.243 20-2.243zm146-7c12.13 0 22 9.87 22 22s-9.87 22-22 22-22-9.87-22-22 9.87-22 22-22zm0-38c-33.137 0-60 26.863-60 60 0 33.138 26.863 60 60 60 33.138 0 60-26.862 60-60 0-33.137-26.862-60-60-60zm0-30c6.872 0 13.565.777 20 2.243V90c0-11.046-8.954-20-20-20s-20 8.954-20 20v41.243c6.435-1.466 13.128-2.243 20-2.243zm0 180c-6.872 0-13.565-.777-20-2.243V422c0 11.046 8.954 20 20 20s20-8.954 20-20V306.757c-6.435 1.466-13.128 2.243-20 2.243zm146-75c-33.137 0-60 26.863-60 60 0 33.138 26.863 60 60 60 33.138 0 60-26.862 60-60 0-33.137-26.862-60-60-60zm0-30c6.872 0 13.565.777 20 2.243V90c0-11.046-8.954-20-20-20s-20 8.954-20 20v116.243c6.435-1.466 13.128-2.243 20-2.243zm0 180c-6.872 0-13.565-.777-20-2.243V422c0 11.046 8.954 20 20 20s20-8.954 20-20v-40.243c-6.435 1.466-13.128 2.243-20 2.243z\"\/><\/svg><\/div><\/div><div class='proinput'><form role=\"search\" action='#' autocomplete=\"off\" aria-label=\"Search form\"><input type='search' class='orig' placeholder='HIER SUCHBEGRIFF EINGEBEN' name='phrase' value='' aria-label=\"Search input\" autocomplete=\"off\"\/><input type='text' class='autocomplete' name='phrase' value='' aria-label=\"Search autocomplete input\" aria-hidden=\"true\" tabindex=\"-1\" autocomplete=\"off\" disabled\/><\/form><\/div><button class='promagnifier' aria-label=\"Search magnifier button\"><span class='asp_text_button hiddend'> Search <\/span><span class='innericon'><svg xmlns=\"http:\/\/www.w3.org\/2000\/svg\" width=\"22\" height=\"22\" viewBox=\"0 0 512 512\"><path d=\"M460.355 421.59l-106.51-106.512c20.04-27.553 31.884-61.437 31.884-98.037C385.73 124.935 310.792 50 218.685 50c-92.106 0-167.04 74.934-167.04 167.04 0 92.107 74.935 167.042 167.04 167.042 34.912 0 67.352-10.773 94.184-29.158L419.945 462l40.41-40.41zM100.63 217.04c0-65.095 52.96-118.055 118.056-118.055 65.098 0 118.057 52.96 118.057 118.056 0 65.097-52.96 118.057-118.057 118.057-65.096 0-118.055-52.96-118.055-118.056z\"\/><\/svg><\/span><span class=\"asp_clear\"><\/span><\/button><div class='proloading'><div class=\"asp_loader\"><div class=\"asp_loader-inner asp_ball-clip-rotate-simple\"><div><\/div><div><\/div><\/div><\/div><\/div><div class='proclose'><svg version=\"1.1\" xmlns=\"http:\/\/www.w3.org\/2000\/svg\" xmlns:xlink=\"http:\/\/www.w3.org\/1999\/xlink\" x=\"0px\" y=\"0px\" width=\"512px\" height=\"512px\" viewBox=\"0 0 512 512\" enable-background=\"new 0 0 512 512\" xml:space=\"preserve\"><polygon points=\"438.393,374.595 319.757,255.977 438.378,137.348 374.595,73.607 255.995,192.225 137.375,73.622 73.607,137.352 192.246,255.983 73.622,374.625 137.352,438.393 256.002,319.734 374.652,438.378 \"\/><\/svg><\/div><\/div><\/div><div class='asp_data_container' style=\"display:none !important;\"><div class=\"asp_init_data\" style=\"display:none !important;\" id=\"asp_init_id_4_1\" data-asp-id=\"4\" data-asp-instance=\"1\" data-settings=\"{&quot;animations&quot;:{&quot;pc&quot;:{&quot;settings&quot;:{&quot;anim&quot;:&quot;fadedrop&quot;,&quot;dur&quot;:300},&quot;results&quot;:{&quot;anim&quot;:&quot;fadedrop&quot;,&quot;dur&quot;:300},&quot;items&quot;:&quot;fadeInDown&quot;},&quot;mob&quot;:{&quot;settings&quot;:{&quot;anim&quot;:&quot;fadedrop&quot;,&quot;dur&quot;:&quot;300&quot;},&quot;results&quot;:{&quot;anim&quot;:&quot;fadedrop&quot;,&quot;dur&quot;:&quot;300&quot;},&quot;items&quot;:&quot;voidanim&quot;}},&quot;autocomplete&quot;:{&quot;enabled&quot;:1,&quot;trigger_charcount&quot;:0,&quot;googleOnly&quot;:0,&quot;lang&quot;:&quot;de&quot;,&quot;mobile&quot;:1},&quot;autop&quot;:{&quot;state&quot;:&quot;random&quot;,&quot;phrase&quot;:&quot;&quot;,&quot;count&quot;:10},&quot;charcount&quot;:0,&quot;closeOnDocClick&quot;:0,&quot;compact&quot;:{&quot;enabled&quot;:0,&quot;focus&quot;:1,&quot;width&quot;:&quot;100%&quot;,&quot;width_tablet&quot;:&quot;480px&quot;,&quot;width_phone&quot;:&quot;320px&quot;,&quot;closeOnMagnifier&quot;:1,&quot;closeOnDocument&quot;:0,&quot;position&quot;:&quot;static&quot;,&quot;overlay&quot;:0},&quot;cptArchive&quot;:{&quot;useAjax&quot;:0,&quot;selector&quot;:&quot;#main&quot;,&quot;url&quot;:&quot;&quot;},&quot;detectVisibility&quot;:0,&quot;divi&quot;:{&quot;bodycommerce&quot;:0},&quot;focusOnPageload&quot;:0,&quot;fss_layout&quot;:&quot;flex&quot;,&quot;highlight&quot;:1,&quot;highlightWholewords&quot;:1,&quot;homeurl&quot;:&quot;https:\\\/\\\/www.rofa-group.com\\\/mlr\\\/&quot;,&quot;is_results_page&quot;:0,&quot;isotopic&quot;:{&quot;itemWidth&quot;:&quot;32%&quot;,&quot;itemWidthTablet&quot;:&quot;49%&quot;,&quot;itemWidthPhone&quot;:&quot;100%&quot;,&quot;itemHeight&quot;:&quot;80px&quot;,&quot;itemHeightTablet&quot;:&quot;40px&quot;,&quot;itemHeightPhone&quot;:&quot;&quot;,&quot;pagination&quot;:1,&quot;rows&quot;:99,&quot;gutter&quot;:10,&quot;showOverlay&quot;:0,&quot;blurOverlay&quot;:1,&quot;hideContent&quot;:1},&quot;itemscount&quot;:4,&quot;loaderLocation&quot;:&quot;auto&quot;,&quot;mobile&quot;:{&quot;trigger_on_type&quot;:1,&quot;click_action&quot;:&quot;ajax_search&quot;,&quot;return_action&quot;:&quot;ajax_search&quot;,&quot;click_action_location&quot;:&quot;same&quot;,&quot;return_action_location&quot;:&quot;same&quot;,&quot;redirect_url&quot;:&quot;?s={phrase}&quot;,&quot;elementor_url&quot;:&quot;https:\\\/\\\/www.rofa-group.com\\\/mlr\\\/?asp_ls={phrase}&quot;,&quot;menu_selector&quot;:&quot;#menu-toggle&quot;,&quot;hide_keyboard&quot;:1,&quot;force_res_hover&quot;:0,&quot;force_sett_hover&quot;:0,&quot;force_sett_state&quot;:&quot;closed&quot;},&quot;override_method&quot;:&quot;get&quot;,&quot;overridewpdefault&quot;:1,&quot;prescontainerheight&quot;:&quot;400px&quot;,&quot;preventBodyScroll&quot;:0,&quot;preventEvents&quot;:0,&quot;rb&quot;:{&quot;action&quot;:&quot;nothing&quot;},&quot;resPage&quot;:{&quot;useAjax&quot;:0,&quot;selector&quot;:&quot;#main&quot;,&quot;trigger_type&quot;:1,&quot;trigger_facet&quot;:1,&quot;trigger_magnifier&quot;:0,&quot;trigger_return&quot;:0},&quot;results&quot;:{&quot;width&quot;:&quot;100%&quot;,&quot;width_tablet&quot;:&quot;100%&quot;,&quot;width_phone&quot;:&quot;auto&quot;,&quot;disableClick&quot;:false},&quot;resultsSnapTo&quot;:&quot;left&quot;,&quot;resultsposition&quot;:&quot;block&quot;,&quot;resultstype&quot;:&quot;isotopic&quot;,&quot;sb&quot;:{&quot;redirect_action&quot;:&quot;ajax_search&quot;,&quot;redirect_location&quot;:&quot;same&quot;,&quot;redirect_url&quot;:&quot;?s={phrase}&quot;,&quot;elementor_url&quot;:&quot;https:\\\/\\\/www.rofa-group.com\\\/mlr\\\/?asp_ls={phrase}&quot;},&quot;scrollBar&quot;:{&quot;horizontal&quot;:{&quot;enabled&quot;:1}},&quot;scrollToResults&quot;:{&quot;enabled&quot;:0,&quot;offset&quot;:0},&quot;select2&quot;:{&quot;nores&quot;:&quot;No results match&quot;},&quot;settings&quot;:{&quot;unselectChildren&quot;:1,&quot;unselectParent&quot;:0,&quot;hideChildren&quot;:0},&quot;settingsHideOnRes&quot;:1,&quot;settingsimagepos&quot;:&quot;right&quot;,&quot;settingsVisible&quot;:1,&quot;show_more&quot;:{&quot;enabled&quot;:1,&quot;url&quot;:&quot;?s={phrase}&quot;,&quot;elementor_url&quot;:&quot;https:\\\/\\\/www.rofa-group.com\\\/mlr\\\/?asp_ls={phrase}&quot;,&quot;action&quot;:&quot;ajax&quot;,&quot;location&quot;:&quot;same&quot;,&quot;infinite&quot;:1},&quot;singleHighlight&quot;:0,&quot;taxArchive&quot;:{&quot;useAjax&quot;:0,&quot;selector&quot;:&quot;#main&quot;,&quot;url&quot;:&quot;&quot;},&quot;lightbox&quot;:{&quot;overlay&quot;:true,&quot;overlayOpacity&quot;:0.7,&quot;overlayColor&quot;:&quot;#FFFFFF&quot;,&quot;nav&quot;:true,&quot;disableRightClick&quot;:true,&quot;close&quot;:true,&quot;animationSpeed&quot;:250,&quot;docClose&quot;:true,&quot;disableScroll&quot;:true,&quot;enableKeyboard&quot;:true},&quot;trigger&quot;:{&quot;delay&quot;:300,&quot;autocomplete_delay&quot;:310,&quot;update_href&quot;:0,&quot;facet&quot;:1,&quot;type&quot;:1,&quot;click&quot;:&quot;ajax_search&quot;,&quot;click_location&quot;:&quot;same&quot;,&quot;return&quot;:&quot;ajax_search&quot;,&quot;return_location&quot;:&quot;same&quot;,&quot;redirect_url&quot;:&quot;?s={phrase}&quot;,&quot;elementor_url&quot;:&quot;https:\\\/\\\/www.rofa-group.com\\\/mlr\\\/?asp_ls={phrase}&quot;,&quot;minWordLength&quot;:0,&quot;charcount_magnifier_enter&quot;:0,&quot;charcount&quot;:0},&quot;close_icon&quot;:{&quot;action&quot;:&quot;clear&quot;,&quot;close_results&quot;:true},&quot;wooShop&quot;:{&quot;useAjax&quot;:0,&quot;selector&quot;:&quot;#main&quot;,&quot;url&quot;:&quot;&quot;}}\"><\/div><div class='asp_hidden_data' style=\"display:none !important;\"><div class='asp_item_overlay'><div class='asp_item_inner'><svg xmlns=\"http:\/\/www.w3.org\/2000\/svg\" width=\"22\" height=\"22\" viewBox=\"0 0 512 512\"><path d=\"M448.225 394.243l-85.387-85.385c16.55-26.08 26.146-56.986 26.146-90.094 0-92.99-75.652-168.64-168.643-168.64-92.988 0-168.64 75.65-168.64 168.64s75.65 168.64 168.64 168.64c31.466 0 60.94-8.67 86.176-23.734l86.14 86.142c36.755 36.754 92.355-18.783 55.57-55.57zm-344.233-175.48c0-64.155 52.192-116.35 116.35-116.35s116.353 52.194 116.353 116.35S284.5 335.117 220.342 335.117s-116.35-52.196-116.35-116.352zm34.463-30.26c34.057-78.9 148.668-69.75 170.248 12.863-43.482-51.037-119.984-56.532-170.248-12.862z\"\/><\/svg><\/div><\/div><\/div><\/div><div id='__original__ajaxsearchprores4_1' class='asp_w asp_r asp_r_4 asp_r_4_1 isotopic ajaxsearchpro wpdreams_asp_sc wpdreams_asp_sc-4' data-id=\"4\" data-instance=\"1\"><nav class=\"asp_navigation\"><a class=\"asp_prev\" role=\"button\"><svg xmlns=\"http:\/\/www.w3.org\/2000\/svg\" width=\"22\" height=\"22\" viewBox=\"0 0 512 512\"><polygon points=\"142.332,104.886 197.48,50 402.5,256 197.48,462 142.332,407.113 292.727,256\"\/><\/svg><\/a><a class=\"asp_next\" role=\"button\"><svg xmlns=\"http:\/\/www.w3.org\/2000\/svg\" width=\"22\" height=\"22\" viewBox=\"0 0 512 512\"><polygon points=\"142.332,104.886 197.48,50 402.5,256 197.48,462 142.332,407.113 292.727,256\"\/><\/svg><\/a><ul><\/ul><div class=\"clear\"><\/div><\/nav><div class=\"results\"><div class=\"resdrg\"><\/div><\/div><div class=\"asp_showmore_container\"><p class='showmore'><a class='asp_showmore' role=\"button\" href=\"https:\/\/www.rofa-group.com\/mlr\">Mehr laden&#8230; <span><\/span><\/a><\/p><div class=\"asp_moreres_loader\" style=\"display: none;\"><div class=\"asp_moreres_loader-inner\"><\/div><\/div><\/div><div class=\"asp_res_loader hiddend\"><div class=\"asp_loader\"><div class=\"asp_loader-inner asp_ball-clip-rotate-simple\"><div><\/div><div><\/div><\/div><\/div><\/div><\/div><div id='__original__ajaxsearchprobsettings4_1' class=\"asp_w asp_ss asp_ss_4 asp_sb asp_sb_4 asp_sb_4_1 asp_sb wpdreams_asp_sc wpdreams_asp_sc-4 ajaxsearchpro searchsettings\" data-id=\"4\" data-instance=\"1\"><form name='options' class=\"asp-fss-flex\" aria-label=\"Search settings form\" autocomplete = 'off'><input type=\"hidden\" name=\"current_page_id\" value=\"452\"><input type='hidden' name='qtranslate_lang' value='0'\/><input type='hidden' name='polylang_lang' style=\"display:none;\" value=''\/><input type=\"hidden\" name=\"filters_changed\" value=\"0\"><input type=\"hidden\" name=\"filters_initial\" value=\"1\"><input type=\"hidden\" name=\"device\" value=\"1\"><fieldset data-asp_invalid_msg=\"This field is required!\" class=\"asp_custom_f asp_filter_cf_branchen asp_filter_id_1 asp_filter_n_0\"><legend>Branchen<\/legend><div class='branchen_filter_box asp_sett_scroll'><div class=\"asp_option asp_option_cff asp_option_cff_branchen__1\" role=\"checkbox\" aria-checked=\"true\" tabindex=\"0\"><div class=\"asp_option_inner\"><input type=\"checkbox\" value=\"\" id=\"aspf4_11[branchen__1][0]\" aria-label=\"Alle Branchen\" data-origvalue=\"1\" data-targetclass='asp_cf_select_branchen__1' name=\"\" checked=\"checked\"><div class=\"asp_option_checkbox\"><\/div><\/div><div class=\"asp_option_label\">Alle Branchen<\/div><\/div><div class=\"asp_option asp_option_cff asp_option_cff_branchen__1\" role=\"checkbox\" aria-checked=\"true\" tabindex=\"0\"><div class=\"asp_option_inner\"><input type=\"checkbox\" value=\"Produktion\" id=\"aspf4_11[branchen__1][1]\" aria-label=\"Produktion\" data-origvalue=\"1\" class='asp_cf_select_branchen__1' name=\"aspf[branchen__1][1]\" checked=\"checked\"><div class=\"asp_option_checkbox\"><\/div><\/div><div class=\"asp_option_label\">Produktion<\/div><\/div><div class=\"asp_option asp_option_cff asp_option_cff_branchen__1\" role=\"checkbox\" aria-checked=\"true\" tabindex=\"0\"><div class=\"asp_option_inner\"><input type=\"checkbox\" value=\"Automotive\" id=\"aspf4_11[branchen__1][2]\" aria-label=\"Automotive\" data-origvalue=\"1\" class='asp_cf_select_branchen__1' name=\"aspf[branchen__1][2]\" checked=\"checked\"><div class=\"asp_option_checkbox\"><\/div><\/div><div class=\"asp_option_label\">Automotive<\/div><\/div><div class=\"asp_option asp_option_cff asp_option_cff_branchen__1\" role=\"checkbox\" aria-checked=\"true\" tabindex=\"0\"><div class=\"asp_option_inner\"><input type=\"checkbox\" value=\"Food\" id=\"aspf4_11[branchen__1][3]\" aria-label=\"Food\" data-origvalue=\"1\" class='asp_cf_select_branchen__1' name=\"aspf[branchen__1][3]\" checked=\"checked\"><div class=\"asp_option_checkbox\"><\/div><\/div><div class=\"asp_option_label\">Food<\/div><\/div><div class=\"asp_option asp_option_cff asp_option_cff_branchen__1\" role=\"checkbox\" aria-checked=\"true\" tabindex=\"0\"><div class=\"asp_option_inner\"><input type=\"checkbox\" value=\"Pharma\" id=\"aspf4_11[branchen__1][4]\" aria-label=\"Pharma\" data-origvalue=\"1\" class='asp_cf_select_branchen__1' name=\"aspf[branchen__1][4]\" checked=\"checked\"><div class=\"asp_option_checkbox\"><\/div><\/div><div class=\"asp_option_label\">Pharma<\/div><\/div><div class=\"asp_option asp_option_cff asp_option_cff_branchen__1\" role=\"checkbox\" aria-checked=\"true\" tabindex=\"0\"><div class=\"asp_option_inner\"><input type=\"checkbox\" value=\"Healthcare &amp; Hospital\" id=\"aspf4_11[branchen__1][5]\" aria-label=\"Healthcare &amp; Hospital\" data-origvalue=\"1\" class='asp_cf_select_branchen__1' name=\"aspf[branchen__1][5]\" checked=\"checked\"><div class=\"asp_option_checkbox\"><\/div><\/div><div class=\"asp_option_label\">Healthcare &amp; Hospital<\/div><\/div><div class=\"asp_option asp_option_cff asp_option_cff_branchen__1\" role=\"checkbox\" aria-checked=\"true\" tabindex=\"0\"><div class=\"asp_option_inner\"><input type=\"checkbox\" value=\"Paper, Printing &amp; Packaging\" id=\"aspf4_11[branchen__1][6]\" aria-label=\"Paper, Printing &amp; Packaging\" data-origvalue=\"1\" class='asp_cf_select_branchen__1' name=\"aspf[branchen__1][6]\" checked=\"checked\"><div class=\"asp_option_checkbox\"><\/div><\/div><div class=\"asp_option_label\">Paper, Printing &amp; Packaging<\/div><\/div><\/div><\/fieldset><fieldset data-asp_invalid_msg=\"This field is required!\" class=\"asp_custom_f asp_filter_cf_fahrzeugart asp_filter_id_2 asp_filter_n_1\"><legend>Fahrzeugarten<\/legend><div class='fahrzeugart_filter_box asp_sett_scroll'><div class=\"asp_option asp_option_cff asp_option_cff_fahrzeugart__2\" role=\"checkbox\" aria-checked=\"true\" tabindex=\"0\"><div class=\"asp_option_inner\"><input type=\"checkbox\" value=\"\" id=\"aspf4_12[fahrzeugart__2][0]\" aria-label=\"Alle Fahrzeugarten\" data-origvalue=\"1\" data-targetclass='asp_cf_select_fahrzeugart__2' name=\"\" checked=\"checked\"><div class=\"asp_option_checkbox\"><\/div><\/div><div class=\"asp_option_label\">Alle Fahrzeugarten<\/div><\/div><div class=\"asp_option asp_option_cff asp_option_cff_fahrzeugart__2\" role=\"checkbox\" aria-checked=\"true\" tabindex=\"0\"><div class=\"asp_option_inner\"><input type=\"checkbox\" value=\"Stapler\" id=\"aspf4_12[fahrzeugart__2][1]\" aria-label=\"Stapler\" data-origvalue=\"1\" class='asp_cf_select_fahrzeugart__2' name=\"aspf[fahrzeugart__2][1]\" checked=\"checked\"><div class=\"asp_option_checkbox\"><\/div><\/div><div class=\"asp_option_label\">Stapler<\/div><\/div><div class=\"asp_option asp_option_cff asp_option_cff_fahrzeugart__2\" role=\"checkbox\" aria-checked=\"true\" tabindex=\"0\"><div class=\"asp_option_inner\"><input type=\"checkbox\" value=\"Plattform\" id=\"aspf4_12[fahrzeugart__2][2]\" aria-label=\"Plattform\" data-origvalue=\"1\" class='asp_cf_select_fahrzeugart__2' name=\"aspf[fahrzeugart__2][2]\" checked=\"checked\"><div class=\"asp_option_checkbox\"><\/div><\/div><div class=\"asp_option_label\">Plattform<\/div><\/div><div class=\"asp_option asp_option_cff asp_option_cff_fahrzeugart__2\" role=\"checkbox\" aria-checked=\"true\" tabindex=\"0\"><div class=\"asp_option_inner\"><input type=\"checkbox\" value=\"Sonstige\" id=\"aspf4_12[fahrzeugart__2][3]\" aria-label=\"Sonstige\" data-origvalue=\"1\" class='asp_cf_select_fahrzeugart__2' name=\"aspf[fahrzeugart__2][3]\" checked=\"checked\"><div class=\"asp_option_checkbox\"><\/div><\/div><div class=\"asp_option_label\">Sonstige<\/div><\/div><\/div><\/fieldset><div style=\"clear:both;\"><\/div><\/form><\/div><\/div><div class=\"clearfix\"><\/div>\t\t\t\t\t\t\t\t<\/div>\n\t\t\t\t<div class=\"elementor-element elementor-element-52ec358e ssettings elementor-widget elementor-widget-toggle\" data-id=\"52ec358e\" data-element_type=\"widget\" data-e-type=\"widget\" data-widget_type=\"toggle.default\">\n\t\t\t\t\t\t\t<div class=\"elementor-toggle\">\n\t\t\t\t\t\t\t<div class=\"elementor-toggle-item\">\n\t\t\t\t\t<div id=\"elementor-tab-title-1391\" class=\"elementor-tab-title\" data-tab=\"1\" role=\"button\" aria-controls=\"elementor-tab-content-1391\" aria-expanded=\"false\">\n\t\t\t\t\t\t\t\t\t\t\t\t<span class=\"elementor-toggle-icon elementor-toggle-icon-left\" aria-hidden=\"true\">\n\t\t\t\t\t\t\t\t\t\t\t\t\t\t\t<span class=\"elementor-toggle-icon-closed\"><svg class=\"e-font-icon-svg e-fas-plus-circle\" viewBox=\"0 0 512 512\" xmlns=\"http:\/\/www.w3.org\/2000\/svg\"><path d=\"M256 8C119 8 8 119 8 256s111 248 248 248 248-111 248-248S393 8 256 8zm144 276c0 6.6-5.4 12-12 12h-92v92c0 6.6-5.4 12-12 12h-56c-6.6 0-12-5.4-12-12v-92h-92c-6.6 0-12-5.4-12-12v-56c0-6.6 5.4-12 12-12h92v-92c0-6.6 5.4-12 12-12h56c6.6 0 12 5.4 12 12v92h92c6.6 0 12 5.4 12 12v56z\"><\/path><\/svg><\/span>\n\t\t\t\t\t\t\t\t<span class=\"elementor-toggle-icon-opened\"><svg class=\"elementor-toggle-icon-opened e-font-icon-svg e-fas-minus-circle\" viewBox=\"0 0 512 512\" xmlns=\"http:\/\/www.w3.org\/2000\/svg\"><path d=\"M256 8C119 8 8 119 8 256s111 248 248 248 248-111 248-248S393 8 256 8zM124 296c-6.6 0-12-5.4-12-12v-56c0-6.6 5.4-12 12-12h264c6.6 0 12 5.4 12 12v56c0 6.6-5.4 12-12 12H124z\"><\/path><\/svg><\/span>\n\t\t\t\t\t\t\t\t\t\t\t\t\t<\/span>\n\t\t\t\t\t\t\t\t\t\t\t\t<a class=\"elementor-toggle-title\" tabindex=\"0\">Filterm\u00f6glichkeiten<\/a>\n\t\t\t\t\t<\/div>\n\n\t\t\t\t\t<div id=\"elementor-tab-content-1391\" class=\"elementor-tab-content elementor-clearfix\" data-tab=\"1\" role=\"region\" aria-labelledby=\"elementor-tab-title-1391\"><div id='wpdreams_asp_settings_4'><\/div><\/div>\n\t\t\t\t<\/div>\n\t\t\t\t\t\t\t\t<\/div>\n\t\t\t\t\t\t<\/div>\n\t\t\t\t<div class=\"elementor-element elementor-element-20aa7f6d elementor-widget elementor-widget-text-editor\" data-id=\"20aa7f6d\" data-element_type=\"widget\" data-e-type=\"widget\" data-widget_type=\"text-editor.default\">\n\t\t\t\t\t\t\t\t\t<div id='wpdreams_asp_results_4'><\/div>\t\t\t\t\t\t\t\t<\/div>\n\t\t\t\t<div class=\"elementor-element elementor-element-32eedb42 elementor-widget elementor-widget-spacer\" data-id=\"32eedb42\" data-element_type=\"widget\" data-e-type=\"widget\" data-widget_type=\"spacer.default\">\n\t\t\t\t\t\t\t<div class=\"elementor-spacer\">\n\t\t\t<div class=\"elementor-spacer-inner\"><\/div>\n\t\t<\/div>\n\t\t\t\t\t\t<\/div>\n\t\t\t\t\t<\/div>\n\t\t<\/div>\n\t\t\t\t\t<\/div>\n\t\t<\/section>\n\t\t\t\t<\/div>\n\t\t","protected":false},"excerpt":{"rendered":"<p>REFERENZEN Unser Projekt-Portfolio F\u00fcr namhafte Kunden aus aller Welt realisieren wir seit mehreren Jahrzehnten ma\u00dfgeschneiderte Systeme f\u00fcr den innerbetrieblichen Material- und Warenfluss, vom Fahrerlosen Transportsystem (FTS) bis zur Automatischen Warentransportanlage (AWT). Gro\u00dfe Konzerne z\u00e4hlen ebenso zu unserem Kundenstamm wie inhabergef\u00fchrte mittelst\u00e4ndische Betriebe. Wir wissen, welche Technologien und Baureihen zu Ihren Herausforderungen am besten passen und [&hellip;]<\/p>\n","protected":false},"author":1,"featured_media":0,"parent":0,"menu_order":0,"comment_status":"closed","ping_status":"closed","template":"","meta":{"_acf_changed":false,"footnotes":""},"class_list":["post-452","page","type-page","status-publish","hentry"],"acf":[],"_links":{"self":[{"href":"https:\/\/www.rofa-group.com\/mlr\/wp-json\/wp\/v2\/pages\/452","targetHints":{"allow":["GET"]}}],"collection":[{"href":"https:\/\/www.rofa-group.com\/mlr\/wp-json\/wp\/v2\/pages"}],"about":[{"href":"https:\/\/www.rofa-group.com\/mlr\/wp-json\/wp\/v2\/types\/page"}],"author":[{"embeddable":true,"href":"https:\/\/www.rofa-group.com\/mlr\/wp-json\/wp\/v2\/users\/1"}],"replies":[{"embeddable":true,"href":"https:\/\/www.rofa-group.com\/mlr\/wp-json\/wp\/v2\/comments?post=452"}],"version-history":[{"count":1,"href":"https:\/\/www.rofa-group.com\/mlr\/wp-json\/wp\/v2\/pages\/452\/revisions"}],"predecessor-version":[{"id":1632,"href":"https:\/\/www.rofa-group.com\/mlr\/wp-json\/wp\/v2\/pages\/452\/revisions\/1632"}],"wp:attachment":[{"href":"https:\/\/www.rofa-group.com\/mlr\/wp-json\/wp\/v2\/media?parent=452"}],"curies":[{"name":"wp","href":"https:\/\/api.w.org\/{rel}","templated":true}]}}