{"id":176,"date":"2020-01-24T13:05:47","date_gmt":"2020-01-24T12:05:47","guid":{"rendered":"https:\/\/www.rofa-group.com\/mlr\/?page_id=176"},"modified":"2020-01-29T10:57:36","modified_gmt":"2020-01-29T09:57:36","slug":"news","status":"publish","type":"page","link":"https:\/\/www.rofa-group.com\/mlr\/news\/","title":{"rendered":"News"},"content":{"rendered":"\t\t<div data-elementor-type=\"wp-page\" data-elementor-id=\"176\" class=\"elementor elementor-176\" data-elementor-post-type=\"page\">\n\t\t\t\t\t\t<section class=\"elementor-section elementor-top-section elementor-element elementor-element-1d0da5c4 elementor-section-content-top elementor-section-height-min-height elementor-section-items-stretch elementor-section-boxed elementor-section-height-default\" data-id=\"1d0da5c4\" data-element_type=\"section\" data-e-type=\"section\" id=\"mygfx\" data-settings=\"{&quot;background_background&quot;:&quot;classic&quot;}\">\n\t\t\t\t\t\t<div class=\"elementor-container elementor-column-gap-no\">\n\t\t\t\t\t<div class=\"elementor-column elementor-col-100 elementor-top-column elementor-element elementor-element-59d80aeb\" data-id=\"59d80aeb\" data-element_type=\"column\" data-e-type=\"column\" data-settings=\"{&quot;background_background&quot;:&quot;classic&quot;}\">\n\t\t\t<div class=\"elementor-widget-wrap\">\n\t\t\t\t\t\t\t<\/div>\n\t\t<\/div>\n\t\t\t\t\t<\/div>\n\t\t<\/section>\n\t\t\t\t<section class=\"elementor-section elementor-top-section elementor-element elementor-element-62e8f31a elementor-section-boxed elementor-section-height-default elementor-section-height-default\" data-id=\"62e8f31a\" data-element_type=\"section\" data-e-type=\"section\" data-settings=\"{&quot;background_background&quot;:&quot;classic&quot;}\">\n\t\t\t\t\t\t<div class=\"elementor-container elementor-column-gap-no\">\n\t\t\t\t\t<div class=\"elementor-column elementor-col-50 elementor-top-column elementor-element elementor-element-3ed3baca\" data-id=\"3ed3baca\" data-element_type=\"column\" data-e-type=\"column\" data-settings=\"{&quot;background_background&quot;:&quot;classic&quot;}\">\n\t\t\t<div class=\"elementor-widget-wrap elementor-element-populated\">\n\t\t\t\t\t\t<div class=\"elementor-element elementor-element-755670e2 elementor-widget elementor-widget-text-editor\" data-id=\"755670e2\" data-element_type=\"widget\" data-e-type=\"widget\" data-widget_type=\"text-editor.default\">\n\t\t\t\t\t\t\t\t\t<h1 class=\"fett\">NEWS<\/h1><h2 class=\"mittel2\">Das bewegt uns aktuell<\/h2>\t\t\t\t\t\t\t\t<\/div>\n\t\t\t\t\t<\/div>\n\t\t<\/div>\n\t\t\t\t<div class=\"elementor-column elementor-col-50 elementor-top-column elementor-element elementor-element-6b1c429a\" data-id=\"6b1c429a\" data-element_type=\"column\" data-e-type=\"column\">\n\t\t\t<div class=\"elementor-widget-wrap\">\n\t\t\t\t\t\t\t<\/div>\n\t\t<\/div>\n\t\t\t\t\t<\/div>\n\t\t<\/section>\n\t\t\t\t<section class=\"elementor-section elementor-top-section elementor-element elementor-element-3711aaba elementor-section-boxed elementor-section-height-default elementor-section-height-default\" data-id=\"3711aaba\" data-element_type=\"section\" data-e-type=\"section\">\n\t\t\t\t\t\t<div class=\"elementor-container elementor-column-gap-no\">\n\t\t\t\t\t<div class=\"elementor-column elementor-col-100 elementor-top-column elementor-element elementor-element-7cba5771\" data-id=\"7cba5771\" data-element_type=\"column\" data-e-type=\"column\">\n\t\t\t<div class=\"elementor-widget-wrap elementor-element-populated\">\n\t\t\t\t\t\t<div class=\"elementor-element elementor-element-75b2b1c4 mynetworknews2 elementor-widget elementor-widget-shortcode\" data-id=\"75b2b1c4\" data-element_type=\"widget\" data-e-type=\"widget\" data-widget_type=\"shortcode.default\">\n\t\t\t\t\t\t\t<div class=\"elementor-shortcode\"><style>#wplp_widget_419 .wplp_listposts li .img_cropper:before {background: rgba(50,50,60,0.0);}#wplp_widget_419 .wplp_listposts li{\n                width: calc((100% - 20px)\/3);}@media screen and (max-width: 640px) {#wplp_widget_419 .wplp_listposts li {width: calc(100% - 20px) !important;}}<\/style><div class=\"wplp_outside wplp_widget_419\" style=\"max-width:100%;\"><div id=\"wplp_widget_419\" class=\"wplp_widget_masonry wplp_container vertical masonry pro cols3\" data-theme=\"masonry\" data-post=\"419\" style=\"\" data-max-elts=\"3\" data-per-page=\"99\"><ul class=\"wplp_listposts\" id=\"masonrycontainer_419\" style=\"width: 100%;\" ><li id=\"wplp_li_419_1644\" data-post=\"1644\" class=\"postno_1 masonry li-item-id blog_id_5\" style=\"\"><div class=\"insideframe\"><div id=\"wplp_box_top_419_1644\" class=\"wpcu-front-box top equalHeightImg\" ><div class=\"wplp-box-item\"><a href=\"https:\/\/www.rofa-group.com\/mlr\/news\/rofa-industrial-automation-ag-stellt-weichen-fuer-die-zukunft\/\"  class=\"thumbnail\"><span class=\"img_cropper\" style=\"max-width:100%;\"><img decoding=\"async\" src=\"https:\/\/www.rofa-group.com\/mlr\/wp-content\/uploads\/sites\/5\/rofa-gruppenfoto-26.jpg\" style=\"\" srcset=\"https:\/\/www.rofa-group.com\/mlr\/wp-content\/uploads\/sites\/5\/rofa-gruppenfoto-26.jpg 800w, https:\/\/www.rofa-group.com\/mlr\/wp-content\/uploads\/sites\/5\/rofa-gruppenfoto-26-300x169.jpg 300w, https:\/\/www.rofa-group.com\/mlr\/wp-content\/uploads\/sites\/5\/rofa-gruppenfoto-26-768x432.jpg 768w\" alt=\"ROFA INDUSTRIAL AUTOMATION AG stellt Weichen f\u00fcr die Zukunft\" class=\"wplp_thumb\" \/><\/span><\/a><a href=\"https:\/\/www.rofa-group.com\/mlr\/news\/rofa-industrial-automation-ag-stellt-weichen-fuer-die-zukunft\/\"  class=\"title\"><span style=\"height:2.7em\" class=\"line_limit\">ROFA INDUSTRIAL AUTOMATION AG stellt Weichen f\u00fcr die Zukunft<\/span><\/a><span class=\"date\">4. M\u00e4rz 2026<\/span><span class=\"text\"><span style=\"max-height:3.63em\" class=\"line_limit\">Wir freuen uns, k\u00fcnftig Teil der SPIE Gruppe zu sein!\n\t\t\t\t\t\t\t\t\t\t\t\t\t\t\t\t\t\t\t\t\t\t\t\t\t\t\t\t\nMit der \u00dcbernahme durch die SPIE Germany Switzerland Austria GmbH (SPIE GSA), eine hundertprozentige Tochtergesellschaft der SPIE S.A., schl\u00e4gt die ROFA INDUSTRIAL AUTOMATION AG ein neues Kapitel in ihrer Unternehmensgeschichte auf. SPIE ist der unabh\u00e4ngige europ\u00e4ische Marktf\u00fchrer f\u00fcr multitechnische Dienstleistungen in den Bereichen Energie und Kommunikation mit rund 55.000 Mitarbeitenden in 38 L\u00e4ndern.\nGemeinsam mit SPIE werden wir unsere Kompetenzen in den Bereichen Industrieautomation, Intralogistik und technische Projektabwicklung gezielt b\u00fcndeln und weiter ausbauen \u2013 Bereiche, in denen ROFA bereits heute \u00fcber herausragende Expertise verf\u00fcgt.\nROFA hat sich in den vergangenen Jahren mit beeindruckendem Wachstum und einer Gesamtleistung von rund 430 Millionen Euro, an 14 nationalen und internationalen Standorten, als f\u00fchrender Anbieter in der Industrieautomatisierung etabliert. Dieser Erfolg ist das Ergebnis unseres gemeinsamen Engagements, unserer Innovationskraft und unseres strategischen Weitblicks. Im Automobilbereich verf\u00fcgen wir \u00fcber eine starke internationale Marktposition, w\u00e4hrend unser Intralogistikgesch\u00e4ft dynamisch w\u00e4chst und sich zunehmend zu einem zentralen Zukunftsfeld unserer Unternehmensgruppe entwickelt. Gerade hier sehen wir enormes Potenzial, das wir mit Know-how, Erfahrung und Pioniergeist konsequent erschlie\u00dfen m\u00f6chten.\nDie Partnerschaft mit SPIE bietet uns die idealen Rahmenbedingungen, unsere strategische Entwicklung auf ein neues Fundament zu stellen. Durch den Zugang zu weiteren Netzwerken, umfangreichen Ressourcen und zus\u00e4tzlicher Investitionskraft kann ROFA ihre Marktposition weiter ausbauen. F\u00fcr unsere Mitarbeitenden bedeutet dieser Schritt vor allem Kontinuit\u00e4t, aber auch spannende Entwicklungsm\u00f6glichkeiten und eine starke Perspektive f\u00fcr die Zukunft.\nWir freuen uns sehr, k\u00fcnftig Teil der SPIE Gruppe zu sein \u2013 und gemeinsam mit einem starken Partner die Zukunft aktiv zu gestalten.<\/span><span style=\"margin-left:3px; max-height:3.63em\" class=\"line_limit\"> [...]<\/span><\/span><\/div><\/div><div id=\"wplp_box_left_419_1644\" class=\"wpcu-front-box left wpcu-custom-position\" ><div class=\"wplp-box-item\"><\/div><\/div><div id=\"wplp_box_right_419_1644\" class=\"wpcu-front-box right wpcu-custom-position\" ><div class=\"wplp-box-item\"><\/div><\/div><div id=\"wplp_box_bottom_419_1644\" class=\"wpcu-front-box bottom \" ><div class=\"wplp-box-item\"><span class=\"dfreadmore\">\n<!-- WPLP Unknown field: dfReadMore -->\n<\/span><\/div><\/div><\/div><\/li><li id=\"wplp_li_419_652\" data-post=\"652\" class=\"postno_2 masonry li-item-id blog_id_5\" style=\"\"><div class=\"insideframe\"><div id=\"wplp_box_top_419_652\" class=\"wpcu-front-box top equalHeightImg\" ><div class=\"wplp-box-item\"><a href=\"https:\/\/www.rofa-group.com\/mlr\/news\/neues-fahrerloses-transportfahrzeug\/\"  class=\"thumbnail\"><span class=\"img_cropper\" style=\"max-width:100%;\"><img decoding=\"async\" src=\"https:\/\/www.rofa-group.com\/mlr\/wp-content\/uploads\/sites\/5\/Plattformwagen-Caesar_PN-1_MYk.jpg\" style=\"\" srcset=\"https:\/\/www.rofa-group.com\/mlr\/wp-content\/uploads\/sites\/5\/Plattformwagen-Caesar_PN-1_MYk.jpg 800w, https:\/\/www.rofa-group.com\/mlr\/wp-content\/uploads\/sites\/5\/Plattformwagen-Caesar_PN-1_MYk-300x155.jpg 300w, https:\/\/www.rofa-group.com\/mlr\/wp-content\/uploads\/sites\/5\/Plattformwagen-Caesar_PN-1_MYk-768x396.jpg 768w\" alt=\"Neues fahrerloses Transportfahrzeug\" class=\"wplp_thumb\" \/><\/span><\/a><a href=\"https:\/\/www.rofa-group.com\/mlr\/news\/neues-fahrerloses-transportfahrzeug\/\"  class=\"title\"><span style=\"height:2.7em\" class=\"line_limit\">Neues fahrerloses Transportfahrzeug<\/span><\/a><span class=\"date\">17. Februar 2020<\/span><span class=\"text\"><span style=\"max-height:3.63em\" class=\"line_limit\">Die Innovation \u201eCaesar PN-1,0 MYk\u201c ist ein Plattformwagen, der speziell auf die Bed\u00fcrfnisse der Automobilindustrie zugeschnitten wurde. Das fahrerlose Transportfahrzeug (FTF) ist eine Erweiterung der \u201eCaesar\u201c-Baureihe von MLR System, die bereits von namhaften Automobilherstellern eingesetzt werden.\n\t\tDer neue Plattformwagen von MLR System ist 1.700 mm \u00d7 900 mm \u00d7 280 mm gro\u00df und kann Lasten bis zu 1.000 kg aufnehmen. Zur komfortablen Beladung sind die flachen Fahrzeuge mit einer Hubeinheit ausgestattet, die bei Bedarf auf bis zu 177 mm hochfahren kann. Das Antriebskonzept mit zwei kombinierten Fahr- und Lenkachsen erlaubt eine uneingeschr\u00e4nkte Beweglichkeit in alle Richtungen. Dies seien beste Voraussetzungen f\u00fcr hohe Flexibilit\u00e4t auf kleinster Fl\u00e4che, hei\u00dft es aus dem Ludwigsburger Unternehmen.Der automatisierte \u201eCaesar\u201c-Plattformwagen f\u00e4hrt mit einer Geschwindigkeit von bis zu 1,5 m\/s, verf\u00fcgt \u00fcber ein modernes Energiekonzept und erlaubt lange Laufzeiten bei zugleich kurzen Ladezyklen. Sicherheitseinrichtungen wie Personenschutz-Scanner, Blue-Spots und 3D-Kameras zur Hinderniserkennung entsprechen den h\u00f6chsten Standards f\u00fcr einen unfallfreien Betrieb, auch in Zusammenarbeit mit Menschen. Passend zum Design und zur Farbwelt seines Mutterkonzerns ROFA kommt das neue Transportfahrzeug \u201eCaesar PN-1,0 MYk\u201c jetzt in Blau daher.<\/span><span style=\"margin-left:3px; max-height:3.63em\" class=\"line_limit\"> [...]<\/span><\/span><\/div><\/div><div id=\"wplp_box_left_419_652\" class=\"wpcu-front-box left wpcu-custom-position\" ><div class=\"wplp-box-item\"><\/div><\/div><div id=\"wplp_box_right_419_652\" class=\"wpcu-front-box right wpcu-custom-position\" ><div class=\"wplp-box-item\"><\/div><\/div><div id=\"wplp_box_bottom_419_652\" class=\"wpcu-front-box bottom \" ><div class=\"wplp-box-item\"><span class=\"dfreadmore\">\n<!-- WPLP Unknown field: dfReadMore -->\n<\/span><\/div><\/div><\/div><\/li><li id=\"wplp_li_419_640\" data-post=\"640\" class=\"postno_3 masonry li-item-id blog_id_5\" style=\"\"><div class=\"insideframe\"><div id=\"wplp_box_top_419_640\" class=\"wpcu-front-box top equalHeightImg\" ><div class=\"wplp-box-item\"><a href=\"https:\/\/www.rofa-group.com\/mlr\/news\/neues-unternehmensdesign-fuer-mlr-system\/\"  class=\"thumbnail\"><span class=\"img_cropper\" style=\"max-width:100%;\"><img decoding=\"async\" src=\"https:\/\/www.rofa-group.com\/mlr\/wp-content\/uploads\/sites\/5\/Andreas-Drost_Geschaeftsfuehrer-MLR.jpg\" style=\"\" srcset=\"https:\/\/www.rofa-group.com\/mlr\/wp-content\/uploads\/sites\/5\/Andreas-Drost_Geschaeftsfuehrer-MLR.jpg 800w, https:\/\/www.rofa-group.com\/mlr\/wp-content\/uploads\/sites\/5\/Andreas-Drost_Geschaeftsfuehrer-MLR-300x155.jpg 300w, https:\/\/www.rofa-group.com\/mlr\/wp-content\/uploads\/sites\/5\/Andreas-Drost_Geschaeftsfuehrer-MLR-768x396.jpg 768w\" alt=\"Neues Unternehmensdesign f\u00fcr MLR System\" class=\"wplp_thumb\" \/><\/span><\/a><a href=\"https:\/\/www.rofa-group.com\/mlr\/news\/neues-unternehmensdesign-fuer-mlr-system\/\"  class=\"title\"><span style=\"height:2.7em\" class=\"line_limit\">Neues Unternehmensdesign f\u00fcr MLR System<\/span><\/a><span class=\"date\">17. Februar 2020<\/span><span class=\"text\"><span style=\"max-height:3.63em\" class=\"line_limit\">Als Unternehmen der ROFA INDUSTRIAL AUTOMATION Group, pr\u00e4sentiert sich MLR System GmbH nun im Design und in der Farbwelt seines Mutterkonzerns. \u201eUnsere Zugeh\u00f6rigkeit zu ROFA, einem weltweit pr\u00e4senten und erfolgreichen Industriepartner in den Bereichen Automatisierungs- und F\u00f6rdertechnik, Intralogistik und Sondermaschinenbau dokumentieren wir jetzt auch konsequent optisch\u201c, sagt Andreas Drost, Gesch\u00e4ftsf\u00fchrer der MLR System GmbH: \u201eDamit unterstreichen wir unseren Verbund mit einer starken Firmengruppe, die \u00fcber ein \u00fcber die Jahrzehnte gewachsenes Fachwissen und eine ausgepr\u00e4gte Innovationskultur verf\u00fcgt.\u201c<\/span><span style=\"margin-left:3px; max-height:3.63em\" class=\"line_limit\"> [...]<\/span><\/span><\/div><\/div><div id=\"wplp_box_left_419_640\" class=\"wpcu-front-box left wpcu-custom-position\" ><div class=\"wplp-box-item\"><\/div><\/div><div id=\"wplp_box_right_419_640\" class=\"wpcu-front-box right wpcu-custom-position\" ><div class=\"wplp-box-item\"><\/div><\/div><div id=\"wplp_box_bottom_419_640\" class=\"wpcu-front-box bottom \" ><div class=\"wplp-box-item\"><span class=\"dfreadmore\">\n<!-- WPLP Unknown field: dfReadMore -->\n<\/span><\/div><\/div><\/div><\/li><\/ul><\/div><\/div><\/div>\n\t\t\t\t\t\t<\/div>\n\t\t\t\t\t<\/div>\n\t\t<\/div>\n\t\t\t\t\t<\/div>\n\t\t<\/section>\n\t\t\t\t<\/div>\n\t\t","protected":false},"excerpt":{"rendered":"<p>NEWS Das bewegt uns aktuell<\/p>\n","protected":false},"author":1,"featured_media":0,"parent":0,"menu_order":0,"comment_status":"closed","ping_status":"closed","template":"","meta":{"_acf_changed":false,"footnotes":""},"class_list":["post-176","page","type-page","status-publish","hentry","cat-5-id"],"acf":[],"_links":{"self":[{"href":"https:\/\/www.rofa-group.com\/mlr\/wp-json\/wp\/v2\/pages\/176","targetHints":{"allow":["GET"]}}],"collection":[{"href":"https:\/\/www.rofa-group.com\/mlr\/wp-json\/wp\/v2\/pages"}],"about":[{"href":"https:\/\/www.rofa-group.com\/mlr\/wp-json\/wp\/v2\/types\/page"}],"author":[{"embeddable":true,"href":"https:\/\/www.rofa-group.com\/mlr\/wp-json\/wp\/v2\/users\/1"}],"replies":[{"embeddable":true,"href":"https:\/\/www.rofa-group.com\/mlr\/wp-json\/wp\/v2\/comments?post=176"}],"version-history":[{"count":0,"href":"https:\/\/www.rofa-group.com\/mlr\/wp-json\/wp\/v2\/pages\/176\/revisions"}],"wp:attachment":[{"href":"https:\/\/www.rofa-group.com\/mlr\/wp-json\/wp\/v2\/media?parent=176"}],"curies":[{"name":"wp","href":"https:\/\/api.w.org\/{rel}","templated":true}]}}