{"id":142,"date":"2020-07-02T18:13:25","date_gmt":"2020-07-02T16:13:25","guid":{"rendered":"https:\/\/www.rofa-group.com\/dls\/?page_id=142"},"modified":"2024-07-17T15:27:59","modified_gmt":"2024-07-17T13:27:59","slug":"produkte-loesungen","status":"publish","type":"page","link":"https:\/\/www.rofa-group.com\/dls\/produkte-loesungen\/","title":{"rendered":"Produkte &amp; L\u00f6sungen"},"content":{"rendered":"\t\t<div data-elementor-type=\"wp-page\" data-elementor-id=\"142\" class=\"elementor elementor-142\" data-elementor-post-type=\"page\">\n\t\t\t\t\t\t<section class=\"elementor-section elementor-top-section elementor-element elementor-element-64a26fb0 elementor-section-content-top elementor-section-height-min-height elementor-section-items-stretch elementor-section-boxed elementor-section-height-default\" data-id=\"64a26fb0\" data-element_type=\"section\" data-e-type=\"section\" id=\"mygfx\" data-settings=\"{&quot;background_background&quot;:&quot;classic&quot;}\">\n\t\t\t\t\t\t<div class=\"elementor-container elementor-column-gap-no\">\n\t\t\t\t\t<div class=\"elementor-column elementor-col-100 elementor-top-column elementor-element elementor-element-54c92f74\" data-id=\"54c92f74\" data-element_type=\"column\" data-e-type=\"column\" data-settings=\"{&quot;background_background&quot;:&quot;classic&quot;}\">\n\t\t\t<div class=\"elementor-widget-wrap\">\n\t\t\t\t\t\t\t<\/div>\n\t\t<\/div>\n\t\t\t\t\t<\/div>\n\t\t<\/section>\n\t\t\t\t<section class=\"elementor-section elementor-top-section elementor-element elementor-element-6b272cf8 elementor-section-boxed elementor-section-height-default elementor-section-height-default\" data-id=\"6b272cf8\" data-element_type=\"section\" data-e-type=\"section\" data-settings=\"{&quot;background_background&quot;:&quot;classic&quot;}\">\n\t\t\t\t\t\t<div class=\"elementor-container elementor-column-gap-no\">\n\t\t\t\t\t<div class=\"elementor-column elementor-col-50 elementor-top-column elementor-element elementor-element-319eb225\" data-id=\"319eb225\" data-element_type=\"column\" data-e-type=\"column\" data-settings=\"{&quot;background_background&quot;:&quot;classic&quot;}\">\n\t\t\t<div class=\"elementor-widget-wrap elementor-element-populated\">\n\t\t\t\t\t\t<div class=\"elementor-element elementor-element-1f6c6280 elementor-widget elementor-widget-text-editor\" data-id=\"1f6c6280\" data-element_type=\"widget\" data-e-type=\"widget\" data-widget_type=\"text-editor.default\">\n\t\t\t\t<div class=\"elementor-widget-container\">\n\t\t\t\t\t\t\t\t\t<h1 class=\"fett\">Intralogistik Subsysteme<\/h1><h2 class=\"mittel\">High Performance L\u00f6sungen f\u00fcr Paletten, Beh\u00e4lter, Kartons, etc.\u2028<\/h2>\t\t\t\t\t\t\t\t<\/div>\n\t\t\t\t<\/div>\n\t\t\t\t\t<\/div>\n\t\t<\/div>\n\t\t\t\t<div class=\"elementor-column elementor-col-50 elementor-top-column elementor-element elementor-element-73ba5d68\" data-id=\"73ba5d68\" data-element_type=\"column\" data-e-type=\"column\">\n\t\t\t<div class=\"elementor-widget-wrap\">\n\t\t\t\t\t\t\t<\/div>\n\t\t<\/div>\n\t\t\t\t\t<\/div>\n\t\t<\/section>\n\t\t\t\t<section class=\"elementor-section elementor-top-section elementor-element elementor-element-21fa7ff1 elementor-section-boxed elementor-section-height-default elementor-section-height-default\" data-id=\"21fa7ff1\" data-element_type=\"section\" data-e-type=\"section\">\n\t\t\t\t\t\t<div class=\"elementor-container elementor-column-gap-default\">\n\t\t\t\t\t<div class=\"elementor-column elementor-col-100 elementor-top-column elementor-element elementor-element-7aa9b6b7\" data-id=\"7aa9b6b7\" data-element_type=\"column\" data-e-type=\"column\">\n\t\t\t<div class=\"elementor-widget-wrap elementor-element-populated\">\n\t\t\t\t\t\t<div class=\"elementor-element elementor-element-5a75b7b5 elementor-widget elementor-widget-text-editor\" data-id=\"5a75b7b5\" data-element_type=\"widget\" data-e-type=\"widget\" data-widget_type=\"text-editor.default\">\n\t\t\t\t<div class=\"elementor-widget-container\">\n\t\t\t\t\t\t\t\t\tDie richtigen Artikel, zur richtigen Zeit, am richtigen Ort \u2013 gem\u00e4\u00df Ihrer Nachf\u00fcllstrategie: Daf\u00fcr sorgen unsere Intralogistik-Subsysteme. Erfahren Sie, wie Sie selbst die gr\u00f6\u00dfte Warenvielfalt in Zukunft schnell und sicher handhaben!\t\t\t\t\t\t\t\t<\/div>\n\t\t\t\t<\/div>\n\t\t\t\t\t<\/div>\n\t\t<\/div>\n\t\t\t\t\t<\/div>\n\t\t<\/section>\n\t\t\t\t<section class=\"elementor-section elementor-top-section elementor-element elementor-element-203546a elementor-section-boxed elementor-section-height-default elementor-section-height-default\" data-id=\"203546a\" data-element_type=\"section\" data-e-type=\"section\">\n\t\t\t\t\t\t<div class=\"elementor-container elementor-column-gap-default\">\n\t\t\t\t\t<div class=\"elementor-column elementor-col-100 elementor-top-column elementor-element elementor-element-3ecc261\" data-id=\"3ecc261\" data-element_type=\"column\" data-e-type=\"column\">\n\t\t\t<div class=\"elementor-widget-wrap elementor-element-populated\">\n\t\t\t\t\t\t<div class=\"elementor-element elementor-element-501d835 elementor-widget elementor-widget-text-editor\" data-id=\"501d835\" data-element_type=\"widget\" data-e-type=\"widget\" data-widget_type=\"text-editor.default\">\n\t\t\t\t<div class=\"elementor-widget-container\">\n\t\t\t\t\t\t\t\t\t<h3 style=\"margin: 30px 0px\"><strong>Bitte w\u00e4hlen Sie Ihr Produkt:<\/strong><\/h3>\t\t\t\t\t\t\t\t<\/div>\n\t\t\t\t<\/div>\n\t\t\t\t\t<\/div>\n\t\t<\/div>\n\t\t\t\t\t<\/div>\n\t\t<\/section>\n\t\t\t\t<section class=\"elementor-section elementor-top-section elementor-element elementor-element-e180d62 elementor-section-boxed elementor-section-height-default elementor-section-height-default\" data-id=\"e180d62\" data-element_type=\"section\" data-e-type=\"section\">\n\t\t\t\t\t\t<div class=\"elementor-container elementor-column-gap-default\">\n\t\t\t\t\t<div class=\"elementor-column elementor-col-100 elementor-top-column elementor-element elementor-element-605c619\" data-id=\"605c619\" data-element_type=\"column\" data-e-type=\"column\">\n\t\t\t<div class=\"elementor-widget-wrap elementor-element-populated\">\n\t\t\t\t\t\t<div class=\"elementor-element elementor-element-010e945 elementor-widget elementor-widget-lae-carousel\" data-id=\"010e945\" data-element_type=\"widget\" data-e-type=\"widget\" data-widget_type=\"lae-carousel.default\">\n\t\t\t\t<div class=\"elementor-widget-container\">\n\t\t\t\t\t\n\n    <div id=\"lae-carousel-010e945\"\n                                      class=\"lae-carousel lae-container\"\n                                      data-settings='{&quot;arrows&quot;:true,&quot;dots&quot;:false,&quot;autoplay&quot;:true,&quot;autoplay_speed&quot;:5500,&quot;animation_speed&quot;:300,&quot;pause_on_hover&quot;:true,&quot;display_columns&quot;:5,&quot;scroll_columns&quot;:1,&quot;gutter&quot;:{&quot;unit&quot;:&quot;px&quot;,&quot;size&quot;:10,&quot;sizes&quot;:[],&quot;top&quot;:&quot;0&quot;,&quot;right&quot;:&quot;25&quot;,&quot;bottom&quot;:&quot;0&quot;,&quot;left&quot;:&quot;25&quot;,&quot;isLinked&quot;:&quot;&quot;},&quot;tablet_width&quot;:1025,&quot;tablet_display_columns&quot;:3,&quot;tablet_scroll_columns&quot;:1,&quot;mobile_width&quot;:768,&quot;mobile_display_columns&quot;:1,&quot;mobile_scroll_columns&quot;:1}'>\n\n        \n            \n            \n<div class=\"lae-carousel-item\">\n\n    <a style=\"color: #000000;\" href=\"https:\/\/www.rofa-group.com\/dls\/produkte-loesungen\/order-release-module-orm\/\"><img fetchpriority=\"high\" decoding=\"async\" class=\"alignnone wp-image-821 size-full\" src=\"https:\/\/www.rofa-group.com\/dls\/wp-content\/uploads\/sites\/7\/orm-order-release-module.jpg\" alt=\"Order Release Module (ORM)\" width=\"400\" height=\"400\" \/><\/a>\n<p style=\"text-align: center;\"><a style=\"color: #000000;\" href=\"https:\/\/www.rofa-group.com\/dls\/produkte-loesungen\/order-release-module-orm\/\"><strong>Order Release Module (ORM)<\/strong><\/a><\/p>\n<\/div><!-- .lae-carousel-item -->\n        \n            \n            \n<div class=\"lae-carousel-item\">\n\n    <a style=\"color: #000000;\" href=\"https:\/\/www.rofa-group.com\/dls\/produkte-loesungen\/versandpuffer\/\"><img decoding=\"async\" class=\"alignnone wp-image-821 size-full\" src=\"https:\/\/www.rofa-group.com\/dls\/wp-content\/uploads\/sites\/7\/versandpuffer.jpg\" alt=\"Versandpuffer\" width=\"400\" height=\"400\" \/><\/a>\n<p style=\"text-align: center;\"><a style=\"color: #000000;\" href=\"https:\/\/www.rofa-group.com\/dls\/produkte-loesungen\/versandpuffer\/\"><strong>Versandpuffer<\/strong><\/a><\/p>\n<\/div><!-- .lae-carousel-item -->\n        \n            \n            \n<div class=\"lae-carousel-item\">\n\n    <a style=\"color: #000000;\" href=\"https:\/\/www.rofa-group.com\/dls\/produkte-loesungen\/sequencer\/\"><img decoding=\"async\" class=\"alignnone wp-image-821 size-full\" src=\"https:\/\/www.rofa-group.com\/dls\/wp-content\/uploads\/sites\/7\/sequenzer.jpg\" alt=\"Sequencer\" width=\"400\" height=\"400\" \/><\/a>\n<p style=\"text-align: center;\"><a style=\"color: #000000;\" href=\"https:\/\/www.rofa-group.com\/dls\/produkte-loesungen\/sequencer\/\"><strong>Sequencer<\/strong><\/a><\/p>\n<\/div><!-- .lae-carousel-item -->\n        \n            \n            \n<div class=\"lae-carousel-item\">\n\n    <a style=\"color: #000000;\" href=\"https:\/\/www.rofa-group.com\/dls\/produkte-loesungen\/subsysteme-paletten\"><img loading=\"lazy\" decoding=\"async\" class=\"alignnone wp-image-821 size-full\" src=\"https:\/\/www.rofa-group.com\/dls\/wp-content\/uploads\/sites\/7\/Neu_Subsysteme-Paletten.jpg\" alt=\"Subsysteme Paletten\" width=\"400\" height=\"400\" srcset=\"https:\/\/www.rofa-group.com\/dls\/wp-content\/uploads\/sites\/7\/Neu_Subsysteme-Paletten.jpg 400w, https:\/\/www.rofa-group.com\/dls\/wp-content\/uploads\/sites\/7\/Neu_Subsysteme-Paletten-300x300.jpg 300w, https:\/\/www.rofa-group.com\/dls\/wp-content\/uploads\/sites\/7\/Neu_Subsysteme-Paletten-150x150.jpg 150w, https:\/\/www.rofa-group.com\/dls\/wp-content\/uploads\/sites\/7\/Neu_Subsysteme-Paletten-100x100.jpg 100w\" sizes=\"(max-width: 400px) 100vw, 400px\" \/><\/a>\n<p style=\"text-align: center;\"><a style=\"color: #000000;\" href=\"https:\/\/www.rofa-group.com\/dls\/produkte-loesungen\/subsysteme-paletten\"><strong>Subsysteme f\u00fcr Paletten<\/strong><\/a><\/p>\n<\/div><!-- .lae-carousel-item -->\n        \n            \n            \n<div class=\"lae-carousel-item\">\n\n    <a style=\"color: #000000;\" href=\"https:\/\/www.rofa-group.com\/dls\/produkte-loesungen\/weitere-produkte\/\"><img loading=\"lazy\" decoding=\"async\" class=\"alignnone wp-image-821 size-full\" src=\"https:\/\/www.rofa-group.com\/dls\/wp-content\/uploads\/sites\/7\/weitere-produkte.jpg\" alt=\"Weitere Produkte\" width=\"400\" height=\"400\" \/><\/a><p style=\"text-align: center;\"><a style=\"color: #000000;\" href=\"https:\/\/www.rofa-group.com\/dls\/produkte-loesungen\/weitere-produkte\/\"><strong>Weitere Produkte<\/strong><\/a><\/p>\n<\/div><!-- .lae-carousel-item -->\n        \n    <\/div><!-- .lae-carousel -->\n\n\t\t\t\t<\/div>\n\t\t\t\t<\/div>\n\t\t\t\t\t<\/div>\n\t\t<\/div>\n\t\t\t\t\t<\/div>\n\t\t<\/section>\n\t\t\t\t<\/div>\n\t\t","protected":false},"excerpt":{"rendered":"<p>Intralogistik Subsysteme High Performance L\u00f6sungen f\u00fcr Paletten, Beh\u00e4lter, Kartons, etc.\u2028 Die richtigen Artikel, zur richtigen Zeit, am richtigen Ort \u2013 gem\u00e4\u00df Ihrer Nachf\u00fcllstrategie: Daf\u00fcr sorgen unsere Intralogistik-Subsysteme. Erfahren Sie, wie Sie selbst die gr\u00f6\u00dfte Warenvielfalt in Zukunft schnell und sicher handhaben! Bitte w\u00e4hlen Sie Ihr Produkt: Order Release Module (ORM) Versandpuffer Sequencer Subsysteme f\u00fcr Paletten [&hellip;]<\/p>\n","protected":false},"author":1,"featured_media":0,"parent":0,"menu_order":0,"comment_status":"closed","ping_status":"closed","template":"","meta":{"_acf_changed":false,"footnotes":""},"class_list":["post-142","page","type-page","status-publish","hentry"],"acf":[],"_links":{"self":[{"href":"https:\/\/www.rofa-group.com\/dls\/wp-json\/wp\/v2\/pages\/142","targetHints":{"allow":["GET"]}}],"collection":[{"href":"https:\/\/www.rofa-group.com\/dls\/wp-json\/wp\/v2\/pages"}],"about":[{"href":"https:\/\/www.rofa-group.com\/dls\/wp-json\/wp\/v2\/types\/page"}],"author":[{"embeddable":true,"href":"https:\/\/www.rofa-group.com\/dls\/wp-json\/wp\/v2\/users\/1"}],"replies":[{"embeddable":true,"href":"https:\/\/www.rofa-group.com\/dls\/wp-json\/wp\/v2\/comments?post=142"}],"version-history":[{"count":36,"href":"https:\/\/www.rofa-group.com\/dls\/wp-json\/wp\/v2\/pages\/142\/revisions"}],"predecessor-version":[{"id":2245,"href":"https:\/\/www.rofa-group.com\/dls\/wp-json\/wp\/v2\/pages\/142\/revisions\/2245"}],"wp:attachment":[{"href":"https:\/\/www.rofa-group.com\/dls\/wp-json\/wp\/v2\/media?parent=142"}],"curies":[{"name":"wp","href":"https:\/\/api.w.org\/{rel}","templated":true}]}}