{"id":9,"date":"2019-12-02T15:41:36","date_gmt":"2019-12-02T14:41:36","guid":{"rendered":"https:\/\/www.rofa-group.com\/bss\/?page_id=9"},"modified":"2023-02-07T15:19:10","modified_gmt":"2023-02-07T14:19:10","slug":"qualitaet-nachhaltigkeit","status":"publish","type":"page","link":"https:\/\/www.rofa-group.com\/bss\/qualitaet-nachhaltigkeit\/","title":{"rendered":"Qualit\u00e4t &amp; Nachhaltigkeit"},"content":{"rendered":"\t\t<div data-elementor-type=\"wp-page\" data-elementor-id=\"9\" class=\"elementor elementor-9\" data-elementor-post-type=\"page\">\n\t\t\t\t\t\t<section class=\"elementor-section elementor-top-section elementor-element elementor-element-1753bd41 elementor-section-content-top elementor-section-height-min-height elementor-section-items-stretch elementor-section-boxed elementor-section-height-default\" data-id=\"1753bd41\" data-element_type=\"section\" data-e-type=\"section\" id=\"mygfx\" data-settings=\"{&quot;background_background&quot;:&quot;classic&quot;}\">\n\t\t\t\t\t\t<div class=\"elementor-container elementor-column-gap-no\">\n\t\t\t\t\t<div class=\"elementor-column elementor-col-100 elementor-top-column elementor-element elementor-element-c4b2853\" data-id=\"c4b2853\" data-element_type=\"column\" data-e-type=\"column\" data-settings=\"{&quot;background_background&quot;:&quot;classic&quot;}\">\n\t\t\t<div class=\"elementor-widget-wrap\">\n\t\t\t\t\t\t\t<\/div>\n\t\t<\/div>\n\t\t\t\t\t<\/div>\n\t\t<\/section>\n\t\t\t\t<section class=\"elementor-section elementor-top-section elementor-element elementor-element-a2b6305 elementor-hidden-desktop elementor-hidden-tablet elementor-section-boxed elementor-section-height-default elementor-section-height-default\" data-id=\"a2b6305\" data-element_type=\"section\" data-e-type=\"section\">\n\t\t\t\t\t\t<div class=\"elementor-container elementor-column-gap-default\">\n\t\t\t\t\t<div class=\"elementor-column elementor-col-100 elementor-top-column elementor-element elementor-element-afec189\" data-id=\"afec189\" data-element_type=\"column\" data-e-type=\"column\">\n\t\t\t<div class=\"elementor-widget-wrap elementor-element-populated\">\n\t\t\t\t\t\t<section class=\"elementor-section elementor-inner-section elementor-element elementor-element-80544ee elementor-section-boxed elementor-section-height-default elementor-section-height-default\" data-id=\"80544ee\" data-element_type=\"section\" data-e-type=\"section\">\n\t\t\t\t\t\t<div class=\"elementor-container elementor-column-gap-default\">\n\t\t\t\t\t<div class=\"elementor-column elementor-col-50 elementor-inner-column elementor-element elementor-element-83c1168\" data-id=\"83c1168\" data-element_type=\"column\" data-e-type=\"column\">\n\t\t\t<div class=\"elementor-widget-wrap elementor-element-populated\">\n\t\t\t\t\t\t<div class=\"elementor-element elementor-element-aaf0079 elementor-widget elementor-widget-image\" data-id=\"aaf0079\" data-element_type=\"widget\" data-e-type=\"widget\" data-widget_type=\"image.default\">\n\t\t\t\t\t\t\t\t\t\t\t\t\t\t\t\t<a href=\"#\">\n\t\t\t\t\t\t\t<img decoding=\"async\" width=\"1\" height=\"1\" src=\"https:\/\/www.rofa-group.com\/bss\/wp-content\/uploads\/sites\/3\/Icon_Zertifizierte_Qualitaet.svg\" class=\"attachment-large size-large wp-image-308\" alt=\"\" \/>\t\t\t\t\t\t\t\t<\/a>\n\t\t\t\t\t\t\t\t\t\t\t\t\t\t\t<\/div>\n\t\t\t\t\t<\/div>\n\t\t<\/div>\n\t\t\t\t<div class=\"elementor-column elementor-col-50 elementor-inner-column elementor-element elementor-element-500316d\" data-id=\"500316d\" data-element_type=\"column\" data-e-type=\"column\">\n\t\t\t<div class=\"elementor-widget-wrap elementor-element-populated\">\n\t\t\t\t\t\t<div class=\"elementor-element elementor-element-a1de473 elementor-widget elementor-widget-heading\" data-id=\"a1de473\" data-element_type=\"widget\" data-e-type=\"widget\" data-widget_type=\"heading.default\">\n\t\t\t\t\t<h3 class=\"elementor-heading-title elementor-size-default\"><a href=\"#\">Zertifizierte Qualit\u00e4t<\/a><\/h3>\t\t\t\t<\/div>\n\t\t\t\t\t<\/div>\n\t\t<\/div>\n\t\t\t\t\t<\/div>\n\t\t<\/section>\n\t\t\t\t<section class=\"elementor-section elementor-inner-section elementor-element elementor-element-fc46420 elementor-section-boxed elementor-section-height-default elementor-section-height-default\" data-id=\"fc46420\" data-element_type=\"section\" data-e-type=\"section\">\n\t\t\t\t\t\t<div class=\"elementor-container elementor-column-gap-default\">\n\t\t\t\t\t<div class=\"elementor-column elementor-col-50 elementor-inner-column elementor-element elementor-element-3fe1182\" data-id=\"3fe1182\" data-element_type=\"column\" data-e-type=\"column\">\n\t\t\t<div class=\"elementor-widget-wrap elementor-element-populated\">\n\t\t\t\t\t\t<div class=\"elementor-element elementor-element-c8f4d06 elementor-widget elementor-widget-image\" data-id=\"c8f4d06\" data-element_type=\"widget\" data-e-type=\"widget\" data-widget_type=\"image.default\">\n\t\t\t\t\t\t\t\t\t\t\t\t\t\t\t\t<a href=\"https:\/\/www.rofa-group.com\/bss\/qualitaet-nachhaltigkeit\/nachhaltigkeit\/\">\n\t\t\t\t\t\t\t<img decoding=\"async\" width=\"1\" height=\"1\" src=\"https:\/\/www.rofa-group.com\/bss\/wp-content\/uploads\/sites\/3\/Icon_Nachhaltigkeit.svg\" class=\"attachment-large size-large wp-image-313\" alt=\"\" \/>\t\t\t\t\t\t\t\t<\/a>\n\t\t\t\t\t\t\t\t\t\t\t\t\t\t\t<\/div>\n\t\t\t\t\t<\/div>\n\t\t<\/div>\n\t\t\t\t<div class=\"elementor-column elementor-col-50 elementor-inner-column elementor-element elementor-element-e588455\" data-id=\"e588455\" data-element_type=\"column\" data-e-type=\"column\">\n\t\t\t<div class=\"elementor-widget-wrap elementor-element-populated\">\n\t\t\t\t\t\t<div class=\"elementor-element elementor-element-c7b5d3a elementor-widget elementor-widget-heading\" data-id=\"c7b5d3a\" data-element_type=\"widget\" data-e-type=\"widget\" data-widget_type=\"heading.default\">\n\t\t\t\t\t<h3 class=\"elementor-heading-title elementor-size-default\"><a href=\"https:\/\/www.rofa-group.com\/bss\/qualitaet-nachhaltigkeit\/nachhaltigkeit\/\">Nachhaltigkeit<\/a><\/h3>\t\t\t\t<\/div>\n\t\t\t\t\t<\/div>\n\t\t<\/div>\n\t\t\t\t\t<\/div>\n\t\t<\/section>\n\t\t\t\t\t<\/div>\n\t\t<\/div>\n\t\t\t\t\t<\/div>\n\t\t<\/section>\n\t\t\t\t<section class=\"elementor-section elementor-top-section elementor-element elementor-element-4a5f7a59 elementor-section-boxed elementor-section-height-default elementor-section-height-default\" data-id=\"4a5f7a59\" data-element_type=\"section\" data-e-type=\"section\" data-settings=\"{&quot;background_background&quot;:&quot;classic&quot;}\">\n\t\t\t\t\t\t<div class=\"elementor-container elementor-column-gap-no\">\n\t\t\t\t\t<div class=\"elementor-column elementor-col-50 elementor-top-column elementor-element elementor-element-5d4434c9\" data-id=\"5d4434c9\" data-element_type=\"column\" data-e-type=\"column\" data-settings=\"{&quot;background_background&quot;:&quot;classic&quot;}\">\n\t\t\t<div class=\"elementor-widget-wrap elementor-element-populated\">\n\t\t\t\t\t\t<div class=\"elementor-element elementor-element-85d6363 elementor-widget elementor-widget-text-editor\" data-id=\"85d6363\" data-element_type=\"widget\" data-e-type=\"widget\" data-widget_type=\"text-editor.default\">\n\t\t\t\t\t\t\t\t\t<h1 class=\"fett\">QUALIT\u00c4T &amp; NACHHALTIGKEIT<\/h1><h2 class=\"mittel\">Zukunftssichere Logistikl\u00f6sungen<\/h2>\t\t\t\t\t\t\t\t<\/div>\n\t\t\t\t\t<\/div>\n\t\t<\/div>\n\t\t\t\t<div class=\"elementor-column elementor-col-50 elementor-top-column elementor-element elementor-element-7f01341f\" data-id=\"7f01341f\" data-element_type=\"column\" data-e-type=\"column\">\n\t\t\t<div class=\"elementor-widget-wrap\">\n\t\t\t\t\t\t\t<\/div>\n\t\t<\/div>\n\t\t\t\t\t<\/div>\n\t\t<\/section>\n\t\t\t\t<section class=\"elementor-section elementor-top-section elementor-element elementor-element-037a66d elementor-hidden-phone elementor-section-boxed elementor-section-height-default elementor-section-height-default\" data-id=\"037a66d\" data-element_type=\"section\" data-e-type=\"section\">\n\t\t\t\t\t\t<div class=\"elementor-container elementor-column-gap-default\">\n\t\t\t\t\t<div class=\"elementor-column elementor-col-25 elementor-top-column elementor-element elementor-element-8c3c13e\" data-id=\"8c3c13e\" data-element_type=\"column\" data-e-type=\"column\">\n\t\t\t<div class=\"elementor-widget-wrap\">\n\t\t\t\t\t\t\t<\/div>\n\t\t<\/div>\n\t\t\t\t<div class=\"elementor-column elementor-col-25 elementor-top-column elementor-element elementor-element-f529c0b\" data-id=\"f529c0b\" data-element_type=\"column\" data-e-type=\"column\">\n\t\t\t<div class=\"elementor-widget-wrap elementor-element-populated\">\n\t\t\t\t\t\t<div class=\"elementor-element elementor-element-7667300 elementor-widget elementor-widget-image\" data-id=\"7667300\" data-element_type=\"widget\" data-e-type=\"widget\" data-widget_type=\"image.default\">\n\t\t\t\t\t\t\t\t\t\t\t\t\t\t\t<img decoding=\"async\" width=\"1\" height=\"1\" src=\"https:\/\/www.rofa-group.com\/bss\/wp-content\/uploads\/sites\/3\/Icon_Zertifizierte_Qualitaet.svg\" class=\"attachment-large size-large wp-image-308\" alt=\"\" \/>\t\t\t\t\t\t\t\t\t\t\t\t\t\t\t<\/div>\n\t\t\t\t<div class=\"elementor-element elementor-element-4ef07c0 elementor-widget elementor-widget-heading\" data-id=\"4ef07c0\" data-element_type=\"widget\" data-e-type=\"widget\" data-widget_type=\"heading.default\">\n\t\t\t\t\t<h3 class=\"elementor-heading-title elementor-size-default\">Zertifizierte Qualit\u00e4t<\/h3>\t\t\t\t<\/div>\n\t\t\t\t\t<\/div>\n\t\t<\/div>\n\t\t\t\t<div class=\"elementor-column elementor-col-25 elementor-top-column elementor-element elementor-element-5a8ba9d\" data-id=\"5a8ba9d\" data-element_type=\"column\" data-e-type=\"column\" data-settings=\"{&quot;background_background&quot;:&quot;classic&quot;}\">\n\t\t\t<div class=\"elementor-widget-wrap elementor-element-populated\">\n\t\t\t\t\t\t<div class=\"elementor-element elementor-element-ce7feab elementor-widget elementor-widget-image\" data-id=\"ce7feab\" data-element_type=\"widget\" data-e-type=\"widget\" data-widget_type=\"image.default\">\n\t\t\t\t\t\t\t\t\t\t\t\t\t\t\t\t<a href=\"https:\/\/www.rofa-group.com\/bss\/qualitaet-nachhaltigkeit\/nachhaltigkeit\/\">\n\t\t\t\t\t\t\t<img decoding=\"async\" width=\"1\" height=\"1\" src=\"https:\/\/www.rofa-group.com\/bss\/wp-content\/uploads\/sites\/3\/Icon_Nachhaltigkeit.svg\" class=\"attachment-large size-large wp-image-313\" alt=\"\" \/>\t\t\t\t\t\t\t\t<\/a>\n\t\t\t\t\t\t\t\t\t\t\t\t\t\t\t<\/div>\n\t\t\t\t<div class=\"elementor-element elementor-element-fea4e9a elementor-widget elementor-widget-heading\" data-id=\"fea4e9a\" data-element_type=\"widget\" data-e-type=\"widget\" data-widget_type=\"heading.default\">\n\t\t\t\t\t<h3 class=\"elementor-heading-title elementor-size-default\"><a href=\"https:\/\/www.rofa-group.com\/bss\/qualitaet-nachhaltigkeit\/nachhaltigkeit\/\">Nachhaltigkeit<\/a><\/h3>\t\t\t\t<\/div>\n\t\t\t\t\t<\/div>\n\t\t<\/div>\n\t\t\t\t<div class=\"elementor-column elementor-col-25 elementor-top-column elementor-element elementor-element-440b93b\" data-id=\"440b93b\" data-element_type=\"column\" data-e-type=\"column\">\n\t\t\t<div class=\"elementor-widget-wrap\">\n\t\t\t\t\t\t\t<\/div>\n\t\t<\/div>\n\t\t\t\t\t<\/div>\n\t\t<\/section>\n\t\t\t\t<section class=\"elementor-section elementor-top-section elementor-element elementor-element-48a378c elementor-section-boxed elementor-section-height-default elementor-section-height-default\" data-id=\"48a378c\" data-element_type=\"section\" data-e-type=\"section\">\n\t\t\t\t\t\t<div class=\"elementor-container elementor-column-gap-default\">\n\t\t\t\t\t<div class=\"elementor-column elementor-col-100 elementor-top-column elementor-element elementor-element-611eb44\" data-id=\"611eb44\" data-element_type=\"column\" data-e-type=\"column\">\n\t\t\t<div class=\"elementor-widget-wrap elementor-element-populated\">\n\t\t\t\t\t\t<div class=\"elementor-element elementor-element-7d26a6d elementor-widget elementor-widget-text-editor\" data-id=\"7d26a6d\" data-element_type=\"widget\" data-e-type=\"widget\" data-widget_type=\"text-editor.default\">\n\t\t\t\t\t\t\t\t\t<p>Ihre Zufriedenheit ist unser oberstes Ziel. Sowohl bei teilautomatisierten Logistikstrukturen als auch bei Hochleistungsanlagen f\u00fcr die dynamische Kleinteile- und Palettenlagerung gilt deshalb die Maxime der Null-Fehler-Toleranz. Auch nach Inbetriebnahme bleiben wir Ihr Ansprechpartner bei allen Fragen rund um Effizienz und Performance Ihrer Anlage. Mit intensiven Schulungen und einem exzellenten Service k\u00f6nnen Sie sicher sein, \u00fcber den gesamten Lebenszyklus das Beste aus Ihrer Intralogistikl\u00f6sung zu holen. Mehr zu Service &amp; Support lesen Sie im Bereich <a href=\"https:\/\/www.rofa-group.com\/bss\/leistungen-services\/\" target=\"_blank\" rel=\"noopener\">Leistungen &amp; Services<\/a>.<\/p><p>Unser DIN ISO 9001:2015-Zertifikat stellt unter Beweis, dass unsere Produkte und Dienstleistungen dem internationalen Standard f\u00fcr Qualit\u00e4tsmanagement entsprechen. BSS erf\u00fcllt dar\u00fcber hinaus die weltweit anerkannten Forderungen an ein Umweltmanagementsystem gem\u00e4\u00df DIN ISO 14001:2015.<\/p>\t\t\t\t\t\t\t\t<\/div>\n\t\t\t\t\t<\/div>\n\t\t<\/div>\n\t\t\t\t\t<\/div>\n\t\t<\/section>\n\t\t\t\t<section class=\"elementor-section elementor-top-section elementor-element elementor-element-6aec958 elementor-section-boxed elementor-section-height-default elementor-section-height-default\" data-id=\"6aec958\" data-element_type=\"section\" data-e-type=\"section\">\n\t\t\t\t\t\t<div class=\"elementor-container elementor-column-gap-no\">\n\t\t\t\t\t<div class=\"elementor-column elementor-col-33 elementor-top-column elementor-element elementor-element-fc2d411\" data-id=\"fc2d411\" data-element_type=\"column\" data-e-type=\"column\">\n\t\t\t<div class=\"elementor-widget-wrap\">\n\t\t\t\t\t\t\t<\/div>\n\t\t<\/div>\n\t\t\t\t<div class=\"elementor-column elementor-col-33 elementor-top-column elementor-element elementor-element-5706daa\" data-id=\"5706daa\" data-element_type=\"column\" data-e-type=\"column\">\n\t\t\t<div class=\"elementor-widget-wrap elementor-element-populated\">\n\t\t\t\t\t\t<div class=\"elementor-element elementor-element-7436639 elementor-widget elementor-widget-image\" data-id=\"7436639\" data-element_type=\"widget\" data-e-type=\"widget\" data-widget_type=\"image.default\">\n\t\t\t\t\t\t\t\t\t\t\t\t\t\t\t<img fetchpriority=\"high\" decoding=\"async\" width=\"800\" height=\"800\" src=\"https:\/\/www.rofa-group.com\/bss\/wp-content\/uploads\/sites\/3\/AGQS-zertifiziert-DIN-EN-14001jpg.jpg\" class=\"attachment-large size-large wp-image-2192\" alt=\"AGQS Zertifiziert DIN EN 14001\" srcset=\"https:\/\/www.rofa-group.com\/bss\/wp-content\/uploads\/sites\/3\/AGQS-zertifiziert-DIN-EN-14001jpg.jpg 800w, https:\/\/www.rofa-group.com\/bss\/wp-content\/uploads\/sites\/3\/AGQS-zertifiziert-DIN-EN-14001jpg-300x300.jpg 300w, https:\/\/www.rofa-group.com\/bss\/wp-content\/uploads\/sites\/3\/AGQS-zertifiziert-DIN-EN-14001jpg-150x150.jpg 150w, https:\/\/www.rofa-group.com\/bss\/wp-content\/uploads\/sites\/3\/AGQS-zertifiziert-DIN-EN-14001jpg-768x768.jpg 768w, https:\/\/www.rofa-group.com\/bss\/wp-content\/uploads\/sites\/3\/AGQS-zertifiziert-DIN-EN-14001jpg-100x100.jpg 100w\" sizes=\"(max-width: 800px) 100vw, 800px\" \/>\t\t\t\t\t\t\t\t\t\t\t\t\t\t\t<\/div>\n\t\t\t\t\t<\/div>\n\t\t<\/div>\n\t\t\t\t<div class=\"elementor-column elementor-col-33 elementor-top-column elementor-element elementor-element-0e2dceb\" data-id=\"0e2dceb\" data-element_type=\"column\" data-e-type=\"column\">\n\t\t\t<div class=\"elementor-widget-wrap\">\n\t\t\t\t\t\t\t<\/div>\n\t\t<\/div>\n\t\t\t\t\t<\/div>\n\t\t<\/section>\n\t\t\t\t<section class=\"elementor-section elementor-top-section elementor-element elementor-element-216fcfde elementor-section-boxed elementor-section-height-default elementor-section-height-default\" data-id=\"216fcfde\" data-element_type=\"section\" data-e-type=\"section\">\n\t\t\t\t\t\t<div class=\"elementor-container elementor-column-gap-default\">\n\t\t\t\t\t<div class=\"elementor-column elementor-col-100 elementor-top-column elementor-element elementor-element-68e8632b\" data-id=\"68e8632b\" data-element_type=\"column\" data-e-type=\"column\">\n\t\t\t<div class=\"elementor-widget-wrap elementor-element-populated\">\n\t\t\t\t\t\t<div class=\"elementor-element elementor-element-58d21ae2 elementor-widget elementor-widget-text-editor\" data-id=\"58d21ae2\" data-element_type=\"widget\" data-e-type=\"widget\" data-widget_type=\"text-editor.default\">\n\t\t\t\t\t\t\t\t\t<p>Im <a title=\"Download-Bereich\" href=\"https:\/\/www.rofa-group.com\/bss\/downloads\/\">Download-Bereich<\/a> finden Sie die <strong>aktuellen Zertifikate<\/strong>!<\/p>\t\t\t\t\t\t\t\t<\/div>\n\t\t\t\t\t<\/div>\n\t\t<\/div>\n\t\t\t\t\t<\/div>\n\t\t<\/section>\n\t\t\t\t<section class=\"elementor-section elementor-top-section elementor-element elementor-element-cc7ed4e elementor-section-boxed elementor-section-height-default elementor-section-height-default\" data-id=\"cc7ed4e\" data-element_type=\"section\" data-e-type=\"section\">\n\t\t\t\t\t\t<div class=\"elementor-container elementor-column-gap-default\">\n\t\t\t\t\t<div class=\"elementor-column elementor-col-100 elementor-top-column elementor-element elementor-element-6546ef4\" data-id=\"6546ef4\" data-element_type=\"column\" data-e-type=\"column\">\n\t\t\t<div class=\"elementor-widget-wrap elementor-element-populated\">\n\t\t\t\t\t\t<div class=\"elementor-element elementor-element-6cc9f8e elementor-widget-divider--view-line elementor-widget elementor-widget-divider\" data-id=\"6cc9f8e\" data-element_type=\"widget\" data-e-type=\"widget\" data-widget_type=\"divider.default\">\n\t\t\t\t\t\t\t<div class=\"elementor-divider\">\n\t\t\t<span class=\"elementor-divider-separator\">\n\t\t\t\t\t\t<\/span>\n\t\t<\/div>\n\t\t\t\t\t\t<\/div>\n\t\t\t\t<div class=\"elementor-element elementor-element-2a8b23a elementor-widget elementor-widget-text-editor\" data-id=\"2a8b23a\" data-element_type=\"widget\" data-e-type=\"widget\" data-widget_type=\"text-editor.default\">\n\t\t\t\t\t\t\t\t\tAuch unser Softwarepaket BSS-LMS lassen wir j\u00e4hrlich vom renommierten Fraunhofer-Institut f\u00fcr Materialfluss und Logistik zertifizieren. Mehr dar\u00fcber erfahren Sie unter folgendem <a target=\"_blank\" title=\"Download-Bereich\" href=\"http:\/\/www.warehouse-logistics.com\/de\/teilnehmer\/4566\/bss-bohnenberg-gmbh.html\">Link<\/a>.\t\t\t\t\t\t\t\t<\/div>\n\t\t\t\t<div class=\"elementor-element elementor-element-483b8f7 elementor-widget elementor-widget-image\" data-id=\"483b8f7\" data-element_type=\"widget\" data-e-type=\"widget\" data-widget_type=\"image.default\">\n\t\t\t\t\t\t\t\t\t\t\t\t\t\t\t<img loading=\"lazy\" decoding=\"async\" width=\"600\" height=\"151\" src=\"https:\/\/www.rofa-group.com\/bss\/wp-content\/uploads\/sites\/3\/Logo_Warehouse_Logistics.png\" class=\"attachment-large size-large wp-image-303\" alt=\"\" srcset=\"https:\/\/www.rofa-group.com\/bss\/wp-content\/uploads\/sites\/3\/Logo_Warehouse_Logistics.png 600w, https:\/\/www.rofa-group.com\/bss\/wp-content\/uploads\/sites\/3\/Logo_Warehouse_Logistics-300x76.png 300w\" sizes=\"(max-width: 600px) 100vw, 600px\" \/>\t\t\t\t\t\t\t\t\t\t\t\t\t\t\t<\/div>\n\t\t\t\t\t<\/div>\n\t\t<\/div>\n\t\t\t\t\t<\/div>\n\t\t<\/section>\n\t\t\t\t<\/div>\n\t\t","protected":false},"excerpt":{"rendered":"<p>Zertifizierte Qualit\u00e4t Nachhaltigkeit QUALIT\u00c4T &amp; NACHHALTIGKEIT Zukunftssichere Logistikl\u00f6sungen Zertifizierte Qualit\u00e4t Nachhaltigkeit Ihre Zufriedenheit ist unser oberstes Ziel. Sowohl bei teilautomatisierten Logistikstrukturen als auch bei Hochleistungsanlagen f\u00fcr die dynamische Kleinteile- und Palettenlagerung gilt deshalb die Maxime der Null-Fehler-Toleranz. Auch nach Inbetriebnahme bleiben wir Ihr Ansprechpartner bei allen Fragen rund um Effizienz und Performance Ihrer Anlage. Mit [&hellip;]<\/p>\n","protected":false},"author":1,"featured_media":0,"parent":0,"menu_order":0,"comment_status":"closed","ping_status":"closed","template":"","meta":{"_acf_changed":false,"footnotes":""},"class_list":["post-9","page","type-page","status-publish","hentry"],"acf":[],"_links":{"self":[{"href":"https:\/\/www.rofa-group.com\/bss\/wp-json\/wp\/v2\/pages\/9","targetHints":{"allow":["GET"]}}],"collection":[{"href":"https:\/\/www.rofa-group.com\/bss\/wp-json\/wp\/v2\/pages"}],"about":[{"href":"https:\/\/www.rofa-group.com\/bss\/wp-json\/wp\/v2\/types\/page"}],"author":[{"embeddable":true,"href":"https:\/\/www.rofa-group.com\/bss\/wp-json\/wp\/v2\/users\/1"}],"replies":[{"embeddable":true,"href":"https:\/\/www.rofa-group.com\/bss\/wp-json\/wp\/v2\/comments?post=9"}],"version-history":[{"count":54,"href":"https:\/\/www.rofa-group.com\/bss\/wp-json\/wp\/v2\/pages\/9\/revisions"}],"predecessor-version":[{"id":3005,"href":"https:\/\/www.rofa-group.com\/bss\/wp-json\/wp\/v2\/pages\/9\/revisions\/3005"}],"wp:attachment":[{"href":"https:\/\/www.rofa-group.com\/bss\/wp-json\/wp\/v2\/media?parent=9"}],"curies":[{"name":"wp","href":"https:\/\/api.w.org\/{rel}","templated":true}]}}