{"id":1886,"date":"2020-10-08T12:50:51","date_gmt":"2020-10-08T10:50:51","guid":{"rendered":"https:\/\/www.rofa-group.com\/bss\/?page_id=1886"},"modified":"2021-10-06T09:09:54","modified_gmt":"2021-10-06T07:09:54","slug":"znak-firmowy","status":"publish","type":"page","link":"https:\/\/www.rofa-group.com\/bss\/pl\/znak-firmowy\/","title":{"rendered":"Znak firmowy"},"content":{"rendered":"\t\t<div data-elementor-type=\"wp-page\" data-elementor-id=\"1886\" class=\"elementor elementor-1886\" data-elementor-post-type=\"page\">\n\t\t\t\t\t\t<section class=\"elementor-section elementor-top-section elementor-element elementor-element-456c1049 elementor-section-content-top elementor-section-height-min-height elementor-section-items-stretch elementor-section-boxed elementor-section-height-default\" data-id=\"456c1049\" data-element_type=\"section\" data-e-type=\"section\" data-settings=\"{&quot;background_background&quot;:&quot;classic&quot;}\">\n\t\t\t\t\t\t<div class=\"elementor-container elementor-column-gap-no\">\n\t\t\t\t\t<div class=\"elementor-column elementor-col-100 elementor-top-column elementor-element elementor-element-64c77543\" data-id=\"64c77543\" data-element_type=\"column\" data-e-type=\"column\" data-settings=\"{&quot;background_background&quot;:&quot;classic&quot;}\">\n\t\t\t<div class=\"elementor-widget-wrap\">\n\t\t\t\t\t\t\t<\/div>\n\t\t<\/div>\n\t\t\t\t\t<\/div>\n\t\t<\/section>\n\t\t\t\t<section class=\"elementor-section elementor-top-section elementor-element elementor-element-1930118c elementor-section-boxed elementor-section-height-default elementor-section-height-default\" data-id=\"1930118c\" data-element_type=\"section\" data-e-type=\"section\" data-settings=\"{&quot;background_background&quot;:&quot;classic&quot;}\">\n\t\t\t\t\t\t<div class=\"elementor-container elementor-column-gap-no\">\n\t\t\t\t\t<div class=\"elementor-column elementor-col-50 elementor-top-column elementor-element elementor-element-46a64ec\" data-id=\"46a64ec\" data-element_type=\"column\" data-e-type=\"column\" data-settings=\"{&quot;background_background&quot;:&quot;classic&quot;}\">\n\t\t\t<div class=\"elementor-widget-wrap elementor-element-populated\">\n\t\t\t\t\t\t<div class=\"elementor-element elementor-element-6e5e415e elementor-widget elementor-widget-text-editor\" data-id=\"6e5e415e\" data-element_type=\"widget\" data-e-type=\"widget\" data-widget_type=\"text-editor.default\">\n\t\t\t\t\t\t\t\t\t<h1 class=\"fett\">IMPRESSUM<\/h1>\n<h2 class=\"mittel\">Przejrzyste przetwarzanie danych<\/h2>\t\t\t\t\t\t\t\t<\/div>\n\t\t\t\t\t<\/div>\n\t\t<\/div>\n\t\t\t\t<div class=\"elementor-column elementor-col-50 elementor-top-column elementor-element elementor-element-66c43ae0\" data-id=\"66c43ae0\" data-element_type=\"column\" data-e-type=\"column\">\n\t\t\t<div class=\"elementor-widget-wrap\">\n\t\t\t\t\t\t\t<\/div>\n\t\t<\/div>\n\t\t\t\t\t<\/div>\n\t\t<\/section>\n\t\t\t\t<section class=\"elementor-section elementor-top-section elementor-element elementor-element-3c2cdb7d elementor-section-boxed elementor-section-height-default elementor-section-height-default\" data-id=\"3c2cdb7d\" data-element_type=\"section\" data-e-type=\"section\">\n\t\t\t\t\t\t<div class=\"elementor-container elementor-column-gap-default\">\n\t\t\t\t\t<div class=\"elementor-column elementor-col-100 elementor-top-column elementor-element elementor-element-7335f6c9\" data-id=\"7335f6c9\" data-element_type=\"column\" data-e-type=\"column\">\n\t\t\t<div class=\"elementor-widget-wrap elementor-element-populated\">\n\t\t\t\t\t\t<div class=\"elementor-element elementor-element-5847c227 elementor-widget elementor-widget-text-editor\" data-id=\"5847c227\" data-element_type=\"widget\" data-e-type=\"widget\" data-widget_type=\"text-editor.default\">\n\t\t\t\t\t\t\t\t\t<p><strong>BSS Bohnenberg GmbH<\/strong><br>Ahrstra\u00dfe 1 &#8211; 7<br>42697 Solingen-Ohligs<br>Niemcy<\/p>\n<p><b>Rejestr handlowy:<\/b> HRB 15581<br><b>S\u0105d rejestrowy:<\/b> Registergericht Wuppertal<\/p>\n<p><b>Zarz\u0105d:<\/b><br>Martin Gr\u00e4b, Vasilios Dossis<\/p>\n<h2>Dane kontaktowe<\/h2>\n<p><b>Telefon:<\/b> +49 212 2356-0<br><b>Faks:<\/b> +49 212 2356-119<br><b>E-mail:<\/b> mail(at)bss.gmbh<\/p>\n<p><\/p>\n<h2>NIP<\/h2>\n<p><b>NIP zgodnie z \u00a7 27 ustawy o podatku od towar\u00f3w i us\u0142ug:<\/b><br>DE 120962049<\/p>\n<h2>Osoba odpowiedzialna za tre\u015b\u0107 zgodnie z \u00a7 55 ust. 2 ustawy medialnej (niem. RStV)<\/h2>\n<p>Martin Gr\u00e4b<br>Ahrstra\u00dfe 1 \u2013 7<br>42697 Solingen-Ohligs<br>Niemcy<\/p>\n<p><\/p>\n<h2>Informacja na temat organu odpowiedzialnego<\/h2>\n<p>Organem odpowiedzialnym za <strong>przetwarzanie danych<\/strong> na tej stronie internetowej jest:<\/p>\n<p><strong>BSS Bohnenberg GmbH<\/strong><br>Ahrstra\u00dfe 1 &#8211; 7<br>42697 Solingen-Ohligs<br>Niemcy<\/p>\n<p><b>Telefon:<\/b> +49 212 2356-0<br><b>E-mail:<\/b> mail(at)bss.gmbh<\/p>\n<p>Organem odpowiedzialnym <strong>za ustawowo ustanowionego inspektora ochrony danych osobowych<\/strong> na tej stronie internetowej jest:<\/p>\n<p><strong>ROFA INDUSTRIAL AUTOMATION GROUP<\/strong><br>Inspektor ochrony danych<br>Geigelsteinstra\u00dfe 3-5<br>83059 Kolbermoor<br>Niemcy<\/p>\n<p><strong>Telefon:<\/strong> +49 9427 9500-0<br><strong>E-mail:<\/strong> datenschutz.bss(at)rofa-group.com<\/p>\n<p><\/p>\n<h2>Programowanie i integracja CMS<\/h2>\n<p>instant media &#8211; Werbeagentur M\u00fcnchen \/ Niemcy<\/p>\n<p><\/p>\n<h2>Rozstrzyganie spor\u00f3w<\/h2>\n<p>Komisja Europejska udost\u0119pnia internetow\u0105 platform\u0119 rozwi\u0105zywania spor\u00f3w (OS) dost\u0119pn\u0105 pod adresem<br>https:\/\/ec.europa.eu\/consumers\/odr.<br>W g\u00f3rnej zak\u0142adce znajduje si\u0119 nasz adres e-mail.<br>Nie zamierzamy ani nie jeste\u015bmy zobowi\u0105zani do uczestniczenia w post\u0119powaniach dotycz\u0105cych rozstrzygania spor\u00f3w przed komisj\u0105 ds. arbitra\u017cu konsumenckiego.<\/p>\n<p><\/p>\n<h2>Odpowiedzialno\u015b\u0107 za tre\u015b\u0107<\/h2>\n<p>Jako dostawca us\u0142ug jeste\u015bmy odpowiedzialni za w\u0142asne tre\u015bci na tych stronach internetowych zgodnie z \u00a7 7 ust. 1 TMG (niemiecka ustawa medialna) i og\u00f3lnymi przepisami prawa. Zgodnie z \u00a7\u00a7 8\u201310 ustawy TMG nie jeste\u015bmy zobowi\u0105zani do monitorowania przekazywanych lub przechowywanych informacji ani do badania okoliczno\u015bci wskazuj\u0105cych na nielegaln\u0105 dzia\u0142alno\u015b\u0107.<br>Zobowi\u0105zania do usuwania lub blokowania korzystania z informacji zgodnie z og\u00f3lnymi przepisami prawa pozostaj\u0105 nienaruszone. Odpowiedzialno\u015b\u0107 w tym zakresie jest jednak mo\u017cliwa dopiero od momentu otrzymania wiadomo\u015bci o konkretnym naruszeniu. Natychmiast po uzyskaniu informacji o takich naruszeniach usuniemy takie tre\u015bci.<\/p>\n<p><\/p>\n<h2>Odpowiedzialno\u015b\u0107 za \u0142\u0105cza<\/h2>\n<p>Nasza oferta zawiera \u0142\u0105cza do zewn\u0119trznych stron internetowych podmiot\u00f3w trzecich, na kt\u00f3rych tre\u015b\u0107 nie mamy \u017cadnego wp\u0142ywu. Dlatego nie mo\u017cemy przej\u0105\u0107 \u017cadnej odpowiedzialno\u015bci za tego typu zewn\u0119trzne tre\u015bci. Za tre\u015b\u0107 stron, do kt\u00f3rych prowadz\u0105 \u0142\u0105cza, odpowiada zawsze ich dostawca lub administrator. W momencie dodawania \u0142\u0105czy strony zosta\u0142y sprawdzone pod k\u0105tem ewentualnych narusze\u0144 prawa. W momencie dodawania \u0142\u0105czy nie zidentyfikowano nielegalnych tre\u015bci.<br>Sta\u0142a kontrola tre\u015bci, do kt\u00f3rych u\u017cytkownicy s\u0105 przekierowywani za pomoc\u0105 \u0142\u0105czy, nie jest uzasadniona bez konkretnych dowod\u00f3w na naruszenie prawa. \u0141\u0105cza zostan\u0105 natychmiast usuni\u0119te po otrzymaniu informacji o jakichkolwiek naruszeniach.<\/p>\n<p><\/p>\n<h2>Prawa autorskie<\/h2>\n<p>Tre\u015bci i dzie\u0142a na tych stronach stworzone przez administrator\u00f3w stron podlegaj\u0105 niemieckiemu prawu autorskiemu. Powielanie, przetwarzanie, rozpowszechnianie i wszelkiego rodzaju wykorzystywanie wykraczaj\u0105ce poza prawa autorskie wymaga pisemnej zgody danego autora lub tw\u00f3rcy. Pobieranie i kopiowanie tych stron jest dozwolone wy\u0142\u0105cznie w ramach prywatnego, niekomercyjnego u\u017cytku.<br>Je\u015bli tre\u015bci na tej stronie nie zosta\u0142y stworzone przez administratora, przestrzegane s\u0105 prawa autorskie podmiot\u00f3w trzecich. Jako takie identyfikowane s\u0105 w szczeg\u00f3lno\u015bci tre\u015bci podmiot\u00f3w trzecich. Je\u015bli mimo tego dowiedz\u0105 si\u0119 Pa\u0144stwo o naruszeniu praw autorskich, prosimy o poinformowanie nas o tym fakcie. Je\u015bli dowiemy si\u0119 o jakichkolwiek naruszeniach, natychmiast usuniemy takie tre\u015bci.<\/p>\n<p>Dalsze informacje na temat ochrony danych osobowych mo\u017cna znale\u017a\u0107 <a title=\"Datenschutz\" href=\"https:\/\/www.rofa-group.com\/bss\/pl\/ochrona-danych\/\" rel=\"noopener\">tutaj<\/a>.<\/p>\t\t\t\t\t\t\t\t<\/div>\n\t\t\t\t\t<\/div>\n\t\t<\/div>\n\t\t\t\t\t<\/div>\n\t\t<\/section>\n\t\t\t\t<\/div>\n\t\t","protected":false},"excerpt":{"rendered":"<p>IMPRESSUM Przejrzyste przetwarzanie danych BSS Bohnenberg GmbHAhrstra\u00dfe 1 &#8211; 742697 Solingen-OhligsNiemcy Rejestr handlowy: HRB 15581S\u0105d rejestrowy: Registergericht Wuppertal Zarz\u0105d:Martin Gr\u00e4b, Vasilios Dossis Dane kontaktowe Telefon: +49 212 2356-0Faks: +49 212 2356-119E-mail: mail(at)bss.gmbh NIP NIP zgodnie z \u00a7 27 ustawy o podatku od towar\u00f3w i us\u0142ug:DE 120962049 Osoba odpowiedzialna za tre\u015b\u0107 zgodnie z \u00a7 55 ust. [&hellip;]<\/p>\n","protected":false},"author":1,"featured_media":0,"parent":0,"menu_order":0,"comment_status":"closed","ping_status":"closed","template":"","meta":{"_acf_changed":false,"footnotes":""},"class_list":["post-1886","page","type-page","status-publish","hentry"],"acf":[],"_links":{"self":[{"href":"https:\/\/www.rofa-group.com\/bss\/wp-json\/wp\/v2\/pages\/1886","targetHints":{"allow":["GET"]}}],"collection":[{"href":"https:\/\/www.rofa-group.com\/bss\/wp-json\/wp\/v2\/pages"}],"about":[{"href":"https:\/\/www.rofa-group.com\/bss\/wp-json\/wp\/v2\/types\/page"}],"author":[{"embeddable":true,"href":"https:\/\/www.rofa-group.com\/bss\/wp-json\/wp\/v2\/users\/1"}],"replies":[{"embeddable":true,"href":"https:\/\/www.rofa-group.com\/bss\/wp-json\/wp\/v2\/comments?post=1886"}],"version-history":[{"count":10,"href":"https:\/\/www.rofa-group.com\/bss\/wp-json\/wp\/v2\/pages\/1886\/revisions"}],"predecessor-version":[{"id":2247,"href":"https:\/\/www.rofa-group.com\/bss\/wp-json\/wp\/v2\/pages\/1886\/revisions\/2247"}],"wp:attachment":[{"href":"https:\/\/www.rofa-group.com\/bss\/wp-json\/wp\/v2\/media?parent=1886"}],"curies":[{"name":"wp","href":"https:\/\/api.w.org\/{rel}","templated":true}]}}