{"id":1697,"date":"2020-05-25T12:56:21","date_gmt":"2020-05-25T10:56:21","guid":{"rendered":"https:\/\/www.rofa-group.com\/bss\/?page_id=1697"},"modified":"2021-02-19T11:16:42","modified_gmt":"2021-02-19T10:16:42","slug":"zrownowazony-rozwoj","status":"publish","type":"page","link":"https:\/\/www.rofa-group.com\/bss\/pl\/jakosc-i-zrownowazony-rozwoj\/zrownowazony-rozwoj\/","title":{"rendered":"Zr\u00f3wnowa\u017cony rozw\u00f3j"},"content":{"rendered":"\t\t<div data-elementor-type=\"wp-page\" data-elementor-id=\"1697\" class=\"elementor elementor-1697\" data-elementor-post-type=\"page\">\n\t\t\t\t\t\t<section class=\"elementor-section elementor-top-section elementor-element elementor-element-1753bd41 elementor-section-content-top elementor-section-height-min-height elementor-section-items-stretch elementor-section-boxed elementor-section-height-default\" data-id=\"1753bd41\" data-element_type=\"section\" data-e-type=\"section\" id=\"mygfx\" data-settings=\"{&quot;background_background&quot;:&quot;classic&quot;}\">\n\t\t\t\t\t\t<div class=\"elementor-container elementor-column-gap-no\">\n\t\t\t\t\t<div class=\"elementor-column elementor-col-100 elementor-top-column elementor-element elementor-element-c4b2853\" data-id=\"c4b2853\" data-element_type=\"column\" data-e-type=\"column\" data-settings=\"{&quot;background_background&quot;:&quot;classic&quot;}\">\n\t\t\t<div class=\"elementor-widget-wrap\">\n\t\t\t\t\t\t\t<\/div>\n\t\t<\/div>\n\t\t\t\t\t<\/div>\n\t\t<\/section>\n\t\t\t\t<section class=\"elementor-section elementor-top-section elementor-element elementor-element-25cf72a elementor-hidden-desktop elementor-hidden-tablet elementor-section-boxed elementor-section-height-default elementor-section-height-default\" data-id=\"25cf72a\" data-element_type=\"section\" data-e-type=\"section\">\n\t\t\t\t\t\t<div class=\"elementor-container elementor-column-gap-default\">\n\t\t\t\t\t<div class=\"elementor-column elementor-col-100 elementor-top-column elementor-element elementor-element-6215e38\" data-id=\"6215e38\" data-element_type=\"column\" data-e-type=\"column\">\n\t\t\t<div class=\"elementor-widget-wrap elementor-element-populated\">\n\t\t\t\t\t\t<section class=\"elementor-section elementor-inner-section elementor-element elementor-element-e06e9d4 elementor-section-boxed elementor-section-height-default elementor-section-height-default\" data-id=\"e06e9d4\" data-element_type=\"section\" data-e-type=\"section\">\n\t\t\t\t\t\t<div class=\"elementor-container elementor-column-gap-default\">\n\t\t\t\t\t<div class=\"elementor-column elementor-col-50 elementor-inner-column elementor-element elementor-element-b590e0d\" data-id=\"b590e0d\" data-element_type=\"column\" data-e-type=\"column\">\n\t\t\t<div class=\"elementor-widget-wrap elementor-element-populated\">\n\t\t\t\t\t\t<div class=\"elementor-element elementor-element-3c54da8 elementor-widget elementor-widget-image\" data-id=\"3c54da8\" data-element_type=\"widget\" data-e-type=\"widget\" data-widget_type=\"image.default\">\n\t\t\t\t\t\t\t\t\t\t\t\t\t\t\t\t<a href=\"https:\/\/www.rofa-group.com\/bss\/pl\/jakosc-i-zrownowazony-rozwoj\/\">\n\t\t\t\t\t\t\t<img decoding=\"async\" width=\"1\" height=\"1\" src=\"https:\/\/www.rofa-group.com\/bss\/wp-content\/uploads\/sites\/3\/Icon_Zertifizierte_Qualitaet.svg\" class=\"attachment-large size-large wp-image-308\" alt=\"\" \/>\t\t\t\t\t\t\t\t<\/a>\n\t\t\t\t\t\t\t\t\t\t\t\t\t\t\t<\/div>\n\t\t\t\t\t<\/div>\n\t\t<\/div>\n\t\t\t\t<div class=\"elementor-column elementor-col-50 elementor-inner-column elementor-element elementor-element-92e0104\" data-id=\"92e0104\" data-element_type=\"column\" data-e-type=\"column\">\n\t\t\t<div class=\"elementor-widget-wrap elementor-element-populated\">\n\t\t\t\t\t\t<div class=\"elementor-element elementor-element-9e98c74 elementor-widget elementor-widget-heading\" data-id=\"9e98c74\" data-element_type=\"widget\" data-e-type=\"widget\" data-widget_type=\"heading.default\">\n\t\t\t\t\t<h3 class=\"elementor-heading-title elementor-size-default\"><a href=\"https:\/\/www.rofa-group.com\/bss\/pl\/jakosc-i-zrownowazony-rozwoj\/\">Certyfikowana jako\u015b\u0107<\/a><\/h3>\t\t\t\t<\/div>\n\t\t\t\t\t<\/div>\n\t\t<\/div>\n\t\t\t\t\t<\/div>\n\t\t<\/section>\n\t\t\t\t<section class=\"elementor-section elementor-inner-section elementor-element elementor-element-2673340 elementor-section-boxed elementor-section-height-default elementor-section-height-default\" data-id=\"2673340\" data-element_type=\"section\" data-e-type=\"section\">\n\t\t\t\t\t\t<div class=\"elementor-container elementor-column-gap-default\">\n\t\t\t\t\t<div class=\"elementor-column elementor-col-50 elementor-inner-column elementor-element elementor-element-1ba1059\" data-id=\"1ba1059\" data-element_type=\"column\" data-e-type=\"column\">\n\t\t\t<div class=\"elementor-widget-wrap elementor-element-populated\">\n\t\t\t\t\t\t<div class=\"elementor-element elementor-element-008cc8b elementor-widget elementor-widget-image\" data-id=\"008cc8b\" data-element_type=\"widget\" data-e-type=\"widget\" data-widget_type=\"image.default\">\n\t\t\t\t\t\t\t\t\t\t\t\t\t\t\t\t<a href=\"#\">\n\t\t\t\t\t\t\t<img decoding=\"async\" width=\"1\" height=\"1\" src=\"https:\/\/www.rofa-group.com\/bss\/wp-content\/uploads\/sites\/3\/Icon_Nachhaltigkeit.svg\" class=\"attachment-large size-large wp-image-313\" alt=\"\" \/>\t\t\t\t\t\t\t\t<\/a>\n\t\t\t\t\t\t\t\t\t\t\t\t\t\t\t<\/div>\n\t\t\t\t\t<\/div>\n\t\t<\/div>\n\t\t\t\t<div class=\"elementor-column elementor-col-50 elementor-inner-column elementor-element elementor-element-1cdc659\" data-id=\"1cdc659\" data-element_type=\"column\" data-e-type=\"column\">\n\t\t\t<div class=\"elementor-widget-wrap elementor-element-populated\">\n\t\t\t\t\t\t<div class=\"elementor-element elementor-element-7b2bb84 elementor-widget elementor-widget-heading\" data-id=\"7b2bb84\" data-element_type=\"widget\" data-e-type=\"widget\" data-widget_type=\"heading.default\">\n\t\t\t\t\t<h3 class=\"elementor-heading-title elementor-size-default\"><a href=\"#\">Zr\u00f3wnowa\u017cony rozw\u00f3j<\/a><\/h3>\t\t\t\t<\/div>\n\t\t\t\t\t<\/div>\n\t\t<\/div>\n\t\t\t\t\t<\/div>\n\t\t<\/section>\n\t\t\t\t\t<\/div>\n\t\t<\/div>\n\t\t\t\t\t<\/div>\n\t\t<\/section>\n\t\t\t\t<section class=\"elementor-section elementor-top-section elementor-element elementor-element-4a5f7a59 elementor-section-boxed elementor-section-height-default elementor-section-height-default\" data-id=\"4a5f7a59\" data-element_type=\"section\" data-e-type=\"section\" data-settings=\"{&quot;background_background&quot;:&quot;classic&quot;}\">\n\t\t\t\t\t\t<div class=\"elementor-container elementor-column-gap-no\">\n\t\t\t\t\t<div class=\"elementor-column elementor-col-50 elementor-top-column elementor-element elementor-element-5d4434c9\" data-id=\"5d4434c9\" data-element_type=\"column\" data-e-type=\"column\" data-settings=\"{&quot;background_background&quot;:&quot;classic&quot;}\">\n\t\t\t<div class=\"elementor-widget-wrap elementor-element-populated\">\n\t\t\t\t\t\t<div class=\"elementor-element elementor-element-85d6363 elementor-widget elementor-widget-text-editor\" data-id=\"85d6363\" data-element_type=\"widget\" data-e-type=\"widget\" data-widget_type=\"text-editor.default\">\n\t\t\t\t\t\t\t\t\t<h1 class=\"fett\">JAKO\u015a\u0106 I ZR\u00d3WNO&#173;WA\u017bONY ROZW\u00d3J<\/h1>\n<h2 class=\"mittel\">Technologie oszcz\u0119dzaj\u0105ce zasoby<\/h2>\t\t\t\t\t\t\t\t<\/div>\n\t\t\t\t\t<\/div>\n\t\t<\/div>\n\t\t\t\t<div class=\"elementor-column elementor-col-50 elementor-top-column elementor-element elementor-element-7f01341f\" data-id=\"7f01341f\" data-element_type=\"column\" data-e-type=\"column\">\n\t\t\t<div class=\"elementor-widget-wrap\">\n\t\t\t\t\t\t\t<\/div>\n\t\t<\/div>\n\t\t\t\t\t<\/div>\n\t\t<\/section>\n\t\t\t\t<section class=\"elementor-section elementor-top-section elementor-element elementor-element-037a66d elementor-hidden-phone elementor-section-boxed elementor-section-height-default elementor-section-height-default\" data-id=\"037a66d\" data-element_type=\"section\" data-e-type=\"section\">\n\t\t\t\t\t\t<div class=\"elementor-container elementor-column-gap-default\">\n\t\t\t\t\t<div class=\"elementor-column elementor-col-25 elementor-top-column elementor-element elementor-element-8c3c13e\" data-id=\"8c3c13e\" data-element_type=\"column\" data-e-type=\"column\">\n\t\t\t<div class=\"elementor-widget-wrap\">\n\t\t\t\t\t\t\t<\/div>\n\t\t<\/div>\n\t\t\t\t<div class=\"elementor-column elementor-col-25 elementor-top-column elementor-element elementor-element-f529c0b\" data-id=\"f529c0b\" data-element_type=\"column\" data-e-type=\"column\">\n\t\t\t<div class=\"elementor-widget-wrap elementor-element-populated\">\n\t\t\t\t\t\t<div class=\"elementor-element elementor-element-7667300 elementor-widget elementor-widget-image\" data-id=\"7667300\" data-element_type=\"widget\" data-e-type=\"widget\" data-widget_type=\"image.default\">\n\t\t\t\t\t\t\t\t\t\t\t\t\t\t\t\t<a href=\"https:\/\/www.rofa-group.com\/bss\/pl\/jakosc-i-zrownowazony-rozwoj\/\">\n\t\t\t\t\t\t\t<img decoding=\"async\" width=\"1\" height=\"1\" src=\"https:\/\/www.rofa-group.com\/bss\/wp-content\/uploads\/sites\/3\/Icon_Zertifizierte_Qualitaet.svg\" class=\"attachment-large size-large wp-image-308\" alt=\"\" \/>\t\t\t\t\t\t\t\t<\/a>\n\t\t\t\t\t\t\t\t\t\t\t\t\t\t\t<\/div>\n\t\t\t\t<div class=\"elementor-element elementor-element-4ef07c0 elementor-widget elementor-widget-heading\" data-id=\"4ef07c0\" data-element_type=\"widget\" data-e-type=\"widget\" data-widget_type=\"heading.default\">\n\t\t\t\t\t<h3 class=\"elementor-heading-title elementor-size-default\"><a href=\"https:\/\/www.rofa-group.com\/bss\/pl\/jakosc-i-zrownowazony-rozwoj\/\">Certyfikowana jako\u015b\u0107<\/a><\/h3>\t\t\t\t<\/div>\n\t\t\t\t\t<\/div>\n\t\t<\/div>\n\t\t\t\t<div class=\"elementor-column elementor-col-25 elementor-top-column elementor-element elementor-element-5a8ba9d\" data-id=\"5a8ba9d\" data-element_type=\"column\" data-e-type=\"column\" data-settings=\"{&quot;background_background&quot;:&quot;classic&quot;}\">\n\t\t\t<div class=\"elementor-widget-wrap elementor-element-populated\">\n\t\t\t\t\t\t<div class=\"elementor-element elementor-element-ce7feab elementor-widget elementor-widget-image\" data-id=\"ce7feab\" data-element_type=\"widget\" data-e-type=\"widget\" data-widget_type=\"image.default\">\n\t\t\t\t\t\t\t\t\t\t\t\t\t\t\t<img decoding=\"async\" width=\"1\" height=\"1\" src=\"https:\/\/www.rofa-group.com\/bss\/wp-content\/uploads\/sites\/3\/Icon_Nachhaltigkeit.svg\" class=\"attachment-large size-large wp-image-313\" alt=\"\" \/>\t\t\t\t\t\t\t\t\t\t\t\t\t\t\t<\/div>\n\t\t\t\t<div class=\"elementor-element elementor-element-fea4e9a elementor-widget elementor-widget-heading\" data-id=\"fea4e9a\" data-element_type=\"widget\" data-e-type=\"widget\" data-widget_type=\"heading.default\">\n\t\t\t\t\t<h3 class=\"elementor-heading-title elementor-size-default\">Zr\u00f3wnowa\u017cony rozw\u00f3j<\/h3>\t\t\t\t<\/div>\n\t\t\t\t\t<\/div>\n\t\t<\/div>\n\t\t\t\t<div class=\"elementor-column elementor-col-25 elementor-top-column elementor-element elementor-element-440b93b\" data-id=\"440b93b\" data-element_type=\"column\" data-e-type=\"column\">\n\t\t\t<div class=\"elementor-widget-wrap\">\n\t\t\t\t\t\t\t<\/div>\n\t\t<\/div>\n\t\t\t\t\t<\/div>\n\t\t<\/section>\n\t\t\t\t<section class=\"elementor-section elementor-top-section elementor-element elementor-element-216fcfde elementor-section-boxed elementor-section-height-default elementor-section-height-default\" data-id=\"216fcfde\" data-element_type=\"section\" data-e-type=\"section\">\n\t\t\t\t\t\t<div class=\"elementor-container elementor-column-gap-default\">\n\t\t\t\t\t<div class=\"elementor-column elementor-col-100 elementor-top-column elementor-element elementor-element-68e8632b\" data-id=\"68e8632b\" data-element_type=\"column\" data-e-type=\"column\">\n\t\t\t<div class=\"elementor-widget-wrap elementor-element-populated\">\n\t\t\t\t\t\t<div class=\"elementor-element elementor-element-77ca95a elementor-widget elementor-widget-text-editor\" data-id=\"77ca95a\" data-element_type=\"widget\" data-e-type=\"widget\" data-widget_type=\"text-editor.default\">\n\t\t\t\t\t\t\t\t\t<p>W BSS wierzymy w zr\u00f3wnowa\u017cony rozw\u00f3j wielu aspekt\u00f3w oparty w du\u017cej mierze o model zr\u00f3wnowa\u017conego rozwoju Global Compact. Naszym celem jest zr\u00f3wnowa\u017cenie czynnik\u00f3w ekonomicznych, spo\u0142ecznych i \u015brodowiskowych w ka\u017cdym projekcie, dzi\u0119ki prawdziwej wsp\u00f3\u0142pracy z naszymi partnerami i klientami. Rozw\u00f3j technologii intralogistycznych jest nasz\u0105 podstawow\u0105 dzia\u0142alno\u015bci\u0105, ale jeste\u015bmy r\u00f3wnie\u017c odpowiedzialni za wp\u0142yw tych technologii na \u015brodowisko i ludzi.<\/p><p>O tym, jak nasz model zr\u00f3wnowa\u017conego rozwoju dzia\u0142a, mo\u017cesz przeczyta\u0107 w <a title=\"pobrania\" href=\"https:\/\/www.rofa-group.com\/bss\/pl\/do-pobrania\/\" rel=\"noopener\">obszarze Pliki do pobrania<\/a>!<\/p>\t\t\t\t\t\t\t\t<\/div>\n\t\t\t\t\t<\/div>\n\t\t<\/div>\n\t\t\t\t\t<\/div>\n\t\t<\/section>\n\t\t\t\t<section class=\"elementor-section elementor-top-section elementor-element elementor-element-cc7ed4e elementor-section-boxed elementor-section-height-default elementor-section-height-default\" data-id=\"cc7ed4e\" data-element_type=\"section\" data-e-type=\"section\" data-settings=\"{&quot;background_background&quot;:&quot;classic&quot;}\">\n\t\t\t\t\t\t<div class=\"elementor-container elementor-column-gap-default\">\n\t\t\t\t\t<div class=\"elementor-column elementor-col-100 elementor-top-column elementor-element elementor-element-6546ef4\" data-id=\"6546ef4\" data-element_type=\"column\" data-e-type=\"column\">\n\t\t\t<div class=\"elementor-widget-wrap elementor-element-populated\">\n\t\t\t\t\t\t<div class=\"elementor-element elementor-element-879153c elementor-widget elementor-widget-image\" data-id=\"879153c\" data-element_type=\"widget\" data-e-type=\"widget\" data-widget_type=\"image.default\">\n\t\t\t\t\t\t\t\t\t\t\t\t\t\t\t<img decoding=\"async\" width=\"1\" height=\"1\" src=\"https:\/\/www.rofa-group.com\/bss\/wp-content\/uploads\/sites\/3\/Green_Logistics.svg\" class=\"attachment-large size-large wp-image-318\" alt=\"\" \/>\t\t\t\t\t\t\t\t\t\t\t\t\t\t\t<\/div>\n\t\t\t\t<div class=\"elementor-element elementor-element-674c8ef elementor-widget elementor-widget-heading\" data-id=\"674c8ef\" data-element_type=\"widget\" data-e-type=\"widget\" data-widget_type=\"heading.default\">\n\t\t\t\t\t<h2 class=\"elementor-heading-title elementor-size-default\">ZIELONA LOGISTYKA<\/h2>\t\t\t\t<\/div>\n\t\t\t\t<div class=\"elementor-element elementor-element-5ee3c64 elementor-widget elementor-widget-text-editor\" data-id=\"5ee3c64\" data-element_type=\"widget\" data-e-type=\"widget\" data-widget_type=\"text-editor.default\">\n\t\t\t\t\t\t\t\t\t<p>Ochrona zasob\u00f3w, oszcz\u0119dno\u015b\u0107 energii, minimalizacja zanieczyszczenia \u015brodowiska &#8211; to wymagania, na kt\u00f3re firmy zwracaj\u0105 coraz wi\u0119cej uwagi. Nie tylko w produkcji, ale tak\u017ce w intralogistyce. W tym przypadku BSS mo\u017ce mie\u0107 cenny wk\u0142ad w osi\u0105gni\u0119cie cel\u00f3w zr\u00f3wnowa\u017conego rozwoju Twojej firmy dzi\u0119ki energooszcz\u0119dnym systemom i systemom przeno\u015bnik\u00f3w. Od ponad 15 lat harmonizujemy ochron\u0119 klimatu i redukcj\u0119 koszt\u00f3w dzi\u0119ki inteligentnej intralogistyce. Dzi\u0119ki naszym indywidualnym rozwi\u0105zaniom aktywnie wspieramy Ci\u0119 w odkrywaniu potencjalnych oszcz\u0119dno\u015bci energii i konsekwentnym ich wykorzystywaniu!<br \/><br \/><br \/><a href=\"https:\/\/www.rofa-group.com\/bss\/pl\/kontakt-pl\/\">Porozmawiaj z nami<\/a> &#8211; i dowiedz si\u0119 wi\u0119cej o naszym Zielonym podej\u015bciu do logistyki!<\/p>\t\t\t\t\t\t\t\t<\/div>\n\t\t\t\t\t<\/div>\n\t\t<\/div>\n\t\t\t\t\t<\/div>\n\t\t<\/section>\n\t\t\t\t<\/div>\n\t\t","protected":false},"excerpt":{"rendered":"<p>Certyfikowana jako\u015b\u0107 Zr\u00f3wnowa\u017cony rozw\u00f3j JAKO\u015a\u0106 I ZR\u00d3WNO&#173;WA\u017bONY ROZW\u00d3J Technologie oszcz\u0119dzaj\u0105ce zasoby Certyfikowana jako\u015b\u0107 Zr\u00f3wnowa\u017cony rozw\u00f3j W BSS wierzymy w zr\u00f3wnowa\u017cony rozw\u00f3j wielu aspekt\u00f3w oparty w du\u017cej mierze o model zr\u00f3wnowa\u017conego rozwoju Global Compact. Naszym celem jest zr\u00f3wnowa\u017cenie czynnik\u00f3w ekonomicznych, spo\u0142ecznych i \u015brodowiskowych w ka\u017cdym projekcie, dzi\u0119ki prawdziwej wsp\u00f3\u0142pracy z naszymi partnerami i klientami. Rozw\u00f3j technologii [&hellip;]<\/p>\n","protected":false},"author":1,"featured_media":0,"parent":1692,"menu_order":0,"comment_status":"closed","ping_status":"closed","template":"","meta":{"_acf_changed":false,"footnotes":""},"class_list":["post-1697","page","type-page","status-publish","hentry"],"acf":[],"_links":{"self":[{"href":"https:\/\/www.rofa-group.com\/bss\/wp-json\/wp\/v2\/pages\/1697","targetHints":{"allow":["GET"]}}],"collection":[{"href":"https:\/\/www.rofa-group.com\/bss\/wp-json\/wp\/v2\/pages"}],"about":[{"href":"https:\/\/www.rofa-group.com\/bss\/wp-json\/wp\/v2\/types\/page"}],"author":[{"embeddable":true,"href":"https:\/\/www.rofa-group.com\/bss\/wp-json\/wp\/v2\/users\/1"}],"replies":[{"embeddable":true,"href":"https:\/\/www.rofa-group.com\/bss\/wp-json\/wp\/v2\/comments?post=1697"}],"version-history":[{"count":14,"href":"https:\/\/www.rofa-group.com\/bss\/wp-json\/wp\/v2\/pages\/1697\/revisions"}],"predecessor-version":[{"id":2098,"href":"https:\/\/www.rofa-group.com\/bss\/wp-json\/wp\/v2\/pages\/1697\/revisions\/2098"}],"up":[{"embeddable":true,"href":"https:\/\/www.rofa-group.com\/bss\/wp-json\/wp\/v2\/pages\/1692"}],"wp:attachment":[{"href":"https:\/\/www.rofa-group.com\/bss\/wp-json\/wp\/v2\/media?parent=1697"}],"curies":[{"name":"wp","href":"https:\/\/api.w.org\/{rel}","templated":true}]}}