{"id":1692,"date":"2020-05-25T12:48:08","date_gmt":"2020-05-25T10:48:08","guid":{"rendered":"https:\/\/www.rofa-group.com\/bss\/?page_id=1692"},"modified":"2023-02-07T15:19:22","modified_gmt":"2023-02-07T14:19:22","slug":"jakosc-i-zrownowazony-rozwoj","status":"publish","type":"page","link":"https:\/\/www.rofa-group.com\/bss\/pl\/jakosc-i-zrownowazony-rozwoj\/","title":{"rendered":"Jako\u015b\u0107 i zr\u00f3wnowa\u017cony rozw\u00f3j"},"content":{"rendered":"\t\t<div data-elementor-type=\"wp-page\" data-elementor-id=\"1692\" class=\"elementor elementor-1692\" data-elementor-post-type=\"page\">\n\t\t\t\t\t\t<section class=\"elementor-section elementor-top-section elementor-element elementor-element-1753bd41 elementor-section-content-top elementor-section-height-min-height elementor-section-items-stretch elementor-section-boxed elementor-section-height-default\" data-id=\"1753bd41\" data-element_type=\"section\" data-e-type=\"section\" id=\"mygfx\" data-settings=\"{&quot;background_background&quot;:&quot;classic&quot;}\">\n\t\t\t\t\t\t<div class=\"elementor-container elementor-column-gap-no\">\n\t\t\t\t\t<div class=\"elementor-column elementor-col-100 elementor-top-column elementor-element elementor-element-c4b2853\" data-id=\"c4b2853\" data-element_type=\"column\" data-e-type=\"column\" data-settings=\"{&quot;background_background&quot;:&quot;classic&quot;}\">\n\t\t\t<div class=\"elementor-widget-wrap\">\n\t\t\t\t\t\t\t<\/div>\n\t\t<\/div>\n\t\t\t\t\t<\/div>\n\t\t<\/section>\n\t\t\t\t<section class=\"elementor-section elementor-top-section elementor-element elementor-element-2c7f859 elementor-hidden-desktop elementor-hidden-tablet elementor-section-boxed elementor-section-height-default elementor-section-height-default\" data-id=\"2c7f859\" data-element_type=\"section\" data-e-type=\"section\">\n\t\t\t\t\t\t<div class=\"elementor-container elementor-column-gap-default\">\n\t\t\t\t\t<div class=\"elementor-column elementor-col-100 elementor-top-column elementor-element elementor-element-8eccd6b\" data-id=\"8eccd6b\" data-element_type=\"column\" data-e-type=\"column\">\n\t\t\t<div class=\"elementor-widget-wrap elementor-element-populated\">\n\t\t\t\t\t\t<section class=\"elementor-section elementor-inner-section elementor-element elementor-element-b53c880 elementor-section-boxed elementor-section-height-default elementor-section-height-default\" data-id=\"b53c880\" data-element_type=\"section\" data-e-type=\"section\">\n\t\t\t\t\t\t<div class=\"elementor-container elementor-column-gap-default\">\n\t\t\t\t\t<div class=\"elementor-column elementor-col-50 elementor-inner-column elementor-element elementor-element-79fad26\" data-id=\"79fad26\" data-element_type=\"column\" data-e-type=\"column\">\n\t\t\t<div class=\"elementor-widget-wrap elementor-element-populated\">\n\t\t\t\t\t\t<div class=\"elementor-element elementor-element-c706520 elementor-widget elementor-widget-image\" data-id=\"c706520\" data-element_type=\"widget\" data-e-type=\"widget\" data-widget_type=\"image.default\">\n\t\t\t\t\t\t\t\t\t\t\t\t\t\t\t\t<a href=\"#\">\n\t\t\t\t\t\t\t<img decoding=\"async\" width=\"1\" height=\"1\" src=\"https:\/\/www.rofa-group.com\/bss\/wp-content\/uploads\/sites\/3\/Icon_Zertifizierte_Qualitaet.svg\" class=\"attachment-large size-large wp-image-308\" alt=\"\" \/>\t\t\t\t\t\t\t\t<\/a>\n\t\t\t\t\t\t\t\t\t\t\t\t\t\t\t<\/div>\n\t\t\t\t\t<\/div>\n\t\t<\/div>\n\t\t\t\t<div class=\"elementor-column elementor-col-50 elementor-inner-column elementor-element elementor-element-7ca4792\" data-id=\"7ca4792\" data-element_type=\"column\" data-e-type=\"column\">\n\t\t\t<div class=\"elementor-widget-wrap elementor-element-populated\">\n\t\t\t\t\t\t<div class=\"elementor-element elementor-element-b5f3168 elementor-widget elementor-widget-heading\" data-id=\"b5f3168\" data-element_type=\"widget\" data-e-type=\"widget\" data-widget_type=\"heading.default\">\n\t\t\t\t\t<h3 class=\"elementor-heading-title elementor-size-default\"><a href=\"#\">Certyfikowana jako\u015b\u0107<\/a><\/h3>\t\t\t\t<\/div>\n\t\t\t\t\t<\/div>\n\t\t<\/div>\n\t\t\t\t\t<\/div>\n\t\t<\/section>\n\t\t\t\t<section class=\"elementor-section elementor-inner-section elementor-element elementor-element-4d35661 elementor-section-boxed elementor-section-height-default elementor-section-height-default\" data-id=\"4d35661\" data-element_type=\"section\" data-e-type=\"section\">\n\t\t\t\t\t\t<div class=\"elementor-container elementor-column-gap-default\">\n\t\t\t\t\t<div class=\"elementor-column elementor-col-50 elementor-inner-column elementor-element elementor-element-de686b3\" data-id=\"de686b3\" data-element_type=\"column\" data-e-type=\"column\">\n\t\t\t<div class=\"elementor-widget-wrap elementor-element-populated\">\n\t\t\t\t\t\t<div class=\"elementor-element elementor-element-9af518e elementor-widget elementor-widget-image\" data-id=\"9af518e\" data-element_type=\"widget\" data-e-type=\"widget\" data-widget_type=\"image.default\">\n\t\t\t\t\t\t\t\t\t\t\t\t\t\t\t\t<a href=\"https:\/\/www.rofa-group.com\/bss\/pl\/jakosc-i-zrownowazony-rozwoj\/zrownowazony-rozwoj\/\">\n\t\t\t\t\t\t\t<img decoding=\"async\" width=\"1\" height=\"1\" src=\"https:\/\/www.rofa-group.com\/bss\/wp-content\/uploads\/sites\/3\/Icon_Nachhaltigkeit.svg\" class=\"attachment-large size-large wp-image-313\" alt=\"\" \/>\t\t\t\t\t\t\t\t<\/a>\n\t\t\t\t\t\t\t\t\t\t\t\t\t\t\t<\/div>\n\t\t\t\t\t<\/div>\n\t\t<\/div>\n\t\t\t\t<div class=\"elementor-column elementor-col-50 elementor-inner-column elementor-element elementor-element-6120248\" data-id=\"6120248\" data-element_type=\"column\" data-e-type=\"column\">\n\t\t\t<div class=\"elementor-widget-wrap elementor-element-populated\">\n\t\t\t\t\t\t<div class=\"elementor-element elementor-element-5364996 elementor-widget elementor-widget-heading\" data-id=\"5364996\" data-element_type=\"widget\" data-e-type=\"widget\" data-widget_type=\"heading.default\">\n\t\t\t\t\t<h3 class=\"elementor-heading-title elementor-size-default\"><a href=\"https:\/\/www.rofa-group.com\/bss\/pl\/jakosc-i-zrownowazony-rozwoj\/zrownowazony-rozwoj\/\">Zr\u00f3wnowa\u017cony rozw\u00f3j<\/a><\/h3>\t\t\t\t<\/div>\n\t\t\t\t\t<\/div>\n\t\t<\/div>\n\t\t\t\t\t<\/div>\n\t\t<\/section>\n\t\t\t\t\t<\/div>\n\t\t<\/div>\n\t\t\t\t\t<\/div>\n\t\t<\/section>\n\t\t\t\t<section class=\"elementor-section elementor-top-section elementor-element elementor-element-4a5f7a59 elementor-section-boxed elementor-section-height-default elementor-section-height-default\" data-id=\"4a5f7a59\" data-element_type=\"section\" data-e-type=\"section\" data-settings=\"{&quot;background_background&quot;:&quot;classic&quot;}\">\n\t\t\t\t\t\t<div class=\"elementor-container elementor-column-gap-no\">\n\t\t\t\t\t<div class=\"elementor-column elementor-col-50 elementor-top-column elementor-element elementor-element-5d4434c9\" data-id=\"5d4434c9\" data-element_type=\"column\" data-e-type=\"column\" data-settings=\"{&quot;background_background&quot;:&quot;classic&quot;}\">\n\t\t\t<div class=\"elementor-widget-wrap elementor-element-populated\">\n\t\t\t\t\t\t<div class=\"elementor-element elementor-element-85d6363 elementor-widget elementor-widget-text-editor\" data-id=\"85d6363\" data-element_type=\"widget\" data-e-type=\"widget\" data-widget_type=\"text-editor.default\">\n\t\t\t\t\t\t\t\t\t<h1 class=\"fett\">JAKO\u015a\u0106 I ZR\u00d3WNOWA\u017bONY ROZW\u00d3J<\/h1>\n<h2 class=\"mittel\">Przysz\u0142o\u015bciowe rozwi\u0105zania dla logistyki<\/h2>\t\t\t\t\t\t\t\t<\/div>\n\t\t\t\t\t<\/div>\n\t\t<\/div>\n\t\t\t\t<div class=\"elementor-column elementor-col-50 elementor-top-column elementor-element elementor-element-7f01341f\" data-id=\"7f01341f\" data-element_type=\"column\" data-e-type=\"column\">\n\t\t\t<div class=\"elementor-widget-wrap\">\n\t\t\t\t\t\t\t<\/div>\n\t\t<\/div>\n\t\t\t\t\t<\/div>\n\t\t<\/section>\n\t\t\t\t<section class=\"elementor-section elementor-top-section elementor-element elementor-element-037a66d elementor-hidden-phone elementor-section-boxed elementor-section-height-default elementor-section-height-default\" data-id=\"037a66d\" data-element_type=\"section\" data-e-type=\"section\">\n\t\t\t\t\t\t<div class=\"elementor-container elementor-column-gap-default\">\n\t\t\t\t\t<div class=\"elementor-column elementor-col-25 elementor-top-column elementor-element elementor-element-8c3c13e\" data-id=\"8c3c13e\" data-element_type=\"column\" data-e-type=\"column\">\n\t\t\t<div class=\"elementor-widget-wrap\">\n\t\t\t\t\t\t\t<\/div>\n\t\t<\/div>\n\t\t\t\t<div class=\"elementor-column elementor-col-25 elementor-top-column elementor-element elementor-element-f529c0b\" data-id=\"f529c0b\" data-element_type=\"column\" data-e-type=\"column\">\n\t\t\t<div class=\"elementor-widget-wrap elementor-element-populated\">\n\t\t\t\t\t\t<div class=\"elementor-element elementor-element-7667300 elementor-widget elementor-widget-image\" data-id=\"7667300\" data-element_type=\"widget\" data-e-type=\"widget\" data-widget_type=\"image.default\">\n\t\t\t\t\t\t\t\t\t\t\t\t\t\t\t<img decoding=\"async\" width=\"1\" height=\"1\" src=\"https:\/\/www.rofa-group.com\/bss\/wp-content\/uploads\/sites\/3\/Icon_Zertifizierte_Qualitaet.svg\" class=\"attachment-large size-large wp-image-308\" alt=\"\" \/>\t\t\t\t\t\t\t\t\t\t\t\t\t\t\t<\/div>\n\t\t\t\t<div class=\"elementor-element elementor-element-4ef07c0 elementor-widget elementor-widget-heading\" data-id=\"4ef07c0\" data-element_type=\"widget\" data-e-type=\"widget\" data-widget_type=\"heading.default\">\n\t\t\t\t\t<h3 class=\"elementor-heading-title elementor-size-default\">Certyfikowana jako\u015b\u0107<\/h3>\t\t\t\t<\/div>\n\t\t\t\t\t<\/div>\n\t\t<\/div>\n\t\t\t\t<div class=\"elementor-column elementor-col-25 elementor-top-column elementor-element elementor-element-5a8ba9d\" data-id=\"5a8ba9d\" data-element_type=\"column\" data-e-type=\"column\" data-settings=\"{&quot;background_background&quot;:&quot;classic&quot;}\">\n\t\t\t<div class=\"elementor-widget-wrap elementor-element-populated\">\n\t\t\t\t\t\t<div class=\"elementor-element elementor-element-ce7feab elementor-widget elementor-widget-image\" data-id=\"ce7feab\" data-element_type=\"widget\" data-e-type=\"widget\" data-widget_type=\"image.default\">\n\t\t\t\t\t\t\t\t\t\t\t\t\t\t\t\t<a href=\"https:\/\/www.rofa-group.com\/bss\/pl\/jakosc-i-zrownowazony-rozwoj\/zrownowazony-rozwoj\/\">\n\t\t\t\t\t\t\t<img decoding=\"async\" width=\"1\" height=\"1\" src=\"https:\/\/www.rofa-group.com\/bss\/wp-content\/uploads\/sites\/3\/Icon_Nachhaltigkeit.svg\" class=\"attachment-large size-large wp-image-313\" alt=\"\" \/>\t\t\t\t\t\t\t\t<\/a>\n\t\t\t\t\t\t\t\t\t\t\t\t\t\t\t<\/div>\n\t\t\t\t<div class=\"elementor-element elementor-element-fea4e9a elementor-widget elementor-widget-heading\" data-id=\"fea4e9a\" data-element_type=\"widget\" data-e-type=\"widget\" data-widget_type=\"heading.default\">\n\t\t\t\t\t<h3 class=\"elementor-heading-title elementor-size-default\"><a href=\"https:\/\/www.rofa-group.com\/bss\/pl\/jakosc-i-zrownowazony-rozwoj\/zrownowazony-rozwoj\/\">Zr\u00f3wnowa\u017cony rozw\u00f3j<\/a><\/h3>\t\t\t\t<\/div>\n\t\t\t\t\t<\/div>\n\t\t<\/div>\n\t\t\t\t<div class=\"elementor-column elementor-col-25 elementor-top-column elementor-element elementor-element-440b93b\" data-id=\"440b93b\" data-element_type=\"column\" data-e-type=\"column\">\n\t\t\t<div class=\"elementor-widget-wrap\">\n\t\t\t\t\t\t\t<\/div>\n\t\t<\/div>\n\t\t\t\t\t<\/div>\n\t\t<\/section>\n\t\t\t\t<section class=\"elementor-section elementor-top-section elementor-element elementor-element-48a378c elementor-section-boxed elementor-section-height-default elementor-section-height-default\" data-id=\"48a378c\" data-element_type=\"section\" data-e-type=\"section\">\n\t\t\t\t\t\t<div class=\"elementor-container elementor-column-gap-default\">\n\t\t\t\t\t<div class=\"elementor-column elementor-col-100 elementor-top-column elementor-element elementor-element-611eb44\" data-id=\"611eb44\" data-element_type=\"column\" data-e-type=\"column\">\n\t\t\t<div class=\"elementor-widget-wrap elementor-element-populated\">\n\t\t\t\t\t\t<div class=\"elementor-element elementor-element-7d26a6d elementor-widget elementor-widget-text-editor\" data-id=\"7d26a6d\" data-element_type=\"widget\" data-e-type=\"widget\" data-widget_type=\"text-editor.default\">\n\t\t\t\t\t\t\t\t\t<p>Twoja satysfakcja jest naszym najwa\u017cniejszym celem. Dlatego nasza zasada zerowej tolerancji na b\u0142\u0119dy dotyczy zar\u00f3wno cz\u0119\u015bciowo zautomatyzowanych struktur logistycznych, jak i wysokowydajnych instalacji po magazynowanie drobnych cz\u0119\u015bci i towar\u00f3w zpaletyzowanych.<\/p><p>Nawet po rozpocz\u0119ciu dzia\u0142ania systemu pozostajemy w sta\u0142ym kontakcie, aby odpowiada\u0107 na wszystkie pytania dotycz\u0105ce wydajno\u015bci i dzia\u0142ania zak\u0142adu. Dzi\u0119ki dog\u0142\u0119bnym szkoleniom i doskona\u0142ej obs\u0142udze mo\u017cesz mie\u0107 pewno\u015b\u0107, \u017ce uzyskasz to, co najlepsze z rozwi\u0105zania intralogistyczne przez ca\u0142y okres jego eksploatacji. Wi\u0119cej informacji na temat us\u0142ugi i pomocy technicznej mo\u017cna przeczyta\u0107 w sekcji <a title=\"Service Range\" href=\"https:\/\/www.rofa-group.com\/bss\/pl\/zakres-uslug\/\" rel=\"noopener\">Zakres us\u0142ug<\/a>.<\/p><p>Nasz certyfikat DIN ISO 9001:2015 jest dowodem na to, \u017ce nasze produkty i us\u0142ugi spe\u0142niaj\u0105 mi\u0119dzynarodowe standardy zarz\u0105dzania jako\u015bci\u0105. Ponadto BSS spe\u0142nia r\u00f3wnie\u017c uznane na ca\u0142ym \u015bwiecie wymagania dotycz\u0105ce systemu zarz\u0105dzania \u015brodowiskowego zgodnie z norm\u0105 DIN ISO 14001:2015.<\/p>\t\t\t\t\t\t\t\t<\/div>\n\t\t\t\t\t<\/div>\n\t\t<\/div>\n\t\t\t\t\t<\/div>\n\t\t<\/section>\n\t\t\t\t<section class=\"elementor-section elementor-top-section elementor-element elementor-element-2b99b86 elementor-section-boxed elementor-section-height-default elementor-section-height-default\" data-id=\"2b99b86\" data-element_type=\"section\" data-e-type=\"section\">\n\t\t\t\t\t\t<div class=\"elementor-container elementor-column-gap-no\">\n\t\t\t\t\t<div class=\"elementor-column elementor-col-33 elementor-top-column elementor-element elementor-element-343e8eb\" data-id=\"343e8eb\" data-element_type=\"column\" data-e-type=\"column\">\n\t\t\t<div class=\"elementor-widget-wrap\">\n\t\t\t\t\t\t\t<\/div>\n\t\t<\/div>\n\t\t\t\t<div class=\"elementor-column elementor-col-33 elementor-top-column elementor-element elementor-element-9cc3ad6\" data-id=\"9cc3ad6\" data-element_type=\"column\" data-e-type=\"column\">\n\t\t\t<div class=\"elementor-widget-wrap elementor-element-populated\">\n\t\t\t\t\t\t<div class=\"elementor-element elementor-element-c1c033b elementor-widget elementor-widget-image\" data-id=\"c1c033b\" data-element_type=\"widget\" data-e-type=\"widget\" data-widget_type=\"image.default\">\n\t\t\t\t\t\t\t\t\t\t\t\t\t\t\t<img fetchpriority=\"high\" decoding=\"async\" width=\"800\" height=\"800\" src=\"https:\/\/www.rofa-group.com\/bss\/wp-content\/uploads\/sites\/3\/AGQS-zertifiziert-DIN-EN-14001jpg.jpg\" class=\"attachment-large size-large wp-image-2192\" alt=\"AGQS Zertifiziert DIN EN 14001\" srcset=\"https:\/\/www.rofa-group.com\/bss\/wp-content\/uploads\/sites\/3\/AGQS-zertifiziert-DIN-EN-14001jpg.jpg 800w, https:\/\/www.rofa-group.com\/bss\/wp-content\/uploads\/sites\/3\/AGQS-zertifiziert-DIN-EN-14001jpg-300x300.jpg 300w, https:\/\/www.rofa-group.com\/bss\/wp-content\/uploads\/sites\/3\/AGQS-zertifiziert-DIN-EN-14001jpg-150x150.jpg 150w, https:\/\/www.rofa-group.com\/bss\/wp-content\/uploads\/sites\/3\/AGQS-zertifiziert-DIN-EN-14001jpg-768x768.jpg 768w, https:\/\/www.rofa-group.com\/bss\/wp-content\/uploads\/sites\/3\/AGQS-zertifiziert-DIN-EN-14001jpg-100x100.jpg 100w\" sizes=\"(max-width: 800px) 100vw, 800px\" \/>\t\t\t\t\t\t\t\t\t\t\t\t\t\t\t<\/div>\n\t\t\t\t\t<\/div>\n\t\t<\/div>\n\t\t\t\t<div class=\"elementor-column elementor-col-33 elementor-top-column elementor-element elementor-element-ee18ad6\" data-id=\"ee18ad6\" data-element_type=\"column\" data-e-type=\"column\">\n\t\t\t<div class=\"elementor-widget-wrap\">\n\t\t\t\t\t\t\t<\/div>\n\t\t<\/div>\n\t\t\t\t\t<\/div>\n\t\t<\/section>\n\t\t\t\t<section class=\"elementor-section elementor-top-section elementor-element elementor-element-203ef60 elementor-section-boxed elementor-section-height-default elementor-section-height-default\" data-id=\"203ef60\" data-element_type=\"section\" data-e-type=\"section\">\n\t\t\t\t\t\t<div class=\"elementor-container elementor-column-gap-default\">\n\t\t\t\t\t<div class=\"elementor-column elementor-col-100 elementor-top-column elementor-element elementor-element-8add682\" data-id=\"8add682\" data-element_type=\"column\" data-e-type=\"column\">\n\t\t\t<div class=\"elementor-widget-wrap elementor-element-populated\">\n\t\t\t\t\t\t<div class=\"elementor-element elementor-element-60adc99 elementor-widget elementor-widget-text-editor\" data-id=\"60adc99\" data-element_type=\"widget\" data-e-type=\"widget\" data-widget_type=\"text-editor.default\">\n\t\t\t\t\t\t\t\t\t<p>Znajd\u017a nasze aktualne certyfikaty w sekcji <a title=\"Pliki do pobrania\" href=\"https:\/\/www.rofa-group.com\/bss\/pl\/do-pobrania\/\">&gt; Pliki do pobrania.<\/a>.<\/p>\t\t\t\t\t\t\t\t<\/div>\n\t\t\t\t\t<\/div>\n\t\t<\/div>\n\t\t\t\t\t<\/div>\n\t\t<\/section>\n\t\t\t\t<section class=\"elementor-section elementor-top-section elementor-element elementor-element-cc7ed4e elementor-section-boxed elementor-section-height-default elementor-section-height-default\" data-id=\"cc7ed4e\" data-element_type=\"section\" data-e-type=\"section\">\n\t\t\t\t\t\t<div class=\"elementor-container elementor-column-gap-default\">\n\t\t\t\t\t<div class=\"elementor-column elementor-col-100 elementor-top-column elementor-element elementor-element-6546ef4\" data-id=\"6546ef4\" data-element_type=\"column\" data-e-type=\"column\">\n\t\t\t<div class=\"elementor-widget-wrap elementor-element-populated\">\n\t\t\t\t\t\t<div class=\"elementor-element elementor-element-6cc9f8e elementor-widget-divider--view-line elementor-widget elementor-widget-divider\" data-id=\"6cc9f8e\" data-element_type=\"widget\" data-e-type=\"widget\" data-widget_type=\"divider.default\">\n\t\t\t\t\t\t\t<div class=\"elementor-divider\">\n\t\t\t<span class=\"elementor-divider-separator\">\n\t\t\t\t\t\t<\/span>\n\t\t<\/div>\n\t\t\t\t\t\t<\/div>\n\t\t\t\t<div class=\"elementor-element elementor-element-2a8b23a elementor-widget elementor-widget-text-editor\" data-id=\"2a8b23a\" data-element_type=\"widget\" data-e-type=\"widget\" data-widget_type=\"text-editor.default\">\n\t\t\t\t\t\t\t\t\t<p>Posiadamy r\u00f3wnie\u017cw\u0142asny pakiet oprogramowania, BSS-LMS, certyfikowany co roku przez renomowany Instytut Logistyki i Przep\u0142ywu Materia\u0142u Fraunhofer.<\/p><p>Dowiedz si\u0119 wi\u0119cej <a title=\"pod linkiem\" href=\"http:\/\/www.warehouse-logistics.com\/de\/teilnehmer\/4566\/bss-bohnenberg-gmbh.html\" target=\"_blank\" rel=\"noopener\">pod linkiem<\/a>.<\/p>\t\t\t\t\t\t\t\t<\/div>\n\t\t\t\t<div class=\"elementor-element elementor-element-483b8f7 elementor-widget elementor-widget-image\" data-id=\"483b8f7\" data-element_type=\"widget\" data-e-type=\"widget\" data-widget_type=\"image.default\">\n\t\t\t\t\t\t\t\t\t\t\t\t\t\t\t<img loading=\"lazy\" decoding=\"async\" width=\"600\" height=\"151\" src=\"https:\/\/www.rofa-group.com\/bss\/wp-content\/uploads\/sites\/3\/Logo_Warehouse_Logistics.png\" class=\"attachment-large size-large wp-image-303\" alt=\"\" srcset=\"https:\/\/www.rofa-group.com\/bss\/wp-content\/uploads\/sites\/3\/Logo_Warehouse_Logistics.png 600w, https:\/\/www.rofa-group.com\/bss\/wp-content\/uploads\/sites\/3\/Logo_Warehouse_Logistics-300x76.png 300w\" sizes=\"(max-width: 600px) 100vw, 600px\" \/>\t\t\t\t\t\t\t\t\t\t\t\t\t\t\t<\/div>\n\t\t\t\t\t<\/div>\n\t\t<\/div>\n\t\t\t\t\t<\/div>\n\t\t<\/section>\n\t\t\t\t<\/div>\n\t\t","protected":false},"excerpt":{"rendered":"<p>Certyfikowana jako\u015b\u0107 Zr\u00f3wnowa\u017cony rozw\u00f3j JAKO\u015a\u0106 I ZR\u00d3WNOWA\u017bONY ROZW\u00d3J Przysz\u0142o\u015bciowe rozwi\u0105zania dla logistyki Certyfikowana jako\u015b\u0107 Zr\u00f3wnowa\u017cony rozw\u00f3j Twoja satysfakcja jest naszym najwa\u017cniejszym celem. Dlatego nasza zasada zerowej tolerancji na b\u0142\u0119dy dotyczy zar\u00f3wno cz\u0119\u015bciowo zautomatyzowanych struktur logistycznych, jak i wysokowydajnych instalacji po magazynowanie drobnych cz\u0119\u015bci i towar\u00f3w zpaletyzowanych. Nawet po rozpocz\u0119ciu dzia\u0142ania systemu pozostajemy w sta\u0142ym kontakcie, [&hellip;]<\/p>\n","protected":false},"author":1,"featured_media":0,"parent":0,"menu_order":0,"comment_status":"closed","ping_status":"closed","template":"","meta":{"_acf_changed":false,"footnotes":""},"class_list":["post-1692","page","type-page","status-publish","hentry"],"acf":[],"_links":{"self":[{"href":"https:\/\/www.rofa-group.com\/bss\/wp-json\/wp\/v2\/pages\/1692","targetHints":{"allow":["GET"]}}],"collection":[{"href":"https:\/\/www.rofa-group.com\/bss\/wp-json\/wp\/v2\/pages"}],"about":[{"href":"https:\/\/www.rofa-group.com\/bss\/wp-json\/wp\/v2\/types\/page"}],"author":[{"embeddable":true,"href":"https:\/\/www.rofa-group.com\/bss\/wp-json\/wp\/v2\/users\/1"}],"replies":[{"embeddable":true,"href":"https:\/\/www.rofa-group.com\/bss\/wp-json\/wp\/v2\/comments?post=1692"}],"version-history":[{"count":24,"href":"https:\/\/www.rofa-group.com\/bss\/wp-json\/wp\/v2\/pages\/1692\/revisions"}],"predecessor-version":[{"id":3008,"href":"https:\/\/www.rofa-group.com\/bss\/wp-json\/wp\/v2\/pages\/1692\/revisions\/3008"}],"wp:attachment":[{"href":"https:\/\/www.rofa-group.com\/bss\/wp-json\/wp\/v2\/media?parent=1692"}],"curies":[{"name":"wp","href":"https:\/\/api.w.org\/{rel}","templated":true}]}}